{"id":43,"date":"2022-05-05T16:20:52","date_gmt":"2022-05-05T13:20:52","guid":{"rendered":"https:\/\/www.ecsdanismanlik.com.tr\/?page_id=43"},"modified":"2022-05-06T14:39:32","modified_gmt":"2022-05-06T11:39:32","slug":"hakkimizda","status":"publish","type":"page","link":"https:\/\/www.ecsdanismanlik.com.tr\/tr_tr\/hakkimizda\/","title":{"rendered":"Hakk\u0131m\u0131zda"},"content":{"rendered":"<h3>Biz Kimiz?<\/h3>\n<p>Ecs E\u011fitim Dan\u0131\u015fmanl\u0131k Hizmetleri, T\u00fcrkiye&#8217;de e\u011fitim almak isteyen Uluslararas\u0131 \u00f6\u011frencilere dan\u0131\u015fmanl\u0131k ve Rehberlik hizmeti vermek amac\u0131yla kurulmu\u015f, 5 y\u0131l\u0131 a\u015fk\u0131n bilgi ve birikime sahip bir e\u011fitim dan\u0131\u015fmanl\u0131\u011f\u0131 \u015firketidir.<\/p>\n<p>Ecs E\u011fitim Dan\u0131\u015fmanl\u0131k Hizmetleri, \u00fclkelerin \u00e7a\u011fda\u015f uygarl\u0131k d\u00fczeyine ula\u015fmalar\u0131n\u0131n yeg\u00e2ne y\u00f6nteminin e\u011fitim oldu\u011funu ve e\u011fitim hizmetlerinin \u00f6nemini bilen; nitelikli ve d\u00fcr\u00fcst hizmet politikas\u0131na sahip deneyimli bir e\u011fitim dan\u0131\u015fmanl\u0131k \u015firketidir.<\/p>\n<p>Ecs E\u011fitim Dan\u0131\u015fmanl\u0131k Hizmetleri, rehberlik hizmetlerinin yan\u0131 s\u0131ra, yabanc\u0131lara \u00f6\u011frencilere y\u00f6nelik T\u00fcrk\u00e7e \u00f6\u011frenim (T\u00d6MER) ve \u00fcniversiteye haz\u0131rl\u0131k kurslar\u0131, k\u0131sa s\u00fcreli sertifika programlar\u0131, yurtd\u0131\u015f\u0131nda \u00fcniversite tan\u0131t\u0131m ve s\u0131nav organizasyonlar\u0131 gibi bir\u00e7ok proje ger\u00e7ekle\u015ftirmekte ve her y\u0131l Ortado\u011fu ve Afrika ba\u015fta olmak \u00fczere y\u00fczlerce \u00f6\u011frenciye hizmet vermektedir.<\/p>\n<p>Ecs E\u011fitim Dan\u0131\u015fmanl\u0131k Hizmetleri, Uluslararas\u0131 Standartlar Organizasyonu (ISO) taraf\u0131ndan yay\u0131nlanan ve ba\u015fta Avrupa Birli\u011fi \u00fcyeleri, T\u00fcrkiye ve ABD olmak \u00fczere bir\u00e7ok \u00fclkede belgelendirme modeli olan ISO 9001:2005 Uluslararas\u0131 Kalite Y\u00f6netim Sistemi, ISO 10002 M\u00fc\u015fteri Memnuniyeti Sistemi ve ISO 27001 Bilgi G\u00fcvenli\u011fi Y\u00f6netimi Sistemi Sertifikalar\u0131na sahiptir.<\/p>\n<p>Ecs E\u011fitim Dan\u0131\u015fmanl\u0131k Hizmetleri T\u00fcrkiye\u2019de e\u011fitim sekt\u00f6r\u00fcnde yabanc\u0131 \u00f6\u011frencilere y\u00f6nelik haz\u0131rlanan, T\u00fcrkiye\u2019nin t\u00fcm \u00fcniversitelerini ve programlar\u0131n\u0131 kapsayan ilk ve tek mobile uygulamas\u0131na sahip dan\u0131\u015fmanl\u0131k \u015firketidir.<\/p>\n<p>&nbsp;<\/p>\n<h3>Misyonumuz<\/h3>\n<p>Ecs E\u011fitim Dan\u0131\u015fmanl\u0131k Hizmetleri, d\u00fcnyan\u0131n her taraf\u0131ndan gelen ve T\u00fcrkiye&#8217;de Lisans, Y\u00fcksek Lisans (Master) ve Doktora programlar\u0131nda e\u011fitim almay\u0131 planlayan \u00f6\u011frenciler i\u00e7in karar verme evresinden ba\u015flayarak do\u011fru \u00fcniversite ve b\u00f6l\u00fcm se\u00e7imi, ba\u015fvuru, kabul ve kay\u0131t i\u015flemleri, konaklama, vize dan\u0131\u015fmanl\u0131\u011f\u0131 ve oturum izni gibi t\u00fcm s\u00fcre\u00e7leri titizlikle takip etme ve profesyonelce y\u00f6netme misyonuna sahip e\u011fitim dan\u0131\u015fmanl\u0131\u011f\u0131 kurulu\u015fudur.<\/p>\n<p>&nbsp;<\/p>\n<h3>Vizyonumuz<\/h3>\n<p>Ecs E\u011fitim Dan\u0131\u015fmanl\u0131k Hizmetleri, D\u00fcnyan\u0131n d\u00f6rt bir yan\u0131ndan binlerce \u00f6\u011frenciye ula\u015farak T\u00fcrkiye\u2019de \u00fcniversite okuma f\u0131rsat\u0131 ile tan\u0131\u015ft\u0131rmay\u0131 ve T\u00fcrkiye\u2019nin y\u00fcksek\u00f6\u011fretimdeki \u00e7e\u015fitlilik ve kalite standard\u0131ndan faydaland\u0131rmay\u0131, Y\u00fcksek\u00f6\u011fretim sistemimizin kap\u0131lar\u0131n\u0131 d\u00fcnya gen\u00e7li\u011fine a\u00e7an; \u00fclkemizin ve y\u00fcksek\u00f6\u011fretim sistemimizin uluslararas\u0131la\u015fma idealine destek veren bir giri\u015fim olmay\u0131 vizyon edinmi\u015ftir.<\/p>\n","protected":false},"excerpt":{"rendered":"<p>Biz Kimiz? Ecs E\u011fitim Dan\u0131\u015fmanl\u0131k Hizmetleri, T\u00fcrkiye&#8217;de e\u011fitim almak isteyen Uluslararas\u0131 \u00f6\u011frencilere dan\u0131\u015fmanl\u0131k ve Rehberlik hizmeti vermek amac\u0131yla kurulmu\u015f, 5 y\u0131l\u0131 a\u015fk\u0131n bilgi ve birikime sahip bir e\u011fitim dan\u0131\u015fmanl\u0131\u011f\u0131 \u015firketidir. Ecs E\u011fitim Dan\u0131\u015fmanl\u0131k Hizmetleri, \u00fclkelerin \u00e7a\u011fda\u015f uygarl\u0131k d\u00fczeyine ula\u015fmalar\u0131n\u0131n yeg\u00e2ne y\u00f6nteminin e\u011fitim oldu\u011funu ve e\u011fitim hizmetlerinin \u00f6nemini bilen; nitelikli ve d\u00fcr\u00fcst hizmet politikas\u0131na sahip deneyimli [&hellip;]<\/p>\n","protected":false},"author":1,"featured_media":0,"parent":0,"menu_order":0,"comment_status":"closed","ping_status":"closed","template":"","meta":{"footnotes":""},"yoast_head":"<!-- This site is optimized with the Yoast SEO plugin v20.13 - https:\/\/yoast.com\/wordpress\/plugins\/seo\/ -->\n<title>Hakk\u0131m\u0131zda - Ecs E\u011fitim Dan\u0131\u015fmanl\u0131k \u015eanl\u0131urfa<\/title>\n<meta name=\"robots\" content=\"index, follow, max-snippet:-1, max-image-preview:large, max-video-preview:-1\" \/>\n<link rel=\"canonical\" href=\"https:\/\/www.ecsdanismanlik.com.tr\/tr_tr\/hakkimizda\/\" \/>\n<meta property=\"og:locale\" content=\"tr_TR\" \/>\n<meta property=\"og:type\" content=\"article\" \/>\n<meta property=\"og:title\" content=\"Hakk\u0131m\u0131zda - Ecs E\u011fitim Dan\u0131\u015fmanl\u0131k \u015eanl\u0131urfa\" \/>\n<meta property=\"og:description\" content=\"Biz Kimiz? Ecs E\u011fitim Dan\u0131\u015fmanl\u0131k Hizmetleri, T\u00fcrkiye&#8217;de e\u011fitim almak isteyen Uluslararas\u0131 \u00f6\u011frencilere dan\u0131\u015fmanl\u0131k ve Rehberlik hizmeti vermek amac\u0131yla kurulmu\u015f, 5 y\u0131l\u0131 a\u015fk\u0131n bilgi ve birikime sahip bir e\u011fitim dan\u0131\u015fmanl\u0131\u011f\u0131 \u015firketidir. Ecs E\u011fitim Dan\u0131\u015fmanl\u0131k Hizmetleri, \u00fclkelerin \u00e7a\u011fda\u015f uygarl\u0131k d\u00fczeyine ula\u015fmalar\u0131n\u0131n yeg\u00e2ne y\u00f6nteminin e\u011fitim oldu\u011funu ve e\u011fitim hizmetlerinin \u00f6nemini bilen; nitelikli ve d\u00fcr\u00fcst hizmet politikas\u0131na sahip deneyimli [&hellip;]\" \/>\n<meta property=\"og:url\" content=\"https:\/\/www.ecsdanismanlik.com.tr\/tr_tr\/hakkimizda\/\" \/>\n<meta property=\"og:site_name\" content=\"Ecs E\u011fitim Dan\u0131\u015fmanl\u0131k \u015eanl\u0131urfa\" \/>\n<meta property=\"article:modified_time\" content=\"2022-05-06T11:39:32+00:00\" \/>\n<meta name=\"twitter:card\" content=\"summary_large_image\" \/>\n<meta name=\"twitter:label1\" content=\"Tahmini okuma s\u00fcresi\" \/>\n\t<meta name=\"twitter:data1\" content=\"2 dakika\" \/>\n<script type=\"application\/ld+json\" class=\"yoast-schema-graph\">{\"@context\":\"https:\/\/schema.org\",\"@graph\":[{\"@type\":\"WebPage\",\"@id\":\"https:\/\/www.ecsdanismanlik.com.tr\/hakkimizda\/\",\"url\":\"https:\/\/www.ecsdanismanlik.com.tr\/hakkimizda\/\",\"name\":\"Hakk\u0131m\u0131zda - Ecs E\u011fitim Dan\u0131\u015fmanl\u0131k \u015eanl\u0131urfa\",\"isPartOf\":{\"@id\":\"https:\/\/www.ecsdanismanlik.com.tr\/#website\"},\"datePublished\":\"2022-05-05T13:20:52+00:00\",\"dateModified\":\"2022-05-06T11:39:32+00:00\",\"breadcrumb\":{\"@id\":\"https:\/\/www.ecsdanismanlik.com.tr\/hakkimizda\/#breadcrumb\"},\"inLanguage\":\"tr\",\"potentialAction\":[{\"@type\":\"ReadAction\",\"target\":[\"https:\/\/www.ecsdanismanlik.com.tr\/hakkimizda\/\"]}]},{\"@type\":\"BreadcrumbList\",\"@id\":\"https:\/\/www.ecsdanismanlik.com.tr\/hakkimizda\/#breadcrumb\",\"itemListElement\":[{\"@type\":\"ListItem\",\"position\":1,\"name\":\"Anasayfa\",\"item\":\"https:\/\/www.ecsdanismanlik.com.tr\/tr_tr\/\"},{\"@type\":\"ListItem\",\"position\":2,\"name\":\"Hakk\u0131m\u0131zda\"}]},{\"@type\":\"WebSite\",\"@id\":\"https:\/\/www.ecsdanismanlik.com.tr\/#website\",\"url\":\"https:\/\/www.ecsdanismanlik.com.tr\/\",\"name\":\"Ecs E\u011fitim Dan\u0131\u015fmanl\u0131k \u015eanl\u0131urfa\",\"description\":\"\",\"potentialAction\":[{\"@type\":\"SearchAction\",\"target\":{\"@type\":\"EntryPoint\",\"urlTemplate\":\"https:\/\/www.ecsdanismanlik.com.tr\/?s={search_term_string}\"},\"query-input\":\"required name=search_term_string\"}],\"inLanguage\":\"tr\"}]}<\/script>\n<!-- \/ Yoast SEO plugin. -->","yoast_head_json":{"title":"Hakk\u0131m\u0131zda - Ecs E\u011fitim Dan\u0131\u015fmanl\u0131k \u015eanl\u0131urfa","robots":{"index":"index","follow":"follow","max-snippet":"max-snippet:-1","max-image-preview":"max-image-preview:large","max-video-preview":"max-video-preview:-1"},"canonical":"https:\/\/www.ecsdanismanlik.com.tr\/tr_tr\/hakkimizda\/","og_locale":"tr_TR","og_type":"article","og_title":"Hakk\u0131m\u0131zda - Ecs E\u011fitim Dan\u0131\u015fmanl\u0131k \u015eanl\u0131urfa","og_description":"Biz Kimiz? Ecs E\u011fitim Dan\u0131\u015fmanl\u0131k Hizmetleri, T\u00fcrkiye&#8217;de e\u011fitim almak isteyen Uluslararas\u0131 \u00f6\u011frencilere dan\u0131\u015fmanl\u0131k ve Rehberlik hizmeti vermek amac\u0131yla kurulmu\u015f, 5 y\u0131l\u0131 a\u015fk\u0131n bilgi ve birikime sahip bir e\u011fitim dan\u0131\u015fmanl\u0131\u011f\u0131 \u015firketidir. Ecs E\u011fitim Dan\u0131\u015fmanl\u0131k Hizmetleri, \u00fclkelerin \u00e7a\u011fda\u015f uygarl\u0131k d\u00fczeyine ula\u015fmalar\u0131n\u0131n yeg\u00e2ne y\u00f6nteminin e\u011fitim oldu\u011funu ve e\u011fitim hizmetlerinin \u00f6nemini bilen; nitelikli ve d\u00fcr\u00fcst hizmet politikas\u0131na sahip deneyimli [&hellip;]","og_url":"https:\/\/www.ecsdanismanlik.com.tr\/tr_tr\/hakkimizda\/","og_site_name":"Ecs E\u011fitim Dan\u0131\u015fmanl\u0131k \u015eanl\u0131urfa","article_modified_time":"2022-05-06T11:39:32+00:00","twitter_card":"summary_large_image","twitter_misc":{"Tahmini okuma s\u00fcresi":"2 dakika"},"schema":{"@context":"https:\/\/schema.org","@graph":[{"@type":"WebPage","@id":"https:\/\/www.ecsdanismanlik.com.tr\/hakkimizda\/","url":"https:\/\/www.ecsdanismanlik.com.tr\/hakkimizda\/","name":"Hakk\u0131m\u0131zda - Ecs E\u011fitim Dan\u0131\u015fmanl\u0131k \u015eanl\u0131urfa","isPartOf":{"@id":"https:\/\/www.ecsdanismanlik.com.tr\/#website"},"datePublished":"2022-05-05T13:20:52+00:00","dateModified":"2022-05-06T11:39:32+00:00","breadcrumb":{"@id":"https:\/\/www.ecsdanismanlik.com.tr\/hakkimizda\/#breadcrumb"},"inLanguage":"tr","potentialAction":[{"@type":"ReadAction","target":["https:\/\/www.ecsdanismanlik.com.tr\/hakkimizda\/"]}]},{"@type":"BreadcrumbList","@id":"https:\/\/www.ecsdanismanlik.com.tr\/hakkimizda\/#breadcrumb","itemListElement":[{"@type":"ListItem","position":1,"name":"Anasayfa","item":"https:\/\/www.ecsdanismanlik.com.tr\/tr_tr\/"},{"@type":"ListItem","position":2,"name":"Hakk\u0131m\u0131zda"}]},{"@type":"WebSite","@id":"https:\/\/www.ecsdanismanlik.com.tr\/#website","url":"https:\/\/www.ecsdanismanlik.com.tr\/","name":"Ecs E\u011fitim Dan\u0131\u015fmanl\u0131k \u015eanl\u0131urfa","description":"","potentialAction":[{"@type":"SearchAction","target":{"@type":"EntryPoint","urlTemplate":"https:\/\/www.ecsdanismanlik.com.tr\/?s={search_term_string}"},"query-input":"required name=search_term_string"}],"inLanguage":"tr"}]}},"_links":{"self":[{"href":"https:\/\/www.ecsdanismanlik.com.tr\/tr_tr\/wp-json\/wp\/v2\/pages\/43"}],"collection":[{"href":"https:\/\/www.ecsdanismanlik.com.tr\/tr_tr\/wp-json\/wp\/v2\/pages"}],"about":[{"href":"https:\/\/www.ecsdanismanlik.com.tr\/tr_tr\/wp-json\/wp\/v2\/types\/page"}],"author":[{"embeddable":true,"href":"https:\/\/www.ecsdanismanlik.com.tr\/tr_tr\/wp-json\/wp\/v2\/users\/1"}],"replies":[{"embeddable":true,"href":"https:\/\/www.ecsdanismanlik.com.tr\/tr_tr\/wp-json\/wp\/v2\/comments?post=43"}],"version-history":[{"count":0,"href":"https:\/\/www.ecsdanismanlik.com.tr\/tr_tr\/wp-json\/wp\/v2\/pages\/43\/revisions"}],"wp:attachment":[{"href":"https:\/\/www.ecsdanismanlik.com.tr\/tr_tr\/wp-json\/wp\/v2\/media?parent=43"}],"curies":[{"name":"wp","href":"https:\/\/api.w.org\/{rel}","templated":true}]}}