{"id":3673,"date":"2022-06-11T11:56:29","date_gmt":"2022-06-11T08:56:29","guid":{"rendered":"https:\/\/www.ecsdanismanlik.com.tr\/?page_id=3673"},"modified":"2022-06-11T11:56:29","modified_gmt":"2022-06-11T08:56:29","slug":"spor","status":"publish","type":"page","link":"https:\/\/www.ecsdanismanlik.com.tr\/tr_tr\/spor\/","title":{"rendered":"Spor"},"content":{"rendered":"<div class=\"card rounded-0\">\n<div class=\"card mb-0 no-border no-shadow w-p100\">\n<div class=\"card-body justify-content-around\">\n<div class=\"row\">\n<h4 class=\"card-title mt-10\">Antrenman ve Hareket Bilimleri<\/h4>\n<p><span class=\"col-md-3 ms-auto my-auto text-end fs-12\">Y\u00fcksek Lisans (Tezli)<\/span><\/div>\n<\/div>\n<\/div>\n<\/div>\n<div class=\"card rounded-0\">\n<div class=\"card mb-0 no-border no-shadow w-p100\">\n<div class=\"card-body justify-content-around\">\n<div class=\"row\">\n<h4 class=\"card-title mt-10\">Antrenman ve Hareket Bilimleri<\/h4>\n<p><span class=\"col-md-3 ms-auto my-auto text-end fs-12\">Doktora<\/span><\/div>\n<\/div>\n<\/div>\n<\/div>\n<div class=\"card rounded-0\">\n<div class=\"card mb-0 no-border no-shadow w-p100\">\n<div class=\"card-body justify-content-around\">\n<div class=\"row\">\n<h4 class=\"card-title mt-10\">At\u00e7\u0131l\u0131k ve Antren\u00f6rl\u00fc\u011f\u00fc<\/h4>\n<p><span class=\"col-md-3 ms-auto my-auto text-end fs-12\">\u00d6n Lisans<\/span><\/div>\n<\/div>\n<\/div>\n<\/div>\n<div class=\"card rounded-0\">\n<div class=\"card mb-0 no-border no-shadow w-p100\">\n<div class=\"card-body justify-content-around\">\n<div class=\"row\">\n<h4 class=\"card-title mt-10\">Beden E\u011fitimi ve Spor<\/h4>\n<p><span class=\"col-md-3 ms-auto my-auto text-end fs-12\">Y\u00fcksek Lisans (Tezsiz)<\/span><\/div>\n<\/div>\n<\/div>\n<\/div>\n<div class=\"card rounded-0\">\n<div class=\"card mb-0 no-border no-shadow w-p100\">\n<div class=\"card-body justify-content-around\">\n<div class=\"row\">\n<h4 class=\"card-title mt-10\">Beden E\u011fitimi ve Spor<\/h4>\n<p><span class=\"col-md-3 ms-auto my-auto text-end fs-12\">Y\u00fcksek Lisans (Tezli)<\/span><\/div>\n<\/div>\n<\/div>\n<\/div>\n<div class=\"card rounded-0\">\n<div class=\"card mb-0 no-border no-shadow w-p100\">\n<div class=\"card-body justify-content-around\">\n<div class=\"row\">\n<h4 class=\"card-title mt-10\">Beden E\u011fitimi ve Spor<\/h4>\n<p><span class=\"col-md-3 ms-auto my-auto text-end fs-12\">Doktora<\/span><\/div>\n<\/div>\n<\/div>\n<\/div>\n<div class=\"card rounded-0\">\n<div class=\"card mb-0 no-border no-shadow w-p100\">\n<div class=\"card-body justify-content-around\">\n<div class=\"row\">\n<h4 class=\"card-title mt-10\">Beden E\u011fitimi ve Spor Bilimleri<\/h4>\n<p><span class=\"col-md-3 ms-auto my-auto text-end fs-12\">Doktora<\/span><\/div>\n<\/div>\n<\/div>\n<\/div>\n<div class=\"card rounded-0\">\n<div class=\"card mb-0 no-border no-shadow w-p100\">\n<div class=\"card-body justify-content-around\">\n<div class=\"row\">\n<h4 class=\"card-title mt-10\">Beden E\u011fitimi ve Spor Bilimleri<\/h4>\n<p><span class=\"col-md-3 ms-auto my-auto text-end fs-12\">Y\u00fcksek Lisans (Tezsiz)<\/span><\/div>\n<\/div>\n<\/div>\n<\/div>\n<div class=\"card rounded-0\">\n<div class=\"card mb-0 no-border no-shadow w-p100\">\n<div class=\"card-body justify-content-around\">\n<div class=\"row\">\n<h4 class=\"card-title mt-10\">Beden E\u011fitimi ve Spor Bilimleri<\/h4>\n<p><span class=\"col-md-3 ms-auto my-auto text-end fs-12\">Y\u00fcksek Lisans (Tezli)<\/span><\/div>\n<\/div>\n<\/div>\n<\/div>\n<div class=\"card rounded-0\">\n<div class=\"card mb-0 no-border no-shadow w-p100\">\n<div class=\"card-body justify-content-around\">\n<div class=\"row\">\n<h4 class=\"card-title mt-10\">Beden E\u011fitimi ve Spor \u00d6\u011fretmenli\u011fi<\/h4>\n<p><span class=\"col-md-3 ms-auto my-auto text-end fs-12\">Lisans<\/span><\/div>\n<\/div>\n<\/div>\n<\/div>\n<div class=\"card rounded-0\">\n<div class=\"card mb-0 no-border no-shadow w-p100\">\n<div class=\"card-body justify-content-around\">\n<div class=\"row\">\n<h4 class=\"card-title mt-10\">Egzersiz ve Spor Bilimleri<\/h4>\n<p><span class=\"col-md-3 ms-auto my-auto text-end fs-12\">Lisans<\/span><\/div>\n<\/div>\n<\/div>\n<\/div>\n<div class=\"card rounded-0\">\n<div class=\"card mb-0 no-border no-shadow w-p100\">\n<div class=\"card-body justify-content-around\">\n<div class=\"row\">\n<h4 class=\"card-title mt-10\">Engellilerde Egzersiz ve Spor Bilimleri<\/h4>\n<p><span class=\"col-md-3 ms-auto my-auto text-end fs-12\">Lisans<\/span><\/div>\n<\/div>\n<\/div>\n<\/div>\n<div class=\"card rounded-0\">\n<div class=\"card mb-0 no-border no-shadow w-p100\">\n<div class=\"card-body justify-content-around\">\n<div class=\"row\">\n<h4 class=\"card-title mt-10\">Hareket ve Antrenman Bilimleri<\/h4>\n<p><span class=\"col-md-3 ms-auto my-auto text-end fs-12\">Doktora<\/span><\/div>\n<\/div>\n<\/div>\n<\/div>\n<div class=\"card rounded-0\">\n<div class=\"card mb-0 no-border no-shadow w-p100\">\n<div class=\"card-body justify-content-around\">\n<div class=\"row\">\n<h4 class=\"card-title mt-10\">Hareket ve Antrenman Bilimleri<\/h4>\n<p><span class=\"col-md-3 ms-auto my-auto text-end fs-12\">Y\u00fcksek Lisans (Tezsiz)<\/span><\/div>\n<\/div>\n<\/div>\n<\/div>\n<div class=\"card rounded-0\">\n<div class=\"card mb-0 no-border no-shadow w-p100\">\n<div class=\"card-body justify-content-around\">\n<div class=\"row\">\n<h4 class=\"card-title mt-10\">Hareket ve Antrenman Bilimleri<\/h4>\n<p><span class=\"col-md-3 ms-auto my-auto text-end fs-12\">Y\u00fcksek Lisans (Tezli)<\/span><\/div>\n<\/div>\n<\/div>\n<\/div>\n<div class=\"card rounded-0\">\n<div class=\"card mb-0 no-border no-shadow w-p100\">\n<div class=\"card-body justify-content-around\">\n<div class=\"row\">\n<h4 class=\"card-title mt-10\">Rekreasyon<\/h4>\n<p><span class=\"col-md-3 ms-auto my-auto text-end fs-12\">Lisans<\/span><\/div>\n<\/div>\n<\/div>\n<\/div>\n<div class=\"card rounded-0\">\n<div class=\"card mb-0 no-border no-shadow w-p100\">\n<div class=\"card-body justify-content-around\">\n<div class=\"row\">\n<h4 class=\"card-title mt-10\">Spor Bilimleri<\/h4>\n<p><span class=\"col-md-3 ms-auto my-auto text-end fs-12\">Y\u00fcksek Lisans (Tezsiz)<\/span><\/div>\n<\/div>\n<\/div>\n<\/div>\n<div class=\"card rounded-0\">\n<div class=\"card mb-0 no-border no-shadow w-p100\">\n<div class=\"card-body justify-content-around\">\n<div class=\"row\">\n<h4 class=\"card-title mt-10\">Spor Bilimleri<\/h4>\n<p><span class=\"col-md-3 ms-auto my-auto text-end fs-12\">Y\u00fcksek Lisans (Tezli)<\/span><\/div>\n<\/div>\n<\/div>\n<\/div>\n<div class=\"card rounded-0\">\n<div class=\"card mb-0 no-border no-shadow w-p100\">\n<div class=\"card-body justify-content-around\">\n<div class=\"row\">\n<h4 class=\"card-title mt-10\">Spor Bilimleri<\/h4>\n<p><span class=\"col-md-3 ms-auto my-auto text-end fs-12\">Doktora<\/span><\/div>\n<\/div>\n<\/div>\n<\/div>\n<div class=\"card rounded-0\">\n<div class=\"card mb-0 no-border no-shadow w-p100\">\n<div class=\"card-body justify-content-around\">\n<div class=\"row\">\n<h4 class=\"card-title mt-10\">Spor Bilimleri ve Antren\u00f6rl\u00fck E\u011fitimi<\/h4>\n<p><span class=\"col-md-3 ms-auto my-auto text-end fs-12\">Y\u00fcksek Lisans (Tezli)<\/span><\/div>\n<\/div>\n<\/div>\n<\/div>\n<div class=\"card rounded-0\">\n<div class=\"card mb-0 no-border no-shadow w-p100\">\n<div class=\"card-body justify-content-around\">\n<div class=\"row\">\n<h4 class=\"card-title mt-10\">Spor Bilimleri ve Antren\u00f6rl\u00fck E\u011fitimi<\/h4>\n<p><span class=\"col-md-3 ms-auto my-auto text-end fs-12\">Doktora<\/span><\/div>\n<\/div>\n<\/div>\n<\/div>\n<div class=\"card rounded-0\">\n<div class=\"card mb-0 no-border no-shadow w-p100\">\n<div class=\"card-body justify-content-around\">\n<div class=\"row\">\n<h4 class=\"card-title mt-10\">Spor Bilimleri ve Teknolojisi<\/h4>\n<p><span class=\"col-md-3 ms-auto my-auto text-end fs-12\">Doktora<\/span><\/div>\n<\/div>\n<\/div>\n<\/div>\n<div class=\"card rounded-0\">\n<div class=\"card mb-0 no-border no-shadow w-p100\">\n<div class=\"card-body justify-content-around\">\n<div class=\"row\">\n<h4 class=\"card-title mt-10\">Spor Bilimleri ve Teknolojisi<\/h4>\n<p><span class=\"col-md-3 ms-auto my-auto text-end fs-12\">Y\u00fcksek Lisans (Tezli)<\/span><\/div>\n<\/div>\n<\/div>\n<\/div>\n<div class=\"card rounded-0\">\n<div class=\"card mb-0 no-border no-shadow w-p100\">\n<div class=\"card-body justify-content-around\">\n<div class=\"row\">\n<h4 class=\"card-title mt-10\">Spor E\u011fitimi<\/h4>\n<p><span class=\"col-md-3 ms-auto my-auto text-end fs-12\">Doktora<\/span><\/div>\n<\/div>\n<\/div>\n<\/div>\n<div class=\"card rounded-0\">\n<div class=\"card mb-0 no-border no-shadow w-p100\">\n<div class=\"card-body justify-content-around\">\n<div class=\"row\">\n<h4 class=\"card-title mt-10\">Spor E\u011fitimi<\/h4>\n<p><span class=\"col-md-3 ms-auto my-auto text-end fs-12\">Y\u00fcksek Lisans (Tezli)<\/span><\/div>\n<\/div>\n<\/div>\n<\/div>\n<div class=\"card rounded-0\">\n<div class=\"card mb-0 no-border no-shadow w-p100\">\n<div class=\"card-body justify-content-around\">\n<div class=\"row\">\n<h4 class=\"card-title mt-10\">Spor Fizyoterapisi<\/h4>\n<p><span class=\"col-md-3 ms-auto my-auto text-end fs-12\">Y\u00fcksek Lisans (Tezli)<\/span><\/div>\n<\/div>\n<\/div>\n<\/div>\n<div class=\"card rounded-0\">\n<div class=\"card mb-0 no-border no-shadow w-p100\">\n<div class=\"card-body justify-content-around\">\n<div class=\"row\">\n<h4 class=\"card-title mt-10\">Spor Y\u00f6neticili\u011fi<\/h4>\n<p><span class=\"col-md-3 ms-auto my-auto text-end fs-12\">Lisans<\/span><\/div>\n<\/div>\n<\/div>\n<\/div>\n<div class=\"card rounded-0\">\n<div class=\"card mb-0 no-border no-shadow w-p100\">\n<div class=\"card-body justify-content-around\">\n<div class=\"row\">\n<h4 class=\"card-title mt-10\">Spor Y\u00f6netimi<\/h4>\n<p><span class=\"col-md-3 ms-auto my-auto text-end fs-12\">\u00d6n Lisans<\/span><\/div>\n<\/div>\n<\/div>\n<\/div>\n<div class=\"card rounded-0\">\n<div class=\"card mb-0 no-border no-shadow w-p100\">\n<div class=\"card-body justify-content-around\">\n<div class=\"row\">\n<h4 class=\"card-title mt-10\">Spor Y\u00f6netimi<\/h4>\n<p><span class=\"col-md-3 ms-auto my-auto text-end fs-12\">Y\u00fcksek Lisans (Tezsiz)<\/span><\/div>\n<\/div>\n<\/div>\n<\/div>\n<div class=\"card rounded-0\">\n<div class=\"card mb-0 no-border no-shadow w-p100\">\n<div class=\"card-body justify-content-around\">\n<div class=\"row\">\n<h4 class=\"card-title mt-10\">Spor Y\u00f6netimi<\/h4>\n<p><span class=\"col-md-3 ms-auto my-auto text-end fs-12\">Y\u00fcksek Lisans (Tezli)<\/span><\/div>\n<\/div>\n<\/div>\n<\/div>\n<div class=\"card rounded-0\">\n<div class=\"card mb-0 no-border no-shadow w-p100\">\n<div class=\"card-body justify-content-around\">\n<div class=\"row\">\n<h4 class=\"card-title mt-10\">Spor Y\u00f6netimi<\/h4>\n<p><span class=\"col-md-3 ms-auto my-auto text-end fs-12\">Doktora<\/span><\/div>\n<\/div>\n<\/div>\n<\/div>\n<div class=\"card rounded-0\">\n<div class=\"card mb-0 no-border no-shadow w-p100\">\n<div class=\"card-body justify-content-around\">\n<div class=\"row\">\n<h4 class=\"card-title mt-10\">Sporda Bili\u015fim Teknolojileri<\/h4>\n<p><span class=\"col-md-3 ms-auto my-auto text-end fs-12\">Y\u00fcksek Lisans (Tezli)<\/span><\/div>\n<\/div>\n<\/div>\n<\/div>\n<div class=\"card rounded-0\">\n<div class=\"card mb-0 no-border no-shadow w-p100\">\n<div class=\"card-body justify-content-around\">\n<div class=\"row\">\n<h4 class=\"card-title mt-10\">Sporda Psikososyal Alanlar<\/h4>\n<p><span class=\"col-md-3 ms-auto my-auto text-end fs-12\">Y\u00fcksek Lisans (Tezli)<\/span><\/div>\n<\/div>\n<\/div>\n<\/div>\n","protected":false},"excerpt":{"rendered":"<p>Antrenman ve Hareket Bilimleri Y\u00fcksek Lisans (Tezli) Antrenman ve Hareket Bilimleri Doktora At\u00e7\u0131l\u0131k ve Antren\u00f6rl\u00fc\u011f\u00fc \u00d6n Lisans Beden E\u011fitimi ve Spor Y\u00fcksek Lisans (Tezsiz) Beden E\u011fitimi ve Spor Y\u00fcksek Lisans (Tezli) Beden E\u011fitimi ve Spor Doktora Beden E\u011fitimi ve Spor Bilimleri Doktora Beden E\u011fitimi ve Spor Bilimleri Y\u00fcksek Lisans (Tezsiz) Beden E\u011fitimi ve Spor Bilimleri [&hellip;]<\/p>\n","protected":false},"author":1,"featured_media":0,"parent":0,"menu_order":0,"comment_status":"closed","ping_status":"closed","template":"","meta":{"footnotes":""},"yoast_head":"<!-- This site is optimized with the Yoast SEO plugin v20.13 - https:\/\/yoast.com\/wordpress\/plugins\/seo\/ -->\n<title>Spor - Ecs E\u011fitim Dan\u0131\u015fmanl\u0131k \u015eanl\u0131urfa<\/title>\n<meta name=\"robots\" content=\"index, follow, max-snippet:-1, max-image-preview:large, max-video-preview:-1\" \/>\n<link rel=\"canonical\" href=\"https:\/\/www.ecsdanismanlik.com.tr\/tr_tr\/spor\/\" \/>\n<meta property=\"og:locale\" content=\"tr_TR\" \/>\n<meta property=\"og:type\" content=\"article\" \/>\n<meta property=\"og:title\" content=\"Spor - Ecs E\u011fitim Dan\u0131\u015fmanl\u0131k \u015eanl\u0131urfa\" \/>\n<meta property=\"og:description\" content=\"Antrenman ve Hareket Bilimleri Y\u00fcksek Lisans (Tezli) Antrenman ve Hareket Bilimleri Doktora At\u00e7\u0131l\u0131k ve Antren\u00f6rl\u00fc\u011f\u00fc \u00d6n Lisans Beden E\u011fitimi ve Spor Y\u00fcksek Lisans (Tezsiz) Beden E\u011fitimi ve Spor Y\u00fcksek Lisans (Tezli) Beden E\u011fitimi ve Spor Doktora Beden E\u011fitimi ve Spor Bilimleri Doktora Beden E\u011fitimi ve Spor Bilimleri Y\u00fcksek Lisans (Tezsiz) Beden E\u011fitimi ve Spor Bilimleri [&hellip;]\" \/>\n<meta property=\"og:url\" content=\"https:\/\/www.ecsdanismanlik.com.tr\/tr_tr\/spor\/\" \/>\n<meta property=\"og:site_name\" content=\"Ecs E\u011fitim Dan\u0131\u015fmanl\u0131k \u015eanl\u0131urfa\" \/>\n<meta name=\"twitter:card\" content=\"summary_large_image\" \/>\n<meta name=\"twitter:label1\" content=\"Tahmini okuma s\u00fcresi\" \/>\n\t<meta name=\"twitter:data1\" content=\"2 dakika\" \/>\n<script type=\"application\/ld+json\" class=\"yoast-schema-graph\">{\"@context\":\"https:\/\/schema.org\",\"@graph\":[{\"@type\":\"WebPage\",\"@id\":\"https:\/\/www.ecsdanismanlik.com.tr\/spor\/\",\"url\":\"https:\/\/www.ecsdanismanlik.com.tr\/spor\/\",\"name\":\"Spor - Ecs E\u011fitim Dan\u0131\u015fmanl\u0131k \u015eanl\u0131urfa\",\"isPartOf\":{\"@id\":\"https:\/\/www.ecsdanismanlik.com.tr\/#website\"},\"datePublished\":\"2022-06-11T08:56:29+00:00\",\"dateModified\":\"2022-06-11T08:56:29+00:00\",\"breadcrumb\":{\"@id\":\"https:\/\/www.ecsdanismanlik.com.tr\/spor\/#breadcrumb\"},\"inLanguage\":\"tr\",\"potentialAction\":[{\"@type\":\"ReadAction\",\"target\":[\"https:\/\/www.ecsdanismanlik.com.tr\/spor\/\"]}]},{\"@type\":\"BreadcrumbList\",\"@id\":\"https:\/\/www.ecsdanismanlik.com.tr\/spor\/#breadcrumb\",\"itemListElement\":[{\"@type\":\"ListItem\",\"position\":1,\"name\":\"Anasayfa\",\"item\":\"https:\/\/www.ecsdanismanlik.com.tr\/tr_tr\/\"},{\"@type\":\"ListItem\",\"position\":2,\"name\":\"Spor\"}]},{\"@type\":\"WebSite\",\"@id\":\"https:\/\/www.ecsdanismanlik.com.tr\/#website\",\"url\":\"https:\/\/www.ecsdanismanlik.com.tr\/\",\"name\":\"Ecs E\u011fitim Dan\u0131\u015fmanl\u0131k \u015eanl\u0131urfa\",\"description\":\"\",\"potentialAction\":[{\"@type\":\"SearchAction\",\"target\":{\"@type\":\"EntryPoint\",\"urlTemplate\":\"https:\/\/www.ecsdanismanlik.com.tr\/?s={search_term_string}\"},\"query-input\":\"required name=search_term_string\"}],\"inLanguage\":\"tr\"}]}<\/script>\n<!-- \/ Yoast SEO plugin. -->","yoast_head_json":{"title":"Spor - Ecs E\u011fitim Dan\u0131\u015fmanl\u0131k \u015eanl\u0131urfa","robots":{"index":"index","follow":"follow","max-snippet":"max-snippet:-1","max-image-preview":"max-image-preview:large","max-video-preview":"max-video-preview:-1"},"canonical":"https:\/\/www.ecsdanismanlik.com.tr\/tr_tr\/spor\/","og_locale":"tr_TR","og_type":"article","og_title":"Spor - Ecs E\u011fitim Dan\u0131\u015fmanl\u0131k \u015eanl\u0131urfa","og_description":"Antrenman ve Hareket Bilimleri Y\u00fcksek Lisans (Tezli) Antrenman ve Hareket Bilimleri Doktora At\u00e7\u0131l\u0131k ve Antren\u00f6rl\u00fc\u011f\u00fc \u00d6n Lisans Beden E\u011fitimi ve Spor Y\u00fcksek Lisans (Tezsiz) Beden E\u011fitimi ve Spor Y\u00fcksek Lisans (Tezli) Beden E\u011fitimi ve Spor Doktora Beden E\u011fitimi ve Spor Bilimleri Doktora Beden E\u011fitimi ve Spor Bilimleri Y\u00fcksek Lisans (Tezsiz) Beden E\u011fitimi ve Spor Bilimleri [&hellip;]","og_url":"https:\/\/www.ecsdanismanlik.com.tr\/tr_tr\/spor\/","og_site_name":"Ecs E\u011fitim Dan\u0131\u015fmanl\u0131k \u015eanl\u0131urfa","twitter_card":"summary_large_image","twitter_misc":{"Tahmini okuma s\u00fcresi":"2 dakika"},"schema":{"@context":"https:\/\/schema.org","@graph":[{"@type":"WebPage","@id":"https:\/\/www.ecsdanismanlik.com.tr\/spor\/","url":"https:\/\/www.ecsdanismanlik.com.tr\/spor\/","name":"Spor - Ecs E\u011fitim Dan\u0131\u015fmanl\u0131k \u015eanl\u0131urfa","isPartOf":{"@id":"https:\/\/www.ecsdanismanlik.com.tr\/#website"},"datePublished":"2022-06-11T08:56:29+00:00","dateModified":"2022-06-11T08:56:29+00:00","breadcrumb":{"@id":"https:\/\/www.ecsdanismanlik.com.tr\/spor\/#breadcrumb"},"inLanguage":"tr","potentialAction":[{"@type":"ReadAction","target":["https:\/\/www.ecsdanismanlik.com.tr\/spor\/"]}]},{"@type":"BreadcrumbList","@id":"https:\/\/www.ecsdanismanlik.com.tr\/spor\/#breadcrumb","itemListElement":[{"@type":"ListItem","position":1,"name":"Anasayfa","item":"https:\/\/www.ecsdanismanlik.com.tr\/tr_tr\/"},{"@type":"ListItem","position":2,"name":"Spor"}]},{"@type":"WebSite","@id":"https:\/\/www.ecsdanismanlik.com.tr\/#website","url":"https:\/\/www.ecsdanismanlik.com.tr\/","name":"Ecs E\u011fitim Dan\u0131\u015fmanl\u0131k \u015eanl\u0131urfa","description":"","potentialAction":[{"@type":"SearchAction","target":{"@type":"EntryPoint","urlTemplate":"https:\/\/www.ecsdanismanlik.com.tr\/?s={search_term_string}"},"query-input":"required name=search_term_string"}],"inLanguage":"tr"}]}},"_links":{"self":[{"href":"https:\/\/www.ecsdanismanlik.com.tr\/tr_tr\/wp-json\/wp\/v2\/pages\/3673"}],"collection":[{"href":"https:\/\/www.ecsdanismanlik.com.tr\/tr_tr\/wp-json\/wp\/v2\/pages"}],"about":[{"href":"https:\/\/www.ecsdanismanlik.com.tr\/tr_tr\/wp-json\/wp\/v2\/types\/page"}],"author":[{"embeddable":true,"href":"https:\/\/www.ecsdanismanlik.com.tr\/tr_tr\/wp-json\/wp\/v2\/users\/1"}],"replies":[{"embeddable":true,"href":"https:\/\/www.ecsdanismanlik.com.tr\/tr_tr\/wp-json\/wp\/v2\/comments?post=3673"}],"version-history":[{"count":0,"href":"https:\/\/www.ecsdanismanlik.com.tr\/tr_tr\/wp-json\/wp\/v2\/pages\/3673\/revisions"}],"wp:attachment":[{"href":"https:\/\/www.ecsdanismanlik.com.tr\/tr_tr\/wp-json\/wp\/v2\/media?parent=3673"}],"curies":[{"name":"wp","href":"https:\/\/api.w.org\/{rel}","templated":true}]}}