{"id":3649,"date":"2022-06-11T11:49:54","date_gmt":"2022-06-11T08:49:54","guid":{"rendered":"https:\/\/www.ecsdanismanlik.com.tr\/?page_id=3649"},"modified":"2022-06-11T11:49:54","modified_gmt":"2022-06-11T08:49:54","slug":"hukuk","status":"publish","type":"page","link":"https:\/\/www.ecsdanismanlik.com.tr\/tr_tr\/hukuk\/","title":{"rendered":"Hukuk"},"content":{"rendered":"<div class=\"card rounded-0\">\n<div class=\"card mb-0 no-border no-shadow w-p100\">\n<div class=\"card-body justify-content-around\">\n<div class=\"row\">\n<h4 class=\"card-title mt-10\">Adalet<\/h4>\n<p><span class=\"col-md-3 ms-auto my-auto text-end fs-12\">\u00d6n Lisans<\/span><\/div>\n<\/div>\n<\/div>\n<\/div>\n<div class=\"card rounded-0\">\n<div class=\"card mb-0 no-border no-shadow w-p100\">\n<div class=\"card-body justify-content-around\">\n<div class=\"row\">\n<h4 class=\"card-title mt-10\">Bili\u015fim Hukuku<\/h4>\n<p><span class=\"col-md-3 ms-auto my-auto text-end fs-12\">Y\u00fcksek Lisans (Tezli)<\/span><\/div>\n<\/div>\n<\/div>\n<\/div>\n<div class=\"card rounded-0\">\n<div class=\"card mb-0 no-border no-shadow w-p100\">\n<div class=\"card-body justify-content-around\">\n<div class=\"row\">\n<h4 class=\"card-title mt-10\">Bili\u015fim Hukuku<\/h4>\n<p><span class=\"col-md-3 ms-auto my-auto text-end fs-12\">Y\u00fcksek Lisans (Tezsiz)<\/span><\/div>\n<\/div>\n<\/div>\n<\/div>\n<div class=\"card rounded-0\">\n<div class=\"card mb-0 no-border no-shadow w-p100\">\n<div class=\"card-body justify-content-around\">\n<div class=\"row\">\n<h4 class=\"card-title mt-10\">Bili\u015fim Hukuku<\/h4>\n<p><span class=\"col-md-3 ms-auto my-auto text-end fs-12\">Y\u00fcksek Lisans (Tezli)<\/span><\/div>\n<\/div>\n<\/div>\n<\/div>\n<div class=\"card rounded-0\">\n<div class=\"card mb-0 no-border no-shadow w-p100\">\n<div class=\"card-body justify-content-around\">\n<div class=\"row\">\n<h4 class=\"card-title mt-10\">Bili\u015fim Hukuku<\/h4>\n<p><span class=\"col-md-3 ms-auto my-auto text-end fs-12\">Y\u00fcksek Lisans (Tezsiz)<\/span><\/div>\n<\/div>\n<\/div>\n<\/div>\n<div class=\"card rounded-0\">\n<div class=\"card mb-0 no-border no-shadow w-p100\">\n<div class=\"card-body justify-content-around\">\n<div class=\"row\">\n<h4 class=\"card-title mt-10\">Ceza Adaleti<\/h4>\n<p><span class=\"col-md-3 ms-auto my-auto text-end fs-12\">Y\u00fcksek Lisans (Tezli)<\/span><\/div>\n<\/div>\n<\/div>\n<\/div>\n<div class=\"card rounded-0\">\n<div class=\"card mb-0 no-border no-shadow w-p100\">\n<div class=\"card-body justify-content-around\">\n<div class=\"row\">\n<h4 class=\"card-title mt-10\">Ceza Adaleti<\/h4>\n<p><span class=\"col-md-3 ms-auto my-auto text-end fs-12\">Y\u00fcksek Lisans (Tezsiz)<\/span><\/div>\n<\/div>\n<\/div>\n<\/div>\n<div class=\"card rounded-0\">\n<div class=\"card mb-0 no-border no-shadow w-p100\">\n<div class=\"card-body justify-content-around\">\n<div class=\"row\">\n<h4 class=\"card-title mt-10\">Ceza \u0130nfaz ve G\u00fcvenlik Hizmetleri<\/h4>\n<p><span class=\"col-md-3 ms-auto my-auto text-end fs-12\">\u00d6n Lisans<\/span><\/div>\n<\/div>\n<\/div>\n<\/div>\n<div class=\"card rounded-0\">\n<div class=\"card mb-0 no-border no-shadow w-p100\">\n<div class=\"card-body justify-content-around\">\n<div class=\"row\">\n<h4 class=\"card-title mt-10\">Deniz Hukuku<\/h4>\n<p><span class=\"col-md-3 ms-auto my-auto text-end fs-12\">Doktora<\/span><\/div>\n<\/div>\n<\/div>\n<\/div>\n<div class=\"card rounded-0\">\n<div class=\"card mb-0 no-border no-shadow w-p100\">\n<div class=\"card-body justify-content-around\">\n<div class=\"row\">\n<h4 class=\"card-title mt-10\">Ekonomik Hukuk<\/h4>\n<p><span class=\"col-md-3 ms-auto my-auto text-end fs-12\">Y\u00fcksek Lisans (Tezli)<\/span><\/div>\n<\/div>\n<\/div>\n<\/div>\n<div class=\"card rounded-0\">\n<div class=\"card mb-0 no-border no-shadow w-p100\">\n<div class=\"card-body justify-content-around\">\n<div class=\"row\">\n<h4 class=\"card-title mt-10\">Hukuk<\/h4>\n<p><span class=\"col-md-3 ms-auto my-auto text-end fs-12\">Lisans<\/span><\/div>\n<\/div>\n<\/div>\n<\/div>\n<div class=\"card rounded-0\">\n<div class=\"card mb-0 no-border no-shadow w-p100\">\n<div class=\"card-body justify-content-around\">\n<div class=\"row\">\n<h4 class=\"card-title mt-10\">\u0130slam Hukuku<\/h4>\n<p><span class=\"col-md-3 ms-auto my-auto text-end fs-12\">Doktora<\/span><\/div>\n<\/div>\n<\/div>\n<\/div>\n<div class=\"card rounded-0\">\n<div class=\"card mb-0 no-border no-shadow w-p100\">\n<div class=\"card-body justify-content-around\">\n<div class=\"row\">\n<h4 class=\"card-title mt-10\">\u0130slam Hukuku<\/h4>\n<p><span class=\"col-md-3 ms-auto my-auto text-end fs-12\">Y\u00fcksek Lisans (Tezli)<\/span><\/div>\n<\/div>\n<\/div>\n<\/div>\n<div class=\"card rounded-0\">\n<div class=\"card mb-0 no-border no-shadow w-p100\">\n<div class=\"card-body justify-content-around\">\n<div class=\"row\">\n<h4 class=\"card-title mt-10\">Kamu Hukuku<\/h4>\n<p><span class=\"col-md-3 ms-auto my-auto text-end fs-12\">Y\u00fcksek Lisans (Tezli)<\/span><\/div>\n<\/div>\n<\/div>\n<\/div>\n<div class=\"card rounded-0\">\n<div class=\"card mb-0 no-border no-shadow w-p100\">\n<div class=\"card-body justify-content-around\">\n<div class=\"row\">\n<h4 class=\"card-title mt-10\">Kamu Hukuku<\/h4>\n<p><span class=\"col-md-3 ms-auto my-auto text-end fs-12\">Doktora<\/span><\/div>\n<\/div>\n<\/div>\n<\/div>\n<div class=\"card rounded-0\">\n<div class=\"card mb-0 no-border no-shadow w-p100\">\n<div class=\"card-body justify-content-around\">\n<div class=\"row\">\n<h4 class=\"card-title mt-10\">Kamu Hukuku<\/h4>\n<p><span class=\"col-md-3 ms-auto my-auto text-end fs-12\">Y\u00fcksek Lisans (Tezsiz)<\/span><\/div>\n<\/div>\n<\/div>\n<\/div>\n<div class=\"card rounded-0\">\n<div class=\"card mb-0 no-border no-shadow w-p100\">\n<div class=\"card-body justify-content-around\">\n<div class=\"row\">\n<h4 class=\"card-title mt-10\">Mali Hukuk<\/h4>\n<p><span class=\"col-md-3 ms-auto my-auto text-end fs-12\">Y\u00fcksek Lisans (Tezsiz)<\/span><\/div>\n<\/div>\n<\/div>\n<\/div>\n<div class=\"card rounded-0\">\n<div class=\"card mb-0 no-border no-shadow w-p100\">\n<div class=\"card-body justify-content-around\">\n<div class=\"row\">\n<h4 class=\"card-title mt-10\">Mali Hukuk<\/h4>\n<p><span class=\"col-md-3 ms-auto my-auto text-end fs-12\">Y\u00fcksek Lisans (Tezli)<\/span><\/div>\n<\/div>\n<\/div>\n<\/div>\n<div class=\"card rounded-0\">\n<div class=\"card mb-0 no-border no-shadow w-p100\">\n<div class=\"card-body justify-content-around\">\n<div class=\"row\">\n<h4 class=\"card-title mt-10\">\u00d6zel Hukuk<\/h4>\n<p><span class=\"col-md-3 ms-auto my-auto text-end fs-12\">Y\u00fcksek Lisans (Tezsiz)<\/span><\/div>\n<\/div>\n<\/div>\n<\/div>\n<div class=\"card rounded-0\">\n<div class=\"card mb-0 no-border no-shadow w-p100\">\n<div class=\"card-body justify-content-around\">\n<div class=\"row\">\n<h4 class=\"card-title mt-10\">\u00d6zel Hukuk<\/h4>\n<p><span class=\"col-md-3 ms-auto my-auto text-end fs-12\">Doktora<\/span><\/div>\n<\/div>\n<\/div>\n<\/div>\n<div class=\"card rounded-0\">\n<div class=\"card mb-0 no-border no-shadow w-p100\">\n<div class=\"card-body justify-content-around\">\n<div class=\"row\">\n<h4 class=\"card-title mt-10\">\u00d6zel Hukuk<\/h4>\n<p><span class=\"col-md-3 ms-auto my-auto text-end fs-12\">Y\u00fcksek Lisans (Tezli)<\/span><\/div>\n<\/div>\n<\/div>\n<\/div>\n<div class=\"card rounded-0\">\n<div class=\"card mb-0 no-border no-shadow w-p100\">\n<div class=\"card-body justify-content-around\">\n<div class=\"row\">\n<h4 class=\"card-title mt-10\">Sermaye Piyasas\u0131 ve Ticaret Hukuku<\/h4>\n<p><span class=\"col-md-3 ms-auto my-auto text-end fs-12\">Y\u00fcksek Lisans (Tezli)<\/span><\/div>\n<\/div>\n<\/div>\n<\/div>\n<div class=\"card rounded-0\">\n<div class=\"card mb-0 no-border no-shadow w-p100\">\n<div class=\"card-body justify-content-around\">\n<div class=\"row\">\n<h4 class=\"card-title mt-10\">Spor Hukuku<\/h4>\n<p><span class=\"col-md-3 ms-auto my-auto text-end fs-12\">Y\u00fcksek Lisans (Tezsiz)<\/span><\/div>\n<\/div>\n<\/div>\n<\/div>\n<div class=\"card rounded-0\">\n<div class=\"card mb-0 no-border no-shadow w-p100\">\n<div class=\"card-body justify-content-around\">\n<div class=\"row\">\n<h4 class=\"card-title mt-10\">Uluslararas\u0131 Ticaret Hukuku<\/h4>\n<p><span class=\"col-md-3 ms-auto my-auto text-end fs-12\">Y\u00fcksek Lisans (Tezli)<\/span><\/div>\n<\/div>\n<\/div>\n<\/div>\n","protected":false},"excerpt":{"rendered":"<p>Adalet \u00d6n Lisans Bili\u015fim Hukuku Y\u00fcksek Lisans (Tezli) Bili\u015fim Hukuku Y\u00fcksek Lisans (Tezsiz) Bili\u015fim Hukuku Y\u00fcksek Lisans (Tezli) Bili\u015fim Hukuku Y\u00fcksek Lisans (Tezsiz) Ceza Adaleti Y\u00fcksek Lisans (Tezli) Ceza Adaleti Y\u00fcksek Lisans (Tezsiz) Ceza \u0130nfaz ve G\u00fcvenlik Hizmetleri \u00d6n Lisans Deniz Hukuku Doktora Ekonomik Hukuk Y\u00fcksek Lisans (Tezli) Hukuk Lisans \u0130slam Hukuku Doktora \u0130slam Hukuku [&hellip;]<\/p>\n","protected":false},"author":1,"featured_media":0,"parent":0,"menu_order":0,"comment_status":"closed","ping_status":"closed","template":"","meta":{"footnotes":""},"yoast_head":"<!-- This site is optimized with the Yoast SEO plugin v20.13 - https:\/\/yoast.com\/wordpress\/plugins\/seo\/ -->\n<title>Hukuk - Ecs E\u011fitim Dan\u0131\u015fmanl\u0131k \u015eanl\u0131urfa<\/title>\n<meta name=\"robots\" content=\"index, follow, max-snippet:-1, max-image-preview:large, max-video-preview:-1\" \/>\n<link rel=\"canonical\" href=\"https:\/\/www.ecsdanismanlik.com.tr\/tr_tr\/hukuk\/\" \/>\n<meta property=\"og:locale\" content=\"tr_TR\" \/>\n<meta property=\"og:type\" content=\"article\" \/>\n<meta property=\"og:title\" content=\"Hukuk - Ecs E\u011fitim Dan\u0131\u015fmanl\u0131k \u015eanl\u0131urfa\" \/>\n<meta property=\"og:description\" content=\"Adalet \u00d6n Lisans Bili\u015fim Hukuku Y\u00fcksek Lisans (Tezli) Bili\u015fim Hukuku Y\u00fcksek Lisans (Tezsiz) Bili\u015fim Hukuku Y\u00fcksek Lisans (Tezli) Bili\u015fim Hukuku Y\u00fcksek Lisans (Tezsiz) Ceza Adaleti Y\u00fcksek Lisans (Tezli) Ceza Adaleti Y\u00fcksek Lisans (Tezsiz) Ceza \u0130nfaz ve G\u00fcvenlik Hizmetleri \u00d6n Lisans Deniz Hukuku Doktora Ekonomik Hukuk Y\u00fcksek Lisans (Tezli) Hukuk Lisans \u0130slam Hukuku Doktora \u0130slam Hukuku [&hellip;]\" \/>\n<meta property=\"og:url\" content=\"https:\/\/www.ecsdanismanlik.com.tr\/tr_tr\/hukuk\/\" \/>\n<meta property=\"og:site_name\" content=\"Ecs E\u011fitim Dan\u0131\u015fmanl\u0131k \u015eanl\u0131urfa\" \/>\n<meta name=\"twitter:card\" content=\"summary_large_image\" \/>\n<meta name=\"twitter:label1\" content=\"Tahmini okuma s\u00fcresi\" \/>\n\t<meta name=\"twitter:data1\" content=\"1 dakika\" \/>\n<script type=\"application\/ld+json\" class=\"yoast-schema-graph\">{\"@context\":\"https:\/\/schema.org\",\"@graph\":[{\"@type\":\"WebPage\",\"@id\":\"https:\/\/www.ecsdanismanlik.com.tr\/hukuk\/\",\"url\":\"https:\/\/www.ecsdanismanlik.com.tr\/hukuk\/\",\"name\":\"Hukuk - Ecs E\u011fitim Dan\u0131\u015fmanl\u0131k \u015eanl\u0131urfa\",\"isPartOf\":{\"@id\":\"https:\/\/www.ecsdanismanlik.com.tr\/#website\"},\"datePublished\":\"2022-06-11T08:49:54+00:00\",\"dateModified\":\"2022-06-11T08:49:54+00:00\",\"breadcrumb\":{\"@id\":\"https:\/\/www.ecsdanismanlik.com.tr\/hukuk\/#breadcrumb\"},\"inLanguage\":\"tr\",\"potentialAction\":[{\"@type\":\"ReadAction\",\"target\":[\"https:\/\/www.ecsdanismanlik.com.tr\/hukuk\/\"]}]},{\"@type\":\"BreadcrumbList\",\"@id\":\"https:\/\/www.ecsdanismanlik.com.tr\/hukuk\/#breadcrumb\",\"itemListElement\":[{\"@type\":\"ListItem\",\"position\":1,\"name\":\"Anasayfa\",\"item\":\"https:\/\/www.ecsdanismanlik.com.tr\/tr_tr\/\"},{\"@type\":\"ListItem\",\"position\":2,\"name\":\"Hukuk\"}]},{\"@type\":\"WebSite\",\"@id\":\"https:\/\/www.ecsdanismanlik.com.tr\/#website\",\"url\":\"https:\/\/www.ecsdanismanlik.com.tr\/\",\"name\":\"Ecs E\u011fitim Dan\u0131\u015fmanl\u0131k \u015eanl\u0131urfa\",\"description\":\"\",\"potentialAction\":[{\"@type\":\"SearchAction\",\"target\":{\"@type\":\"EntryPoint\",\"urlTemplate\":\"https:\/\/www.ecsdanismanlik.com.tr\/?s={search_term_string}\"},\"query-input\":\"required name=search_term_string\"}],\"inLanguage\":\"tr\"}]}<\/script>\n<!-- \/ Yoast SEO plugin. -->","yoast_head_json":{"title":"Hukuk - Ecs E\u011fitim Dan\u0131\u015fmanl\u0131k \u015eanl\u0131urfa","robots":{"index":"index","follow":"follow","max-snippet":"max-snippet:-1","max-image-preview":"max-image-preview:large","max-video-preview":"max-video-preview:-1"},"canonical":"https:\/\/www.ecsdanismanlik.com.tr\/tr_tr\/hukuk\/","og_locale":"tr_TR","og_type":"article","og_title":"Hukuk - Ecs E\u011fitim Dan\u0131\u015fmanl\u0131k \u015eanl\u0131urfa","og_description":"Adalet \u00d6n Lisans Bili\u015fim Hukuku Y\u00fcksek Lisans (Tezli) Bili\u015fim Hukuku Y\u00fcksek Lisans (Tezsiz) Bili\u015fim Hukuku Y\u00fcksek Lisans (Tezli) Bili\u015fim Hukuku Y\u00fcksek Lisans (Tezsiz) Ceza Adaleti Y\u00fcksek Lisans (Tezli) Ceza Adaleti Y\u00fcksek Lisans (Tezsiz) Ceza \u0130nfaz ve G\u00fcvenlik Hizmetleri \u00d6n Lisans Deniz Hukuku Doktora Ekonomik Hukuk Y\u00fcksek Lisans (Tezli) Hukuk Lisans \u0130slam Hukuku Doktora \u0130slam Hukuku [&hellip;]","og_url":"https:\/\/www.ecsdanismanlik.com.tr\/tr_tr\/hukuk\/","og_site_name":"Ecs E\u011fitim Dan\u0131\u015fmanl\u0131k \u015eanl\u0131urfa","twitter_card":"summary_large_image","twitter_misc":{"Tahmini okuma s\u00fcresi":"1 dakika"},"schema":{"@context":"https:\/\/schema.org","@graph":[{"@type":"WebPage","@id":"https:\/\/www.ecsdanismanlik.com.tr\/hukuk\/","url":"https:\/\/www.ecsdanismanlik.com.tr\/hukuk\/","name":"Hukuk - Ecs E\u011fitim Dan\u0131\u015fmanl\u0131k \u015eanl\u0131urfa","isPartOf":{"@id":"https:\/\/www.ecsdanismanlik.com.tr\/#website"},"datePublished":"2022-06-11T08:49:54+00:00","dateModified":"2022-06-11T08:49:54+00:00","breadcrumb":{"@id":"https:\/\/www.ecsdanismanlik.com.tr\/hukuk\/#breadcrumb"},"inLanguage":"tr","potentialAction":[{"@type":"ReadAction","target":["https:\/\/www.ecsdanismanlik.com.tr\/hukuk\/"]}]},{"@type":"BreadcrumbList","@id":"https:\/\/www.ecsdanismanlik.com.tr\/hukuk\/#breadcrumb","itemListElement":[{"@type":"ListItem","position":1,"name":"Anasayfa","item":"https:\/\/www.ecsdanismanlik.com.tr\/tr_tr\/"},{"@type":"ListItem","position":2,"name":"Hukuk"}]},{"@type":"WebSite","@id":"https:\/\/www.ecsdanismanlik.com.tr\/#website","url":"https:\/\/www.ecsdanismanlik.com.tr\/","name":"Ecs E\u011fitim Dan\u0131\u015fmanl\u0131k \u015eanl\u0131urfa","description":"","potentialAction":[{"@type":"SearchAction","target":{"@type":"EntryPoint","urlTemplate":"https:\/\/www.ecsdanismanlik.com.tr\/?s={search_term_string}"},"query-input":"required name=search_term_string"}],"inLanguage":"tr"}]}},"_links":{"self":[{"href":"https:\/\/www.ecsdanismanlik.com.tr\/tr_tr\/wp-json\/wp\/v2\/pages\/3649"}],"collection":[{"href":"https:\/\/www.ecsdanismanlik.com.tr\/tr_tr\/wp-json\/wp\/v2\/pages"}],"about":[{"href":"https:\/\/www.ecsdanismanlik.com.tr\/tr_tr\/wp-json\/wp\/v2\/types\/page"}],"author":[{"embeddable":true,"href":"https:\/\/www.ecsdanismanlik.com.tr\/tr_tr\/wp-json\/wp\/v2\/users\/1"}],"replies":[{"embeddable":true,"href":"https:\/\/www.ecsdanismanlik.com.tr\/tr_tr\/wp-json\/wp\/v2\/comments?post=3649"}],"version-history":[{"count":0,"href":"https:\/\/www.ecsdanismanlik.com.tr\/tr_tr\/wp-json\/wp\/v2\/pages\/3649\/revisions"}],"wp:attachment":[{"href":"https:\/\/www.ecsdanismanlik.com.tr\/tr_tr\/wp-json\/wp\/v2\/media?parent=3649"}],"curies":[{"name":"wp","href":"https:\/\/api.w.org\/{rel}","templated":true}]}}