{"id":3637,"date":"2022-06-11T11:47:41","date_gmt":"2022-06-11T08:47:41","guid":{"rendered":"https:\/\/www.ecsdanismanlik.com.tr\/?page_id=3637"},"modified":"2022-06-11T11:47:41","modified_gmt":"2022-06-11T08:47:41","slug":"bilgisayar-bilisim","status":"publish","type":"page","link":"https:\/\/www.ecsdanismanlik.com.tr\/tr_tr\/bilgisayar-bilisim\/","title":{"rendered":"Bilgisayar &#038; Bili\u015fim"},"content":{"rendered":"<div class=\"card rounded-0\">\n<div class=\"card mb-0 no-border no-shadow w-p100\">\n<div class=\"card-body justify-content-around\">\n<div class=\"row\">\n<h4 class=\"card-title mt-10\">Adli Bili\u015fim M\u00fchendisli\u011fi<\/h4>\n<p><span class=\"col-md-3 ms-auto my-auto text-end fs-12\">Lisans<\/span><\/div>\n<\/div>\n<\/div>\n<\/div>\n<div class=\"card rounded-0\">\n<div class=\"card mb-0 no-border no-shadow w-p100\">\n<div class=\"card-body justify-content-around\">\n<div class=\"row\">\n<h4 class=\"card-title mt-10\">Adli Bili\u015fim Su\u00e7lar\u0131<\/h4>\n<p><span class=\"col-md-3 ms-auto my-auto text-end fs-12\">Y\u00fcksek Lisans (Tezli)<\/span><\/div>\n<\/div>\n<\/div>\n<\/div>\n<div class=\"card rounded-0\">\n<div class=\"card mb-0 no-border no-shadow w-p100\">\n<div class=\"card-body justify-content-around\">\n<div class=\"row\">\n<h4 class=\"card-title mt-10\">Adli Bili\u015fim Su\u00e7lar\u0131<\/h4>\n<p><span class=\"col-md-3 ms-auto my-auto text-end fs-12\">Y\u00fcksek Lisans (Tezsiz)<\/span><\/div>\n<\/div>\n<\/div>\n<\/div>\n<div class=\"card rounded-0\">\n<div class=\"card mb-0 no-border no-shadow w-p100\">\n<div class=\"card-body justify-content-around\">\n<div class=\"row\">\n<h4 class=\"card-title mt-10\">Adli Biyoloji<\/h4>\n<p><span class=\"col-md-3 ms-auto my-auto text-end fs-12\">Y\u00fcksek Lisans (Tezsiz)<\/span><\/div>\n<\/div>\n<\/div>\n<\/div>\n<div class=\"card rounded-0\">\n<div class=\"card mb-0 no-border no-shadow w-p100\">\n<div class=\"card-body justify-content-around\">\n<div class=\"row\">\n<h4 class=\"card-title mt-10\">Adli Biyoloji<\/h4>\n<p><span class=\"col-md-3 ms-auto my-auto text-end fs-12\">Y\u00fcksek Lisans (Tezli)<\/span><\/div>\n<\/div>\n<\/div>\n<\/div>\n<div class=\"card rounded-0\">\n<div class=\"card mb-0 no-border no-shadow w-p100\">\n<div class=\"card-body justify-content-around\">\n<div class=\"row\">\n<h4 class=\"card-title mt-10\">Adli Genetik<\/h4>\n<p><span class=\"col-md-3 ms-auto my-auto text-end fs-12\">Y\u00fcksek Lisans (Tezsiz)<\/span><\/div>\n<\/div>\n<\/div>\n<\/div>\n<div class=\"card rounded-0\">\n<div class=\"card mb-0 no-border no-shadow w-p100\">\n<div class=\"card-body justify-content-around\">\n<div class=\"row\">\n<h4 class=\"card-title mt-10\">Adli Genetik<\/h4>\n<p><span class=\"col-md-3 ms-auto my-auto text-end fs-12\">Y\u00fcksek Lisans (Tezli)<\/span><\/div>\n<\/div>\n<\/div>\n<\/div>\n<div class=\"card rounded-0\">\n<div class=\"card mb-0 no-border no-shadow w-p100\">\n<div class=\"card-body justify-content-around\">\n<div class=\"row\">\n<h4 class=\"card-title mt-10\">Adli Kimya<\/h4>\n<p><span class=\"col-md-3 ms-auto my-auto text-end fs-12\">Y\u00fcksek Lisans (Tezsiz)<\/span><\/div>\n<\/div>\n<\/div>\n<\/div>\n<div class=\"card rounded-0\">\n<div class=\"card mb-0 no-border no-shadow w-p100\">\n<div class=\"card-body justify-content-around\">\n<div class=\"row\">\n<h4 class=\"card-title mt-10\">Adli Kimya<\/h4>\n<p><span class=\"col-md-3 ms-auto my-auto text-end fs-12\">Y\u00fcksek Lisans (Tezli)<\/span><\/div>\n<\/div>\n<\/div>\n<\/div>\n<div class=\"card rounded-0\">\n<div class=\"card mb-0 no-border no-shadow w-p100\">\n<div class=\"card-body justify-content-around\">\n<div class=\"row\">\n<h4 class=\"card-title mt-10\">Adli Psikoloji<\/h4>\n<p><span class=\"col-md-3 ms-auto my-auto text-end fs-12\">Y\u00fcksek Lisans (Tezli)<\/span><\/div>\n<\/div>\n<\/div>\n<\/div>\n<div class=\"card rounded-0\">\n<div class=\"card mb-0 no-border no-shadow w-p100\">\n<div class=\"card-body justify-content-around\">\n<div class=\"row\">\n<h4 class=\"card-title mt-10\">Adli Psikoloji<\/h4>\n<p><span class=\"col-md-3 ms-auto my-auto text-end fs-12\">Y\u00fcksek Lisans (Tezsiz)<\/span><\/div>\n<\/div>\n<\/div>\n<\/div>\n<div class=\"card rounded-0\">\n<div class=\"card mb-0 no-border no-shadow w-p100\">\n<div class=\"card-body justify-content-around\">\n<div class=\"row\">\n<h4 class=\"card-title mt-10\">Adli T\u0131p<\/h4>\n<p><span class=\"col-md-3 ms-auto my-auto text-end fs-12\">Doktora<\/span><\/div>\n<\/div>\n<\/div>\n<\/div>\n<div class=\"card rounded-0\">\n<div class=\"card mb-0 no-border no-shadow w-p100\">\n<div class=\"card-body justify-content-around\">\n<div class=\"row\">\n<h4 class=\"card-title mt-10\">Adli T\u0131p<\/h4>\n<p><span class=\"col-md-3 ms-auto my-auto text-end fs-12\">Y\u00fcksek Lisans (Tezli)<\/span><\/div>\n<\/div>\n<\/div>\n<\/div>\n<div class=\"card rounded-0\">\n<div class=\"card mb-0 no-border no-shadow w-p100\">\n<div class=\"card-body justify-content-around\">\n<div class=\"row\">\n<h4 class=\"card-title mt-10\">Adli Toksikoloji<\/h4>\n<p><span class=\"col-md-3 ms-auto my-auto text-end fs-12\">Y\u00fcksek Lisans (Tezsiz)<\/span><\/div>\n<\/div>\n<\/div>\n<\/div>\n<div class=\"card rounded-0\">\n<div class=\"card mb-0 no-border no-shadow w-p100\">\n<div class=\"card-body justify-content-around\">\n<div class=\"row\">\n<h4 class=\"card-title mt-10\">Adli Toksikoloji<\/h4>\n<p><span class=\"col-md-3 ms-auto my-auto text-end fs-12\">Y\u00fcksek Lisans (Tezli)<\/span><\/div>\n<\/div>\n<\/div>\n<\/div>\n<div class=\"card rounded-0\">\n<div class=\"card mb-0 no-border no-shadow w-p100\">\n<div class=\"card-body justify-content-around\">\n<div class=\"row\">\n<h4 class=\"card-title mt-10\">Bilgi G\u00fcvenli\u011fi<\/h4>\n<p><span class=\"col-md-3 ms-auto my-auto text-end fs-12\">Y\u00fcksek Lisans (Tezli)<\/span><\/div>\n<\/div>\n<\/div>\n<\/div>\n<div class=\"card rounded-0\">\n<div class=\"card mb-0 no-border no-shadow w-p100\">\n<div class=\"card-body justify-content-around\">\n<div class=\"row\">\n<h4 class=\"card-title mt-10\">Bilgi G\u00fcvenli\u011fi<\/h4>\n<p><span class=\"col-md-3 ms-auto my-auto text-end fs-12\">Doktora<\/span><\/div>\n<\/div>\n<\/div>\n<\/div>\n<div class=\"card rounded-0\">\n<div class=\"card mb-0 no-border no-shadow w-p100\">\n<div class=\"card-body justify-content-around\">\n<div class=\"row\">\n<h4 class=\"card-title mt-10\">Bilgi G\u00fcvenli\u011fi Teknolojisi<\/h4>\n<p><span class=\"col-md-3 ms-auto my-auto text-end fs-12\">Lisans<\/span><\/div>\n<\/div>\n<\/div>\n<\/div>\n<div class=\"card rounded-0\">\n<div class=\"card mb-0 no-border no-shadow w-p100\">\n<div class=\"card-body justify-content-around\">\n<div class=\"row\">\n<h4 class=\"card-title mt-10\">Bilgisayar Bilimleri<\/h4>\n<p><span class=\"col-md-3 ms-auto my-auto text-end fs-12\">Lisans<\/span><\/div>\n<\/div>\n<\/div>\n<\/div>\n<div class=\"card rounded-0\">\n<div class=\"card mb-0 no-border no-shadow w-p100\">\n<div class=\"card-body justify-content-around\">\n<div class=\"row\">\n<h4 class=\"card-title mt-10\">Bilgisayar Bilimleri<\/h4>\n<p><span class=\"col-md-3 ms-auto my-auto text-end fs-12\">Doktora<\/span><\/div>\n<\/div>\n<\/div>\n<\/div>\n<div class=\"card rounded-0\">\n<div class=\"card mb-0 no-border no-shadow w-p100\">\n<div class=\"card-body justify-content-around\">\n<div class=\"row\">\n<h4 class=\"card-title mt-10\">Bilgisayar Bilimleri<\/h4>\n<p><span class=\"col-md-3 ms-auto my-auto text-end fs-12\">Y\u00fcksek Lisans (Tezli)<\/span><\/div>\n<\/div>\n<\/div>\n<\/div>\n<div class=\"card rounded-0\">\n<div class=\"card mb-0 no-border no-shadow w-p100\">\n<div class=\"card-body justify-content-around\">\n<div class=\"row\">\n<h4 class=\"card-title mt-10\">Bilgisayar Donan\u0131m\u0131<\/h4>\n<p><span class=\"col-md-3 ms-auto my-auto text-end fs-12\">Doktora<\/span><\/div>\n<\/div>\n<\/div>\n<\/div>\n<div class=\"card rounded-0\">\n<div class=\"card mb-0 no-border no-shadow w-p100\">\n<div class=\"card-body justify-content-around\">\n<div class=\"row\">\n<h4 class=\"card-title mt-10\">Bilgisayar Donan\u0131m\u0131<\/h4>\n<p><span class=\"col-md-3 ms-auto my-auto text-end fs-12\">Y\u00fcksek Lisans (Tezli)<\/span><\/div>\n<\/div>\n<\/div>\n<\/div>\n<div class=\"card rounded-0\">\n<div class=\"card mb-0 no-border no-shadow w-p100\">\n<div class=\"card-body justify-content-around\">\n<div class=\"row\">\n<h4 class=\"card-title mt-10\">Bilgisayar Operat\u00f6rl\u00fc\u011f\u00fc<\/h4>\n<p><span class=\"col-md-3 ms-auto my-auto text-end fs-12\">\u00d6n Lisans<\/span><\/div>\n<\/div>\n<\/div>\n<\/div>\n<div class=\"card rounded-0\">\n<div class=\"card mb-0 no-border no-shadow w-p100\">\n<div class=\"card-body justify-content-around\">\n<div class=\"row\">\n<h4 class=\"card-title mt-10\">Bilgisayar Programc\u0131l\u0131\u011f\u0131<\/h4>\n<p><span class=\"col-md-3 ms-auto my-auto text-end fs-12\">\u00d6n Lisans<\/span><\/div>\n<\/div>\n<\/div>\n<\/div>\n<div class=\"card rounded-0\">\n<div class=\"card mb-0 no-border no-shadow w-p100\">\n<div class=\"card-body justify-content-around\">\n<div class=\"row\">\n<h4 class=\"card-title mt-10\">Bilgisayar Teknolojisi<\/h4>\n<p><span class=\"col-md-3 ms-auto my-auto text-end fs-12\">\u00d6n Lisans<\/span><\/div>\n<\/div>\n<\/div>\n<\/div>\n<div class=\"card rounded-0\">\n<div class=\"card mb-0 no-border no-shadow w-p100\">\n<div class=\"card-body justify-content-around\">\n<div class=\"row\">\n<h4 class=\"card-title mt-10\">Bilgisayar Teknolojisi ve Bili\u015fim Sistemleri<\/h4>\n<p><span class=\"col-md-3 ms-auto my-auto text-end fs-12\">Lisans<\/span><\/div>\n<\/div>\n<\/div>\n<\/div>\n<div class=\"card rounded-0\">\n<div class=\"card mb-0 no-border no-shadow w-p100\">\n<div class=\"card-body justify-content-around\">\n<div class=\"row\">\n<h4 class=\"card-title mt-10\">Bilgisayar ve \u00d6\u011fretim Teknolojileri E\u011fitimi<\/h4>\n<p><span class=\"col-md-3 ms-auto my-auto text-end fs-12\">Y\u00fcksek Lisans (Tezli)<\/span><\/div>\n<\/div>\n<\/div>\n<\/div>\n<div class=\"card rounded-0\">\n<div class=\"card mb-0 no-border no-shadow w-p100\">\n<div class=\"card-body justify-content-around\">\n<div class=\"row\">\n<h4 class=\"card-title mt-10\">Bilgisayar ve \u00d6\u011fretim Teknolojileri E\u011fitimi<\/h4>\n<p><span class=\"col-md-3 ms-auto my-auto text-end fs-12\">Doktora<\/span><\/div>\n<\/div>\n<\/div>\n<\/div>\n<div class=\"card rounded-0\">\n<div class=\"card mb-0 no-border no-shadow w-p100\">\n<div class=\"card-body justify-content-around\">\n<div class=\"row\">\n<h4 class=\"card-title mt-10\">Bilgisayar Yaz\u0131l\u0131m\u0131<\/h4>\n<p><span class=\"col-md-3 ms-auto my-auto text-end fs-12\">Y\u00fcksek Lisans (Tezli)<\/span><\/div>\n<\/div>\n<\/div>\n<\/div>\n<div class=\"card rounded-0\">\n<div class=\"card mb-0 no-border no-shadow w-p100\">\n<div class=\"card-body justify-content-around\">\n<div class=\"row\">\n<h4 class=\"card-title mt-10\">Bilgisayar Yaz\u0131l\u0131m\u0131<\/h4>\n<p><span class=\"col-md-3 ms-auto my-auto text-end fs-12\">Doktora<\/span><\/div>\n<\/div>\n<\/div>\n<\/div>\n<div class=\"card rounded-0\">\n<div class=\"card mb-0 no-border no-shadow w-p100\">\n<div class=\"card-body justify-content-around\">\n<div class=\"row\">\n<h4 class=\"card-title mt-10\">Bili\u015fim G\u00fcvenli\u011fi Teknolojisi<\/h4>\n<p><span class=\"col-md-3 ms-auto my-auto text-end fs-12\">\u00d6n Lisans<\/span><\/div>\n<\/div>\n<\/div>\n<\/div>\n<div class=\"card rounded-0\">\n<div class=\"card mb-0 no-border no-shadow w-p100\">\n<div class=\"card-body justify-content-around\">\n<div class=\"row\">\n<h4 class=\"card-title mt-10\">Bili\u015fim Sistemleri<\/h4>\n<p><span class=\"col-md-3 ms-auto my-auto text-end fs-12\">Doktora<\/span><\/div>\n<\/div>\n<\/div>\n<\/div>\n<div class=\"card rounded-0\">\n<div class=\"card mb-0 no-border no-shadow w-p100\">\n<div class=\"card-body justify-content-around\">\n<div class=\"row\">\n<h4 class=\"card-title mt-10\">Bili\u015fim Sistemleri<\/h4>\n<p><span class=\"col-md-3 ms-auto my-auto text-end fs-12\">Y\u00fcksek Lisans (Tezsiz)<\/span><\/div>\n<\/div>\n<\/div>\n<\/div>\n<div class=\"card rounded-0\">\n<div class=\"card mb-0 no-border no-shadow w-p100\">\n<div class=\"card-body justify-content-around\">\n<div class=\"row\">\n<h4 class=\"card-title mt-10\">Bili\u015fim Sistemleri<\/h4>\n<p><span class=\"col-md-3 ms-auto my-auto text-end fs-12\">Y\u00fcksek Lisans (Tezli)<\/span><\/div>\n<\/div>\n<\/div>\n<\/div>\n<div class=\"card rounded-0\">\n<div class=\"card mb-0 no-border no-shadow w-p100\">\n<div class=\"card-body justify-content-around\">\n<div class=\"row\">\n<h4 class=\"card-title mt-10\">Bili\u015fim Sistemleri ve Teknolojileri<\/h4>\n<p><span class=\"col-md-3 ms-auto my-auto text-end fs-12\">Lisans<\/span><\/div>\n<\/div>\n<\/div>\n<\/div>\n<div class=\"card rounded-0\">\n<div class=\"card mb-0 no-border no-shadow w-p100\">\n<div class=\"card-body justify-content-around\">\n<div class=\"row\">\n<h4 class=\"card-title mt-10\">Bili\u015fim Teknolojileri<\/h4>\n<p><span class=\"col-md-3 ms-auto my-auto text-end fs-12\">Y\u00fcksek Lisans (Tezsiz)<\/span><\/div>\n<\/div>\n<\/div>\n<\/div>\n<div class=\"card rounded-0\">\n<div class=\"card mb-0 no-border no-shadow w-p100\">\n<div class=\"card-body justify-content-around\">\n<div class=\"row\">\n<h4 class=\"card-title mt-10\">Gazetecilik (Bili\u015fim)<\/h4>\n<p><span class=\"col-md-3 ms-auto my-auto text-end fs-12\">Y\u00fcksek Lisans (Tezsiz)<\/span><\/div>\n<\/div>\n<\/div>\n<\/div>\n<div class=\"card rounded-0\">\n<div class=\"card mb-0 no-border no-shadow w-p100\">\n<div class=\"card-body justify-content-around\">\n<div class=\"row\">\n<h4 class=\"card-title mt-10\">\u0130nteraktif Bilgi \u0130\u015flem ve Bilgi Sistemleri<\/h4>\n<p><span class=\"col-md-3 ms-auto my-auto text-end fs-12\">Y\u00fcksek Lisans (Tezli)<\/span><\/div>\n<\/div>\n<\/div>\n<\/div>\n<div class=\"card rounded-0\">\n<div class=\"card mb-0 no-border no-shadow w-p100\">\n<div class=\"card-body justify-content-around\">\n<div class=\"row\">\n<h4 class=\"card-title mt-10\">\u0130nternet \u00dczerinden Bili\u015fim<\/h4>\n<p><span class=\"col-md-3 ms-auto my-auto text-end fs-12\">Y\u00fcksek Lisans (Tezsiz)<\/span><\/div>\n<\/div>\n<\/div>\n<\/div>\n<div class=\"card rounded-0\">\n<div class=\"card mb-0 no-border no-shadow w-p100\">\n<div class=\"card-body justify-content-around\">\n<div class=\"row\">\n<h4 class=\"card-title mt-10\">\u0130statistik ve Bilgisayar Bilimleri<\/h4>\n<p><span class=\"col-md-3 ms-auto my-auto text-end fs-12\">Lisans<\/span><\/div>\n<\/div>\n<\/div>\n<\/div>\n<div class=\"card rounded-0\">\n<div class=\"card mb-0 no-border no-shadow w-p100\">\n<div class=\"card-body justify-content-around\">\n<div class=\"row\">\n<h4 class=\"card-title mt-10\">Multimedya Bili\u015fimi<\/h4>\n<p><span class=\"col-md-3 ms-auto my-auto text-end fs-12\">Y\u00fcksek Lisans (Tezli)<\/span><\/div>\n<\/div>\n<\/div>\n<\/div>\n<div class=\"card rounded-0\">\n<div class=\"card mb-0 no-border no-shadow w-p100\">\n<div class=\"card-body justify-content-around\">\n<div class=\"row\">\n<h4 class=\"card-title mt-10\">\u00d6l\u00e7me ve Veri Analiti\u011fi<\/h4>\n<p><span class=\"col-md-3 ms-auto my-auto text-end fs-12\">Y\u00fcksek Lisans (Tezsiz)<\/span><\/div>\n<\/div>\n<\/div>\n<\/div>\n<div class=\"card rounded-0\">\n<div class=\"card mb-0 no-border no-shadow w-p100\">\n<div class=\"card-body justify-content-around\">\n<div class=\"row\">\n<h4 class=\"card-title mt-10\">Uluslararas\u0131 Bilgisayar<\/h4>\n<p><span class=\"col-md-3 ms-auto my-auto text-end fs-12\">Doktora<\/span><\/div>\n<\/div>\n<\/div>\n<\/div>\n<div class=\"card rounded-0\">\n<div class=\"card mb-0 no-border no-shadow w-p100\">\n<div class=\"card-body justify-content-around\">\n<div class=\"row\">\n<h4 class=\"card-title mt-10\">Uluslararas\u0131 Bilgisayar<\/h4>\n<p><span class=\"col-md-3 ms-auto my-auto text-end fs-12\">Y\u00fcksek Lisans (Tezli)<\/span><\/div>\n<\/div>\n<\/div>\n<\/div>\n<div class=\"card rounded-0\">\n<div class=\"card mb-0 no-border no-shadow w-p100\">\n<div class=\"card-body justify-content-around\">\n<div class=\"row\">\n<h4 class=\"card-title mt-10\">Uygulamal\u0131 Veri Bilimi<\/h4>\n<p><span class=\"col-md-3 ms-auto my-auto text-end fs-12\">Y\u00fcksek Lisans (Tezli)<\/span><\/div>\n<\/div>\n<\/div>\n<\/div>\n<div class=\"card rounded-0\">\n<div class=\"card mb-0 no-border no-shadow w-p100\">\n<div class=\"card-body justify-content-around\">\n<div class=\"row\">\n<h4 class=\"card-title mt-10\">Web Tasar\u0131m\u0131 ve Kodlama<\/h4>\n<p><span class=\"col-md-3 ms-auto my-auto text-end fs-12\">\u00d6n Lisans<\/span><\/div>\n<\/div>\n<\/div>\n<\/div>\n<div class=\"card rounded-0\">\n<div class=\"card mb-0 no-border no-shadow w-p100\">\n<div class=\"card-body justify-content-around\">\n<div class=\"row\">\n<h4 class=\"card-title mt-10\">Yaz\u0131l\u0131m<\/h4>\n<p><span class=\"col-md-3 ms-auto my-auto text-end fs-12\">Y\u00fcksek Lisans (Tezli)<\/span><\/div>\n<\/div>\n<\/div>\n<\/div>\n<div class=\"card rounded-0\">\n<div class=\"card mb-0 no-border no-shadow w-p100\">\n<div class=\"card-body justify-content-around\">\n<div class=\"row\">\n<h4 class=\"card-title mt-10\">Yaz\u0131l\u0131m Y\u00f6netimi<\/h4>\n<p><span class=\"col-md-3 ms-auto my-auto text-end fs-12\">Y\u00fcksek Lisans (Tezsiz)<\/span><\/div>\n<\/div>\n<\/div>\n<\/div>\n","protected":false},"excerpt":{"rendered":"<p>Adli Bili\u015fim M\u00fchendisli\u011fi Lisans Adli Bili\u015fim Su\u00e7lar\u0131 Y\u00fcksek Lisans (Tezli) Adli Bili\u015fim Su\u00e7lar\u0131 Y\u00fcksek Lisans (Tezsiz) Adli Biyoloji Y\u00fcksek Lisans (Tezsiz) Adli Biyoloji Y\u00fcksek Lisans (Tezli) Adli Genetik Y\u00fcksek Lisans (Tezsiz) Adli Genetik Y\u00fcksek Lisans (Tezli) Adli Kimya Y\u00fcksek Lisans (Tezsiz) Adli Kimya Y\u00fcksek Lisans (Tezli) Adli Psikoloji Y\u00fcksek Lisans (Tezli) Adli Psikoloji Y\u00fcksek Lisans [&hellip;]<\/p>\n","protected":false},"author":1,"featured_media":0,"parent":0,"menu_order":0,"comment_status":"closed","ping_status":"closed","template":"","meta":{"footnotes":""},"yoast_head":"<!-- This site is optimized with the Yoast SEO plugin v20.13 - https:\/\/yoast.com\/wordpress\/plugins\/seo\/ -->\n<title>Bilgisayar &amp; Bili\u015fim - Ecs E\u011fitim Dan\u0131\u015fmanl\u0131k \u015eanl\u0131urfa<\/title>\n<meta name=\"robots\" content=\"index, follow, max-snippet:-1, max-image-preview:large, max-video-preview:-1\" \/>\n<link rel=\"canonical\" href=\"https:\/\/www.ecsdanismanlik.com.tr\/tr_tr\/bilgisayar-bilisim\/\" \/>\n<meta property=\"og:locale\" content=\"tr_TR\" \/>\n<meta property=\"og:type\" content=\"article\" \/>\n<meta property=\"og:title\" content=\"Bilgisayar &amp; Bili\u015fim - Ecs E\u011fitim Dan\u0131\u015fmanl\u0131k \u015eanl\u0131urfa\" \/>\n<meta property=\"og:description\" content=\"Adli Bili\u015fim M\u00fchendisli\u011fi Lisans Adli Bili\u015fim Su\u00e7lar\u0131 Y\u00fcksek Lisans (Tezli) Adli Bili\u015fim Su\u00e7lar\u0131 Y\u00fcksek Lisans (Tezsiz) Adli Biyoloji Y\u00fcksek Lisans (Tezsiz) Adli Biyoloji Y\u00fcksek Lisans (Tezli) Adli Genetik Y\u00fcksek Lisans (Tezsiz) Adli Genetik Y\u00fcksek Lisans (Tezli) Adli Kimya Y\u00fcksek Lisans (Tezsiz) Adli Kimya Y\u00fcksek Lisans (Tezli) Adli Psikoloji Y\u00fcksek Lisans (Tezli) Adli Psikoloji Y\u00fcksek Lisans [&hellip;]\" \/>\n<meta property=\"og:url\" content=\"https:\/\/www.ecsdanismanlik.com.tr\/tr_tr\/bilgisayar-bilisim\/\" \/>\n<meta property=\"og:site_name\" content=\"Ecs E\u011fitim Dan\u0131\u015fmanl\u0131k \u015eanl\u0131urfa\" \/>\n<meta name=\"twitter:card\" content=\"summary_large_image\" \/>\n<meta name=\"twitter:label1\" content=\"Tahmini okuma s\u00fcresi\" \/>\n\t<meta name=\"twitter:data1\" content=\"2 dakika\" \/>\n<script type=\"application\/ld+json\" class=\"yoast-schema-graph\">{\"@context\":\"https:\/\/schema.org\",\"@graph\":[{\"@type\":\"WebPage\",\"@id\":\"https:\/\/www.ecsdanismanlik.com.tr\/bilgisayar-bilisim\/\",\"url\":\"https:\/\/www.ecsdanismanlik.com.tr\/bilgisayar-bilisim\/\",\"name\":\"Bilgisayar & Bili\u015fim - Ecs E\u011fitim Dan\u0131\u015fmanl\u0131k \u015eanl\u0131urfa\",\"isPartOf\":{\"@id\":\"https:\/\/www.ecsdanismanlik.com.tr\/#website\"},\"datePublished\":\"2022-06-11T08:47:41+00:00\",\"dateModified\":\"2022-06-11T08:47:41+00:00\",\"breadcrumb\":{\"@id\":\"https:\/\/www.ecsdanismanlik.com.tr\/bilgisayar-bilisim\/#breadcrumb\"},\"inLanguage\":\"tr\",\"potentialAction\":[{\"@type\":\"ReadAction\",\"target\":[\"https:\/\/www.ecsdanismanlik.com.tr\/bilgisayar-bilisim\/\"]}]},{\"@type\":\"BreadcrumbList\",\"@id\":\"https:\/\/www.ecsdanismanlik.com.tr\/bilgisayar-bilisim\/#breadcrumb\",\"itemListElement\":[{\"@type\":\"ListItem\",\"position\":1,\"name\":\"Anasayfa\",\"item\":\"https:\/\/www.ecsdanismanlik.com.tr\/tr_tr\/\"},{\"@type\":\"ListItem\",\"position\":2,\"name\":\"Bilgisayar &#038; Bili\u015fim\"}]},{\"@type\":\"WebSite\",\"@id\":\"https:\/\/www.ecsdanismanlik.com.tr\/#website\",\"url\":\"https:\/\/www.ecsdanismanlik.com.tr\/\",\"name\":\"Ecs E\u011fitim Dan\u0131\u015fmanl\u0131k \u015eanl\u0131urfa\",\"description\":\"\",\"potentialAction\":[{\"@type\":\"SearchAction\",\"target\":{\"@type\":\"EntryPoint\",\"urlTemplate\":\"https:\/\/www.ecsdanismanlik.com.tr\/?s={search_term_string}\"},\"query-input\":\"required name=search_term_string\"}],\"inLanguage\":\"tr\"}]}<\/script>\n<!-- \/ Yoast SEO plugin. -->","yoast_head_json":{"title":"Bilgisayar & Bili\u015fim - Ecs E\u011fitim Dan\u0131\u015fmanl\u0131k \u015eanl\u0131urfa","robots":{"index":"index","follow":"follow","max-snippet":"max-snippet:-1","max-image-preview":"max-image-preview:large","max-video-preview":"max-video-preview:-1"},"canonical":"https:\/\/www.ecsdanismanlik.com.tr\/tr_tr\/bilgisayar-bilisim\/","og_locale":"tr_TR","og_type":"article","og_title":"Bilgisayar & Bili\u015fim - Ecs E\u011fitim Dan\u0131\u015fmanl\u0131k \u015eanl\u0131urfa","og_description":"Adli Bili\u015fim M\u00fchendisli\u011fi Lisans Adli Bili\u015fim Su\u00e7lar\u0131 Y\u00fcksek Lisans (Tezli) Adli Bili\u015fim Su\u00e7lar\u0131 Y\u00fcksek Lisans (Tezsiz) Adli Biyoloji Y\u00fcksek Lisans (Tezsiz) Adli Biyoloji Y\u00fcksek Lisans (Tezli) Adli Genetik Y\u00fcksek Lisans (Tezsiz) Adli Genetik Y\u00fcksek Lisans (Tezli) Adli Kimya Y\u00fcksek Lisans (Tezsiz) Adli Kimya Y\u00fcksek Lisans (Tezli) Adli Psikoloji Y\u00fcksek Lisans (Tezli) Adli Psikoloji Y\u00fcksek Lisans [&hellip;]","og_url":"https:\/\/www.ecsdanismanlik.com.tr\/tr_tr\/bilgisayar-bilisim\/","og_site_name":"Ecs E\u011fitim Dan\u0131\u015fmanl\u0131k \u015eanl\u0131urfa","twitter_card":"summary_large_image","twitter_misc":{"Tahmini okuma s\u00fcresi":"2 dakika"},"schema":{"@context":"https:\/\/schema.org","@graph":[{"@type":"WebPage","@id":"https:\/\/www.ecsdanismanlik.com.tr\/bilgisayar-bilisim\/","url":"https:\/\/www.ecsdanismanlik.com.tr\/bilgisayar-bilisim\/","name":"Bilgisayar & Bili\u015fim - Ecs E\u011fitim Dan\u0131\u015fmanl\u0131k \u015eanl\u0131urfa","isPartOf":{"@id":"https:\/\/www.ecsdanismanlik.com.tr\/#website"},"datePublished":"2022-06-11T08:47:41+00:00","dateModified":"2022-06-11T08:47:41+00:00","breadcrumb":{"@id":"https:\/\/www.ecsdanismanlik.com.tr\/bilgisayar-bilisim\/#breadcrumb"},"inLanguage":"tr","potentialAction":[{"@type":"ReadAction","target":["https:\/\/www.ecsdanismanlik.com.tr\/bilgisayar-bilisim\/"]}]},{"@type":"BreadcrumbList","@id":"https:\/\/www.ecsdanismanlik.com.tr\/bilgisayar-bilisim\/#breadcrumb","itemListElement":[{"@type":"ListItem","position":1,"name":"Anasayfa","item":"https:\/\/www.ecsdanismanlik.com.tr\/tr_tr\/"},{"@type":"ListItem","position":2,"name":"Bilgisayar &#038; Bili\u015fim"}]},{"@type":"WebSite","@id":"https:\/\/www.ecsdanismanlik.com.tr\/#website","url":"https:\/\/www.ecsdanismanlik.com.tr\/","name":"Ecs E\u011fitim Dan\u0131\u015fmanl\u0131k \u015eanl\u0131urfa","description":"","potentialAction":[{"@type":"SearchAction","target":{"@type":"EntryPoint","urlTemplate":"https:\/\/www.ecsdanismanlik.com.tr\/?s={search_term_string}"},"query-input":"required name=search_term_string"}],"inLanguage":"tr"}]}},"_links":{"self":[{"href":"https:\/\/www.ecsdanismanlik.com.tr\/tr_tr\/wp-json\/wp\/v2\/pages\/3637"}],"collection":[{"href":"https:\/\/www.ecsdanismanlik.com.tr\/tr_tr\/wp-json\/wp\/v2\/pages"}],"about":[{"href":"https:\/\/www.ecsdanismanlik.com.tr\/tr_tr\/wp-json\/wp\/v2\/types\/page"}],"author":[{"embeddable":true,"href":"https:\/\/www.ecsdanismanlik.com.tr\/tr_tr\/wp-json\/wp\/v2\/users\/1"}],"replies":[{"embeddable":true,"href":"https:\/\/www.ecsdanismanlik.com.tr\/tr_tr\/wp-json\/wp\/v2\/comments?post=3637"}],"version-history":[{"count":0,"href":"https:\/\/www.ecsdanismanlik.com.tr\/tr_tr\/wp-json\/wp\/v2\/pages\/3637\/revisions"}],"wp:attachment":[{"href":"https:\/\/www.ecsdanismanlik.com.tr\/tr_tr\/wp-json\/wp\/v2\/media?parent=3637"}],"curies":[{"name":"wp","href":"https:\/\/api.w.org\/{rel}","templated":true}]}}