{"id":3622,"date":"2022-06-11T11:31:51","date_gmt":"2022-06-11T08:31:51","guid":{"rendered":"https:\/\/www.ecsdanismanlik.com.tr\/?page_id=3622"},"modified":"2022-06-11T11:31:51","modified_gmt":"2022-06-11T08:31:51","slug":"medya-ve-iletisim","status":"publish","type":"page","link":"https:\/\/www.ecsdanismanlik.com.tr\/tr_tr\/medya-ve-iletisim\/","title":{"rendered":"Medya ve \u0130leti\u015fim"},"content":{"rendered":"<div class=\"card rounded-0\">\n<div class=\"card mb-0 no-border no-shadow w-p100\">\n<div class=\"card-body justify-content-around\">\n<div class=\"row\">\n<h4 class=\"card-title mt-10\">\u00c7izgi Film ve Animasyon<\/h4>\n<p><span class=\"col-md-3 ms-auto my-auto text-end fs-12\">Lisans<\/span><\/div>\n<\/div>\n<\/div>\n<\/div>\n<div class=\"card rounded-0\">\n<div class=\"card mb-0 no-border no-shadow w-p100\">\n<div class=\"card-body justify-content-around\">\n<div class=\"row\">\n<h4 class=\"card-title mt-10\">Gazetecilik<\/h4>\n<p><span class=\"col-md-3 ms-auto my-auto text-end fs-12\">Lisans<\/span><\/div>\n<\/div>\n<\/div>\n<\/div>\n<div class=\"card rounded-0\">\n<div class=\"card mb-0 no-border no-shadow w-p100\">\n<div class=\"card-body justify-content-around\">\n<div class=\"row\">\n<h4 class=\"card-title mt-10\">Gazetecilik<\/h4>\n<p><span class=\"col-md-3 ms-auto my-auto text-end fs-12\">Y\u00fcksek Lisans (Tezli)<\/span><\/div>\n<\/div>\n<\/div>\n<\/div>\n<div class=\"card rounded-0\">\n<div class=\"card mb-0 no-border no-shadow w-p100\">\n<div class=\"card-body justify-content-around\">\n<div class=\"row\">\n<h4 class=\"card-title mt-10\">Gazetecilik<\/h4>\n<p><span class=\"col-md-3 ms-auto my-auto text-end fs-12\">Y\u00fcksek Lisans (Tezsiz)<\/span><\/div>\n<\/div>\n<\/div>\n<\/div>\n<div class=\"card rounded-0\">\n<div class=\"card mb-0 no-border no-shadow w-p100\">\n<div class=\"card-body justify-content-around\">\n<div class=\"row\">\n<h4 class=\"card-title mt-10\">Gazetecilik<\/h4>\n<p><span class=\"col-md-3 ms-auto my-auto text-end fs-12\">Doktora<\/span><\/div>\n<\/div>\n<\/div>\n<\/div>\n<div class=\"card rounded-0\">\n<div class=\"card mb-0 no-border no-shadow w-p100\">\n<div class=\"card-body justify-content-around\">\n<div class=\"row\">\n<h4 class=\"card-title mt-10\">G\u00f6rsel Sanatlar<\/h4>\n<p><span class=\"col-md-3 ms-auto my-auto text-end fs-12\">Lisans<\/span><\/div>\n<\/div>\n<\/div>\n<\/div>\n<div class=\"card rounded-0\">\n<div class=\"card mb-0 no-border no-shadow w-p100\">\n<div class=\"card-body justify-content-around\">\n<div class=\"row\">\n<h4 class=\"card-title mt-10\">G\u00f6rsel Sanatlar<\/h4>\n<p><span class=\"col-md-3 ms-auto my-auto text-end fs-12\">Y\u00fcksek Lisans (Tezli)<\/span><\/div>\n<\/div>\n<\/div>\n<\/div>\n<div class=\"card rounded-0\">\n<div class=\"card mb-0 no-border no-shadow w-p100\">\n<div class=\"card-body justify-content-around\">\n<div class=\"row\">\n<h4 class=\"card-title mt-10\">Haberle\u015fme<\/h4>\n<p><span class=\"col-md-3 ms-auto my-auto text-end fs-12\">Y\u00fcksek Lisans (Tezli)<\/span><\/div>\n<\/div>\n<\/div>\n<\/div>\n<div class=\"card rounded-0\">\n<div class=\"card mb-0 no-border no-shadow w-p100\">\n<div class=\"card-body justify-content-around\">\n<div class=\"row\">\n<h4 class=\"card-title mt-10\">Haberle\u015fme<\/h4>\n<p><span class=\"col-md-3 ms-auto my-auto text-end fs-12\">Doktora<\/span><\/div>\n<\/div>\n<\/div>\n<\/div>\n<div class=\"card rounded-0\">\n<div class=\"card mb-0 no-border no-shadow w-p100\">\n<div class=\"card-body justify-content-around\">\n<div class=\"row\">\n<h4 class=\"card-title mt-10\">Halkla \u0130li\u015fkiler ve Reklamc\u0131l\u0131k<\/h4>\n<p><span class=\"col-md-3 ms-auto my-auto text-end fs-12\">Doktora<\/span><\/div>\n<\/div>\n<\/div>\n<\/div>\n<div class=\"card rounded-0\">\n<div class=\"card mb-0 no-border no-shadow w-p100\">\n<div class=\"card-body justify-content-around\">\n<div class=\"row\">\n<h4 class=\"card-title mt-10\">Halkla \u0130li\u015fkiler ve Reklamc\u0131l\u0131k<\/h4>\n<p><span class=\"col-md-3 ms-auto my-auto text-end fs-12\">Lisans<\/span><\/div>\n<\/div>\n<\/div>\n<\/div>\n<div class=\"card rounded-0\">\n<div class=\"card mb-0 no-border no-shadow w-p100\">\n<div class=\"card-body justify-content-around\">\n<div class=\"row\">\n<h4 class=\"card-title mt-10\">Halkla \u0130li\u015fkiler ve Tan\u0131t\u0131m<\/h4>\n<p><span class=\"col-md-3 ms-auto my-auto text-end fs-12\">\u00d6n Lisans<\/span><\/div>\n<\/div>\n<\/div>\n<\/div>\n<div class=\"card rounded-0\">\n<div class=\"card mb-0 no-border no-shadow w-p100\">\n<div class=\"card-body justify-content-around\">\n<div class=\"row\">\n<h4 class=\"card-title mt-10\">Halkla \u0130li\u015fkiler ve Tan\u0131t\u0131m<\/h4>\n<p><span class=\"col-md-3 ms-auto my-auto text-end fs-12\">Y\u00fcksek Lisans (Tezli)<\/span><\/div>\n<\/div>\n<\/div>\n<\/div>\n<div class=\"card rounded-0\">\n<div class=\"card mb-0 no-border no-shadow w-p100\">\n<div class=\"card-body justify-content-around\">\n<div class=\"row\">\n<h4 class=\"card-title mt-10\">Halkla \u0130li\u015fkiler ve Tan\u0131t\u0131m<\/h4>\n<p><span class=\"col-md-3 ms-auto my-auto text-end fs-12\">Doktora<\/span><\/div>\n<\/div>\n<\/div>\n<\/div>\n<div class=\"card rounded-0\">\n<div class=\"card mb-0 no-border no-shadow w-p100\">\n<div class=\"card-body justify-content-around\">\n<div class=\"row\">\n<h4 class=\"card-title mt-10\">Halkla \u0130li\u015fkiler ve Tan\u0131t\u0131m<\/h4>\n<p><span class=\"col-md-3 ms-auto my-auto text-end fs-12\">Y\u00fcksek Lisans (Tezsiz)<\/span><\/div>\n<\/div>\n<\/div>\n<\/div>\n<div class=\"card rounded-0\">\n<div class=\"card mb-0 no-border no-shadow w-p100\">\n<div class=\"card-body justify-content-around\">\n<div class=\"row\">\n<h4 class=\"card-title mt-10\">Halkla \u0130li\u015fkiler ve Tan\u0131t\u0131m<\/h4>\n<p><span class=\"col-md-3 ms-auto my-auto text-end fs-12\">Lisans<\/span><\/div>\n<\/div>\n<\/div>\n<\/div>\n<div class=\"card rounded-0\">\n<div class=\"card mb-0 no-border no-shadow w-p100\">\n<div class=\"card-body justify-content-around\">\n<div class=\"row\">\n<h4 class=\"card-title mt-10\">\u0130leti\u015fim Tasar\u0131m\u0131 ve Y\u00f6netimi<\/h4>\n<p><span class=\"col-md-3 ms-auto my-auto text-end fs-12\">Lisans<\/span><\/div>\n<\/div>\n<\/div>\n<\/div>\n<div class=\"card rounded-0\">\n<div class=\"card mb-0 no-border no-shadow w-p100\">\n<div class=\"card-body justify-content-around\">\n<div class=\"row\">\n<h4 class=\"card-title mt-10\">\u0130leti\u015fim ve Tasar\u0131m\u0131<\/h4>\n<p><span class=\"col-md-3 ms-auto my-auto text-end fs-12\">Lisans<\/span><\/div>\n<\/div>\n<\/div>\n<\/div>\n<div class=\"card rounded-0\">\n<div class=\"card mb-0 no-border no-shadow w-p100\">\n<div class=\"card-body justify-content-around\">\n<div class=\"row\">\n<h4 class=\"card-title mt-10\">Kurumsal \u0130leti\u015fim<\/h4>\n<p><span class=\"col-md-3 ms-auto my-auto text-end fs-12\">Y\u00fcksek Lisans (Tezsiz)<\/span><\/div>\n<\/div>\n<\/div>\n<\/div>\n<div class=\"card rounded-0\">\n<div class=\"card mb-0 no-border no-shadow w-p100\">\n<div class=\"card-body justify-content-around\">\n<div class=\"row\">\n<h4 class=\"card-title mt-10\">Kurumsal \u0130leti\u015fim ve Halkla \u0130li\u015fkiler Y\u00f6netimi<\/h4>\n<p><span class=\"col-md-3 ms-auto my-auto text-end fs-12\">Y\u00fcksek Lisans (Tezli)<\/span><\/div>\n<\/div>\n<\/div>\n<\/div>\n<div class=\"card rounded-0\">\n<div class=\"card mb-0 no-border no-shadow w-p100\">\n<div class=\"card-body justify-content-around\">\n<div class=\"row\">\n<h4 class=\"card-title mt-10\">Marka \u0130leti\u015fimi<\/h4>\n<p><span class=\"col-md-3 ms-auto my-auto text-end fs-12\">\u00d6n Lisans<\/span><\/div>\n<\/div>\n<\/div>\n<\/div>\n<div class=\"card rounded-0\">\n<div class=\"card mb-0 no-border no-shadow w-p100\">\n<div class=\"card-body justify-content-around\">\n<div class=\"row\">\n<h4 class=\"card-title mt-10\">Medya ve G\u00f6rsel Sanatlar<\/h4>\n<p><span class=\"col-md-3 ms-auto my-auto text-end fs-12\">Lisans<\/span><\/div>\n<\/div>\n<\/div>\n<\/div>\n<div class=\"card rounded-0\">\n<div class=\"card mb-0 no-border no-shadow w-p100\">\n<div class=\"card-body justify-content-around\">\n<div class=\"row\">\n<h4 class=\"card-title mt-10\">Medya ve \u0130leti\u015fim<\/h4>\n<p><span class=\"col-md-3 ms-auto my-auto text-end fs-12\">Lisans<\/span><\/div>\n<\/div>\n<\/div>\n<\/div>\n<div class=\"card rounded-0\">\n<div class=\"card mb-0 no-border no-shadow w-p100\">\n<div class=\"card-body justify-content-around\">\n<div class=\"row\">\n<h4 class=\"card-title mt-10\">Medya ve \u0130leti\u015fim<\/h4>\n<p><span class=\"col-md-3 ms-auto my-auto text-end fs-12\">\u00d6n Lisans<\/span><\/div>\n<\/div>\n<\/div>\n<\/div>\n<div class=\"card rounded-0\">\n<div class=\"card mb-0 no-border no-shadow w-p100\">\n<div class=\"card-body justify-content-around\">\n<div class=\"row\">\n<h4 class=\"card-title mt-10\">Medya ve \u0130leti\u015fim Bilimleri<\/h4>\n<p><span class=\"col-md-3 ms-auto my-auto text-end fs-12\">Y\u00fcksek Lisans (Tezsiz)<\/span><\/div>\n<\/div>\n<\/div>\n<\/div>\n<div class=\"card rounded-0\">\n<div class=\"card mb-0 no-border no-shadow w-p100\">\n<div class=\"card-body justify-content-around\">\n<div class=\"row\">\n<h4 class=\"card-title mt-10\">Medya ve \u0130leti\u015fim \u00c7al\u0131\u015fmalar\u0131<\/h4>\n<p><span class=\"col-md-3 ms-auto my-auto text-end fs-12\">Y\u00fcksek Lisans (Tezli)<\/span><\/div>\n<\/div>\n<\/div>\n<\/div>\n<div class=\"card rounded-0\">\n<div class=\"card mb-0 no-border no-shadow w-p100\">\n<div class=\"card-body justify-content-around\">\n<div class=\"row\">\n<h4 class=\"card-title mt-10\">Pazarlama \u0130leti\u015fimi<\/h4>\n<p><span class=\"col-md-3 ms-auto my-auto text-end fs-12\">Y\u00fcksek Lisans (Tezli)<\/span><\/div>\n<\/div>\n<\/div>\n<\/div>\n<div class=\"card rounded-0\">\n<div class=\"card mb-0 no-border no-shadow w-p100\">\n<div class=\"card-body justify-content-around\">\n<div class=\"row\">\n<h4 class=\"card-title mt-10\">Pazarlama \u0130leti\u015fimi ve Halkla \u0130li\u015fkiler<\/h4>\n<p><span class=\"col-md-3 ms-auto my-auto text-end fs-12\">Y\u00fcksek Lisans (Tezli)<\/span><\/div>\n<\/div>\n<\/div>\n<\/div>\n<div class=\"card rounded-0\">\n<div class=\"card mb-0 no-border no-shadow w-p100\">\n<div class=\"card-body justify-content-around\">\n<div class=\"row\">\n<h4 class=\"card-title mt-10\">Pazarlama \u0130leti\u015fimi ve Halkla \u0130li\u015fkiler<\/h4>\n<p><span class=\"col-md-3 ms-auto my-auto text-end fs-12\">Y\u00fcksek Lisans (Tezsiz)<\/span><\/div>\n<\/div>\n<\/div>\n<\/div>\n<div class=\"card rounded-0\">\n<div class=\"card mb-0 no-border no-shadow w-p100\">\n<div class=\"card-body justify-content-around\">\n<div class=\"row\">\n<h4 class=\"card-title mt-10\">Radyo ve Televizyon Programc\u0131l\u0131\u011f\u0131<\/h4>\n<p><span class=\"col-md-3 ms-auto my-auto text-end fs-12\">\u00d6n Lisans<\/span><\/div>\n<\/div>\n<\/div>\n<\/div>\n<div class=\"card rounded-0\">\n<div class=\"card mb-0 no-border no-shadow w-p100\">\n<div class=\"card-body justify-content-around\">\n<div class=\"row\">\n<h4 class=\"card-title mt-10\">Radyo, Televizyon ve Sinema<\/h4>\n<p><span class=\"col-md-3 ms-auto my-auto text-end fs-12\">Lisans<\/span><\/div>\n<\/div>\n<\/div>\n<\/div>\n<div class=\"card rounded-0\">\n<div class=\"card mb-0 no-border no-shadow w-p100\">\n<div class=\"card-body justify-content-around\">\n<div class=\"row\">\n<h4 class=\"card-title mt-10\">Radyo, Televizyon ve Sinema<\/h4>\n<p><span class=\"col-md-3 ms-auto my-auto text-end fs-12\">Doktora<\/span><\/div>\n<\/div>\n<\/div>\n<\/div>\n<div class=\"card rounded-0\">\n<div class=\"card mb-0 no-border no-shadow w-p100\">\n<div class=\"card-body justify-content-around\">\n<div class=\"row\">\n<h4 class=\"card-title mt-10\">Radyo, Televizyon ve Sinema<\/h4>\n<p><span class=\"col-md-3 ms-auto my-auto text-end fs-12\">Y\u00fcksek Lisans (Tezli)<\/span><\/div>\n<\/div>\n<\/div>\n<\/div>\n<div class=\"card rounded-0\">\n<div class=\"card mb-0 no-border no-shadow w-p100\">\n<div class=\"card-body justify-content-around\">\n<div class=\"row\">\n<h4 class=\"card-title mt-10\">Reklamc\u0131l\u0131k<\/h4>\n<p><span class=\"col-md-3 ms-auto my-auto text-end fs-12\">\u00d6n Lisans<\/span><\/div>\n<\/div>\n<\/div>\n<\/div>\n<div class=\"card rounded-0\">\n<div class=\"card mb-0 no-border no-shadow w-p100\">\n<div class=\"card-body justify-content-around\">\n<div class=\"row\">\n<h4 class=\"card-title mt-10\">Reklamc\u0131l\u0131k<\/h4>\n<p><span class=\"col-md-3 ms-auto my-auto text-end fs-12\">Lisans<\/span><\/div>\n<\/div>\n<\/div>\n<\/div>\n<div class=\"card rounded-0\">\n<div class=\"card mb-0 no-border no-shadow w-p100\">\n<div class=\"card-body justify-content-around\">\n<div class=\"row\">\n<h4 class=\"card-title mt-10\">\u015eehir Planlama<\/h4>\n<p><span class=\"col-md-3 ms-auto my-auto text-end fs-12\">Y\u00fcksek Lisans (Tezli)<\/span><\/div>\n<\/div>\n<\/div>\n<\/div>\n<div class=\"card rounded-0\">\n<div class=\"card mb-0 no-border no-shadow w-p100\">\n<div class=\"card-body justify-content-around\">\n<div class=\"row\">\n<h4 class=\"card-title mt-10\">Sinema ve Dijital Medya<\/h4>\n<p><span class=\"col-md-3 ms-auto my-auto text-end fs-12\">Lisans<\/span><\/div>\n<\/div>\n<\/div>\n<\/div>\n<div class=\"card rounded-0\">\n<div class=\"card mb-0 no-border no-shadow w-p100\">\n<div class=\"card-body justify-content-around\">\n<div class=\"row\">\n<h4 class=\"card-title mt-10\">Sinema ve Medya Ara\u015ft\u0131rmalar\u0131<\/h4>\n<p><span class=\"col-md-3 ms-auto my-auto text-end fs-12\">Doktora<\/span><\/div>\n<\/div>\n<\/div>\n<\/div>\n<div class=\"card rounded-0\">\n<div class=\"card mb-0 no-border no-shadow w-p100\">\n<div class=\"card-body justify-content-around\">\n<div class=\"row\">\n<h4 class=\"card-title mt-10\">Sinema ve Televizyon<\/h4>\n<p><span class=\"col-md-3 ms-auto my-auto text-end fs-12\">Y\u00fcksek Lisans (Tezsiz)<\/span><\/div>\n<\/div>\n<\/div>\n<\/div>\n<div class=\"card rounded-0\">\n<div class=\"card mb-0 no-border no-shadow w-p100\">\n<div class=\"card-body justify-content-around\">\n<div class=\"row\">\n<h4 class=\"card-title mt-10\">Sinema ve Televizyon<\/h4>\n<p><span class=\"col-md-3 ms-auto my-auto text-end fs-12\">Y\u00fcksek Lisans (Tezli)<\/span><\/div>\n<\/div>\n<\/div>\n<\/div>\n<div class=\"card rounded-0\">\n<div class=\"card mb-0 no-border no-shadow w-p100\">\n<div class=\"card-body justify-content-around\">\n<div class=\"row\">\n<h4 class=\"card-title mt-10\">Sinema ve Televizyon<\/h4>\n<p><span class=\"col-md-3 ms-auto my-auto text-end fs-12\">Doktora<\/span><\/div>\n<\/div>\n<\/div>\n<\/div>\n<div class=\"card rounded-0\">\n<div class=\"card mb-0 no-border no-shadow w-p100\">\n<div class=\"card-body justify-content-around\">\n<div class=\"row\">\n<h4 class=\"card-title mt-10\">Sinema ve Televizyon<\/h4>\n<p><span class=\"col-md-3 ms-auto my-auto text-end fs-12\">Lisans<\/span><\/div>\n<\/div>\n<\/div>\n<\/div>\n<div class=\"card rounded-0\">\n<div class=\"card mb-0 no-border no-shadow w-p100\">\n<div class=\"card-body justify-content-around\">\n<div class=\"row\">\n<h4 class=\"card-title mt-10\">Televizyon Habercili\u011fi ve Programc\u0131l\u0131\u011f\u0131<\/h4>\n<p><span class=\"col-md-3 ms-auto my-auto text-end fs-12\">Lisans<\/span><\/div>\n<\/div>\n<\/div>\n<\/div>\n<div class=\"card rounded-0\">\n<div class=\"card mb-0 no-border no-shadow w-p100\">\n<div class=\"card-body justify-content-around\">\n<div class=\"row\">\n<h4 class=\"card-title mt-10\">Yeni Medya<\/h4>\n<p><span class=\"col-md-3 ms-auto my-auto text-end fs-12\">Y\u00fcksek Lisans (Tezsiz)<\/span><\/div>\n<\/div>\n<\/div>\n<\/div>\n<div class=\"card rounded-0\">\n<div class=\"card mb-0 no-border no-shadow w-p100\">\n<div class=\"card-body justify-content-around\">\n<div class=\"row\">\n<h4 class=\"card-title mt-10\">Yeni Medya<\/h4>\n<p><span class=\"col-md-3 ms-auto my-auto text-end fs-12\">Y\u00fcksek Lisans (Tezli)<\/span><\/div>\n<\/div>\n<\/div>\n<\/div>\n<div class=\"card rounded-0\">\n<div class=\"card mb-0 no-border no-shadow w-p100\">\n<div class=\"card-body justify-content-around\">\n<div class=\"row\">\n<h4 class=\"card-title mt-10\">Yeni Medya<\/h4>\n<p><span class=\"col-md-3 ms-auto my-auto text-end fs-12\">Lisans<\/span><\/div>\n<\/div>\n<\/div>\n<\/div>\n<div class=\"card rounded-0\">\n<div class=\"card mb-0 no-border no-shadow w-p100\">\n<div class=\"card-body justify-content-around\">\n<div class=\"row\">\n<h4 class=\"card-title mt-10\">Yeni Medya \u0130leti\u015fim ve Habercilik<\/h4>\n<p><span class=\"col-md-3 ms-auto my-auto text-end fs-12\">Y\u00fcksek Lisans (Tezli)<\/span><\/div>\n<\/div>\n<\/div>\n<\/div>\n<div class=\"card rounded-0\">\n<div class=\"card mb-0 no-border no-shadow w-p100\">\n<div class=\"card-body justify-content-around\">\n<div class=\"row\">\n<h4 class=\"card-title mt-10\">Yeni Medya ve Gazetecilik<\/h4>\n<p><span class=\"col-md-3 ms-auto my-auto text-end fs-12\">Y\u00fcksek Lisans (Tezli)<\/span><\/div>\n<\/div>\n<\/div>\n<\/div>\n<div class=\"card rounded-0\">\n<div class=\"card mb-0 no-border no-shadow w-p100\">\n<div class=\"card-body justify-content-around\">\n<div class=\"row\">\n<h4 class=\"card-title mt-10\">Yeni Medya ve Gazetecilik<\/h4>\n<p><span class=\"col-md-3 ms-auto my-auto text-end fs-12\">\u00d6n Lisans<\/span><\/div>\n<\/div>\n<\/div>\n<\/div>\n<div class=\"card rounded-0\">\n<div class=\"card mb-0 no-border no-shadow w-p100\">\n<div class=\"card-body justify-content-around\">\n<div class=\"row\">\n<h4 class=\"card-title mt-10\">Yeni Medya ve Gazetecilik<\/h4>\n<p><span class=\"col-md-3 ms-auto my-auto text-end fs-12\">Y\u00fcksek Lisans (Tezsiz)<\/span><\/div>\n<\/div>\n<\/div>\n<\/div>\n<div class=\"card rounded-0\">\n<div class=\"card mb-0 no-border no-shadow w-p100\">\n<div class=\"card-body justify-content-around\">\n<div class=\"row\">\n<h4 class=\"card-title mt-10\">Yeni Medya ve \u0130leti\u015fim<\/h4>\n<p><span class=\"col-md-3 ms-auto my-auto text-end fs-12\">Lisans<\/span><\/div>\n<\/div>\n<\/div>\n<\/div>\n","protected":false},"excerpt":{"rendered":"<p>\u00c7izgi Film ve Animasyon Lisans Gazetecilik Lisans Gazetecilik Y\u00fcksek Lisans (Tezli) Gazetecilik Y\u00fcksek Lisans (Tezsiz) Gazetecilik Doktora G\u00f6rsel Sanatlar Lisans G\u00f6rsel Sanatlar Y\u00fcksek Lisans (Tezli) Haberle\u015fme Y\u00fcksek Lisans (Tezli) Haberle\u015fme Doktora Halkla \u0130li\u015fkiler ve Reklamc\u0131l\u0131k Doktora Halkla \u0130li\u015fkiler ve Reklamc\u0131l\u0131k Lisans Halkla \u0130li\u015fkiler ve Tan\u0131t\u0131m \u00d6n Lisans Halkla \u0130li\u015fkiler ve Tan\u0131t\u0131m Y\u00fcksek Lisans (Tezli) Halkla [&hellip;]<\/p>\n","protected":false},"author":1,"featured_media":0,"parent":0,"menu_order":0,"comment_status":"closed","ping_status":"closed","template":"","meta":{"footnotes":""},"yoast_head":"<!-- This site is optimized with the Yoast SEO plugin v20.13 - https:\/\/yoast.com\/wordpress\/plugins\/seo\/ -->\n<title>Medya ve \u0130leti\u015fim - Ecs E\u011fitim Dan\u0131\u015fmanl\u0131k \u015eanl\u0131urfa<\/title>\n<meta name=\"robots\" content=\"index, follow, max-snippet:-1, max-image-preview:large, max-video-preview:-1\" \/>\n<link rel=\"canonical\" href=\"https:\/\/www.ecsdanismanlik.com.tr\/tr_tr\/medya-ve-iletisim\/\" \/>\n<meta property=\"og:locale\" content=\"tr_TR\" \/>\n<meta property=\"og:type\" content=\"article\" \/>\n<meta property=\"og:title\" content=\"Medya ve \u0130leti\u015fim - Ecs E\u011fitim Dan\u0131\u015fmanl\u0131k \u015eanl\u0131urfa\" \/>\n<meta property=\"og:description\" content=\"\u00c7izgi Film ve Animasyon Lisans Gazetecilik Lisans Gazetecilik Y\u00fcksek Lisans (Tezli) Gazetecilik Y\u00fcksek Lisans (Tezsiz) Gazetecilik Doktora G\u00f6rsel Sanatlar Lisans G\u00f6rsel Sanatlar Y\u00fcksek Lisans (Tezli) Haberle\u015fme Y\u00fcksek Lisans (Tezli) Haberle\u015fme Doktora Halkla \u0130li\u015fkiler ve Reklamc\u0131l\u0131k Doktora Halkla \u0130li\u015fkiler ve Reklamc\u0131l\u0131k Lisans Halkla \u0130li\u015fkiler ve Tan\u0131t\u0131m \u00d6n Lisans Halkla \u0130li\u015fkiler ve Tan\u0131t\u0131m Y\u00fcksek Lisans (Tezli) Halkla [&hellip;]\" \/>\n<meta property=\"og:url\" content=\"https:\/\/www.ecsdanismanlik.com.tr\/tr_tr\/medya-ve-iletisim\/\" \/>\n<meta property=\"og:site_name\" content=\"Ecs E\u011fitim Dan\u0131\u015fmanl\u0131k \u015eanl\u0131urfa\" \/>\n<meta name=\"twitter:card\" content=\"summary_large_image\" \/>\n<meta name=\"twitter:label1\" content=\"Tahmini okuma s\u00fcresi\" \/>\n\t<meta name=\"twitter:data1\" content=\"2 dakika\" \/>\n<script type=\"application\/ld+json\" class=\"yoast-schema-graph\">{\"@context\":\"https:\/\/schema.org\",\"@graph\":[{\"@type\":\"WebPage\",\"@id\":\"https:\/\/www.ecsdanismanlik.com.tr\/medya-ve-iletisim\/\",\"url\":\"https:\/\/www.ecsdanismanlik.com.tr\/medya-ve-iletisim\/\",\"name\":\"Medya ve \u0130leti\u015fim - Ecs E\u011fitim Dan\u0131\u015fmanl\u0131k \u015eanl\u0131urfa\",\"isPartOf\":{\"@id\":\"https:\/\/www.ecsdanismanlik.com.tr\/#website\"},\"datePublished\":\"2022-06-11T08:31:51+00:00\",\"dateModified\":\"2022-06-11T08:31:51+00:00\",\"breadcrumb\":{\"@id\":\"https:\/\/www.ecsdanismanlik.com.tr\/medya-ve-iletisim\/#breadcrumb\"},\"inLanguage\":\"tr\",\"potentialAction\":[{\"@type\":\"ReadAction\",\"target\":[\"https:\/\/www.ecsdanismanlik.com.tr\/medya-ve-iletisim\/\"]}]},{\"@type\":\"BreadcrumbList\",\"@id\":\"https:\/\/www.ecsdanismanlik.com.tr\/medya-ve-iletisim\/#breadcrumb\",\"itemListElement\":[{\"@type\":\"ListItem\",\"position\":1,\"name\":\"Anasayfa\",\"item\":\"https:\/\/www.ecsdanismanlik.com.tr\/tr_tr\/\"},{\"@type\":\"ListItem\",\"position\":2,\"name\":\"Medya ve \u0130leti\u015fim\"}]},{\"@type\":\"WebSite\",\"@id\":\"https:\/\/www.ecsdanismanlik.com.tr\/#website\",\"url\":\"https:\/\/www.ecsdanismanlik.com.tr\/\",\"name\":\"Ecs E\u011fitim Dan\u0131\u015fmanl\u0131k \u015eanl\u0131urfa\",\"description\":\"\",\"potentialAction\":[{\"@type\":\"SearchAction\",\"target\":{\"@type\":\"EntryPoint\",\"urlTemplate\":\"https:\/\/www.ecsdanismanlik.com.tr\/?s={search_term_string}\"},\"query-input\":\"required name=search_term_string\"}],\"inLanguage\":\"tr\"}]}<\/script>\n<!-- \/ Yoast SEO plugin. -->","yoast_head_json":{"title":"Medya ve \u0130leti\u015fim - Ecs E\u011fitim Dan\u0131\u015fmanl\u0131k \u015eanl\u0131urfa","robots":{"index":"index","follow":"follow","max-snippet":"max-snippet:-1","max-image-preview":"max-image-preview:large","max-video-preview":"max-video-preview:-1"},"canonical":"https:\/\/www.ecsdanismanlik.com.tr\/tr_tr\/medya-ve-iletisim\/","og_locale":"tr_TR","og_type":"article","og_title":"Medya ve \u0130leti\u015fim - Ecs E\u011fitim Dan\u0131\u015fmanl\u0131k \u015eanl\u0131urfa","og_description":"\u00c7izgi Film ve Animasyon Lisans Gazetecilik Lisans Gazetecilik Y\u00fcksek Lisans (Tezli) Gazetecilik Y\u00fcksek Lisans (Tezsiz) Gazetecilik Doktora G\u00f6rsel Sanatlar Lisans G\u00f6rsel Sanatlar Y\u00fcksek Lisans (Tezli) Haberle\u015fme Y\u00fcksek Lisans (Tezli) Haberle\u015fme Doktora Halkla \u0130li\u015fkiler ve Reklamc\u0131l\u0131k Doktora Halkla \u0130li\u015fkiler ve Reklamc\u0131l\u0131k Lisans Halkla \u0130li\u015fkiler ve Tan\u0131t\u0131m \u00d6n Lisans Halkla \u0130li\u015fkiler ve Tan\u0131t\u0131m Y\u00fcksek Lisans (Tezli) Halkla [&hellip;]","og_url":"https:\/\/www.ecsdanismanlik.com.tr\/tr_tr\/medya-ve-iletisim\/","og_site_name":"Ecs E\u011fitim Dan\u0131\u015fmanl\u0131k \u015eanl\u0131urfa","twitter_card":"summary_large_image","twitter_misc":{"Tahmini okuma s\u00fcresi":"2 dakika"},"schema":{"@context":"https:\/\/schema.org","@graph":[{"@type":"WebPage","@id":"https:\/\/www.ecsdanismanlik.com.tr\/medya-ve-iletisim\/","url":"https:\/\/www.ecsdanismanlik.com.tr\/medya-ve-iletisim\/","name":"Medya ve \u0130leti\u015fim - Ecs E\u011fitim Dan\u0131\u015fmanl\u0131k \u015eanl\u0131urfa","isPartOf":{"@id":"https:\/\/www.ecsdanismanlik.com.tr\/#website"},"datePublished":"2022-06-11T08:31:51+00:00","dateModified":"2022-06-11T08:31:51+00:00","breadcrumb":{"@id":"https:\/\/www.ecsdanismanlik.com.tr\/medya-ve-iletisim\/#breadcrumb"},"inLanguage":"tr","potentialAction":[{"@type":"ReadAction","target":["https:\/\/www.ecsdanismanlik.com.tr\/medya-ve-iletisim\/"]}]},{"@type":"BreadcrumbList","@id":"https:\/\/www.ecsdanismanlik.com.tr\/medya-ve-iletisim\/#breadcrumb","itemListElement":[{"@type":"ListItem","position":1,"name":"Anasayfa","item":"https:\/\/www.ecsdanismanlik.com.tr\/tr_tr\/"},{"@type":"ListItem","position":2,"name":"Medya ve \u0130leti\u015fim"}]},{"@type":"WebSite","@id":"https:\/\/www.ecsdanismanlik.com.tr\/#website","url":"https:\/\/www.ecsdanismanlik.com.tr\/","name":"Ecs E\u011fitim Dan\u0131\u015fmanl\u0131k \u015eanl\u0131urfa","description":"","potentialAction":[{"@type":"SearchAction","target":{"@type":"EntryPoint","urlTemplate":"https:\/\/www.ecsdanismanlik.com.tr\/?s={search_term_string}"},"query-input":"required name=search_term_string"}],"inLanguage":"tr"}]}},"_links":{"self":[{"href":"https:\/\/www.ecsdanismanlik.com.tr\/tr_tr\/wp-json\/wp\/v2\/pages\/3622"}],"collection":[{"href":"https:\/\/www.ecsdanismanlik.com.tr\/tr_tr\/wp-json\/wp\/v2\/pages"}],"about":[{"href":"https:\/\/www.ecsdanismanlik.com.tr\/tr_tr\/wp-json\/wp\/v2\/types\/page"}],"author":[{"embeddable":true,"href":"https:\/\/www.ecsdanismanlik.com.tr\/tr_tr\/wp-json\/wp\/v2\/users\/1"}],"replies":[{"embeddable":true,"href":"https:\/\/www.ecsdanismanlik.com.tr\/tr_tr\/wp-json\/wp\/v2\/comments?post=3622"}],"version-history":[{"count":0,"href":"https:\/\/www.ecsdanismanlik.com.tr\/tr_tr\/wp-json\/wp\/v2\/pages\/3622\/revisions"}],"wp:attachment":[{"href":"https:\/\/www.ecsdanismanlik.com.tr\/tr_tr\/wp-json\/wp\/v2\/media?parent=3622"}],"curies":[{"name":"wp","href":"https:\/\/api.w.org\/{rel}","templated":true}]}}