{"id":1938,"date":"2022-05-09T09:57:51","date_gmt":"2022-05-09T06:57:51","guid":{"rendered":"https:\/\/www.ecsdanismanlik.com.tr\/?page_id=1938"},"modified":"2022-05-09T09:57:51","modified_gmt":"2022-05-09T06:57:51","slug":"kabul-sartlari","status":"publish","type":"page","link":"https:\/\/www.ecsdanismanlik.com.tr\/tr_tr\/kabul-sartlari\/","title":{"rendered":"Kabul \u015eartlar\u0131"},"content":{"rendered":"<p><strong>Lisans Programlar\u0131na Kabul Ko\u015fullar\u0131<\/strong><\/p>\n<p>T\u00fcrkiye\u2019de \u00fcniversitelerin uluslararas\u0131 \u00f6\u011frenci al\u0131mlar\u0131 \u00fcniversitelere b\u0131rak\u0131lm\u0131\u015ft\u0131r ve her \u00fcniversite kendi belirledi\u011fi kabul \u015fartlar\u0131 ve kontenjanlara g\u00f6re uluslararas\u0131 \u00f6\u011frenci al\u0131m\u0131 yapar. Bu nedenle Kabul \u015fartlar\u0131 \u00fcniversiteye g\u00f6re de\u011fi\u015fiklik g\u00f6stermektedir.<\/p>\n<p>Bu do\u011frultuda bir\u00e7ok devlet \u00fcniversitesi kendi b\u00fcnyesinde Uluslararas\u0131 \u00d6\u011frenci S\u0131nav\u0131 (Y\u00d6S) d\u00fczenlerken, baz\u0131 \u00fcniversiteler ise uluslararas\u0131 s\u0131nav sonu\u00e7lar\u0131 (SAT, IB, ACT vb.) ya da sadece lise diploma not ortalamas\u0131 ve uluslararas\u0131 \u00f6\u011frencilere belirledikleri \u00f6zel \u015fartlar \u00e7er\u00e7evesinde \u00f6\u011frenci kabul edilmektedir. Vak\u0131f \u00fcniversitelerinin b\u00fcy\u00fck bir k\u0131sm\u0131nda ise, Y\u00d6S veya Uluslararas\u0131 s\u0131nav \u015fart\u0131 aranmaks\u0131z\u0131n sadece lise diploma not ortalamas\u0131 ile \u00f6\u011frenci kabul edilmektedir.<\/p>\n<p><strong>Ba\u015fvuru i\u00e7in gerekli belgeler<\/strong>:<\/p>\n<p>1- Lise Diplomas\u0131 \u00d6rne\u011fi<\/p>\n<p>2- Lise Transkript \u00d6rne\u011fi<\/p>\n<p>3- Pasaport Fotokopisi<\/p>\n<p>4- Y\u00d6S, SAT, ACT vb. S\u0131nav Sonucu (varsa)<\/p>\n<p>5- Vesikal\u0131k Foto\u011fraf<\/p>\n<p>Not: Lise Diplomas\u0131 ve Transkript, \u00fclkeniz D\u0131\u015fi\u015fleri Bakanl\u0131\u011f\u0131ndan onayl\u0131 ve \u00fclkenizdeki T\u00fcrkiye B\u00fcy\u00fckel\u00e7ili\u011finden\/Konsoloslu\u011fundan veya T\u00fcrkiye\u2019de Noter Yeminli Terc\u00fcman taraf\u0131ndan T\u00fcrk\u00e7e veya \u0130ngilizce \u00c7evirili ve Onayl\u0131 olmas\u0131 gerekmektedir.<\/p>\n<p><strong>Y\u00fcksek Lisans ve Doktora Kabul Ko\u015fullar\u0131<\/strong><\/p>\n<p>T\u00fcrkiye&#8217;deki lisans\u00fcst\u00fc programlar, mast\u0131r, doktora ve t\u0131p programlar\u0131nda uzmanl\u0131k i\u00e7erir. Her \u00fcniversite kendi belirledi\u011fi kabul \u015fartlar\u0131 ve kontenjanlara g\u00f6re uluslararas\u0131 \u00f6\u011frenci al\u0131m\u0131 yapar. Bu nedenle Kabul \u015fartlar\u0131 \u00fcniversiteye g\u00f6re de\u011fi\u015fiklik g\u00f6stermektedir.<\/p>\n<p>Devlet \u00dcniversitelerinde Mast\u0131r Derecesi i\u00e7in, baz\u0131 \u00fcniversiteler, T\u00fcrkiye d\u0131\u015f\u0131nda uluslararas\u0131 tan\u0131nan bir \u00fcniversiteden lisans derecesine sahip uluslararas\u0131 \u00f6\u011frencilerden GRE veya GMAT gibi uluslararas\u0131 bir s\u0131nav sonucu ve belirli bir lisans derecesine ek olarak bir yabanc\u0131 dil sertifikas\u0131na sahip olmalar\u0131n\u0131, baz\u0131 devlet \u00fcniversiteleri ise sadece lisans derecesi \u015fart\u0131 ko\u015fmaktad\u0131r ve t\u00fcm devlet \u00fcniversiteleri uluslararas\u0131 \u00f6\u011frencilere belirledikleri \u00f6zel \u015fartlar \u00e7er\u00e7evesinde \u00f6\u011frenci kabul etmektedir.<\/p>\n<p>Vak\u0131f \u00fcniversitelerinin b\u00fcy\u00fck bir k\u0131sm\u0131nda ise belirli bir lisans derecesine sahip olmalar\u0131 ko\u015fuluyla s\u0131nav \u015fart\u0131 aranmaks\u0131z\u0131n uluslararas\u0131 \u00f6\u011frenci kabul edilir. Doktora programlar\u0131nda mast\u0131r kabul \u015fartlar\u0131na ilaveten Devlet \u00fcniversitelerinde T\u00fcrk\u00e7e yeterlilik belgesi \u00f6n ko\u015ful olarak zorunludur ve \u00f6\u011frencilerin kabul\u00fc her \u00fcniversitenin \u015fartlar\u0131na g\u00f6re de\u011ferlendirilir.<\/p>\n<p><strong>Ba\u015fvuru i\u00e7in Gerekli Belgeler:<\/strong><\/p>\n<p>1- Lisans Diplomas\u0131 veya Mezuniyet Belgesi \u00d6rne\u011fi (Mast\u0131r i\u00e7in)<\/p>\n<p>2- Lisans Transkripti \u00d6rne\u011fi (Mast\u0131r i\u00e7in)<\/p>\n<p>3- Lisans ve Mast\u0131r Diplomas\u0131 \u00d6rne\u011fi (Doktora i\u00e7in)<\/p>\n<p>4- Lisans ve Mast\u0131r Diplomas\u0131 \u00d6rne\u011fi (Doktora i\u00e7in)<\/p>\n<p>5- 2 adet Referans Mektubu<\/p>\n<p>6- Pasaport Fotokopisi<\/p>\n<p>7- Vesikal\u0131k Foto\u011fraf<\/p>\n<p>8- Motivasyon Mektubu<\/p>\n<p>9- CV<\/p>\n<p>Not: Diploma ve Transkript, \u00fclkeniz D\u0131\u015fi\u015fleri Bakanl\u0131\u011f\u0131ndan onayl\u0131 ve \u00fclkenizdeki T\u00fcrkiye B\u00fcy\u00fckel\u00e7ili\u011finden\/Konsoloslu\u011fundan veya T\u00fcrkiye\u2019de Noter Yeminli Terc\u00fcman taraf\u0131ndan T\u00fcrk\u00e7e veya \u0130ngilizce \u00c7evirili ve Onayl\u0131 olmas\u0131 gerekmektedir.<\/p>\n<p><strong>T\u0131p Programlar\u0131nda Uzmanla\u015fma<\/strong><\/p>\n<p>T\u0131p programlar\u0131nda uzmanla\u015fma, \u00fcniversitelerin t\u0131p fak\u00fcltesi ve sa\u011fl\u0131k bakanl\u0131\u011f\u0131na ba\u011fl\u0131 ara\u015ft\u0131rma hastaneleri taraf\u0131ndan y\u00fcr\u00fct\u00fcl\u00fcr. T\u0131p\u2019ta uzmanla\u015fmak isteyen \u00f6\u011frenciler TUS s\u0131nav\u0131nda, di\u015f hekimli\u011finde uzmanla\u015fmak isteyen \u00f6\u011frenciler ise DUS s\u0131nav\u0131nda ba\u015far\u0131l\u0131 olmak zorundad\u0131r.<\/p>\n","protected":false},"excerpt":{"rendered":"<p>Lisans Programlar\u0131na Kabul Ko\u015fullar\u0131 T\u00fcrkiye\u2019de \u00fcniversitelerin uluslararas\u0131 \u00f6\u011frenci al\u0131mlar\u0131 \u00fcniversitelere b\u0131rak\u0131lm\u0131\u015ft\u0131r ve her \u00fcniversite kendi belirledi\u011fi kabul \u015fartlar\u0131 ve kontenjanlara g\u00f6re uluslararas\u0131 \u00f6\u011frenci al\u0131m\u0131 yapar. Bu nedenle Kabul \u015fartlar\u0131 \u00fcniversiteye g\u00f6re de\u011fi\u015fiklik g\u00f6stermektedir. Bu do\u011frultuda bir\u00e7ok devlet \u00fcniversitesi kendi b\u00fcnyesinde Uluslararas\u0131 \u00d6\u011frenci S\u0131nav\u0131 (Y\u00d6S) d\u00fczenlerken, baz\u0131 \u00fcniversiteler ise uluslararas\u0131 s\u0131nav sonu\u00e7lar\u0131 (SAT, IB, ACT vb.) [&hellip;]<\/p>\n","protected":false},"author":4,"featured_media":0,"parent":0,"menu_order":0,"comment_status":"closed","ping_status":"closed","template":"","meta":{"footnotes":""},"yoast_head":"<!-- This site is optimized with the Yoast SEO plugin v20.13 - https:\/\/yoast.com\/wordpress\/plugins\/seo\/ -->\n<title>Kabul \u015eartlar\u0131 - Ecs E\u011fitim Dan\u0131\u015fmanl\u0131k \u015eanl\u0131urfa<\/title>\n<meta name=\"robots\" content=\"index, follow, max-snippet:-1, max-image-preview:large, max-video-preview:-1\" \/>\n<link rel=\"canonical\" href=\"https:\/\/www.ecsdanismanlik.com.tr\/tr_tr\/kabul-sartlari\/\" \/>\n<meta property=\"og:locale\" content=\"tr_TR\" \/>\n<meta property=\"og:type\" content=\"article\" \/>\n<meta property=\"og:title\" content=\"Kabul \u015eartlar\u0131 - Ecs E\u011fitim Dan\u0131\u015fmanl\u0131k \u015eanl\u0131urfa\" \/>\n<meta property=\"og:description\" content=\"Lisans Programlar\u0131na Kabul Ko\u015fullar\u0131 T\u00fcrkiye\u2019de \u00fcniversitelerin uluslararas\u0131 \u00f6\u011frenci al\u0131mlar\u0131 \u00fcniversitelere b\u0131rak\u0131lm\u0131\u015ft\u0131r ve her \u00fcniversite kendi belirledi\u011fi kabul \u015fartlar\u0131 ve kontenjanlara g\u00f6re uluslararas\u0131 \u00f6\u011frenci al\u0131m\u0131 yapar. Bu nedenle Kabul \u015fartlar\u0131 \u00fcniversiteye g\u00f6re de\u011fi\u015fiklik g\u00f6stermektedir. Bu do\u011frultuda bir\u00e7ok devlet \u00fcniversitesi kendi b\u00fcnyesinde Uluslararas\u0131 \u00d6\u011frenci S\u0131nav\u0131 (Y\u00d6S) d\u00fczenlerken, baz\u0131 \u00fcniversiteler ise uluslararas\u0131 s\u0131nav sonu\u00e7lar\u0131 (SAT, IB, ACT vb.) [&hellip;]\" \/>\n<meta property=\"og:url\" content=\"https:\/\/www.ecsdanismanlik.com.tr\/tr_tr\/kabul-sartlari\/\" \/>\n<meta property=\"og:site_name\" content=\"Ecs E\u011fitim Dan\u0131\u015fmanl\u0131k \u015eanl\u0131urfa\" \/>\n<meta name=\"twitter:card\" content=\"summary_large_image\" \/>\n<meta name=\"twitter:label1\" content=\"Tahmini okuma s\u00fcresi\" \/>\n\t<meta name=\"twitter:data1\" content=\"3 dakika\" \/>\n<script type=\"application\/ld+json\" class=\"yoast-schema-graph\">{\"@context\":\"https:\/\/schema.org\",\"@graph\":[{\"@type\":\"WebPage\",\"@id\":\"https:\/\/www.ecsdanismanlik.com.tr\/kabul-sartlari\/\",\"url\":\"https:\/\/www.ecsdanismanlik.com.tr\/kabul-sartlari\/\",\"name\":\"Kabul \u015eartlar\u0131 - Ecs E\u011fitim Dan\u0131\u015fmanl\u0131k \u015eanl\u0131urfa\",\"isPartOf\":{\"@id\":\"https:\/\/www.ecsdanismanlik.com.tr\/#website\"},\"datePublished\":\"2022-05-09T06:57:51+00:00\",\"dateModified\":\"2022-05-09T06:57:51+00:00\",\"breadcrumb\":{\"@id\":\"https:\/\/www.ecsdanismanlik.com.tr\/kabul-sartlari\/#breadcrumb\"},\"inLanguage\":\"tr\",\"potentialAction\":[{\"@type\":\"ReadAction\",\"target\":[\"https:\/\/www.ecsdanismanlik.com.tr\/kabul-sartlari\/\"]}]},{\"@type\":\"BreadcrumbList\",\"@id\":\"https:\/\/www.ecsdanismanlik.com.tr\/kabul-sartlari\/#breadcrumb\",\"itemListElement\":[{\"@type\":\"ListItem\",\"position\":1,\"name\":\"Anasayfa\",\"item\":\"https:\/\/www.ecsdanismanlik.com.tr\/tr_tr\/\"},{\"@type\":\"ListItem\",\"position\":2,\"name\":\"Kabul \u015eartlar\u0131\"}]},{\"@type\":\"WebSite\",\"@id\":\"https:\/\/www.ecsdanismanlik.com.tr\/#website\",\"url\":\"https:\/\/www.ecsdanismanlik.com.tr\/\",\"name\":\"Ecs E\u011fitim Dan\u0131\u015fmanl\u0131k \u015eanl\u0131urfa\",\"description\":\"\",\"potentialAction\":[{\"@type\":\"SearchAction\",\"target\":{\"@type\":\"EntryPoint\",\"urlTemplate\":\"https:\/\/www.ecsdanismanlik.com.tr\/?s={search_term_string}\"},\"query-input\":\"required name=search_term_string\"}],\"inLanguage\":\"tr\"}]}<\/script>\n<!-- \/ Yoast SEO plugin. -->","yoast_head_json":{"title":"Kabul \u015eartlar\u0131 - Ecs E\u011fitim Dan\u0131\u015fmanl\u0131k \u015eanl\u0131urfa","robots":{"index":"index","follow":"follow","max-snippet":"max-snippet:-1","max-image-preview":"max-image-preview:large","max-video-preview":"max-video-preview:-1"},"canonical":"https:\/\/www.ecsdanismanlik.com.tr\/tr_tr\/kabul-sartlari\/","og_locale":"tr_TR","og_type":"article","og_title":"Kabul \u015eartlar\u0131 - Ecs E\u011fitim Dan\u0131\u015fmanl\u0131k \u015eanl\u0131urfa","og_description":"Lisans Programlar\u0131na Kabul Ko\u015fullar\u0131 T\u00fcrkiye\u2019de \u00fcniversitelerin uluslararas\u0131 \u00f6\u011frenci al\u0131mlar\u0131 \u00fcniversitelere b\u0131rak\u0131lm\u0131\u015ft\u0131r ve her \u00fcniversite kendi belirledi\u011fi kabul \u015fartlar\u0131 ve kontenjanlara g\u00f6re uluslararas\u0131 \u00f6\u011frenci al\u0131m\u0131 yapar. Bu nedenle Kabul \u015fartlar\u0131 \u00fcniversiteye g\u00f6re de\u011fi\u015fiklik g\u00f6stermektedir. Bu do\u011frultuda bir\u00e7ok devlet \u00fcniversitesi kendi b\u00fcnyesinde Uluslararas\u0131 \u00d6\u011frenci S\u0131nav\u0131 (Y\u00d6S) d\u00fczenlerken, baz\u0131 \u00fcniversiteler ise uluslararas\u0131 s\u0131nav sonu\u00e7lar\u0131 (SAT, IB, ACT vb.) [&hellip;]","og_url":"https:\/\/www.ecsdanismanlik.com.tr\/tr_tr\/kabul-sartlari\/","og_site_name":"Ecs E\u011fitim Dan\u0131\u015fmanl\u0131k \u015eanl\u0131urfa","twitter_card":"summary_large_image","twitter_misc":{"Tahmini okuma s\u00fcresi":"3 dakika"},"schema":{"@context":"https:\/\/schema.org","@graph":[{"@type":"WebPage","@id":"https:\/\/www.ecsdanismanlik.com.tr\/kabul-sartlari\/","url":"https:\/\/www.ecsdanismanlik.com.tr\/kabul-sartlari\/","name":"Kabul \u015eartlar\u0131 - Ecs E\u011fitim Dan\u0131\u015fmanl\u0131k \u015eanl\u0131urfa","isPartOf":{"@id":"https:\/\/www.ecsdanismanlik.com.tr\/#website"},"datePublished":"2022-05-09T06:57:51+00:00","dateModified":"2022-05-09T06:57:51+00:00","breadcrumb":{"@id":"https:\/\/www.ecsdanismanlik.com.tr\/kabul-sartlari\/#breadcrumb"},"inLanguage":"tr","potentialAction":[{"@type":"ReadAction","target":["https:\/\/www.ecsdanismanlik.com.tr\/kabul-sartlari\/"]}]},{"@type":"BreadcrumbList","@id":"https:\/\/www.ecsdanismanlik.com.tr\/kabul-sartlari\/#breadcrumb","itemListElement":[{"@type":"ListItem","position":1,"name":"Anasayfa","item":"https:\/\/www.ecsdanismanlik.com.tr\/tr_tr\/"},{"@type":"ListItem","position":2,"name":"Kabul \u015eartlar\u0131"}]},{"@type":"WebSite","@id":"https:\/\/www.ecsdanismanlik.com.tr\/#website","url":"https:\/\/www.ecsdanismanlik.com.tr\/","name":"Ecs E\u011fitim Dan\u0131\u015fmanl\u0131k \u015eanl\u0131urfa","description":"","potentialAction":[{"@type":"SearchAction","target":{"@type":"EntryPoint","urlTemplate":"https:\/\/www.ecsdanismanlik.com.tr\/?s={search_term_string}"},"query-input":"required name=search_term_string"}],"inLanguage":"tr"}]}},"_links":{"self":[{"href":"https:\/\/www.ecsdanismanlik.com.tr\/tr_tr\/wp-json\/wp\/v2\/pages\/1938"}],"collection":[{"href":"https:\/\/www.ecsdanismanlik.com.tr\/tr_tr\/wp-json\/wp\/v2\/pages"}],"about":[{"href":"https:\/\/www.ecsdanismanlik.com.tr\/tr_tr\/wp-json\/wp\/v2\/types\/page"}],"author":[{"embeddable":true,"href":"https:\/\/www.ecsdanismanlik.com.tr\/tr_tr\/wp-json\/wp\/v2\/users\/4"}],"replies":[{"embeddable":true,"href":"https:\/\/www.ecsdanismanlik.com.tr\/tr_tr\/wp-json\/wp\/v2\/comments?post=1938"}],"version-history":[{"count":0,"href":"https:\/\/www.ecsdanismanlik.com.tr\/tr_tr\/wp-json\/wp\/v2\/pages\/1938\/revisions"}],"wp:attachment":[{"href":"https:\/\/www.ecsdanismanlik.com.tr\/tr_tr\/wp-json\/wp\/v2\/media?parent=1938"}],"curies":[{"name":"wp","href":"https:\/\/api.w.org\/{rel}","templated":true}]}}