{"id":1926,"date":"2022-05-09T09:46:42","date_gmt":"2022-05-09T06:46:42","guid":{"rendered":"https:\/\/www.ecsdanismanlik.com.tr\/?page_id=1926"},"modified":"2022-05-09T09:46:42","modified_gmt":"2022-05-09T06:46:42","slug":"kultur-ve-yasam","status":"publish","type":"page","link":"https:\/\/www.ecsdanismanlik.com.tr\/tr_tr\/kultur-ve-yasam\/","title":{"rendered":"K\u00fclt\u00fcr ve Ya\u015fam"},"content":{"rendered":"<h3><strong>T\u00fcrk Usul\u00fc Ya\u015fam<\/strong><\/h3>\n<p>T\u00fcrkiye, sadece co\u011frafi konum bak\u0131m\u0131ndan de\u011fil, k\u00fclt\u00fcrel, toplumsal ve politik a\u00e7\u0131lardan da Asya ve Avrupa aras\u0131nda bir k\u00f6pr\u00fc rol\u00fcndedir. \u00dclkenin Anadolu (Asya) ve Trakya\u2019ya (Avrupa) yay\u0131lm\u0131\u015f olan topraklar\u0131nda, bu e\u015fsiz konumdan \u00f6t\u00fcr\u00fc, tarih boyunca bir\u00e7ok b\u00fcy\u00fck medeniyet y\u00fckselmi\u015f ve bu medeniyetler, k\u00fclt\u00fcrel ve etnik zenginli\u011fin ve farkl\u0131l\u0131klar\u0131n yuvas\u0131 olmu\u015ftur. T\u00fcrkiye\u2019de pek \u00e7ok \u015fey Do\u011fu ile Bat\u0131\u2019n\u0131n, geleneksel ile modernin, eski ile yeninin bir kar\u0131\u015f\u0131m\u0131n\u0131 bar\u0131nd\u0131r\u0131r. N\u00fcfusu ne kadar az olursa olsun T\u00fcrkiye\u2019nin en k\u00fc\u00e7\u00fck kentini bile gezdi\u011finizde bunu yans\u0131tan k\u00fclt\u00fcrel \u00f6\u011felerin, geleneklerin, inan\u00e7lar\u0131n, farkl\u0131 dillerin veya leh\u00e7elerin ya\u015fad\u0131\u011f\u0131n\u0131 fark edeceksiniz.<\/p>\n<p>Tarihte iz b\u0131rakm\u0131\u015f pek \u00e7ok topluluk ve imparatorlu\u011fa ev sahipli\u011fi yapan ve g\u00f6\u00e7 ve ticaret yollar\u0131 \u00fczerinde yer alan T\u00fcrkiye topraklar\u0131nda g\u00fcn\u00fcm\u00fczde de bir\u00e7ok dini, etnik ve k\u00fclt\u00fcrel k\u00f6kenden insan ya\u015far. Belki de bu \u00e7e\u015fitlili\u011fin bir sonucu olarak T\u00fcrkiye\u2019de insanlar uyumlu, samimi, misafirperver ve yard\u0131mseverdir.<\/p>\n<h3><strong>Yard\u0131mseverlik<\/strong><\/h3>\n<p>\u00c7o\u011fu uluslararas\u0131 \u00f6\u011frencinin T\u00fcrkiye ile ilgili ilk izlenimleri aras\u0131nda insanlar\u0131n yard\u0131msever ve s\u0131cakkanl\u0131 oldu\u011fu yer al\u0131r. T\u00fcrkiye\u2019de \u00f6zellikle de yard\u0131ma ihtiya\u00e7 duydu\u011funuz bir durumda yabanc\u0131 dil bilmeyen bir insanla bile ileti\u015fim kurmak hi\u00e7 zor de\u011fildir. Kar\u015f\u0131la\u015ft\u0131\u011f\u0131n\u0131z zor bir durumda \u00e7evrenizdekilerden yard\u0131m isteyebilirsiniz. Hatta hen\u00fcz siz istemeden sokakta bir yard\u0131m eli size uzanabilir.<\/p>\n<p>T\u00fcrkiye\u2019de bir\u00e7ok \u00fcniversite yeni gelen uluslararas\u0131 \u00f6\u011frencilerin adaptasyon s\u00fcrecine destek olmak amac\u0131yla yerel \u00f6\u011frencilerin g\u00f6n\u00fcll\u00fc olarak \u00e7al\u0131\u015ft\u0131\u011f\u0131 ekipler olu\u015fturmaktad\u0131r. S\u00f6mestr boyunca arkada\u015f\u0131n\u0131z olacak bu g\u00f6n\u00fcll\u00fcler size yeni \u00fcniversiteniz ve kentinizde ya\u015fam hakk\u0131nda paha bi\u00e7ilmez ipu\u00e7lar\u0131 verecekler, emin olun.<\/p>\n<h3><strong>Misafirperverlik<\/strong><\/h3>\n<p>T\u00fcrk toplumunda aile, arkada\u015f, kom\u015fu ziyaretleri yayg\u0131nd\u0131r. Yak\u0131n bir arkada\u015f\u0131n\u0131za, akraban\u0131za yat\u0131l\u0131 misafir olarak gidebilirsiniz. Misafir T\u00fcrk insan\u0131 i\u00e7in neredeyse kutsald\u0131r, misafirin a\u011f\u0131rlanmas\u0131 ve rahat ettirilmesi i\u00e7in insanlar elinden geleni yaparlar. Geleneksel bir T\u00fcrk ailesine konuk oldu\u011funuzda, \u00f6nce ard\u0131 arkas\u0131 kesilmeyen yemek veya at\u0131\u015ft\u0131rmal\u0131klarla karn\u0131n\u0131z\u0131 doyuracaklar, daha uzun kalman\u0131z i\u00e7in \u0131srar edecekler ve hatta e\u011fer konaklayacaksan\u0131z, rahat etti\u011finizden emin olmak i\u00e7in kendi odalar\u0131n\u0131 \/ yataklar\u0131n\u0131 size vermek isteyeceklerdir.<\/p>\n<p>T\u00fcrk toplumunda \u00f6\u011frencilere kar\u015f\u0131 da yayg\u0131n bir sempati vard\u0131r. Gen\u00e7 bir \u00f6\u011frenci ya da \u00e7al\u0131\u015fan olarak ailenizden uzak ya\u015f\u0131yorsan\u0131z, bir ak\u015fam kom\u015funuz kap\u0131n\u0131z\u0131 \u00e7alarak size yemek sunmak isteyebilir. Siz de mutfakta tuz bitti\u011finde yurttaki oda arkada\u015f\u0131n\u0131zdan ya da kap\u0131 kom\u015funuzdan istemekten \u00e7ekinmeyin.<\/p>\n<p>Sava\u015f sebebiyle \u00fclkelerinden ayr\u0131lmak zorunda kalan milyonlarca m\u00fclteciye kap\u0131lar\u0131n\u0131 a\u00e7an T\u00fcrkiye, T\u00fcrk misafirperverli\u011fini en iyi \u015fekilde g\u00f6stermektedir.<\/p>\n<h3><strong>Hediye Sunmak<\/strong><\/h3>\n<p>T\u00fcrkler payla\u015fmay\u0131 ve hediye sunmay\u0131 severler. Yenilikler \u00e7o\u011fu zaman hediye al\u0131p vererek kutlan\u0131r. \u00d6rne\u011fin, arkada\u015f\u0131n\u0131z yeni bir eve ta\u015f\u0131nd\u0131\u011f\u0131nda ya da bir eve ilk kez konuk oldu\u011funuzda, yeni bir bebek d\u00fcnyaya geldi\u011finde hediye verilir. Farkl\u0131 bir \u00fclkeden gelen bir \u00f6\u011frenci olarak size de hediye sunmak isteyen tan\u0131d\u0131klar\u0131n\u0131z olacakt\u0131r. Sunulan bir hediyeyi ya da konuk oldu\u011funuz evde sunulan ikram\u0131 kabul etmemeniz insanlar\u0131 k\u0131rabilir.<\/p>\n<h3><strong>\u0130kram Gelene\u011fi<\/strong><\/h3>\n<p>\u0130kram ba\u015fka dillere \u00e7evrilmesi zor bir kavramd\u0131r. \u0130kram, konu\u011fu ho\u015f kar\u015f\u0131laman\u0131n bir yoludur ve k\u0131sa s\u00fcreli kar\u015f\u0131la\u015fma ya da bulu\u015fma ortamlar\u0131nda yap\u0131lan bir sunumdur. Hediye gibi ikram da kar\u015f\u0131l\u0131ks\u0131z sunulur, fakat kurulan ili\u015fkide bir yak\u0131nl\u0131\u011f\u0131 gerektirmez ve daha k\u00fc\u00e7\u00fck \u00e7apl\u0131d\u0131r. \u00d6rne\u011fin, restoranlarda ya da konuk olarak ziyaret etti\u011finiz bir kurumda ikramda bulunulur. En yayg\u0131n ikramlardan birinin \u00e7ay oldu\u011funu k\u0131sa s\u00fcrede g\u00f6zlemleyeceksiniz. T\u00fcrkler \u00e7ay i\u00e7meyi ve sunmay\u0131 \u00e7ok severler.<\/p>\n<h3><strong>Ho\u015f Sohbetli \u0130nsanlar<\/strong><\/h3>\n<p>T\u00fcrkiye\u2019de yabanc\u0131lara kar\u015f\u0131 ilgi ve merak yayg\u0131nd\u0131r. Yeni insanlarla ileti\u015fim kurmaktan \u00e7ekinilmez, hatta k\u0131sa s\u00fcrede samimiyet geli\u015ftirilebilir. Bulundu\u011funuz kentin, \u00fcniversitenin veya yurdun yeni sakini olarak sizinle de tan\u0131\u015fmak ve konu\u015fmak isteyenler olacakt\u0131r.<\/p>\n<p>Ba\u015fka pek \u00e7ok topluma g\u00f6re T\u00fcrkiye\u2019de s\u00f6zl\u00fc ileti\u015fimin epey \u201cg\u00fcr\u00fclt\u00fcl\u00fc\u201d oldu\u011funu fark edeceksiniz. Bir anda y\u00fcksek sesle yorum yapmaya ya da g\u00fclmeye ba\u015flayan birini g\u00f6rd\u00fc\u011f\u00fcn\u00fczde yad\u0131rgamay\u0131n. Bu tart\u0131\u015fman\u0131n ya da \u00e7at\u0131\u015fman\u0131n de\u011fil, diyaloglarda \u00e7abuk heyecanlanan bir taraf\u0131n oldu\u011funun g\u00f6stergesidir. Ayr\u0131ca birbiriyle sohbet eden ya da \u015fakala\u015fanlar\u0131n fiziksel olarak da temas ettiklerini g\u00f6rd\u00fc\u011f\u00fcn\u00fczde yad\u0131rgamay\u0131n, fiziksel temas etkile\u015fimin s\u0131kl\u0131kla bir par\u00e7as\u0131d\u0131r.<\/p>\n<h3><strong>G\u00fc\u00e7l\u00fc Aile ve Arkada\u015fl\u0131k Ba\u011flar\u0131<\/strong><\/h3>\n<p>\u0130ster dayan\u0131\u015fma amac\u0131yla ister nezaketen olsun T\u00fcrk toplumunda yemeklerin, k\u0131yafetlerin, duygular\u0131n, s\u0131rlar\u0131n payla\u015f\u0131lmas\u0131 yayg\u0131nd\u0131r. \u0130nsanlar pek \u00e7ok anlamda yaln\u0131z olmay\u0131 tercih etmezler ve bu anlamda aile ve arkada\u015fl\u0131k ili\u015fkileri hayati \u00f6neme sahiptir. Ya\u015f\u0131, cinsiyeti, sosyal konumu ne olursa olsun T\u00fcrkiye\u2019de herhangi birine sordu\u011funuzda, semtinden veya okuldan, \u00f6zellikle de \u00fcniversiteden, yak\u0131n bir arkada\u015fa sahip oldu\u011fu yan\u0131t\u0131n\u0131 al\u0131rs\u0131n\u0131z.<\/p>\n<p>Arkada\u015flar, duyulan yak\u0131nl\u0131k ve payla\u015f\u0131m\u0131n derinli\u011fi konusunda bazen aile \u00fcyelerinin bile \u00f6n\u00fcne ge\u00e7erler. T\u00fcrk\u00e7ede \u201carkada\u015f\u201dtan farkl\u0131 olarak \u201cdost\u201d kavram\u0131n\u0131n olu\u015fu da buna i\u015faret eder. T\u00fcrkiye\u2019de e\u011fitim almaya karar verirseniz, sadece iyi bir diploma de\u011fil, ayn\u0131 zamanda g\u00fcven ve huzur veren, hayat boyu s\u00fcrecek dostluklar edinebilirsiniz.<\/p>\n<p><strong>Bayramlar ve Resmi Tatiller<\/strong><\/p>\n<p>T\u00fcrkiye laik bir devlet olmakla birlikte, insanlar dini bayramlar\u0131 da \u00f6nemserler ve ailecek bir araya gelmeye \u00f6zen g\u00f6sterirler. A\u015fa\u011f\u0131da \u00fclkede kutlanan ulusal ve dini bayramlar\u0131n ve resm\u00ee tatil g\u00fcnlerinin bir listesini g\u00f6rebilirsiniz.<\/p>\n<table>\n<tbody>\n<tr>\n<td width=\"312\">Yeni Y\u0131l<\/td>\n<td width=\"312\">1 Ocak<\/td>\n<\/tr>\n<tr>\n<td width=\"312\">Ulusal Egemenlik ve \u00c7ocuk Bayram\u0131<\/td>\n<td width=\"312\">23 Nisan<\/td>\n<\/tr>\n<tr>\n<td width=\"312\">Emek ve Dayan\u0131\u015fma G\u00fcn\u00fc<\/td>\n<td width=\"312\">1 May\u0131s<\/td>\n<\/tr>\n<tr>\n<td width=\"312\">Atat\u00fcrk\u2019\u00fc Anma, Gen\u00e7lik ve Spor Bayram\u0131<\/td>\n<td width=\"312\">19 May\u0131s<\/td>\n<\/tr>\n<tr>\n<td width=\"312\">Demokrasi Bayram\u0131<\/td>\n<td width=\"312\">15 Temmuz<\/td>\n<\/tr>\n<tr>\n<td width=\"312\">Zafer Bayram\u0131<\/td>\n<td width=\"312\">30 A\u011fustos<\/td>\n<\/tr>\n<tr>\n<td width=\"312\">Cumhuriyet Bayram\u0131<\/td>\n<td width=\"312\">29 Ekim<\/td>\n<\/tr>\n<tr>\n<td width=\"312\">Ramazan Bayram\u0131<\/td>\n<td width=\"312\">Y\u0131la g\u00f6re de\u011fi\u015fken<\/td>\n<\/tr>\n<tr>\n<td width=\"312\">Kurban Bayram\u0131<\/td>\n<td width=\"312\">Y\u0131la g\u00f6re de\u011fi\u015fken<\/td>\n<\/tr>\n<\/tbody>\n<\/table>\n","protected":false},"excerpt":{"rendered":"<p>T\u00fcrk Usul\u00fc Ya\u015fam T\u00fcrkiye, sadece co\u011frafi konum bak\u0131m\u0131ndan de\u011fil, k\u00fclt\u00fcrel, toplumsal ve politik a\u00e7\u0131lardan da Asya ve Avrupa aras\u0131nda bir k\u00f6pr\u00fc rol\u00fcndedir. \u00dclkenin Anadolu (Asya) ve Trakya\u2019ya (Avrupa) yay\u0131lm\u0131\u015f olan topraklar\u0131nda, bu e\u015fsiz konumdan \u00f6t\u00fcr\u00fc, tarih boyunca bir\u00e7ok b\u00fcy\u00fck medeniyet y\u00fckselmi\u015f ve bu medeniyetler, k\u00fclt\u00fcrel ve etnik zenginli\u011fin ve farkl\u0131l\u0131klar\u0131n yuvas\u0131 olmu\u015ftur. T\u00fcrkiye\u2019de pek \u00e7ok [&hellip;]<\/p>\n","protected":false},"author":4,"featured_media":0,"parent":0,"menu_order":0,"comment_status":"closed","ping_status":"closed","template":"","meta":{"footnotes":""},"yoast_head":"<!-- This site is optimized with the Yoast SEO plugin v20.13 - https:\/\/yoast.com\/wordpress\/plugins\/seo\/ -->\n<title>K\u00fclt\u00fcr ve Ya\u015fam - Ecs E\u011fitim Dan\u0131\u015fmanl\u0131k \u015eanl\u0131urfa<\/title>\n<meta name=\"robots\" content=\"index, follow, max-snippet:-1, max-image-preview:large, max-video-preview:-1\" \/>\n<link rel=\"canonical\" href=\"https:\/\/www.ecsdanismanlik.com.tr\/tr_tr\/kultur-ve-yasam\/\" \/>\n<meta property=\"og:locale\" content=\"tr_TR\" \/>\n<meta property=\"og:type\" content=\"article\" \/>\n<meta property=\"og:title\" content=\"K\u00fclt\u00fcr ve Ya\u015fam - Ecs E\u011fitim Dan\u0131\u015fmanl\u0131k \u015eanl\u0131urfa\" \/>\n<meta property=\"og:description\" content=\"T\u00fcrk Usul\u00fc Ya\u015fam T\u00fcrkiye, sadece co\u011frafi konum bak\u0131m\u0131ndan de\u011fil, k\u00fclt\u00fcrel, toplumsal ve politik a\u00e7\u0131lardan da Asya ve Avrupa aras\u0131nda bir k\u00f6pr\u00fc rol\u00fcndedir. \u00dclkenin Anadolu (Asya) ve Trakya\u2019ya (Avrupa) yay\u0131lm\u0131\u015f olan topraklar\u0131nda, bu e\u015fsiz konumdan \u00f6t\u00fcr\u00fc, tarih boyunca bir\u00e7ok b\u00fcy\u00fck medeniyet y\u00fckselmi\u015f ve bu medeniyetler, k\u00fclt\u00fcrel ve etnik zenginli\u011fin ve farkl\u0131l\u0131klar\u0131n yuvas\u0131 olmu\u015ftur. T\u00fcrkiye\u2019de pek \u00e7ok [&hellip;]\" \/>\n<meta property=\"og:url\" content=\"https:\/\/www.ecsdanismanlik.com.tr\/tr_tr\/kultur-ve-yasam\/\" \/>\n<meta property=\"og:site_name\" content=\"Ecs E\u011fitim Dan\u0131\u015fmanl\u0131k \u015eanl\u0131urfa\" \/>\n<meta name=\"twitter:card\" content=\"summary_large_image\" \/>\n<meta name=\"twitter:label1\" content=\"Tahmini okuma s\u00fcresi\" \/>\n\t<meta name=\"twitter:data1\" content=\"5 dakika\" \/>\n<script type=\"application\/ld+json\" class=\"yoast-schema-graph\">{\"@context\":\"https:\/\/schema.org\",\"@graph\":[{\"@type\":\"WebPage\",\"@id\":\"https:\/\/www.ecsdanismanlik.com.tr\/kultur-ve-yasam\/\",\"url\":\"https:\/\/www.ecsdanismanlik.com.tr\/kultur-ve-yasam\/\",\"name\":\"K\u00fclt\u00fcr ve Ya\u015fam - Ecs E\u011fitim Dan\u0131\u015fmanl\u0131k \u015eanl\u0131urfa\",\"isPartOf\":{\"@id\":\"https:\/\/www.ecsdanismanlik.com.tr\/#website\"},\"datePublished\":\"2022-05-09T06:46:42+00:00\",\"dateModified\":\"2022-05-09T06:46:42+00:00\",\"breadcrumb\":{\"@id\":\"https:\/\/www.ecsdanismanlik.com.tr\/kultur-ve-yasam\/#breadcrumb\"},\"inLanguage\":\"tr\",\"potentialAction\":[{\"@type\":\"ReadAction\",\"target\":[\"https:\/\/www.ecsdanismanlik.com.tr\/kultur-ve-yasam\/\"]}]},{\"@type\":\"BreadcrumbList\",\"@id\":\"https:\/\/www.ecsdanismanlik.com.tr\/kultur-ve-yasam\/#breadcrumb\",\"itemListElement\":[{\"@type\":\"ListItem\",\"position\":1,\"name\":\"Anasayfa\",\"item\":\"https:\/\/www.ecsdanismanlik.com.tr\/tr_tr\/\"},{\"@type\":\"ListItem\",\"position\":2,\"name\":\"K\u00fclt\u00fcr ve Ya\u015fam\"}]},{\"@type\":\"WebSite\",\"@id\":\"https:\/\/www.ecsdanismanlik.com.tr\/#website\",\"url\":\"https:\/\/www.ecsdanismanlik.com.tr\/\",\"name\":\"Ecs E\u011fitim Dan\u0131\u015fmanl\u0131k \u015eanl\u0131urfa\",\"description\":\"\",\"potentialAction\":[{\"@type\":\"SearchAction\",\"target\":{\"@type\":\"EntryPoint\",\"urlTemplate\":\"https:\/\/www.ecsdanismanlik.com.tr\/?s={search_term_string}\"},\"query-input\":\"required name=search_term_string\"}],\"inLanguage\":\"tr\"}]}<\/script>\n<!-- \/ Yoast SEO plugin. -->","yoast_head_json":{"title":"K\u00fclt\u00fcr ve Ya\u015fam - Ecs E\u011fitim Dan\u0131\u015fmanl\u0131k \u015eanl\u0131urfa","robots":{"index":"index","follow":"follow","max-snippet":"max-snippet:-1","max-image-preview":"max-image-preview:large","max-video-preview":"max-video-preview:-1"},"canonical":"https:\/\/www.ecsdanismanlik.com.tr\/tr_tr\/kultur-ve-yasam\/","og_locale":"tr_TR","og_type":"article","og_title":"K\u00fclt\u00fcr ve Ya\u015fam - Ecs E\u011fitim Dan\u0131\u015fmanl\u0131k \u015eanl\u0131urfa","og_description":"T\u00fcrk Usul\u00fc Ya\u015fam T\u00fcrkiye, sadece co\u011frafi konum bak\u0131m\u0131ndan de\u011fil, k\u00fclt\u00fcrel, toplumsal ve politik a\u00e7\u0131lardan da Asya ve Avrupa aras\u0131nda bir k\u00f6pr\u00fc rol\u00fcndedir. \u00dclkenin Anadolu (Asya) ve Trakya\u2019ya (Avrupa) yay\u0131lm\u0131\u015f olan topraklar\u0131nda, bu e\u015fsiz konumdan \u00f6t\u00fcr\u00fc, tarih boyunca bir\u00e7ok b\u00fcy\u00fck medeniyet y\u00fckselmi\u015f ve bu medeniyetler, k\u00fclt\u00fcrel ve etnik zenginli\u011fin ve farkl\u0131l\u0131klar\u0131n yuvas\u0131 olmu\u015ftur. T\u00fcrkiye\u2019de pek \u00e7ok [&hellip;]","og_url":"https:\/\/www.ecsdanismanlik.com.tr\/tr_tr\/kultur-ve-yasam\/","og_site_name":"Ecs E\u011fitim Dan\u0131\u015fmanl\u0131k \u015eanl\u0131urfa","twitter_card":"summary_large_image","twitter_misc":{"Tahmini okuma s\u00fcresi":"5 dakika"},"schema":{"@context":"https:\/\/schema.org","@graph":[{"@type":"WebPage","@id":"https:\/\/www.ecsdanismanlik.com.tr\/kultur-ve-yasam\/","url":"https:\/\/www.ecsdanismanlik.com.tr\/kultur-ve-yasam\/","name":"K\u00fclt\u00fcr ve Ya\u015fam - Ecs E\u011fitim Dan\u0131\u015fmanl\u0131k \u015eanl\u0131urfa","isPartOf":{"@id":"https:\/\/www.ecsdanismanlik.com.tr\/#website"},"datePublished":"2022-05-09T06:46:42+00:00","dateModified":"2022-05-09T06:46:42+00:00","breadcrumb":{"@id":"https:\/\/www.ecsdanismanlik.com.tr\/kultur-ve-yasam\/#breadcrumb"},"inLanguage":"tr","potentialAction":[{"@type":"ReadAction","target":["https:\/\/www.ecsdanismanlik.com.tr\/kultur-ve-yasam\/"]}]},{"@type":"BreadcrumbList","@id":"https:\/\/www.ecsdanismanlik.com.tr\/kultur-ve-yasam\/#breadcrumb","itemListElement":[{"@type":"ListItem","position":1,"name":"Anasayfa","item":"https:\/\/www.ecsdanismanlik.com.tr\/tr_tr\/"},{"@type":"ListItem","position":2,"name":"K\u00fclt\u00fcr ve Ya\u015fam"}]},{"@type":"WebSite","@id":"https:\/\/www.ecsdanismanlik.com.tr\/#website","url":"https:\/\/www.ecsdanismanlik.com.tr\/","name":"Ecs E\u011fitim Dan\u0131\u015fmanl\u0131k \u015eanl\u0131urfa","description":"","potentialAction":[{"@type":"SearchAction","target":{"@type":"EntryPoint","urlTemplate":"https:\/\/www.ecsdanismanlik.com.tr\/?s={search_term_string}"},"query-input":"required name=search_term_string"}],"inLanguage":"tr"}]}},"_links":{"self":[{"href":"https:\/\/www.ecsdanismanlik.com.tr\/tr_tr\/wp-json\/wp\/v2\/pages\/1926"}],"collection":[{"href":"https:\/\/www.ecsdanismanlik.com.tr\/tr_tr\/wp-json\/wp\/v2\/pages"}],"about":[{"href":"https:\/\/www.ecsdanismanlik.com.tr\/tr_tr\/wp-json\/wp\/v2\/types\/page"}],"author":[{"embeddable":true,"href":"https:\/\/www.ecsdanismanlik.com.tr\/tr_tr\/wp-json\/wp\/v2\/users\/4"}],"replies":[{"embeddable":true,"href":"https:\/\/www.ecsdanismanlik.com.tr\/tr_tr\/wp-json\/wp\/v2\/comments?post=1926"}],"version-history":[{"count":0,"href":"https:\/\/www.ecsdanismanlik.com.tr\/tr_tr\/wp-json\/wp\/v2\/pages\/1926\/revisions"}],"wp:attachment":[{"href":"https:\/\/www.ecsdanismanlik.com.tr\/tr_tr\/wp-json\/wp\/v2\/media?parent=1926"}],"curies":[{"name":"wp","href":"https:\/\/api.w.org\/{rel}","templated":true}]}}