{"id":3677,"date":"2022-06-11T12:00:28","date_gmt":"2022-06-11T09:00:28","guid":{"rendered":"https:\/\/www.ecsdanismanlik.com.tr\/?page_id=3677"},"modified":"2022-06-11T12:00:28","modified_gmt":"2022-06-11T09:00:28","slug":"turizm-hizmet","status":"publish","type":"page","link":"https:\/\/www.ecsdanismanlik.com.tr\/en\/turizm-hizmet\/","title":{"rendered":"Tourism &amp; Service"},"content":{"rendered":"<div class=\"card rounded-0\">\n<div class=\"card mb-0 no-border no-shadow w-p100\">\n<div class=\"card-body justify-content-around\">\n<div class=\"row\">\n<h4 class=\"card-title mt-10\">Cooking<\/h4>\n<p><span class=\"col-md-3 ms-auto my-auto text-end fs-12\">Associate Degree<\/span><\/div>\n<\/div>\n<\/div>\n<\/div>\n<div class=\"card rounded-0\">\n<div class=\"card mb-0 no-border no-shadow w-p100\">\n<div class=\"card-body justify-content-around\">\n<div class=\"row\">\n<h4 class=\"card-title mt-10\">ecotourism<\/h4>\n<p><span class=\"col-md-3 ms-auto my-auto text-end fs-12\">Master&#039;s (Thesis)<\/span><\/div>\n<\/div>\n<\/div>\n<\/div>\n<div class=\"card rounded-0\">\n<div class=\"card mb-0 no-border no-shadow w-p100\">\n<div class=\"card-body justify-content-around\">\n<div class=\"row\">\n<h4 class=\"card-title mt-10\">Ecotourism Guidance<\/h4>\n<p><span class=\"col-md-3 ms-auto my-auto text-end fs-12\">Master&#039;s (Thesis)<\/span><\/div>\n<\/div>\n<\/div>\n<\/div>\n<div class=\"card rounded-0\">\n<div class=\"card mb-0 no-border no-shadow w-p100\">\n<div class=\"card-body justify-content-around\">\n<div class=\"row\">\n<h4 class=\"card-title mt-10\">Gastronomy<\/h4>\n<p><span class=\"col-md-3 ms-auto my-auto text-end fs-12\">Master&#039;s (Thesis)<\/span><\/div>\n<\/div>\n<\/div>\n<\/div>\n<div class=\"card rounded-0\">\n<div class=\"card mb-0 no-border no-shadow w-p100\">\n<div class=\"card-body justify-content-around\">\n<div class=\"row\">\n<h4 class=\"card-title mt-10\">Gastronomy<\/h4>\n<p><span class=\"col-md-3 ms-auto my-auto text-end fs-12\">Master&#039;s (Non-Thesis)<\/span><\/div>\n<\/div>\n<\/div>\n<\/div>\n<div class=\"card rounded-0\">\n<div class=\"card mb-0 no-border no-shadow w-p100\">\n<div class=\"card-body justify-content-around\">\n<div class=\"row\">\n<h4 class=\"card-title mt-10\">Gastronomy<\/h4>\n<p><span class=\"col-md-3 ms-auto my-auto text-end fs-12\">Doctorate<\/span><\/div>\n<\/div>\n<\/div>\n<\/div>\n<div class=\"card rounded-0\">\n<div class=\"card mb-0 no-border no-shadow w-p100\">\n<div class=\"card-body justify-content-around\">\n<div class=\"row\">\n<h4 class=\"card-title mt-10\">Gastronomy and culinary arts<\/h4>\n<p><span class=\"col-md-3 ms-auto my-auto text-end fs-12\">Master&#039;s (Thesis)<\/span><\/div>\n<\/div>\n<\/div>\n<\/div>\n<div class=\"card rounded-0\">\n<div class=\"card mb-0 no-border no-shadow w-p100\">\n<div class=\"card-body justify-content-around\">\n<div class=\"row\">\n<h4 class=\"card-title mt-10\">Gastronomy and culinary arts<\/h4>\n<p><span class=\"col-md-3 ms-auto my-auto text-end fs-12\">Licence<\/span><\/div>\n<\/div>\n<\/div>\n<\/div>\n<div class=\"card rounded-0\">\n<div class=\"card mb-0 no-border no-shadow w-p100\">\n<div class=\"card-body justify-content-around\">\n<div class=\"row\">\n<h4 class=\"card-title mt-10\">Gastronomy and culinary arts<\/h4>\n<p><span class=\"col-md-3 ms-auto my-auto text-end fs-12\">Master&#039;s (Non-Thesis)<\/span><\/div>\n<\/div>\n<\/div>\n<\/div>\n<div class=\"card rounded-0\">\n<div class=\"card mb-0 no-border no-shadow w-p100\">\n<div class=\"card-body justify-content-around\">\n<div class=\"row\">\n<h4 class=\"card-title mt-10\">Real Estate Development<\/h4>\n<p><span class=\"col-md-3 ms-auto my-auto text-end fs-12\">Master&#039;s (Non-Thesis)<\/span><\/div>\n<\/div>\n<\/div>\n<\/div>\n<div class=\"card rounded-0\">\n<div class=\"card mb-0 no-border no-shadow w-p100\">\n<div class=\"card-body justify-content-around\">\n<div class=\"row\">\n<h4 class=\"card-title mt-10\">Catering Services<\/h4>\n<p><span class=\"col-md-3 ms-auto my-auto text-end fs-12\">Associate Degree<\/span><\/div>\n<\/div>\n<\/div>\n<\/div>\n<div class=\"card rounded-0\">\n<div class=\"card mb-0 no-border no-shadow w-p100\">\n<div class=\"card-body justify-content-around\">\n<div class=\"row\">\n<h4 class=\"card-title mt-10\">Cultural Heritage and Tourism<\/h4>\n<p><span class=\"col-md-3 ms-auto my-auto text-end fs-12\">Associate Degree<\/span><\/div>\n<\/div>\n<\/div>\n<\/div>\n<div class=\"card rounded-0\">\n<div class=\"card mb-0 no-border no-shadow w-p100\">\n<div class=\"card-body justify-content-around\">\n<div class=\"row\">\n<h4 class=\"card-title mt-10\">Marina and Yacht Management<\/h4>\n<p><span class=\"col-md-3 ms-auto my-auto text-end fs-12\">Associate Degree<\/span><\/div>\n<\/div>\n<\/div>\n<\/div>\n<div class=\"card rounded-0\">\n<div class=\"card mb-0 no-border no-shadow w-p100\">\n<div class=\"card-body justify-content-around\">\n<div class=\"row\">\n<h4 class=\"card-title mt-10\">Bus Captain<\/h4>\n<p><span class=\"col-md-3 ms-auto my-auto text-end fs-12\">Associate Degree<\/span><\/div>\n<\/div>\n<\/div>\n<\/div>\n<div class=\"card rounded-0\">\n<div class=\"card mb-0 no-border no-shadow w-p100\">\n<div class=\"card-body justify-content-around\">\n<div class=\"row\">\n<h4 class=\"card-title mt-10\">Private Security and Protection<\/h4>\n<p><span class=\"col-md-3 ms-auto my-auto text-end fs-12\">Associate Degree<\/span><\/div>\n<\/div>\n<\/div>\n<\/div>\n<div class=\"card rounded-0\">\n<div class=\"card mb-0 no-border no-shadow w-p100\">\n<div class=\"card-body justify-content-around\">\n<div class=\"row\">\n<h4 class=\"card-title mt-10\">Pastry and Bakery<\/h4>\n<p><span class=\"col-md-3 ms-auto my-auto text-end fs-12\">Associate Degree<\/span><\/div>\n<\/div>\n<\/div>\n<\/div>\n<div class=\"card rounded-0\">\n<div class=\"card mb-0 no-border no-shadow w-p100\">\n<div class=\"card-body justify-content-around\">\n<div class=\"row\">\n<h4 class=\"card-title mt-10\">Postal Services<\/h4>\n<p><span class=\"col-md-3 ms-auto my-auto text-end fs-12\">Associate Degree<\/span><\/div>\n<\/div>\n<\/div>\n<\/div>\n<div class=\"card rounded-0\">\n<div class=\"card mb-0 no-border no-shadow w-p100\">\n<div class=\"card-body justify-content-around\">\n<div class=\"row\">\n<h4 class=\"card-title mt-10\">Recreation and Tourist Guidance<\/h4>\n<p><span class=\"col-md-3 ms-auto my-auto text-end fs-12\">Master&#039;s (Thesis)<\/span><\/div>\n<\/div>\n<\/div>\n<\/div>\n<div class=\"card rounded-0\">\n<div class=\"card mb-0 no-border no-shadow w-p100\">\n<div class=\"card-body justify-content-around\">\n<div class=\"row\">\n<h4 class=\"card-title mt-10\">Travel Management<\/h4>\n<p><span class=\"col-md-3 ms-auto my-auto text-end fs-12\">Licence<\/span><\/div>\n<\/div>\n<\/div>\n<\/div>\n<div class=\"card rounded-0\">\n<div class=\"card mb-0 no-border no-shadow w-p100\">\n<div class=\"card-body justify-content-around\">\n<div class=\"row\">\n<h4 class=\"card-title mt-10\">Travel Management and Tourist Guidance<\/h4>\n<p><span class=\"col-md-3 ms-auto my-auto text-end fs-12\">Master&#039;s (Thesis)<\/span><\/div>\n<\/div>\n<\/div>\n<\/div>\n<div class=\"card rounded-0\">\n<div class=\"card mb-0 no-border no-shadow w-p100\">\n<div class=\"card-body justify-content-around\">\n<div class=\"row\">\n<h4 class=\"card-title mt-10\">Travel Management and Tourism Guidance<\/h4>\n<p><span class=\"col-md-3 ms-auto my-auto text-end fs-12\">Licence<\/span><\/div>\n<\/div>\n<\/div>\n<\/div>\n<div class=\"card rounded-0\">\n<div class=\"card mb-0 no-border no-shadow w-p100\">\n<div class=\"card-body justify-content-around\">\n<div class=\"row\">\n<h4 class=\"card-title mt-10\">Civil Defense and Firefighting<\/h4>\n<p><span class=\"col-md-3 ms-auto my-auto text-end fs-12\">Associate Degree<\/span><\/div>\n<\/div>\n<\/div>\n<\/div>\n<div class=\"card rounded-0\">\n<div class=\"card mb-0 no-border no-shadow w-p100\">\n<div class=\"card-body justify-content-around\">\n<div class=\"row\">\n<h4 class=\"card-title mt-10\">Tourist Guidance<\/h4>\n<p><span class=\"col-md-3 ms-auto my-auto text-end fs-12\">Associate Degree<\/span><\/div>\n<\/div>\n<\/div>\n<\/div>\n<div class=\"card rounded-0\">\n<div class=\"card mb-0 no-border no-shadow w-p100\">\n<div class=\"card-body justify-content-around\">\n<div class=\"row\">\n<h4 class=\"card-title mt-10\">Tourist Guidance<\/h4>\n<p><span class=\"col-md-3 ms-auto my-auto text-end fs-12\">Master&#039;s (Non-Thesis)<\/span><\/div>\n<\/div>\n<\/div>\n<\/div>\n<div class=\"card rounded-0\">\n<div class=\"card mb-0 no-border no-shadow w-p100\">\n<div class=\"card-body justify-content-around\">\n<div class=\"row\">\n<h4 class=\"card-title mt-10\">Tourism Animation<\/h4>\n<p><span class=\"col-md-3 ms-auto my-auto text-end fs-12\">Associate Degree<\/span><\/div>\n<\/div>\n<\/div>\n<\/div>\n<div class=\"card rounded-0\">\n<div class=\"card mb-0 no-border no-shadow w-p100\">\n<div class=\"card-body justify-content-around\">\n<div class=\"row\">\n<h4 class=\"card-title mt-10\">Tourism management<\/h4>\n<p><span class=\"col-md-3 ms-auto my-auto text-end fs-12\">Doctorate<\/span><\/div>\n<\/div>\n<\/div>\n<\/div>\n<div class=\"card rounded-0\">\n<div class=\"card mb-0 no-border no-shadow w-p100\">\n<div class=\"card-body justify-content-around\">\n<div class=\"row\">\n<h4 class=\"card-title mt-10\">Tourism management<\/h4>\n<p><span class=\"col-md-3 ms-auto my-auto text-end fs-12\">Master&#039;s (Thesis)<\/span><\/div>\n<\/div>\n<\/div>\n<\/div>\n<div class=\"card rounded-0\">\n<div class=\"card mb-0 no-border no-shadow w-p100\">\n<div class=\"card-body justify-content-around\">\n<div class=\"row\">\n<h4 class=\"card-title mt-10\">Tourism management<\/h4>\n<p><span class=\"col-md-3 ms-auto my-auto text-end fs-12\">Master&#039;s (Non-Thesis)<\/span><\/div>\n<\/div>\n<\/div>\n<\/div>\n<div class=\"card rounded-0\">\n<div class=\"card mb-0 no-border no-shadow w-p100\">\n<div class=\"card-body justify-content-around\">\n<div class=\"row\">\n<h4 class=\"card-title mt-10\">Tourism management<\/h4>\n<p><span class=\"col-md-3 ms-auto my-auto text-end fs-12\">Licence<\/span><\/div>\n<\/div>\n<\/div>\n<\/div>\n<div class=\"card rounded-0\">\n<div class=\"card mb-0 no-border no-shadow w-p100\">\n<div class=\"card-body justify-content-around\">\n<div class=\"row\">\n<h4 class=\"card-title mt-10\">Management and Leadership in Tourism Businesses<\/h4>\n<p><span class=\"col-md-3 ms-auto my-auto text-end fs-12\">Master&#039;s (Non-Thesis)<\/span><\/div>\n<\/div>\n<\/div>\n<\/div>\n<div class=\"card rounded-0\">\n<div class=\"card mb-0 no-border no-shadow w-p100\">\n<div class=\"card-body justify-content-around\">\n<div class=\"row\">\n<h4 class=\"card-title mt-10\">Tourism Guidance<\/h4>\n<p><span class=\"col-md-3 ms-auto my-auto text-end fs-12\">Licence<\/span><\/div>\n<\/div>\n<\/div>\n<\/div>\n<div class=\"card rounded-0\">\n<div class=\"card mb-0 no-border no-shadow w-p100\">\n<div class=\"card-body justify-content-around\">\n<div class=\"row\">\n<h4 class=\"card-title mt-10\">Tourism and hotel Management<\/h4>\n<p><span class=\"col-md-3 ms-auto my-auto text-end fs-12\">Licence<\/span><\/div>\n<\/div>\n<\/div>\n<\/div>\n<div class=\"card rounded-0\">\n<div class=\"card mb-0 no-border no-shadow w-p100\">\n<div class=\"card-body justify-content-around\">\n<div class=\"row\">\n<h4 class=\"card-title mt-10\">Tourism and hotel Management<\/h4>\n<p><span class=\"col-md-3 ms-auto my-auto text-end fs-12\">Master&#039;s (Thesis)<\/span><\/div>\n<\/div>\n<\/div>\n<\/div>\n<div class=\"card rounded-0\">\n<div class=\"card mb-0 no-border no-shadow w-p100\">\n<div class=\"card-body justify-content-around\">\n<div class=\"row\">\n<h4 class=\"card-title mt-10\">Tourism and hotel Management<\/h4>\n<p><span class=\"col-md-3 ms-auto my-auto text-end fs-12\">Associate Degree<\/span><\/div>\n<\/div>\n<\/div>\n<\/div>\n<div class=\"card rounded-0\">\n<div class=\"card mb-0 no-border no-shadow w-p100\">\n<div class=\"card-body justify-content-around\">\n<div class=\"row\">\n<h4 class=\"card-title mt-10\">Tourism and Travel Services<\/h4>\n<p><span class=\"col-md-3 ms-auto my-auto text-end fs-12\">Associate Degree<\/span><\/div>\n<\/div>\n<\/div>\n<\/div>\n<div class=\"card rounded-0\">\n<div class=\"card mb-0 no-border no-shadow w-p100\">\n<div class=\"card-body justify-content-around\">\n<div class=\"row\">\n<h4 class=\"card-title mt-10\">Yacht Captain<\/h4>\n<p><span class=\"col-md-3 ms-auto my-auto text-end fs-12\">Associate Degree<\/span><\/div>\n<\/div>\n<\/div>\n<\/div>","protected":false},"excerpt":{"rendered":"<p>A\u015f\u00e7\u0131l\u0131k \u00d6n Lisans Ekoturizm Y\u00fcksek Lisans (Tezli) Ekoturizm Rehberli\u011fi Y\u00fcksek Lisans (Tezli) Gastronomi Y\u00fcksek Lisans (Tezli) Gastronomi Y\u00fcksek Lisans (Tezsiz) Gastronomi Doktora Gastronomi ve Mutfak Sanatlar\u0131 Y\u00fcksek Lisans (Tezli) Gastronomi ve Mutfak Sanatlar\u0131 Lisans Gastronomi ve Mutfak Sanatlar\u0131 Y\u00fcksek Lisans (Tezsiz) Gayrimenkul Geli\u015ftirme Y\u00fcksek Lisans (Tezsiz) \u0130kram Hizmetleri \u00d6n Lisans K\u00fclt\u00fcrel Miras ve Turizm \u00d6n [&hellip;]<\/p>","protected":false},"author":1,"featured_media":0,"parent":0,"menu_order":0,"comment_status":"closed","ping_status":"closed","template":"","meta":{"footnotes":""},"yoast_head":"<!-- This site is optimized with the Yoast SEO plugin v20.13 - https:\/\/yoast.com\/wordpress\/plugins\/seo\/ -->\n<title>Turizm &amp; Hizmet - Ecs E\u011fitim Dan\u0131\u015fmanl\u0131k \u015eanl\u0131urfa<\/title>\n<meta name=\"robots\" content=\"index, follow, max-snippet:-1, max-image-preview:large, max-video-preview:-1\" \/>\n<link rel=\"canonical\" href=\"https:\/\/www.ecsdanismanlik.com.tr\/en\/turizm-hizmet\/\" \/>\n<meta property=\"og:locale\" content=\"en_US\" \/>\n<meta property=\"og:type\" content=\"article\" \/>\n<meta property=\"og:title\" content=\"Turizm &amp; Hizmet - Ecs E\u011fitim Dan\u0131\u015fmanl\u0131k \u015eanl\u0131urfa\" \/>\n<meta property=\"og:description\" content=\"A\u015f\u00e7\u0131l\u0131k \u00d6n Lisans Ekoturizm Y\u00fcksek Lisans (Tezli) Ekoturizm Rehberli\u011fi Y\u00fcksek Lisans (Tezli) Gastronomi Y\u00fcksek Lisans (Tezli) Gastronomi Y\u00fcksek Lisans (Tezsiz) Gastronomi Doktora Gastronomi ve Mutfak Sanatlar\u0131 Y\u00fcksek Lisans (Tezli) Gastronomi ve Mutfak Sanatlar\u0131 Lisans Gastronomi ve Mutfak Sanatlar\u0131 Y\u00fcksek Lisans (Tezsiz) Gayrimenkul Geli\u015ftirme Y\u00fcksek Lisans (Tezsiz) \u0130kram Hizmetleri \u00d6n Lisans K\u00fclt\u00fcrel Miras ve Turizm \u00d6n [&hellip;]\" \/>\n<meta property=\"og:url\" content=\"https:\/\/www.ecsdanismanlik.com.tr\/en\/turizm-hizmet\/\" \/>\n<meta property=\"og:site_name\" content=\"Ecs E\u011fitim Dan\u0131\u015fmanl\u0131k \u015eanl\u0131urfa\" \/>\n<meta name=\"twitter:card\" content=\"summary_large_image\" \/>\n<meta name=\"twitter:label1\" content=\"Est. reading time\" \/>\n\t<meta name=\"twitter:data1\" content=\"1 minute\" \/>\n<script type=\"application\/ld+json\" class=\"yoast-schema-graph\">{\"@context\":\"https:\/\/schema.org\",\"@graph\":[{\"@type\":\"WebPage\",\"@id\":\"https:\/\/www.ecsdanismanlik.com.tr\/turizm-hizmet\/\",\"url\":\"https:\/\/www.ecsdanismanlik.com.tr\/turizm-hizmet\/\",\"name\":\"Turizm & Hizmet - Ecs E\u011fitim Dan\u0131\u015fmanl\u0131k \u015eanl\u0131urfa\",\"isPartOf\":{\"@id\":\"https:\/\/www.ecsdanismanlik.com.tr\/#website\"},\"datePublished\":\"2022-06-11T09:00:28+00:00\",\"dateModified\":\"2022-06-11T09:00:28+00:00\",\"breadcrumb\":{\"@id\":\"https:\/\/www.ecsdanismanlik.com.tr\/turizm-hizmet\/#breadcrumb\"},\"inLanguage\":\"en-US\",\"potentialAction\":[{\"@type\":\"ReadAction\",\"target\":[\"https:\/\/www.ecsdanismanlik.com.tr\/turizm-hizmet\/\"]}]},{\"@type\":\"BreadcrumbList\",\"@id\":\"https:\/\/www.ecsdanismanlik.com.tr\/turizm-hizmet\/#breadcrumb\",\"itemListElement\":[{\"@type\":\"ListItem\",\"position\":1,\"name\":\"Anasayfa\",\"item\":\"https:\/\/www.ecsdanismanlik.com.tr\/tr_tr\/\"},{\"@type\":\"ListItem\",\"position\":2,\"name\":\"Turizm &#038; Hizmet\"}]},{\"@type\":\"WebSite\",\"@id\":\"https:\/\/www.ecsdanismanlik.com.tr\/#website\",\"url\":\"https:\/\/www.ecsdanismanlik.com.tr\/\",\"name\":\"Ecs E\u011fitim Dan\u0131\u015fmanl\u0131k \u015eanl\u0131urfa\",\"description\":\"\",\"potentialAction\":[{\"@type\":\"SearchAction\",\"target\":{\"@type\":\"EntryPoint\",\"urlTemplate\":\"https:\/\/www.ecsdanismanlik.com.tr\/?s={search_term_string}\"},\"query-input\":\"required name=search_term_string\"}],\"inLanguage\":\"en-US\"}]}<\/script>\n<!-- \/ Yoast SEO plugin. -->","yoast_head_json":{"title":"Turizm & Hizmet - Ecs E\u011fitim Dan\u0131\u015fmanl\u0131k \u015eanl\u0131urfa","robots":{"index":"index","follow":"follow","max-snippet":"max-snippet:-1","max-image-preview":"max-image-preview:large","max-video-preview":"max-video-preview:-1"},"canonical":"https:\/\/www.ecsdanismanlik.com.tr\/en\/turizm-hizmet\/","og_locale":"en_US","og_type":"article","og_title":"Turizm & Hizmet - Ecs E\u011fitim Dan\u0131\u015fmanl\u0131k \u015eanl\u0131urfa","og_description":"A\u015f\u00e7\u0131l\u0131k \u00d6n Lisans Ekoturizm Y\u00fcksek Lisans (Tezli) Ekoturizm Rehberli\u011fi Y\u00fcksek Lisans (Tezli) Gastronomi Y\u00fcksek Lisans (Tezli) Gastronomi Y\u00fcksek Lisans (Tezsiz) Gastronomi Doktora Gastronomi ve Mutfak Sanatlar\u0131 Y\u00fcksek Lisans (Tezli) Gastronomi ve Mutfak Sanatlar\u0131 Lisans Gastronomi ve Mutfak Sanatlar\u0131 Y\u00fcksek Lisans (Tezsiz) Gayrimenkul Geli\u015ftirme Y\u00fcksek Lisans (Tezsiz) \u0130kram Hizmetleri \u00d6n Lisans K\u00fclt\u00fcrel Miras ve Turizm \u00d6n [&hellip;]","og_url":"https:\/\/www.ecsdanismanlik.com.tr\/en\/turizm-hizmet\/","og_site_name":"Ecs E\u011fitim Dan\u0131\u015fmanl\u0131k \u015eanl\u0131urfa","twitter_card":"summary_large_image","twitter_misc":{"Est. reading time":"1 minute"},"schema":{"@context":"https:\/\/schema.org","@graph":[{"@type":"WebPage","@id":"https:\/\/www.ecsdanismanlik.com.tr\/turizm-hizmet\/","url":"https:\/\/www.ecsdanismanlik.com.tr\/turizm-hizmet\/","name":"Turizm & Hizmet - Ecs E\u011fitim Dan\u0131\u015fmanl\u0131k \u015eanl\u0131urfa","isPartOf":{"@id":"https:\/\/www.ecsdanismanlik.com.tr\/#website"},"datePublished":"2022-06-11T09:00:28+00:00","dateModified":"2022-06-11T09:00:28+00:00","breadcrumb":{"@id":"https:\/\/www.ecsdanismanlik.com.tr\/turizm-hizmet\/#breadcrumb"},"inLanguage":"en-US","potentialAction":[{"@type":"ReadAction","target":["https:\/\/www.ecsdanismanlik.com.tr\/turizm-hizmet\/"]}]},{"@type":"BreadcrumbList","@id":"https:\/\/www.ecsdanismanlik.com.tr\/turizm-hizmet\/#breadcrumb","itemListElement":[{"@type":"ListItem","position":1,"name":"Anasayfa","item":"https:\/\/www.ecsdanismanlik.com.tr\/tr_tr\/"},{"@type":"ListItem","position":2,"name":"Turizm &#038; Hizmet"}]},{"@type":"WebSite","@id":"https:\/\/www.ecsdanismanlik.com.tr\/#website","url":"https:\/\/www.ecsdanismanlik.com.tr\/","name":"Ecs E\u011fitim Dan\u0131\u015fmanl\u0131k \u015eanl\u0131urfa","description":"","potentialAction":[{"@type":"SearchAction","target":{"@type":"EntryPoint","urlTemplate":"https:\/\/www.ecsdanismanlik.com.tr\/?s={search_term_string}"},"query-input":"required name=search_term_string"}],"inLanguage":"en-US"}]}},"_links":{"self":[{"href":"https:\/\/www.ecsdanismanlik.com.tr\/en\/wp-json\/wp\/v2\/pages\/3677"}],"collection":[{"href":"https:\/\/www.ecsdanismanlik.com.tr\/en\/wp-json\/wp\/v2\/pages"}],"about":[{"href":"https:\/\/www.ecsdanismanlik.com.tr\/en\/wp-json\/wp\/v2\/types\/page"}],"author":[{"embeddable":true,"href":"https:\/\/www.ecsdanismanlik.com.tr\/en\/wp-json\/wp\/v2\/users\/1"}],"replies":[{"embeddable":true,"href":"https:\/\/www.ecsdanismanlik.com.tr\/en\/wp-json\/wp\/v2\/comments?post=3677"}],"version-history":[{"count":0,"href":"https:\/\/www.ecsdanismanlik.com.tr\/en\/wp-json\/wp\/v2\/pages\/3677\/revisions"}],"wp:attachment":[{"href":"https:\/\/www.ecsdanismanlik.com.tr\/en\/wp-json\/wp\/v2\/media?parent=3677"}],"curies":[{"name":"wp","href":"https:\/\/api.w.org\/{rel}","templated":true}]}}