{"id":3646,"date":"2022-06-11T11:49:21","date_gmt":"2022-06-11T08:49:21","guid":{"rendered":"https:\/\/www.ecsdanismanlik.com.tr\/?page_id=3646"},"modified":"2022-06-11T11:49:21","modified_gmt":"2022-06-11T08:49:21","slug":"havacilik-ve-uzay","status":"publish","type":"page","link":"https:\/\/www.ecsdanismanlik.com.tr\/en\/havacilik-ve-uzay\/","title":{"rendered":"Aerospace"},"content":{"rendered":"<div class=\"card rounded-0\">\n<div class=\"card mb-0 no-border no-shadow w-p100\">\n<div class=\"card-body justify-content-around\">\n<div class=\"row\">\n<h4 class=\"card-title mt-10\">Astronomi ve Astrofizik<\/h4>\n<p><span class=\"col-md-3 ms-auto my-auto text-end fs-12\">Master&#039;s (Thesis)<\/span><\/div>\n<\/div>\n<\/div>\n<\/div>\n<div class=\"card rounded-0\">\n<div class=\"card mb-0 no-border no-shadow w-p100\">\n<div class=\"card-body justify-content-around\">\n<div class=\"row\">\n<h4 class=\"card-title mt-10\">Astronomi ve Astrofizik<\/h4>\n<p><span class=\"col-md-3 ms-auto my-auto text-end fs-12\">Doctorate<\/span><\/div>\n<\/div>\n<\/div>\n<\/div>\n<div class=\"card rounded-0\">\n<div class=\"card mb-0 no-border no-shadow w-p100\">\n<div class=\"card-body justify-content-around\">\n<div class=\"row\">\n<h4 class=\"card-title mt-10\">Astronomi ve Uzay Bilimleri<\/h4>\n<p><span class=\"col-md-3 ms-auto my-auto text-end fs-12\">Doctorate<\/span><\/div>\n<\/div>\n<\/div>\n<\/div>\n<div class=\"card rounded-0\">\n<div class=\"card mb-0 no-border no-shadow w-p100\">\n<div class=\"card-body justify-content-around\">\n<div class=\"row\">\n<h4 class=\"card-title mt-10\">Astronomi ve Uzay Bilimleri<\/h4>\n<p><span class=\"col-md-3 ms-auto my-auto text-end fs-12\">Licence<\/span><\/div>\n<\/div>\n<\/div>\n<\/div>\n<div class=\"card rounded-0\">\n<div class=\"card mb-0 no-border no-shadow w-p100\">\n<div class=\"card-body justify-content-around\">\n<div class=\"row\">\n<h4 class=\"card-title mt-10\">Astronomi ve Uzay Bilimleri<\/h4>\n<p><span class=\"col-md-3 ms-auto my-auto text-end fs-12\">Master&#039;s (Thesis)<\/span><\/div>\n<\/div>\n<\/div>\n<\/div>\n<div class=\"card rounded-0\">\n<div class=\"card mb-0 no-border no-shadow w-p100\">\n<div class=\"card-body justify-content-around\">\n<div class=\"row\">\n<h4 class=\"card-title mt-10\">Hava Lojisti\u011fi<\/h4>\n<p><span class=\"col-md-3 ms-auto my-auto text-end fs-12\">Associate Degree<\/span><\/div>\n<\/div>\n<\/div>\n<\/div>\n<div class=\"card rounded-0\">\n<div class=\"card mb-0 no-border no-shadow w-p100\">\n<div class=\"card-body justify-content-around\">\n<div class=\"row\">\n<h4 class=\"card-title mt-10\">Havac\u0131l\u0131k Elektrik ve Elektroni\u011fi<\/h4>\n<p><span class=\"col-md-3 ms-auto my-auto text-end fs-12\">Licence<\/span><\/div>\n<\/div>\n<\/div>\n<\/div>\n<div class=\"card rounded-0\">\n<div class=\"card mb-0 no-border no-shadow w-p100\">\n<div class=\"card-body justify-content-around\">\n<div class=\"row\">\n<h4 class=\"card-title mt-10\">Aviation Management<\/h4>\n<p><span class=\"col-md-3 ms-auto my-auto text-end fs-12\">Master&#039;s (Thesis)<\/span><\/div>\n<\/div>\n<\/div>\n<\/div>\n<div class=\"card rounded-0\">\n<div class=\"card mb-0 no-border no-shadow w-p100\">\n<div class=\"card-body justify-content-around\">\n<div class=\"row\">\n<h4 class=\"card-title mt-10\">Aviation Management<\/h4>\n<p><span class=\"col-md-3 ms-auto my-auto text-end fs-12\">Master&#039;s (Non-Thesis)<\/span><\/div>\n<\/div>\n<\/div>\n<\/div>\n<div class=\"card rounded-0\">\n<div class=\"card mb-0 no-border no-shadow w-p100\">\n<div class=\"card-body justify-content-around\">\n<div class=\"row\">\n<h4 class=\"card-title mt-10\">Aviation Management<\/h4>\n<p><span class=\"col-md-3 ms-auto my-auto text-end fs-12\">Licence<\/span><\/div>\n<\/div>\n<\/div>\n<\/div>\n<div class=\"card rounded-0\">\n<div class=\"card mb-0 no-border no-shadow w-p100\">\n<div class=\"card-body justify-content-around\">\n<div class=\"row\">\n<h4 class=\"card-title mt-10\">Pilotaj<\/h4>\n<p><span class=\"col-md-3 ms-auto my-auto text-end fs-12\">Licence<\/span><\/div>\n<\/div>\n<\/div>\n<\/div>\n<div class=\"card rounded-0\">\n<div class=\"card mb-0 no-border no-shadow w-p100\">\n<div class=\"card-body justify-content-around\">\n<div class=\"row\">\n<h4 class=\"card-title mt-10\">Civil Air Transport Management<\/h4>\n<p><span class=\"col-md-3 ms-auto my-auto text-end fs-12\">Associate Degree<\/span><\/div>\n<\/div>\n<\/div>\n<\/div>\n<div class=\"card rounded-0\">\n<div class=\"card mb-0 no-border no-shadow w-p100\">\n<div class=\"card-body justify-content-around\">\n<div class=\"row\">\n<h4 class=\"card-title mt-10\">Civil Aviation Cabin Services<\/h4>\n<p><span class=\"col-md-3 ms-auto my-auto text-end fs-12\">Associate Degree<\/span><\/div>\n<\/div>\n<\/div>\n<\/div>\n<div class=\"card rounded-0\">\n<div class=\"card mb-0 no-border no-shadow w-p100\">\n<div class=\"card-body justify-content-around\">\n<div class=\"row\">\n<h4 class=\"card-title mt-10\">U\u00e7ak Bak\u0131m ve Onar\u0131m<\/h4>\n<p><span class=\"col-md-3 ms-auto my-auto text-end fs-12\">Licence<\/span><\/div>\n<\/div>\n<\/div>\n<\/div>\n<div class=\"card rounded-0\">\n<div class=\"card mb-0 no-border no-shadow w-p100\">\n<div class=\"card-body justify-content-around\">\n<div class=\"row\">\n<h4 class=\"card-title mt-10\">U\u00e7ak Elektrik ve Elektroni\u011fi<\/h4>\n<p><span class=\"col-md-3 ms-auto my-auto text-end fs-12\">Licence<\/span><\/div>\n<\/div>\n<\/div>\n<\/div>\n<div class=\"card rounded-0\">\n<div class=\"card mb-0 no-border no-shadow w-p100\">\n<div class=\"card-body justify-content-around\">\n<div class=\"row\">\n<h4 class=\"card-title mt-10\">U\u00e7ak G\u00f6vde ve Motor Bak\u0131m\u0131<\/h4>\n<p><span class=\"col-md-3 ms-auto my-auto text-end fs-12\">Licence<\/span><\/div>\n<\/div>\n<\/div>\n<\/div>\n<div class=\"card rounded-0\">\n<div class=\"card mb-0 no-border no-shadow w-p100\">\n<div class=\"card-body justify-content-around\">\n<div class=\"row\">\n<h4 class=\"card-title mt-10\">Aircraft Technology<\/h4>\n<p><span class=\"col-md-3 ms-auto my-auto text-end fs-12\">Associate Degree<\/span><\/div>\n<\/div>\n<\/div>\n<\/div>\n<div class=\"card rounded-0\">\n<div class=\"card mb-0 no-border no-shadow w-p100\">\n<div class=\"card-body justify-content-around\">\n<div class=\"row\">\n<h4 class=\"card-title mt-10\">Uzay Bilimleri ve Teknolojileri<\/h4>\n<p><span class=\"col-md-3 ms-auto my-auto text-end fs-12\">Licence<\/span><\/div>\n<\/div>\n<\/div>\n<\/div>\n<div class=\"card rounded-0\">\n<div class=\"card mb-0 no-border no-shadow w-p100\">\n<div class=\"card-body justify-content-around\">\n<div class=\"row\">\n<h4 class=\"card-title mt-10\">Uzay Bilimleri ve Teknolojileri<\/h4>\n<p><span class=\"col-md-3 ms-auto my-auto text-end fs-12\">Doctorate<\/span><\/div>\n<\/div>\n<\/div>\n<\/div>\n<div class=\"card rounded-0\">\n<div class=\"card mb-0 no-border no-shadow w-p100\">\n<div class=\"card-body justify-content-around\">\n<div class=\"row\">\n<h4 class=\"card-title mt-10\">Uzay Bilimleri ve Teknolojileri<\/h4>\n<p><span class=\"col-md-3 ms-auto my-auto text-end fs-12\">Master&#039;s (Thesis)<\/span><\/div>\n<\/div>\n<\/div>\n<\/div>","protected":false},"excerpt":{"rendered":"<p>Astronomi ve Astrofizik Y\u00fcksek Lisans (Tezli) Astronomi ve Astrofizik Doktora Astronomi ve Uzay Bilimleri Doktora Astronomi ve Uzay Bilimleri Lisans Astronomi ve Uzay Bilimleri Y\u00fcksek Lisans (Tezli) Hava Lojisti\u011fi \u00d6n Lisans Havac\u0131l\u0131k Elektrik ve Elektroni\u011fi Lisans Havac\u0131l\u0131k Y\u00f6netimi Y\u00fcksek Lisans (Tezli) Havac\u0131l\u0131k Y\u00f6netimi Y\u00fcksek Lisans (Tezsiz) Havac\u0131l\u0131k Y\u00f6netimi Lisans Pilotaj Lisans Sivil Hava Ula\u015ft\u0131rma \u0130\u015fletmecili\u011fi [&hellip;]<\/p>","protected":false},"author":1,"featured_media":0,"parent":0,"menu_order":0,"comment_status":"closed","ping_status":"closed","template":"","meta":{"footnotes":""},"yoast_head":"<!-- This site is optimized with the Yoast SEO plugin v20.13 - https:\/\/yoast.com\/wordpress\/plugins\/seo\/ -->\n<title>Havac\u0131l\u0131k ve Uzay - Ecs E\u011fitim Dan\u0131\u015fmanl\u0131k \u015eanl\u0131urfa<\/title>\n<meta name=\"robots\" content=\"index, follow, max-snippet:-1, max-image-preview:large, max-video-preview:-1\" \/>\n<link rel=\"canonical\" href=\"https:\/\/www.ecsdanismanlik.com.tr\/en\/havacilik-ve-uzay\/\" \/>\n<meta property=\"og:locale\" content=\"en_US\" \/>\n<meta property=\"og:type\" content=\"article\" \/>\n<meta property=\"og:title\" content=\"Havac\u0131l\u0131k ve Uzay - Ecs E\u011fitim Dan\u0131\u015fmanl\u0131k \u015eanl\u0131urfa\" \/>\n<meta property=\"og:description\" content=\"Astronomi ve Astrofizik Y\u00fcksek Lisans (Tezli) Astronomi ve Astrofizik Doktora Astronomi ve Uzay Bilimleri Doktora Astronomi ve Uzay Bilimleri Lisans Astronomi ve Uzay Bilimleri Y\u00fcksek Lisans (Tezli) Hava Lojisti\u011fi \u00d6n Lisans Havac\u0131l\u0131k Elektrik ve Elektroni\u011fi Lisans Havac\u0131l\u0131k Y\u00f6netimi Y\u00fcksek Lisans (Tezli) Havac\u0131l\u0131k Y\u00f6netimi Y\u00fcksek Lisans (Tezsiz) Havac\u0131l\u0131k Y\u00f6netimi Lisans Pilotaj Lisans Sivil Hava Ula\u015ft\u0131rma \u0130\u015fletmecili\u011fi [&hellip;]\" \/>\n<meta property=\"og:url\" content=\"https:\/\/www.ecsdanismanlik.com.tr\/en\/havacilik-ve-uzay\/\" \/>\n<meta property=\"og:site_name\" content=\"Ecs E\u011fitim Dan\u0131\u015fmanl\u0131k \u015eanl\u0131urfa\" \/>\n<meta name=\"twitter:card\" content=\"summary_large_image\" \/>\n<meta name=\"twitter:label1\" content=\"Est. reading time\" \/>\n\t<meta name=\"twitter:data1\" content=\"1 minute\" \/>\n<script type=\"application\/ld+json\" class=\"yoast-schema-graph\">{\"@context\":\"https:\/\/schema.org\",\"@graph\":[{\"@type\":\"WebPage\",\"@id\":\"https:\/\/www.ecsdanismanlik.com.tr\/havacilik-ve-uzay\/\",\"url\":\"https:\/\/www.ecsdanismanlik.com.tr\/havacilik-ve-uzay\/\",\"name\":\"Havac\u0131l\u0131k ve Uzay - Ecs E\u011fitim Dan\u0131\u015fmanl\u0131k \u015eanl\u0131urfa\",\"isPartOf\":{\"@id\":\"https:\/\/www.ecsdanismanlik.com.tr\/#website\"},\"datePublished\":\"2022-06-11T08:49:21+00:00\",\"dateModified\":\"2022-06-11T08:49:21+00:00\",\"breadcrumb\":{\"@id\":\"https:\/\/www.ecsdanismanlik.com.tr\/havacilik-ve-uzay\/#breadcrumb\"},\"inLanguage\":\"en-US\",\"potentialAction\":[{\"@type\":\"ReadAction\",\"target\":[\"https:\/\/www.ecsdanismanlik.com.tr\/havacilik-ve-uzay\/\"]}]},{\"@type\":\"BreadcrumbList\",\"@id\":\"https:\/\/www.ecsdanismanlik.com.tr\/havacilik-ve-uzay\/#breadcrumb\",\"itemListElement\":[{\"@type\":\"ListItem\",\"position\":1,\"name\":\"Anasayfa\",\"item\":\"https:\/\/www.ecsdanismanlik.com.tr\/tr_tr\/\"},{\"@type\":\"ListItem\",\"position\":2,\"name\":\"Havac\u0131l\u0131k ve Uzay\"}]},{\"@type\":\"WebSite\",\"@id\":\"https:\/\/www.ecsdanismanlik.com.tr\/#website\",\"url\":\"https:\/\/www.ecsdanismanlik.com.tr\/\",\"name\":\"Ecs E\u011fitim Dan\u0131\u015fmanl\u0131k \u015eanl\u0131urfa\",\"description\":\"\",\"potentialAction\":[{\"@type\":\"SearchAction\",\"target\":{\"@type\":\"EntryPoint\",\"urlTemplate\":\"https:\/\/www.ecsdanismanlik.com.tr\/?s={search_term_string}\"},\"query-input\":\"required name=search_term_string\"}],\"inLanguage\":\"en-US\"}]}<\/script>\n<!-- \/ Yoast SEO plugin. -->","yoast_head_json":{"title":"Havac\u0131l\u0131k ve Uzay - Ecs E\u011fitim Dan\u0131\u015fmanl\u0131k \u015eanl\u0131urfa","robots":{"index":"index","follow":"follow","max-snippet":"max-snippet:-1","max-image-preview":"max-image-preview:large","max-video-preview":"max-video-preview:-1"},"canonical":"https:\/\/www.ecsdanismanlik.com.tr\/en\/havacilik-ve-uzay\/","og_locale":"en_US","og_type":"article","og_title":"Havac\u0131l\u0131k ve Uzay - Ecs E\u011fitim Dan\u0131\u015fmanl\u0131k \u015eanl\u0131urfa","og_description":"Astronomi ve Astrofizik Y\u00fcksek Lisans (Tezli) Astronomi ve Astrofizik Doktora Astronomi ve Uzay Bilimleri Doktora Astronomi ve Uzay Bilimleri Lisans Astronomi ve Uzay Bilimleri Y\u00fcksek Lisans (Tezli) Hava Lojisti\u011fi \u00d6n Lisans Havac\u0131l\u0131k Elektrik ve Elektroni\u011fi Lisans Havac\u0131l\u0131k Y\u00f6netimi Y\u00fcksek Lisans (Tezli) Havac\u0131l\u0131k Y\u00f6netimi Y\u00fcksek Lisans (Tezsiz) Havac\u0131l\u0131k Y\u00f6netimi Lisans Pilotaj Lisans Sivil Hava Ula\u015ft\u0131rma \u0130\u015fletmecili\u011fi [&hellip;]","og_url":"https:\/\/www.ecsdanismanlik.com.tr\/en\/havacilik-ve-uzay\/","og_site_name":"Ecs E\u011fitim Dan\u0131\u015fmanl\u0131k \u015eanl\u0131urfa","twitter_card":"summary_large_image","twitter_misc":{"Est. reading time":"1 minute"},"schema":{"@context":"https:\/\/schema.org","@graph":[{"@type":"WebPage","@id":"https:\/\/www.ecsdanismanlik.com.tr\/havacilik-ve-uzay\/","url":"https:\/\/www.ecsdanismanlik.com.tr\/havacilik-ve-uzay\/","name":"Havac\u0131l\u0131k ve Uzay - Ecs E\u011fitim Dan\u0131\u015fmanl\u0131k \u015eanl\u0131urfa","isPartOf":{"@id":"https:\/\/www.ecsdanismanlik.com.tr\/#website"},"datePublished":"2022-06-11T08:49:21+00:00","dateModified":"2022-06-11T08:49:21+00:00","breadcrumb":{"@id":"https:\/\/www.ecsdanismanlik.com.tr\/havacilik-ve-uzay\/#breadcrumb"},"inLanguage":"en-US","potentialAction":[{"@type":"ReadAction","target":["https:\/\/www.ecsdanismanlik.com.tr\/havacilik-ve-uzay\/"]}]},{"@type":"BreadcrumbList","@id":"https:\/\/www.ecsdanismanlik.com.tr\/havacilik-ve-uzay\/#breadcrumb","itemListElement":[{"@type":"ListItem","position":1,"name":"Anasayfa","item":"https:\/\/www.ecsdanismanlik.com.tr\/tr_tr\/"},{"@type":"ListItem","position":2,"name":"Havac\u0131l\u0131k ve Uzay"}]},{"@type":"WebSite","@id":"https:\/\/www.ecsdanismanlik.com.tr\/#website","url":"https:\/\/www.ecsdanismanlik.com.tr\/","name":"Ecs E\u011fitim Dan\u0131\u015fmanl\u0131k \u015eanl\u0131urfa","description":"","potentialAction":[{"@type":"SearchAction","target":{"@type":"EntryPoint","urlTemplate":"https:\/\/www.ecsdanismanlik.com.tr\/?s={search_term_string}"},"query-input":"required name=search_term_string"}],"inLanguage":"en-US"}]}},"_links":{"self":[{"href":"https:\/\/www.ecsdanismanlik.com.tr\/en\/wp-json\/wp\/v2\/pages\/3646"}],"collection":[{"href":"https:\/\/www.ecsdanismanlik.com.tr\/en\/wp-json\/wp\/v2\/pages"}],"about":[{"href":"https:\/\/www.ecsdanismanlik.com.tr\/en\/wp-json\/wp\/v2\/types\/page"}],"author":[{"embeddable":true,"href":"https:\/\/www.ecsdanismanlik.com.tr\/en\/wp-json\/wp\/v2\/users\/1"}],"replies":[{"embeddable":true,"href":"https:\/\/www.ecsdanismanlik.com.tr\/en\/wp-json\/wp\/v2\/comments?post=3646"}],"version-history":[{"count":0,"href":"https:\/\/www.ecsdanismanlik.com.tr\/en\/wp-json\/wp\/v2\/pages\/3646\/revisions"}],"wp:attachment":[{"href":"https:\/\/www.ecsdanismanlik.com.tr\/en\/wp-json\/wp\/v2\/media?parent=3646"}],"curies":[{"name":"wp","href":"https:\/\/api.w.org\/{rel}","templated":true}]}}