{"id":2034,"date":"2022-05-10T10:16:50","date_gmt":"2022-05-10T07:16:50","guid":{"rendered":"https:\/\/www.ecsdanismanlik.com.tr\/?page_id=2034"},"modified":"2022-05-10T11:12:14","modified_gmt":"2022-05-10T08:12:14","slug":"sehirler","status":"publish","type":"page","link":"https:\/\/www.ecsdanismanlik.com.tr\/en\/sehirler\/","title":{"rendered":"Cities"},"content":{"rendered":"<div data-elementor-type=\"wp-page\" data-elementor-id=\"2034\" class=\"elementor elementor-2034\" data-elementor-post-type=\"page\">\n\t\t\t\t\t\t<section class=\"elementor-section elementor-top-section elementor-element elementor-element-1cfff66 elementor-section-boxed elementor-section-height-default elementor-section-height-default\" data-id=\"1cfff66\" data-element_type=\"section\">\n\t\t\t\t\t\t<div class=\"elementor-container elementor-column-gap-default\">\n\t\t\t\t\t<div class=\"elementor-column elementor-col-25 elementor-top-column elementor-element elementor-element-7e94520\" data-id=\"7e94520\" data-element_type=\"column\">\n\t\t\t<div class=\"elementor-widget-wrap elementor-element-populated\">\n\t\t\t\t\t\t<div class=\"elementor-element elementor-element-463f564 elementor-position-top elementor-widget elementor-widget-image-box\" data-id=\"463f564\" data-element_type=\"widget\" data-widget_type=\"image-box.default\">\n\t\t\t\t<div class=\"elementor-widget-container\">\n\t\t\t<div class=\"elementor-image-box-wrapper\"><figure class=\"elementor-image-box-img\"><img fetchpriority=\"high\" decoding=\"async\" width=\"800\" height=\"600\" src=\"https:\/\/www.ecsdanismanlik.com.tr\/wp-content\/uploads\/ecs-danismanlik-sanliurfa-sehirler-1.png\" class=\"attachment-full size-full wp-image-2046\" alt=\"\" srcset=\"https:\/\/www.ecsdanismanlik.com.tr\/wp-content\/uploads\/ecs-danismanlik-sanliurfa-sehirler-1.png 800w, https:\/\/www.ecsdanismanlik.com.tr\/wp-content\/uploads\/ecs-danismanlik-sanliurfa-sehirler-1-300x225.png 300w, https:\/\/www.ecsdanismanlik.com.tr\/wp-content\/uploads\/ecs-danismanlik-sanliurfa-sehirler-1-768x576.png 768w, https:\/\/www.ecsdanismanlik.com.tr\/wp-content\/uploads\/ecs-danismanlik-sanliurfa-sehirler-1-16x12.png 16w\" sizes=\"(max-width: 800px) 100vw, 800px\" \/><\/figure><div class=\"elementor-image-box-content\"><h3 class=\"elementor-image-box-title\">Kayseri<\/h3><p class=\"elementor-image-box-description\">4 Universities<\/p><\/div><\/div>\t\t<\/div>\n\t\t\t\t<\/div>\n\t\t\t\t\t<\/div>\n\t\t<\/div>\n\t\t\t\t<div class=\"elementor-column elementor-col-25 elementor-top-column elementor-element elementor-element-a88a572\" data-id=\"a88a572\" data-element_type=\"column\">\n\t\t\t<div class=\"elementor-widget-wrap elementor-element-populated\">\n\t\t\t\t\t\t<div class=\"elementor-element elementor-element-8b0ff6c elementor-position-top elementor-widget elementor-widget-image-box\" data-id=\"8b0ff6c\" data-element_type=\"widget\" data-widget_type=\"image-box.default\">\n\t\t\t\t<div class=\"elementor-widget-container\">\n\t\t\t<div class=\"elementor-image-box-wrapper\"><figure class=\"elementor-image-box-img\"><img decoding=\"async\" width=\"800\" height=\"600\" src=\"https:\/\/www.ecsdanismanlik.com.tr\/wp-content\/uploads\/ecs-danismanlik-sanliurfa-sehirler-2.png\" class=\"attachment-full size-full wp-image-2047\" alt=\"\" srcset=\"https:\/\/www.ecsdanismanlik.com.tr\/wp-content\/uploads\/ecs-danismanlik-sanliurfa-sehirler-2.png 800w, https:\/\/www.ecsdanismanlik.com.tr\/wp-content\/uploads\/ecs-danismanlik-sanliurfa-sehirler-2-300x225.png 300w, https:\/\/www.ecsdanismanlik.com.tr\/wp-content\/uploads\/ecs-danismanlik-sanliurfa-sehirler-2-768x576.png 768w, https:\/\/www.ecsdanismanlik.com.tr\/wp-content\/uploads\/ecs-danismanlik-sanliurfa-sehirler-2-16x12.png 16w\" sizes=\"(max-width: 800px) 100vw, 800px\" \/><\/figure><div class=\"elementor-image-box-content\"><h3 class=\"elementor-image-box-title\">Istanbul<\/h3><p class=\"elementor-image-box-description\">58 Universities<\/p><\/div><\/div>\t\t<\/div>\n\t\t\t\t<\/div>\n\t\t\t\t\t<\/div>\n\t\t<\/div>\n\t\t\t\t<div class=\"elementor-column elementor-col-25 elementor-top-column elementor-element elementor-element-d74a43e\" data-id=\"d74a43e\" data-element_type=\"column\">\n\t\t\t<div class=\"elementor-widget-wrap elementor-element-populated\">\n\t\t\t\t\t\t<div class=\"elementor-element elementor-element-de412d0 elementor-position-top elementor-widget elementor-widget-image-box\" data-id=\"de412d0\" data-element_type=\"widget\" data-widget_type=\"image-box.default\">\n\t\t\t\t<div class=\"elementor-widget-container\">\n\t\t\t<div class=\"elementor-image-box-wrapper\"><figure class=\"elementor-image-box-img\"><img decoding=\"async\" width=\"800\" height=\"600\" src=\"https:\/\/www.ecsdanismanlik.com.tr\/wp-content\/uploads\/ecs-danismanlik-sanliurfa-sehirler-3.png\" class=\"attachment-full size-full wp-image-2048\" alt=\"\" srcset=\"https:\/\/www.ecsdanismanlik.com.tr\/wp-content\/uploads\/ecs-danismanlik-sanliurfa-sehirler-3.png 800w, https:\/\/www.ecsdanismanlik.com.tr\/wp-content\/uploads\/ecs-danismanlik-sanliurfa-sehirler-3-300x225.png 300w, https:\/\/www.ecsdanismanlik.com.tr\/wp-content\/uploads\/ecs-danismanlik-sanliurfa-sehirler-3-768x576.png 768w, https:\/\/www.ecsdanismanlik.com.tr\/wp-content\/uploads\/ecs-danismanlik-sanliurfa-sehirler-3-16x12.png 16w\" sizes=\"(max-width: 800px) 100vw, 800px\" \/><\/figure><div class=\"elementor-image-box-content\"><h3 class=\"elementor-image-box-title\">Adana<\/h3><p class=\"elementor-image-box-description\">2 Universities<\/p><\/div><\/div>\t\t<\/div>\n\t\t\t\t<\/div>\n\t\t\t\t\t<\/div>\n\t\t<\/div>\n\t\t\t\t<div class=\"elementor-column elementor-col-25 elementor-top-column elementor-element elementor-element-e9485dc\" data-id=\"e9485dc\" data-element_type=\"column\">\n\t\t\t<div class=\"elementor-widget-wrap elementor-element-populated\">\n\t\t\t\t\t\t<div class=\"elementor-element elementor-element-cc44fff elementor-position-top elementor-widget elementor-widget-image-box\" data-id=\"cc44fff\" data-element_type=\"widget\" data-widget_type=\"image-box.default\">\n\t\t\t\t<div class=\"elementor-widget-container\">\n\t\t\t<div class=\"elementor-image-box-wrapper\"><figure class=\"elementor-image-box-img\"><img loading=\"lazy\" decoding=\"async\" width=\"800\" height=\"600\" src=\"https:\/\/www.ecsdanismanlik.com.tr\/wp-content\/uploads\/ecs-danismanlik-sanliurfa-sehirler-4.png\" class=\"attachment-full size-full wp-image-2049\" alt=\"\" srcset=\"https:\/\/www.ecsdanismanlik.com.tr\/wp-content\/uploads\/ecs-danismanlik-sanliurfa-sehirler-4.png 800w, https:\/\/www.ecsdanismanlik.com.tr\/wp-content\/uploads\/ecs-danismanlik-sanliurfa-sehirler-4-300x225.png 300w, https:\/\/www.ecsdanismanlik.com.tr\/wp-content\/uploads\/ecs-danismanlik-sanliurfa-sehirler-4-768x576.png 768w, https:\/\/www.ecsdanismanlik.com.tr\/wp-content\/uploads\/ecs-danismanlik-sanliurfa-sehirler-4-16x12.png 16w\" sizes=\"(max-width: 800px) 100vw, 800px\" \/><\/figure><div class=\"elementor-image-box-content\"><h3 class=\"elementor-image-box-title\">Sanliurfa<\/h3><p class=\"elementor-image-box-description\">1 University<\/p><\/div><\/div>\t\t<\/div>\n\t\t\t\t<\/div>\n\t\t\t\t\t<\/div>\n\t\t<\/div>\n\t\t\t\t\t<\/div>\n\t\t<\/section>\n\t\t\t\t<\/div>","protected":false},"excerpt":{"rendered":"<p>Kayseri 4 \u00dcniversite \u0130stanbul 58 \u00dcniversite Adana 2 \u00dcniversite \u015eanl\u0131urfa 1 \u00dcniversite<\/p>","protected":false},"author":4,"featured_media":0,"parent":0,"menu_order":0,"comment_status":"closed","ping_status":"closed","template":"","meta":{"footnotes":""},"yoast_head":"<!-- This site is optimized with the Yoast SEO plugin v20.13 - https:\/\/yoast.com\/wordpress\/plugins\/seo\/ -->\n<title>\u015eehirler - Ecs E\u011fitim Dan\u0131\u015fmanl\u0131k \u015eanl\u0131urfa<\/title>\n<meta name=\"robots\" content=\"index, follow, max-snippet:-1, max-image-preview:large, max-video-preview:-1\" \/>\n<link rel=\"canonical\" href=\"https:\/\/www.ecsdanismanlik.com.tr\/en\/sehirler\/\" \/>\n<meta property=\"og:locale\" content=\"en_US\" \/>\n<meta property=\"og:type\" content=\"article\" \/>\n<meta property=\"og:title\" content=\"\u015eehirler - Ecs E\u011fitim Dan\u0131\u015fmanl\u0131k \u015eanl\u0131urfa\" \/>\n<meta property=\"og:description\" content=\"Kayseri 4 \u00dcniversite \u0130stanbul 58 \u00dcniversite Adana 2 \u00dcniversite \u015eanl\u0131urfa 1 \u00dcniversite\" \/>\n<meta property=\"og:url\" content=\"https:\/\/www.ecsdanismanlik.com.tr\/en\/sehirler\/\" \/>\n<meta property=\"og:site_name\" content=\"Ecs E\u011fitim Dan\u0131\u015fmanl\u0131k \u015eanl\u0131urfa\" \/>\n<meta property=\"article:modified_time\" content=\"2022-05-10T08:12:14+00:00\" \/>\n<meta property=\"og:image\" content=\"https:\/\/www.ecsdanismanlik.com.tr\/wp-content\/uploads\/ecs-danismanlik-sanliurfa-sehirler-1.png\" \/>\n<meta name=\"twitter:card\" content=\"summary_large_image\" \/>\n<meta name=\"twitter:label1\" content=\"Est. reading time\" \/>\n\t<meta name=\"twitter:data1\" content=\"1 minute\" \/>\n<script type=\"application\/ld+json\" class=\"yoast-schema-graph\">{\"@context\":\"https:\/\/schema.org\",\"@graph\":[{\"@type\":\"WebPage\",\"@id\":\"https:\/\/www.ecsdanismanlik.com.tr\/tr_tr\/sehirler\/\",\"url\":\"https:\/\/www.ecsdanismanlik.com.tr\/tr_tr\/sehirler\/\",\"name\":\"\u015eehirler - Ecs E\u011fitim Dan\u0131\u015fmanl\u0131k \u015eanl\u0131urfa\",\"isPartOf\":{\"@id\":\"https:\/\/www.ecsdanismanlik.com.tr\/#website\"},\"datePublished\":\"2022-05-10T07:16:50+00:00\",\"dateModified\":\"2022-05-10T08:12:14+00:00\",\"breadcrumb\":{\"@id\":\"https:\/\/www.ecsdanismanlik.com.tr\/tr_tr\/sehirler\/#breadcrumb\"},\"inLanguage\":\"en-US\",\"potentialAction\":[{\"@type\":\"ReadAction\",\"target\":[\"https:\/\/www.ecsdanismanlik.com.tr\/tr_tr\/sehirler\/\"]}]},{\"@type\":\"BreadcrumbList\",\"@id\":\"https:\/\/www.ecsdanismanlik.com.tr\/tr_tr\/sehirler\/#breadcrumb\",\"itemListElement\":[{\"@type\":\"ListItem\",\"position\":1,\"name\":\"Anasayfa\",\"item\":\"https:\/\/www.ecsdanismanlik.com.tr\/tr_tr\/\"},{\"@type\":\"ListItem\",\"position\":2,\"name\":\"\u015eehirler\"}]},{\"@type\":\"WebSite\",\"@id\":\"https:\/\/www.ecsdanismanlik.com.tr\/#website\",\"url\":\"https:\/\/www.ecsdanismanlik.com.tr\/\",\"name\":\"Ecs E\u011fitim Dan\u0131\u015fmanl\u0131k \u015eanl\u0131urfa\",\"description\":\"\",\"potentialAction\":[{\"@type\":\"SearchAction\",\"target\":{\"@type\":\"EntryPoint\",\"urlTemplate\":\"https:\/\/www.ecsdanismanlik.com.tr\/?s={search_term_string}\"},\"query-input\":\"required name=search_term_string\"}],\"inLanguage\":\"en-US\"}]}<\/script>\n<!-- \/ Yoast SEO plugin. -->","yoast_head_json":{"title":"\u015eehirler - Ecs E\u011fitim Dan\u0131\u015fmanl\u0131k \u015eanl\u0131urfa","robots":{"index":"index","follow":"follow","max-snippet":"max-snippet:-1","max-image-preview":"max-image-preview:large","max-video-preview":"max-video-preview:-1"},"canonical":"https:\/\/www.ecsdanismanlik.com.tr\/en\/sehirler\/","og_locale":"en_US","og_type":"article","og_title":"\u015eehirler - Ecs E\u011fitim Dan\u0131\u015fmanl\u0131k \u015eanl\u0131urfa","og_description":"Kayseri 4 \u00dcniversite \u0130stanbul 58 \u00dcniversite Adana 2 \u00dcniversite \u015eanl\u0131urfa 1 \u00dcniversite","og_url":"https:\/\/www.ecsdanismanlik.com.tr\/en\/sehirler\/","og_site_name":"Ecs E\u011fitim Dan\u0131\u015fmanl\u0131k \u015eanl\u0131urfa","article_modified_time":"2022-05-10T08:12:14+00:00","og_image":[{"url":"https:\/\/www.ecsdanismanlik.com.tr\/wp-content\/uploads\/ecs-danismanlik-sanliurfa-sehirler-1.png"}],"twitter_card":"summary_large_image","twitter_misc":{"Est. reading time":"1 minute"},"schema":{"@context":"https:\/\/schema.org","@graph":[{"@type":"WebPage","@id":"https:\/\/www.ecsdanismanlik.com.tr\/tr_tr\/sehirler\/","url":"https:\/\/www.ecsdanismanlik.com.tr\/tr_tr\/sehirler\/","name":"\u015eehirler - Ecs E\u011fitim Dan\u0131\u015fmanl\u0131k \u015eanl\u0131urfa","isPartOf":{"@id":"https:\/\/www.ecsdanismanlik.com.tr\/#website"},"datePublished":"2022-05-10T07:16:50+00:00","dateModified":"2022-05-10T08:12:14+00:00","breadcrumb":{"@id":"https:\/\/www.ecsdanismanlik.com.tr\/tr_tr\/sehirler\/#breadcrumb"},"inLanguage":"en-US","potentialAction":[{"@type":"ReadAction","target":["https:\/\/www.ecsdanismanlik.com.tr\/tr_tr\/sehirler\/"]}]},{"@type":"BreadcrumbList","@id":"https:\/\/www.ecsdanismanlik.com.tr\/tr_tr\/sehirler\/#breadcrumb","itemListElement":[{"@type":"ListItem","position":1,"name":"Anasayfa","item":"https:\/\/www.ecsdanismanlik.com.tr\/tr_tr\/"},{"@type":"ListItem","position":2,"name":"\u015eehirler"}]},{"@type":"WebSite","@id":"https:\/\/www.ecsdanismanlik.com.tr\/#website","url":"https:\/\/www.ecsdanismanlik.com.tr\/","name":"Ecs E\u011fitim Dan\u0131\u015fmanl\u0131k \u015eanl\u0131urfa","description":"","potentialAction":[{"@type":"SearchAction","target":{"@type":"EntryPoint","urlTemplate":"https:\/\/www.ecsdanismanlik.com.tr\/?s={search_term_string}"},"query-input":"required name=search_term_string"}],"inLanguage":"en-US"}]}},"_links":{"self":[{"href":"https:\/\/www.ecsdanismanlik.com.tr\/en\/wp-json\/wp\/v2\/pages\/2034"}],"collection":[{"href":"https:\/\/www.ecsdanismanlik.com.tr\/en\/wp-json\/wp\/v2\/pages"}],"about":[{"href":"https:\/\/www.ecsdanismanlik.com.tr\/en\/wp-json\/wp\/v2\/types\/page"}],"author":[{"embeddable":true,"href":"https:\/\/www.ecsdanismanlik.com.tr\/en\/wp-json\/wp\/v2\/users\/4"}],"replies":[{"embeddable":true,"href":"https:\/\/www.ecsdanismanlik.com.tr\/en\/wp-json\/wp\/v2\/comments?post=2034"}],"version-history":[{"count":0,"href":"https:\/\/www.ecsdanismanlik.com.tr\/en\/wp-json\/wp\/v2\/pages\/2034\/revisions"}],"wp:attachment":[{"href":"https:\/\/www.ecsdanismanlik.com.tr\/en\/wp-json\/wp\/v2\/media?parent=2034"}],"curies":[{"name":"wp","href":"https:\/\/api.w.org\/{rel}","templated":true}]}}