{"id":1944,"date":"2022-05-09T10:00:45","date_gmt":"2022-05-09T07:00:45","guid":{"rendered":"https:\/\/www.ecsdanismanlik.com.tr\/?page_id=1944"},"modified":"2022-05-09T10:00:45","modified_gmt":"2022-05-09T07:00:45","slug":"neden-turkiyede-egitim","status":"publish","type":"page","link":"https:\/\/www.ecsdanismanlik.com.tr\/en\/neden-turkiyede-egitim\/","title":{"rendered":"Neden T\u00fcrkiye&#8217;de E\u011fitim ?"},"content":{"rendered":"<p><strong>Genel Bak\u0131\u015f<\/strong><\/p>\n<p>T\u00fcrkiye, artan \u00fcniversite, ara\u015ft\u0131rma merkezi, akademisyen say\u0131s\u0131 ve uluslararas\u0131la\u015fma boyutlar\u0131 ile birlikte y\u00fcksek\u00f6\u011frenim alan\u0131nda bir de\u011fi\u015fimden ge\u00e7mektedir. Son 10 y\u0131lda, T\u00fcrkiye\u2019deki \u00fcniversitelerde \u00f6\u011frenim g\u00f6ren uluslararas\u0131 \u00f6\u011frenci say\u0131s\u0131 %75 oran\u0131nda artm\u0131\u015ft\u0131r ve g\u00fcncel rakamlara g\u00f6re 224 bin uluslararas\u0131 \u00f6\u011frenci ile T\u00fcrkiye d\u00fcnyadaki en \u00e7ok uluslararas\u0131 \u00f6\u011frenci a\u011f\u0131rlayan \u00fclkeler aras\u0131na girmi\u015f ve 2023 y\u0131l\u0131na kadar\u00a0<strong>300 bin<\/strong>\u00a0uluslararas\u0131 \u00f6\u011frenciye ev sahipli\u011fi yapmay\u0131 hedeflemektedir.<\/p>\n<p>T\u00fcrkiye\u2019de y\u00fcksek\u00f6\u011fretim, \u00f6n lisans, lisans, y\u00fcksek lisans, doktora programlar\u0131, fak\u00fclteler, enstit\u00fcler, meslek y\u00fcksekokullar\u0131 ve konservatuarlar\u0131 kapsayan vak\u0131f ve devlet \u00fcniversitelerinden olu\u015fmaktad\u0131r. T\u00fcrkiye\u2019de 206 \u00fcniversite olup bunlar\u0131n 129 u devlet ve 77 si vak\u0131f \u00fcniversitesidir.\u00a0 2018 y\u0131l\u0131 verilerine g\u00f6re e\u011fitim g\u00f6ren \u00f6\u011frenci say\u0131s\u0131 yakla\u015f\u0131k 7.5 milyondur, bunun 150 bini ise yakla\u015f\u0131k 195 \u00fclkeden uluslararas\u0131 \u00f6\u011frencidir.<\/p>\n<p>Bologna S\u00fcreci&#8217;nin bir par\u00e7as\u0131 olarak 2001&#8217;den beri T\u00fcrk \u00fcniversitelerinde uygulanan Avrupa Kredi Transfer ve Biriktirme Sistemi (AKTS\/ECTS: European Credit Transfer System) sayesinde t\u00fcm \u00f6\u011frenciler di\u011fer \u00fclkelerde e\u011fitimlerine devam edebilmekte ve diplomalar\u0131n\u0131 di\u011fer \u00fclkeler taraf\u0131ndan kabul ettirebilmektedir.<\/p>\n<p>Ayr\u0131ca Modern e\u011fitim olanaklar\u0131na sahip T\u00fcrk \u00fcniversitelerinde e\u011fitim dili T\u00fcrk\u00e7e ve \u0130ngilizce olarak verilmektedir. \u00c7o\u011fu T\u00fcrk \u00fcniversitesinin e\u011fitim dili T\u00fcrk\u00e7e olsa da tamam\u0131 \u0130ngilizce e\u011fitim veren \u00fcniversiteler de mevcuttur.<\/p>\n<p>&nbsp;<\/p>\n<p><strong>T\u00dcRK\u0130YE\u2019DE E\u011e\u0130T\u0130M S\u0130ZE D\u0130PLOMADAN \u00c7OK FAZLA \u015eEYLER KAZANDIRACAK.<\/strong><\/p>\n<p>&nbsp;<\/p>\n<p><strong>1- Y\u00fcksek Standartta E\u011fitim<\/strong><\/p>\n<p>T\u00fcrk y\u00fcksek\u00f6\u011fretim sistemi, son y\u0131llarda b\u00fcy\u00fck \u00f6l\u00e7\u00fcde geli\u015fmi\u015ftir. Uluslararas\u0131 \u00f6\u011frencilere zengin se\u00e7enek alan\u0131 sunan T\u00fcrk \u00dcniversitelerindeki e\u011fitim ve \u00f6\u011fretim kadrosunun kalitesi, k\u00fcresel bir d\u00fcnya i\u00e7in ihtiya\u00e7 duyaca\u011f\u0131n\u0131z becerileri edinmenize olanak sa\u011flar.<\/p>\n<p><strong>2- Uluslararas\u0131 Ge\u00e7erlili\u011fe Sahip Diploma<\/strong><\/p>\n<p>T\u00fcrkiye, 2001&#8217;den beri Bologna S\u00fcreci&#8217;nin bir par\u00e7as\u0131 ve ayn\u0131 zamanda bir\u00e7ok farkl\u0131 uluslararas\u0131 platformun \u00fcyesidir. Bunun anlam\u0131, ilk \u00f6nce t\u00fcm \u00f6\u011frencilerin AKTS (Avrupa Kredi Transfer Sistemi) ile di\u011fer \u00fclkelerdeki e\u011fitimlerine devam edebilmeleri ve ikincisi de diplomalar\u0131n\u0131 di\u011fer \u00fclkeler taraf\u0131ndan kabul ettirebilmektir.<\/p>\n<p><strong>3- K\u00fclt\u00fcrel \u00c7e\u015fitlili\u011fe Sahip Dost Bir \u00c7evre<\/strong><\/p>\n<p>Uluslararas\u0131 \u00f6\u011frencilere \u00e7e\u015fitli k\u00fclt\u00fcrel deneyimler sunan, farkl\u0131 dinleri, Misafirperver insanlar\u0131 ve hayat tarzlar\u0131n\u0131 ve de farkl\u0131 mutfaklar\u0131 bir araya getiren T\u00fcrkiye, e\u015fine az rastlanan co\u011frafi konumu ile adeta hem Do\u011fudan Bat\u0131ya, hem de Bat\u0131dan Do\u011fuya a\u00e7\u0131lan bir pencere konumundad\u0131r.<\/p>\n<p><strong>4- Ekonomik E\u011fitim ve Ya\u015fam<\/strong><\/p>\n<p>E\u011fitim ve ya\u015fam maliyeti, yurtd\u0131\u015f\u0131ndaki \u00f6\u011frenim karar\u0131n\u0131zdaki en \u00f6nemli d\u00fc\u015f\u00fcnceniz olacakt\u0131r. Di\u011fer uluslararas\u0131 \u00fclkelerle kar\u015f\u0131la\u015ft\u0131r\u0131ld\u0131\u011f\u0131nda, T\u00fcrkiye, \u00f6nemli \u00f6l\u00e7\u00fcde daha d\u00fc\u015f\u00fck y\u0131ll\u0131k \u00f6\u011frenim \u00fccretleri ve daha d\u00fc\u015f\u00fck ya\u015fam giderleri sunmaktad\u0131r.<\/p>\n<p>Mercer\u2019in 2019 k\u00fcresel ya\u015fam maliyeti s\u0131ralamas\u0131na g\u00f6re, T\u00fcrkiye&#8217;nin b\u00fcy\u00fck \u015fehirleri en pahal\u0131 \u015fehirler listesinin en sonlar\u0131nda yer almaktad\u0131r.<\/p>\n<p><strong>5-Ola\u011fan\u00fcst\u00fc Olanaklara Sahip Modern \u00dcniversiteler<\/strong><\/p>\n<p>Modern mimariye ve teknolojik altyap\u0131ya sahip \u00fcniversiteler, \u00f6\u011frencilerin bilimsel ve k\u00fclt\u00fcrel alanda yeti\u015fmesi i\u00e7in her t\u00fcrl\u00fc olanak sa\u011flamaktad\u0131r. Geli\u015fmi\u015f kamp\u00fcslerde bilgi edinebilece\u011finiz k\u00fct\u00fcphanelerden ileri d\u00fczey laboratuvarlara, kamp\u00fcsten d\u0131\u015far\u0131 \u00e7\u0131kmadan ihtiya\u00e7lar\u0131n\u0131z\u0131 kar\u015f\u0131layabilece\u011fi banka \u015fubeleri ve ATM\u2019ler, al\u0131\u015fveri\u015f merkezi, spor tesisleri, yurtlar, \u00f6\u011frenci kul\u00fcpleri, kuaf\u00f6r ve k\u0131rtasiye gibi bir\u00e7ok tesis bulunmaktad\u0131r.<\/p>\n<p><strong>6- Hayalinizdeki i\u015f i\u00e7in bir kap\u0131<\/strong><\/p>\n<p>T\u00fcrkiye geli\u015fen ve b\u00fcy\u00fcyen ekonomisiyle d\u00fcnyan\u0131n \u00f6nde gelen ekonomilerinden biri olma yolunda ilerlemektedir. T\u00fcrkiye&#8217;de i\u015f yapan ve T\u00fcrk markalar\u0131yla birlikte \u00e7al\u0131\u015fan k\u00fcresel markalar\u0131n say\u0131s\u0131 artmakta ve her y\u0131l y\u00fczlerce uluslararas\u0131 organizasyon, fuar ve konferans yap\u0131lmaktad\u0131r. Dolay\u0131s\u0131yla bu uluslararas\u0131 \u015firketlerden birinde de \u00e7al\u0131\u015fma \u015fans\u0131n\u0131z olabilir. T\u00fcrkiye, tam anlam\u0131yla \u00f6\u011frenciler i\u00e7in f\u0131rsat \u00fclkesidir.<\/p>","protected":false},"excerpt":{"rendered":"<p>Genel Bak\u0131\u015f T\u00fcrkiye, artan \u00fcniversite, ara\u015ft\u0131rma merkezi, akademisyen say\u0131s\u0131 ve uluslararas\u0131la\u015fma boyutlar\u0131 ile birlikte y\u00fcksek\u00f6\u011frenim alan\u0131nda bir de\u011fi\u015fimden ge\u00e7mektedir. Son 10 y\u0131lda, T\u00fcrkiye\u2019deki \u00fcniversitelerde \u00f6\u011frenim g\u00f6ren uluslararas\u0131 \u00f6\u011frenci say\u0131s\u0131 %75 oran\u0131nda artm\u0131\u015ft\u0131r ve g\u00fcncel rakamlara g\u00f6re 224 bin uluslararas\u0131 \u00f6\u011frenci ile T\u00fcrkiye d\u00fcnyadaki en \u00e7ok uluslararas\u0131 \u00f6\u011frenci a\u011f\u0131rlayan \u00fclkeler aras\u0131na girmi\u015f ve 2023 y\u0131l\u0131na kadar\u00a0300 [&hellip;]<\/p>","protected":false},"author":4,"featured_media":0,"parent":0,"menu_order":0,"comment_status":"closed","ping_status":"closed","template":"","meta":{"footnotes":""},"yoast_head":"<!-- This site is optimized with the Yoast SEO plugin v20.13 - https:\/\/yoast.com\/wordpress\/plugins\/seo\/ -->\n<title>Neden T\u00fcrkiye&#039;de E\u011fitim ? - Ecs E\u011fitim Dan\u0131\u015fmanl\u0131k \u015eanl\u0131urfa<\/title>\n<meta name=\"robots\" content=\"index, follow, max-snippet:-1, max-image-preview:large, max-video-preview:-1\" \/>\n<link rel=\"canonical\" href=\"https:\/\/www.ecsdanismanlik.com.tr\/en\/neden-turkiyede-egitim\/\" \/>\n<meta property=\"og:locale\" content=\"en_US\" \/>\n<meta property=\"og:type\" content=\"article\" \/>\n<meta property=\"og:title\" content=\"Neden T\u00fcrkiye&#039;de E\u011fitim ? - Ecs E\u011fitim Dan\u0131\u015fmanl\u0131k \u015eanl\u0131urfa\" \/>\n<meta property=\"og:description\" content=\"Genel Bak\u0131\u015f T\u00fcrkiye, artan \u00fcniversite, ara\u015ft\u0131rma merkezi, akademisyen say\u0131s\u0131 ve uluslararas\u0131la\u015fma boyutlar\u0131 ile birlikte y\u00fcksek\u00f6\u011frenim alan\u0131nda bir de\u011fi\u015fimden ge\u00e7mektedir. Son 10 y\u0131lda, T\u00fcrkiye\u2019deki \u00fcniversitelerde \u00f6\u011frenim g\u00f6ren uluslararas\u0131 \u00f6\u011frenci say\u0131s\u0131 %75 oran\u0131nda artm\u0131\u015ft\u0131r ve g\u00fcncel rakamlara g\u00f6re 224 bin uluslararas\u0131 \u00f6\u011frenci ile T\u00fcrkiye d\u00fcnyadaki en \u00e7ok uluslararas\u0131 \u00f6\u011frenci a\u011f\u0131rlayan \u00fclkeler aras\u0131na girmi\u015f ve 2023 y\u0131l\u0131na kadar\u00a0300 [&hellip;]\" \/>\n<meta property=\"og:url\" content=\"https:\/\/www.ecsdanismanlik.com.tr\/en\/neden-turkiyede-egitim\/\" \/>\n<meta property=\"og:site_name\" content=\"Ecs E\u011fitim Dan\u0131\u015fmanl\u0131k \u015eanl\u0131urfa\" \/>\n<meta name=\"twitter:card\" content=\"summary_large_image\" \/>\n<meta name=\"twitter:label1\" content=\"Est. reading time\" \/>\n\t<meta name=\"twitter:data1\" content=\"3 minutes\" \/>\n<script type=\"application\/ld+json\" class=\"yoast-schema-graph\">{\"@context\":\"https:\/\/schema.org\",\"@graph\":[{\"@type\":\"WebPage\",\"@id\":\"https:\/\/www.ecsdanismanlik.com.tr\/neden-turkiyede-egitim\/\",\"url\":\"https:\/\/www.ecsdanismanlik.com.tr\/neden-turkiyede-egitim\/\",\"name\":\"Neden T\u00fcrkiye'de E\u011fitim ? - Ecs E\u011fitim Dan\u0131\u015fmanl\u0131k \u015eanl\u0131urfa\",\"isPartOf\":{\"@id\":\"https:\/\/www.ecsdanismanlik.com.tr\/#website\"},\"datePublished\":\"2022-05-09T07:00:45+00:00\",\"dateModified\":\"2022-05-09T07:00:45+00:00\",\"breadcrumb\":{\"@id\":\"https:\/\/www.ecsdanismanlik.com.tr\/neden-turkiyede-egitim\/#breadcrumb\"},\"inLanguage\":\"en-US\",\"potentialAction\":[{\"@type\":\"ReadAction\",\"target\":[\"https:\/\/www.ecsdanismanlik.com.tr\/neden-turkiyede-egitim\/\"]}]},{\"@type\":\"BreadcrumbList\",\"@id\":\"https:\/\/www.ecsdanismanlik.com.tr\/neden-turkiyede-egitim\/#breadcrumb\",\"itemListElement\":[{\"@type\":\"ListItem\",\"position\":1,\"name\":\"Anasayfa\",\"item\":\"https:\/\/www.ecsdanismanlik.com.tr\/tr_tr\/\"},{\"@type\":\"ListItem\",\"position\":2,\"name\":\"Neden T\u00fcrkiye&#8217;de E\u011fitim ?\"}]},{\"@type\":\"WebSite\",\"@id\":\"https:\/\/www.ecsdanismanlik.com.tr\/#website\",\"url\":\"https:\/\/www.ecsdanismanlik.com.tr\/\",\"name\":\"Ecs E\u011fitim Dan\u0131\u015fmanl\u0131k \u015eanl\u0131urfa\",\"description\":\"\",\"potentialAction\":[{\"@type\":\"SearchAction\",\"target\":{\"@type\":\"EntryPoint\",\"urlTemplate\":\"https:\/\/www.ecsdanismanlik.com.tr\/?s={search_term_string}\"},\"query-input\":\"required name=search_term_string\"}],\"inLanguage\":\"en-US\"}]}<\/script>\n<!-- \/ Yoast SEO plugin. -->","yoast_head_json":{"title":"Neden T\u00fcrkiye'de E\u011fitim ? - Ecs E\u011fitim Dan\u0131\u015fmanl\u0131k \u015eanl\u0131urfa","robots":{"index":"index","follow":"follow","max-snippet":"max-snippet:-1","max-image-preview":"max-image-preview:large","max-video-preview":"max-video-preview:-1"},"canonical":"https:\/\/www.ecsdanismanlik.com.tr\/en\/neden-turkiyede-egitim\/","og_locale":"en_US","og_type":"article","og_title":"Neden T\u00fcrkiye'de E\u011fitim ? - Ecs E\u011fitim Dan\u0131\u015fmanl\u0131k \u015eanl\u0131urfa","og_description":"Genel Bak\u0131\u015f T\u00fcrkiye, artan \u00fcniversite, ara\u015ft\u0131rma merkezi, akademisyen say\u0131s\u0131 ve uluslararas\u0131la\u015fma boyutlar\u0131 ile birlikte y\u00fcksek\u00f6\u011frenim alan\u0131nda bir de\u011fi\u015fimden ge\u00e7mektedir. Son 10 y\u0131lda, T\u00fcrkiye\u2019deki \u00fcniversitelerde \u00f6\u011frenim g\u00f6ren uluslararas\u0131 \u00f6\u011frenci say\u0131s\u0131 %75 oran\u0131nda artm\u0131\u015ft\u0131r ve g\u00fcncel rakamlara g\u00f6re 224 bin uluslararas\u0131 \u00f6\u011frenci ile T\u00fcrkiye d\u00fcnyadaki en \u00e7ok uluslararas\u0131 \u00f6\u011frenci a\u011f\u0131rlayan \u00fclkeler aras\u0131na girmi\u015f ve 2023 y\u0131l\u0131na kadar\u00a0300 [&hellip;]","og_url":"https:\/\/www.ecsdanismanlik.com.tr\/en\/neden-turkiyede-egitim\/","og_site_name":"Ecs E\u011fitim Dan\u0131\u015fmanl\u0131k \u015eanl\u0131urfa","twitter_card":"summary_large_image","twitter_misc":{"Est. reading time":"3 minutes"},"schema":{"@context":"https:\/\/schema.org","@graph":[{"@type":"WebPage","@id":"https:\/\/www.ecsdanismanlik.com.tr\/neden-turkiyede-egitim\/","url":"https:\/\/www.ecsdanismanlik.com.tr\/neden-turkiyede-egitim\/","name":"Neden T\u00fcrkiye'de E\u011fitim ? - Ecs E\u011fitim Dan\u0131\u015fmanl\u0131k \u015eanl\u0131urfa","isPartOf":{"@id":"https:\/\/www.ecsdanismanlik.com.tr\/#website"},"datePublished":"2022-05-09T07:00:45+00:00","dateModified":"2022-05-09T07:00:45+00:00","breadcrumb":{"@id":"https:\/\/www.ecsdanismanlik.com.tr\/neden-turkiyede-egitim\/#breadcrumb"},"inLanguage":"en-US","potentialAction":[{"@type":"ReadAction","target":["https:\/\/www.ecsdanismanlik.com.tr\/neden-turkiyede-egitim\/"]}]},{"@type":"BreadcrumbList","@id":"https:\/\/www.ecsdanismanlik.com.tr\/neden-turkiyede-egitim\/#breadcrumb","itemListElement":[{"@type":"ListItem","position":1,"name":"Anasayfa","item":"https:\/\/www.ecsdanismanlik.com.tr\/tr_tr\/"},{"@type":"ListItem","position":2,"name":"Neden T\u00fcrkiye&#8217;de E\u011fitim ?"}]},{"@type":"WebSite","@id":"https:\/\/www.ecsdanismanlik.com.tr\/#website","url":"https:\/\/www.ecsdanismanlik.com.tr\/","name":"Ecs E\u011fitim Dan\u0131\u015fmanl\u0131k \u015eanl\u0131urfa","description":"","potentialAction":[{"@type":"SearchAction","target":{"@type":"EntryPoint","urlTemplate":"https:\/\/www.ecsdanismanlik.com.tr\/?s={search_term_string}"},"query-input":"required name=search_term_string"}],"inLanguage":"en-US"}]}},"_links":{"self":[{"href":"https:\/\/www.ecsdanismanlik.com.tr\/en\/wp-json\/wp\/v2\/pages\/1944"}],"collection":[{"href":"https:\/\/www.ecsdanismanlik.com.tr\/en\/wp-json\/wp\/v2\/pages"}],"about":[{"href":"https:\/\/www.ecsdanismanlik.com.tr\/en\/wp-json\/wp\/v2\/types\/page"}],"author":[{"embeddable":true,"href":"https:\/\/www.ecsdanismanlik.com.tr\/en\/wp-json\/wp\/v2\/users\/4"}],"replies":[{"embeddable":true,"href":"https:\/\/www.ecsdanismanlik.com.tr\/en\/wp-json\/wp\/v2\/comments?post=1944"}],"version-history":[{"count":0,"href":"https:\/\/www.ecsdanismanlik.com.tr\/en\/wp-json\/wp\/v2\/pages\/1944\/revisions"}],"wp:attachment":[{"href":"https:\/\/www.ecsdanismanlik.com.tr\/en\/wp-json\/wp\/v2\/media?parent=1944"}],"curies":[{"name":"wp","href":"https:\/\/api.w.org\/{rel}","templated":true}]}}