{"id":1933,"date":"2022-05-09T09:56:30","date_gmt":"2022-05-09T06:56:30","guid":{"rendered":"https:\/\/www.ecsdanismanlik.com.tr\/?page_id=1933"},"modified":"2022-05-09T09:56:30","modified_gmt":"2022-05-09T06:56:30","slug":"egitim-sistemi","status":"publish","type":"page","link":"https:\/\/www.ecsdanismanlik.com.tr\/en\/egitim-sistemi\/","title":{"rendered":"Education system"},"content":{"rendered":"<p><strong>Genel Yap\u0131<\/strong><\/p>\n<p>1981 y\u0131l\u0131nda, T\u00fcrkiye&#8217;nin y\u00fcksek\u00f6\u011fretim sistemi 2547 say\u0131l\u0131 yeni Y\u00fcksek\u00f6\u011fretim Kanunu uyar\u0131nca, kapsaml\u0131 bir \u015fekilde yeniden yap\u0131land\u0131r\u0131lm\u0131\u015ft\u0131r. B\u00f6ylece t\u00fcm y\u00fcksek\u00f6\u011fretim kurumlar\u0131 Y\u00fcksek\u00f6\u011fretim Kuruluna (Y\u00d6K) ba\u011flanarak sistem merkezi bir hale getirilmi\u015ftir Bu yeniden yap\u0131lanma sonras\u0131nda, t\u00fcm y\u00fcksek\u00f6\u011fretim kurumlar\u0131 \u00fcniversite olarak tasarlanm\u0131\u015ft\u0131r. Y\u00fcksek\u00f6\u011fretimin \u00fclke genelinde yayg\u0131nla\u015fmas\u0131 sa\u011flanm\u0131\u015f, y\u00fcksek\u00f6\u011fretime ba\u015fvuru merkezile\u015ftirilmi\u015f ve merkezi bir \u00fcniversite s\u0131nav\u0131 ve yerle\u015ftirme sistemi uygulanmaya ba\u015flam\u0131\u015ft\u0131r. Devlet \u00fcniversitelerinin yan\u0131nda, 1986 y\u0131l\u0131nda T\u00fcrkiye&#8217;nin ilk kar amac\u0131 g\u00fctmeyen vak\u0131f \u00fcniversitesi \u00f6\u011frencilere e\u011fitim sunmaya ba\u015flam\u0131\u015ft\u0131r.<\/p>\n<p>2012 y\u0131l\u0131ndan bu yana T\u00fcrkiye&#8217;de zorunlu e\u011fitim 12 y\u0131l s\u00fcrmektedir ve \u00fc\u00e7 a\u015famaya ayr\u0131lmaktad\u0131r (ilk\u00f6\u011fretim, orta\u00f6\u011fretim ve lise).<\/p>\n<p><strong>Okul \u00d6ncesi E\u011fitim:<\/strong>\u00a0Zorunlu ilk\u00f6\u011fretim \u00e7a\u011f\u0131na gelmemi\u015f, 3 ile 5 ya\u015f grubundaki \u00e7ocuklar\u0131 kapsayan e\u011fitimdir; iste\u011fe ba\u011fl\u0131d\u0131r.<\/p>\n<p><strong>\u0130lk\u00f6\u011fretim<\/strong>: 6 ile 10 ya\u015f grubundaki \u00e7ocuklar\u0131n e\u011fitim ve \u00f6\u011fretimini ifade eder. \u0130lk\u00f6\u011fretim t\u00fcm vatanda\u015flar i\u00e7in zorunludur. Devlet okullar\u0131nda \u00fccretsizdir ve d\u00f6rt y\u0131l s\u00fcrer (birinci, ikinci, \u00fc\u00e7\u00fcnc\u00fc ve d\u00f6rd\u00fcnc\u00fc s\u0131n\u0131flar).<\/p>\n<p><strong>Orta\u00f6\u011fretim:<\/strong>\u00a010 ila 14 ya\u015f grubundaki \u00e7ocuklar\u0131n e\u011fitim ve \u00f6\u011fretimini i\u00e7erir. Temel orta\u00f6\u011fretim t\u00fcm vatanda\u015flar i\u00e7in zorunludur. Devlet okullar\u0131nda \u00fccretsizdir ve d\u00f6rt y\u0131l s\u00fcrer (be\u015finci, alt\u0131nc\u0131, yedinci ve sekizinci s\u0131n\u0131flar). Temel orta\u00f6\u011fretimin tamamlanmas\u0131ndan \u00f6nce \u00f6\u011frencilere hem genel liseler hakk\u0131nda hem de orta\u00f6\u011fretim sonunda edinilecek mesle\u011fe y\u00f6nelik meslek liseleri ile teknik liseler hakk\u0131nda bilgi verilir.<\/p>\n<p><strong>Lise<\/strong>: 14-17 ya\u015f aras\u0131 \u00e7ocuklar i\u00e7in d\u00f6rt y\u0131ll\u0131k e\u011fitim veren genel liseleri veya mesleki ve\/veya teknik \u00f6zellikli liseleri kapsar (dokuzuncu, onuncu, on birinci, on ikinci s\u0131n\u0131flar). Lise e\u011fitimi t\u00fcm vatanda\u015flar i\u00e7in zorunludur ve devlet okullar\u0131nda \u00fccretsizdir.<\/p>\n<p><strong>Y\u00fcksek\u00f6\u011fretim<\/strong>: Liseden mezun olduktan sonra, \u00f6\u011frenciler \u00fc\u00e7 a\u015famal\u0131 Bologna sistemiyle uyumlu olan y\u00fcksek\u00f6\u011fretime ge\u00e7i\u015f yapabilirler.<\/p>\n<p>&nbsp;<\/p>\n<p><strong>Y\u00fcksek\u00f6\u011fretim Kurumu T\u00fcrleri ve Akademik Birimler<\/strong><\/p>\n<p><strong>Fak\u00fclte:\u00a0<\/strong>Y\u00fcksek\u00f6\u011fretimin, bilimsel ara\u015ft\u0131rmalar\u0131n ve yay\u0131nlar\u0131n yap\u0131ld\u0131\u011f\u0131 birimdir. \u00c7e\u015fitli b\u00f6l\u00fcmler ve programlar fak\u00fclte b\u00fcnyesinde olabilmektedir. \u00d6\u011frenciler en az d\u00f6rt y\u0131l s\u00fcren bir e\u011fitim program\u0131n\u0131n sonunda lisans derecesi kazanmaktad\u0131r.<\/p>\n<p><strong>Enstit\u00fc:\u00a0<\/strong>\u00dcniversitelerde lisans\u00fcst\u00fc e\u011fitim verilen, bilimsel ara\u015ft\u0131rma ve yay\u0131n yap\u0131lan birimdir. Enstit\u00fclerde y\u00fcksek lisans veya doktora dereceleri verilmektedir.<\/p>\n<p><strong>Y\u00fcksekokul:\u00a0<\/strong>Belirli bir mesle\u011fe y\u00f6nelik e\u011fitim \u00f6\u011fretime a\u011f\u0131rl\u0131k veren birimdir. Sekiz yar\u0131y\u0131l s\u00fcrmektedir.<\/p>\n<p><strong>Konservatuvar:\u00a0<\/strong>M\u00fczik ve sahne sanatlar\u0131nda sanat\u00e7\u0131 yeti\u015ftirilen birimdir. Sekiz yar\u0131y\u0131l s\u00fcrmektedir.<\/p>\n<p><strong>Lise Sonras\u0131 Meslek Y\u00fcksekokulu:\u00a0<\/strong>Belirli mesleklere y\u00f6nelik nitelikli insan g\u00fcc\u00fc yeti\u015ftirilmeyi ama\u00e7layan, d\u00f6rt yar\u0131y\u0131ll\u0131k e\u011fitim s\u00fcresi sonunda \u00f6n lisans derecesi verilen birimdir.<\/p>\n<p><strong>Ara\u015ft\u0131rma ve Uygulama Merkezi:\u00a0<\/strong>Y\u00fcksek\u00f6\u011fretim kurumlar\u0131nda e\u011fitim \u00f6\u011fretimin desteklenmesi amac\u0131yla \u00e7e\u015fitli alanlar\u0131n uygulama ihtiyac\u0131 ve baz\u0131 meslek dallar\u0131n\u0131n haz\u0131rl\u0131k ve destek faaliyetleri i\u00e7in e\u011fitim-\u00f6\u011fretim, uygulama ve ara\u015ft\u0131rmalar\u0131n s\u00fcrd\u00fcr\u00fcld\u00fc\u011f\u00fc birimdir.<\/p>\n<p>&nbsp;<\/p>\n<p><strong>Dereceler<\/strong><\/p>\n<p><strong>\u00d6nlisans:\u00a0<\/strong>\u0130ki y\u0131ll\u0131k e\u011fitim program\u0131 tamamland\u0131ktan sonra verilen derecedir. Baz\u0131 uzaktan e\u011fitim programlar\u0131 da mevcuttur. \u00d6nlisans programlar\u0131 bir s\u00fcre meslek i\u00e7i e\u011fitim gerektirebilir.<\/p>\n<p><strong>Lisans:\u00a0<\/strong>D\u00f6rt y\u0131ll\u0131k ve 240 AKTS\u2019lik bir e\u011fitim tamamland\u0131ktan sonra verilir. Di\u015f Hekimli\u011fi, Veterinerlik ve Eczac\u0131l\u0131k i\u00e7in e\u011fitim s\u00fcresi be\u015f y\u0131l ve T\u0131p i\u00e7in alt\u0131 y\u0131ld\u0131r. Bu d\u00f6rt alanda kazan\u0131lan yeterlilikler y\u00fcksek lisans derecesine e\u015fde\u011fer olarak kabul edilir.<\/p>\n<p><strong>Y\u00fcksek lisans<\/strong>: Sosyal Bilimler (MA) veya Fen Bilimleri (MS) derecesi verilen iki y\u0131ll\u0131k bir programd\u0131r. Tezli ve tezsiz olmak \u00fczere iki t\u00fcr Y\u00fcksek Lisans Program\u0131 vard\u0131r. Tezli y\u00fcksek lisans program\u0131, genellikle en az 120 AKTS kredisi olan ve ard\u0131ndan bir tezin sunuldu\u011fu derslerden olu\u015fan iki y\u0131ll\u0131k bir programd\u0131r. Tezsiz programlar ise bir veya bir bu\u00e7uk y\u0131lda tamamlanan ve en az 90 kredilik derslerin ve bir d\u00f6nem projesinin tamamlanmas\u0131n\u0131 kapsayan programlard\u0131r.<\/p>\n<p><strong>Doktora:\u00a0<\/strong>Doktora (PhD) derecesi verilen genellikle sekiz yar\u0131y\u0131ldan olu\u015fan bir programd\u0131r. 180-240 AKTS kredilik dersleri, yeterlilik s\u0131nav\u0131, bir tez sunumu, tez s\u00f6zl\u00fc savunmas\u0131n\u0131 kapsar. Derslerini ve yeterlilik s\u0131nav\u0131n\u0131 ba\u015far\u0131yla tamamlad\u0131ktan sonra, \u00f6\u011frenciler \u00f6nce bir tez komitesine tezini sunmal\u0131 ve s\u00f6zl\u00fc olarak savunmal\u0131d\u0131rlar.<\/p>\n<p><strong>T\u0131pta Uzmanl\u0131k<\/strong>: Doktora programlar\u0131na e\u015fde\u011ferdir ve t\u0131p fak\u00fcltelerinde, \u00fcniversite hastanelerinde ve ara\u015ft\u0131rma ve e\u011fitim hastanelerinde yap\u0131l\u0131r. T\u0131pta uzmanl\u0131k i\u00e7in, t\u0131p fak\u00fcltelerinden mezun olanlar i\u00e7in \u00e7e\u015fitli t\u0131p bran\u015flar\u0131nda rekabet\u00e7i bir se\u00e7im s\u0131nav\u0131 vard\u0131r. Uzman adaylar\u0131n bir tez sunmas\u0131 ve bir inceleme komitesinin \u00f6n\u00fcnde savunmas\u0131 gerekir. Ayr\u0131ca belirli d\u00fczeyde yabanc\u0131 dil bilgisi aranmaktad\u0131r.<\/p>\n<p><strong>Sanatta Yeterlik:<\/strong>\u00a0G\u00f6rsel sanatlar ve sahne sanatlar\u0131 dallar\u0131nda en az alt\u0131 yar\u0131y\u0131ll\u0131k y\u00fcksek lisans program\u0131d\u0131r ve doktora ile e\u015fde\u011ferdir. \u00d6zg\u00fcn bir sanat eserinin veya (m\u00fczik ve sahne sanatlar\u0131nda) \u00fcst\u00fcn, yarat\u0131c\u0131 bir performans\u0131n sunumunu gerektirir.<\/p>","protected":false},"excerpt":{"rendered":"<p>Genel Yap\u0131 1981 y\u0131l\u0131nda, T\u00fcrkiye&#8217;nin y\u00fcksek\u00f6\u011fretim sistemi 2547 say\u0131l\u0131 yeni Y\u00fcksek\u00f6\u011fretim Kanunu uyar\u0131nca, kapsaml\u0131 bir \u015fekilde yeniden yap\u0131land\u0131r\u0131lm\u0131\u015ft\u0131r. B\u00f6ylece t\u00fcm y\u00fcksek\u00f6\u011fretim kurumlar\u0131 Y\u00fcksek\u00f6\u011fretim Kuruluna (Y\u00d6K) ba\u011flanarak sistem merkezi bir hale getirilmi\u015ftir Bu yeniden yap\u0131lanma sonras\u0131nda, t\u00fcm y\u00fcksek\u00f6\u011fretim kurumlar\u0131 \u00fcniversite olarak tasarlanm\u0131\u015ft\u0131r. Y\u00fcksek\u00f6\u011fretimin \u00fclke genelinde yayg\u0131nla\u015fmas\u0131 sa\u011flanm\u0131\u015f, y\u00fcksek\u00f6\u011fretime ba\u015fvuru merkezile\u015ftirilmi\u015f ve merkezi bir \u00fcniversite s\u0131nav\u0131 ve [&hellip;]<\/p>","protected":false},"author":4,"featured_media":0,"parent":0,"menu_order":0,"comment_status":"closed","ping_status":"closed","template":"","meta":{"footnotes":""},"yoast_head":"<!-- This site is optimized with the Yoast SEO plugin v20.13 - https:\/\/yoast.com\/wordpress\/plugins\/seo\/ -->\n<title>E\u011fitim Sistemi - Ecs E\u011fitim Dan\u0131\u015fmanl\u0131k \u015eanl\u0131urfa<\/title>\n<meta name=\"robots\" content=\"index, follow, max-snippet:-1, max-image-preview:large, max-video-preview:-1\" \/>\n<link rel=\"canonical\" href=\"https:\/\/www.ecsdanismanlik.com.tr\/en\/egitim-sistemi\/\" \/>\n<meta property=\"og:locale\" content=\"en_US\" \/>\n<meta property=\"og:type\" content=\"article\" \/>\n<meta property=\"og:title\" content=\"E\u011fitim Sistemi - Ecs E\u011fitim Dan\u0131\u015fmanl\u0131k \u015eanl\u0131urfa\" \/>\n<meta property=\"og:description\" content=\"Genel Yap\u0131 1981 y\u0131l\u0131nda, T\u00fcrkiye&#8217;nin y\u00fcksek\u00f6\u011fretim sistemi 2547 say\u0131l\u0131 yeni Y\u00fcksek\u00f6\u011fretim Kanunu uyar\u0131nca, kapsaml\u0131 bir \u015fekilde yeniden yap\u0131land\u0131r\u0131lm\u0131\u015ft\u0131r. B\u00f6ylece t\u00fcm y\u00fcksek\u00f6\u011fretim kurumlar\u0131 Y\u00fcksek\u00f6\u011fretim Kuruluna (Y\u00d6K) ba\u011flanarak sistem merkezi bir hale getirilmi\u015ftir Bu yeniden yap\u0131lanma sonras\u0131nda, t\u00fcm y\u00fcksek\u00f6\u011fretim kurumlar\u0131 \u00fcniversite olarak tasarlanm\u0131\u015ft\u0131r. Y\u00fcksek\u00f6\u011fretimin \u00fclke genelinde yayg\u0131nla\u015fmas\u0131 sa\u011flanm\u0131\u015f, y\u00fcksek\u00f6\u011fretime ba\u015fvuru merkezile\u015ftirilmi\u015f ve merkezi bir \u00fcniversite s\u0131nav\u0131 ve [&hellip;]\" \/>\n<meta property=\"og:url\" content=\"https:\/\/www.ecsdanismanlik.com.tr\/en\/egitim-sistemi\/\" \/>\n<meta property=\"og:site_name\" content=\"Ecs E\u011fitim Dan\u0131\u015fmanl\u0131k \u015eanl\u0131urfa\" \/>\n<meta name=\"twitter:card\" content=\"summary_large_image\" \/>\n<meta name=\"twitter:label1\" content=\"Est. reading time\" \/>\n\t<meta name=\"twitter:data1\" content=\"4 minutes\" \/>\n<script type=\"application\/ld+json\" class=\"yoast-schema-graph\">{\"@context\":\"https:\/\/schema.org\",\"@graph\":[{\"@type\":\"WebPage\",\"@id\":\"https:\/\/www.ecsdanismanlik.com.tr\/egitim-sistemi\/\",\"url\":\"https:\/\/www.ecsdanismanlik.com.tr\/egitim-sistemi\/\",\"name\":\"E\u011fitim Sistemi - Ecs E\u011fitim Dan\u0131\u015fmanl\u0131k \u015eanl\u0131urfa\",\"isPartOf\":{\"@id\":\"https:\/\/www.ecsdanismanlik.com.tr\/#website\"},\"datePublished\":\"2022-05-09T06:56:30+00:00\",\"dateModified\":\"2022-05-09T06:56:30+00:00\",\"breadcrumb\":{\"@id\":\"https:\/\/www.ecsdanismanlik.com.tr\/egitim-sistemi\/#breadcrumb\"},\"inLanguage\":\"en-US\",\"potentialAction\":[{\"@type\":\"ReadAction\",\"target\":[\"https:\/\/www.ecsdanismanlik.com.tr\/egitim-sistemi\/\"]}]},{\"@type\":\"BreadcrumbList\",\"@id\":\"https:\/\/www.ecsdanismanlik.com.tr\/egitim-sistemi\/#breadcrumb\",\"itemListElement\":[{\"@type\":\"ListItem\",\"position\":1,\"name\":\"Anasayfa\",\"item\":\"https:\/\/www.ecsdanismanlik.com.tr\/tr_tr\/\"},{\"@type\":\"ListItem\",\"position\":2,\"name\":\"E\u011fitim Sistemi\"}]},{\"@type\":\"WebSite\",\"@id\":\"https:\/\/www.ecsdanismanlik.com.tr\/#website\",\"url\":\"https:\/\/www.ecsdanismanlik.com.tr\/\",\"name\":\"Ecs E\u011fitim Dan\u0131\u015fmanl\u0131k \u015eanl\u0131urfa\",\"description\":\"\",\"potentialAction\":[{\"@type\":\"SearchAction\",\"target\":{\"@type\":\"EntryPoint\",\"urlTemplate\":\"https:\/\/www.ecsdanismanlik.com.tr\/?s={search_term_string}\"},\"query-input\":\"required name=search_term_string\"}],\"inLanguage\":\"en-US\"}]}<\/script>\n<!-- \/ Yoast SEO plugin. -->","yoast_head_json":{"title":"E\u011fitim Sistemi - Ecs E\u011fitim Dan\u0131\u015fmanl\u0131k \u015eanl\u0131urfa","robots":{"index":"index","follow":"follow","max-snippet":"max-snippet:-1","max-image-preview":"max-image-preview:large","max-video-preview":"max-video-preview:-1"},"canonical":"https:\/\/www.ecsdanismanlik.com.tr\/en\/egitim-sistemi\/","og_locale":"en_US","og_type":"article","og_title":"E\u011fitim Sistemi - Ecs E\u011fitim Dan\u0131\u015fmanl\u0131k \u015eanl\u0131urfa","og_description":"Genel Yap\u0131 1981 y\u0131l\u0131nda, T\u00fcrkiye&#8217;nin y\u00fcksek\u00f6\u011fretim sistemi 2547 say\u0131l\u0131 yeni Y\u00fcksek\u00f6\u011fretim Kanunu uyar\u0131nca, kapsaml\u0131 bir \u015fekilde yeniden yap\u0131land\u0131r\u0131lm\u0131\u015ft\u0131r. B\u00f6ylece t\u00fcm y\u00fcksek\u00f6\u011fretim kurumlar\u0131 Y\u00fcksek\u00f6\u011fretim Kuruluna (Y\u00d6K) ba\u011flanarak sistem merkezi bir hale getirilmi\u015ftir Bu yeniden yap\u0131lanma sonras\u0131nda, t\u00fcm y\u00fcksek\u00f6\u011fretim kurumlar\u0131 \u00fcniversite olarak tasarlanm\u0131\u015ft\u0131r. Y\u00fcksek\u00f6\u011fretimin \u00fclke genelinde yayg\u0131nla\u015fmas\u0131 sa\u011flanm\u0131\u015f, y\u00fcksek\u00f6\u011fretime ba\u015fvuru merkezile\u015ftirilmi\u015f ve merkezi bir \u00fcniversite s\u0131nav\u0131 ve [&hellip;]","og_url":"https:\/\/www.ecsdanismanlik.com.tr\/en\/egitim-sistemi\/","og_site_name":"Ecs E\u011fitim Dan\u0131\u015fmanl\u0131k \u015eanl\u0131urfa","twitter_card":"summary_large_image","twitter_misc":{"Est. reading time":"4 minutes"},"schema":{"@context":"https:\/\/schema.org","@graph":[{"@type":"WebPage","@id":"https:\/\/www.ecsdanismanlik.com.tr\/egitim-sistemi\/","url":"https:\/\/www.ecsdanismanlik.com.tr\/egitim-sistemi\/","name":"E\u011fitim Sistemi - Ecs E\u011fitim Dan\u0131\u015fmanl\u0131k \u015eanl\u0131urfa","isPartOf":{"@id":"https:\/\/www.ecsdanismanlik.com.tr\/#website"},"datePublished":"2022-05-09T06:56:30+00:00","dateModified":"2022-05-09T06:56:30+00:00","breadcrumb":{"@id":"https:\/\/www.ecsdanismanlik.com.tr\/egitim-sistemi\/#breadcrumb"},"inLanguage":"en-US","potentialAction":[{"@type":"ReadAction","target":["https:\/\/www.ecsdanismanlik.com.tr\/egitim-sistemi\/"]}]},{"@type":"BreadcrumbList","@id":"https:\/\/www.ecsdanismanlik.com.tr\/egitim-sistemi\/#breadcrumb","itemListElement":[{"@type":"ListItem","position":1,"name":"Anasayfa","item":"https:\/\/www.ecsdanismanlik.com.tr\/tr_tr\/"},{"@type":"ListItem","position":2,"name":"E\u011fitim Sistemi"}]},{"@type":"WebSite","@id":"https:\/\/www.ecsdanismanlik.com.tr\/#website","url":"https:\/\/www.ecsdanismanlik.com.tr\/","name":"Ecs E\u011fitim Dan\u0131\u015fmanl\u0131k \u015eanl\u0131urfa","description":"","potentialAction":[{"@type":"SearchAction","target":{"@type":"EntryPoint","urlTemplate":"https:\/\/www.ecsdanismanlik.com.tr\/?s={search_term_string}"},"query-input":"required name=search_term_string"}],"inLanguage":"en-US"}]}},"_links":{"self":[{"href":"https:\/\/www.ecsdanismanlik.com.tr\/en\/wp-json\/wp\/v2\/pages\/1933"}],"collection":[{"href":"https:\/\/www.ecsdanismanlik.com.tr\/en\/wp-json\/wp\/v2\/pages"}],"about":[{"href":"https:\/\/www.ecsdanismanlik.com.tr\/en\/wp-json\/wp\/v2\/types\/page"}],"author":[{"embeddable":true,"href":"https:\/\/www.ecsdanismanlik.com.tr\/en\/wp-json\/wp\/v2\/users\/4"}],"replies":[{"embeddable":true,"href":"https:\/\/www.ecsdanismanlik.com.tr\/en\/wp-json\/wp\/v2\/comments?post=1933"}],"version-history":[{"count":0,"href":"https:\/\/www.ecsdanismanlik.com.tr\/en\/wp-json\/wp\/v2\/pages\/1933\/revisions"}],"wp:attachment":[{"href":"https:\/\/www.ecsdanismanlik.com.tr\/en\/wp-json\/wp\/v2\/media?parent=1933"}],"curies":[{"name":"wp","href":"https:\/\/api.w.org\/{rel}","templated":true}]}}