{"id":1929,"date":"2022-05-09T09:53:28","date_gmt":"2022-05-09T06:53:28","guid":{"rendered":"https:\/\/www.ecsdanismanlik.com.tr\/?page_id=1929"},"modified":"2022-05-09T09:53:28","modified_gmt":"2022-05-09T06:53:28","slug":"yasam-giderleri","status":"publish","type":"page","link":"https:\/\/www.ecsdanismanlik.com.tr\/en\/yasam-giderleri\/","title":{"rendered":"Living Expenses"},"content":{"rendered":"<h4>Ya\u015fam tarz\u0131n\u0131z ve tercihlerinize g\u00f6re de\u011fi\u015fmekle beraber, T\u00fcrkiye\u2019de \u00f6\u011frenciler i\u00e7in ya\u015fam olduk\u00e7a hesapl\u0131d\u0131r. Bu sayfada, bir uluslararas\u0131 \u00f6\u011frencinin temel harcama kalemleriyle ilgili kafan\u0131zda olu\u015facak olas\u0131 sorular\u0131n cevaplar\u0131n\u0131 bulabilirsiniz.<\/h4>\n<h3><strong>E\u011fitim \u00dccreti\/Katk\u0131 Pay\u0131<\/strong><\/h3>\n<p>T\u00fcrkiye, y\u00fcksek kaliteli \u00f6\u011fretim se\u00e7eneklerini y\u00fcksek \u00f6\u011fretimde \u00f6nde gelen bir\u00e7ok \u00fclkeye g\u00f6re olduk\u00e7a d\u00fc\u015f\u00fck e\u011fitim \u00fccretleri ile sunmas\u0131 bak\u0131m\u0131ndan e\u015fsiz bir \u00fclkedir. Uluslararas\u0131 \u00f6\u011frencilerden al\u0131nacak katk\u0131 pay\u0131 miktarlar\u0131n\u0131n alt ve \u00fcst limitleri devlet taraf\u0131ndan belirlenmi\u015f olup, net miktarlar \u00fcniversitenin inisiyatifine b\u0131rak\u0131lm\u0131\u015ft\u0131r. Bu sebeple, T\u00fcrk \u00fcniversitelerindeki e\u011fitim \u00fccreti miktarlar\u0131, \u00fcniversite t\u00fcr\u00fcne (devlet ya da vak\u0131f), program\u0131n seviyesine (lisans ya da lisans\u00fcst\u00fc), fak\u00fclteye (t\u0131p, di\u015f hekimli\u011fi, m\u00fchendislik, hukuk vb.) ve e\u011fitim s\u00fcresine g\u00f6re de\u011fi\u015fiklik g\u00f6stermekle birlikte, Avrupa ya da Amerika\u2019da benzer kalitede \u00fcniversitelere k\u0131yasla bir hayli uygundur. 2021-2022 akademik y\u0131l\u0131 i\u00e7in ortalama y\u0131ll\u0131k e\u011fitim \u00fccretleri a\u015fa\u011f\u0131daki gibidir:<\/p>\n<table>\n<tbody>\n<tr>\n<td><strong>Seviye<\/strong><\/td>\n<td><strong>University<\/strong><\/p>\n<p><strong>T\u00fcr\u00fc<\/strong><\/td>\n<td><strong>Y\u0131ll\u0131k<\/strong><\/p>\n<p><strong>Ortalama \u00fccret<\/strong><\/td>\n<\/tr>\n<tr>\n<td>Lisans (T\u0131p, Di\u015f Hekimli\u011fi, Eczac\u0131l\u0131k)<\/td>\n<td>State<\/td>\n<td>$2000 &#8211; $5.000<\/td>\n<\/tr>\n<tr>\n<td>Lisans (T\u0131p, Di\u015f Hekimli\u011fi, Eczac\u0131l\u0131k)<\/td>\n<td>Vak\u0131f<\/td>\n<td>$8.000 &#8211; $25.000<\/td>\n<\/tr>\n<tr>\n<td>Lisans (M\u00fchendislik)<\/td>\n<td>State<\/td>\n<td>$400 &#8211; $1.000<\/td>\n<\/tr>\n<tr>\n<td>Lisans (M\u00fchendislik)<\/td>\n<td>Vak\u0131f<\/td>\n<td>$2.000 &#8211; $8.000<\/td>\n<\/tr>\n<tr>\n<td>Lisans (Di\u011fer Programlar)<\/td>\n<td>State<\/td>\n<td>$200 &#8211; $800<\/td>\n<\/tr>\n<tr>\n<td>Lisans (Di\u011fer Programlar)<\/td>\n<td>Vak\u0131f<\/td>\n<td>$2.000 &#8211; $7.000<\/td>\n<\/tr>\n<tr>\n<td>Y\u00fckse Lisans &amp; Doktora<\/td>\n<td>State<\/td>\n<td>$400 &#8211; $1.000<\/td>\n<\/tr>\n<tr>\n<td>Y\u00fckse Lisans<\/td>\n<td>Vak\u0131f<\/td>\n<td>$3.000 \u2013 $12.000 (Program Fiyat\u0131)<\/td>\n<\/tr>\n<tr>\n<td>Doctorate<\/td>\n<td>Vak\u0131f<\/td>\n<td>$6.000 \u2013 $40.000 (Program Fiyat\u0131)<\/td>\n<\/tr>\n<\/tbody>\n<\/table>\n<p>E\u011fitim \u00fccretleri, her d\u00f6nem ba\u015f\u0131nda ders kay\u0131tlar\u0131ndan \u00f6nce \u00f6denir. Her akademik y\u0131l iki d\u00f6nemden olu\u015fur. Akademik ba\u015far\u0131 durumunuza g\u00f6re, Vak\u0131f \u00fcniversitelerinde \u00e7e\u015fitli oranlarda indirimler ya da tam muafiyet alman\u0131z m\u00fcmk\u00fcnd\u00fcr.<\/p>\n<h3><strong>Accommodation<\/strong><\/h3>\n<p>Konaklama i\u00e7in ay\u0131rman\u0131z gereken ayl\u0131k b\u00fct\u00e7e $35 ile $300 aras\u0131nda de\u011fi\u015fiklik g\u00f6sterecektir. Devlet yurtlar\u0131, \u00fcniversite yurtlar\u0131, \u00f6zel yurtlar ve kiral\u0131k apartman dairesi se\u00e7eneklerinden her biri de\u011fi\u015fen maliyetlere sahiptir. Yurtlar i\u00e7in ayl\u0131k \u00f6deme yap\u0131l\u0131r ve dolay\u0131s\u0131yla yurtta kalmad\u0131\u011f\u0131n\u0131z yaz aylar\u0131nda \u00f6deme yapman\u0131z gerekmez. Ancak ev kiras\u0131n\u0131 y\u0131l\u0131n 12 ay\u0131, ayl\u0131k olarak \u00f6demeniz gerekir.<\/p>\n<p>Yurtlar ve kiral\u0131k daireler i\u00e7in ilk giri\u015fte belli bir miktar depozito \u00f6denmesi gerekir. Bu miktar, yurdun ayl\u0131k \u00f6demesine ya da dairenin ayl\u0131k kiras\u0131na g\u00f6re de\u011fi\u015fiklik g\u00f6sterebilir.<\/p>\n<p>Konaklamayla ilgili ayr\u0131nt\u0131l\u0131 bilgiye\u00a0<u>Shelter<\/u>\u00a0sayfas\u0131ndan ula\u015fabilirsiniz.<\/p>\n<h3><strong>Sigorta ve Sa\u011fl\u0131k Harcamalar\u0131<\/strong><\/h3>\n<p>Uluslararas\u0131 \u00f6\u011frenciler i\u00e7in sa\u011fl\u0131k sigortas\u0131 \u00f6zel poli\u00e7elerde y\u0131ll\u0131k $30-50 aras\u0131nda de\u011fi\u015fmektedir. Bu \u00f6zel sigortalar, anla\u015fmal\u0131 hastanelerde, poli\u00e7ede belirtilen limitler dahilinde \u00fccretsiz sa\u011fl\u0131k hizmeti alman\u0131z\u0131 sa\u011flar.<\/p>\n<p>Genel Sa\u011fl\u0131k Sigortas\u0131 \u00f6demesi ise 2019 itibariyle y\u0131ll\u0131k 980 TL\u2019dir (Yakla\u015f\u0131k $150). Bu sigorta ile t\u00fcm devlet hastanelerinde \u00fccretsiz sa\u011fl\u0131k hizmeti alabilirsiniz. \u00d6zel hastanelerde ise de\u011fi\u015fen miktarlarda katk\u0131 pay\u0131 \u00f6demeniz gerekecektir.<\/p>\n<h3><strong>G\u00fcnl\u00fck Harcamalar<\/strong><\/h3>\n<p>Sinema, tiyatro, m\u00fcze, toplu ula\u015f\u0131m, baz\u0131 kitabevleri ve restoranlarda \u00f6\u011frenci indirimi sunulur. T\u00fcrk Hava Yollar\u0131\u2019n\u0131n da \u00f6\u011frencilere \u00f6zel cazip indirimler ve kampanyalar sundu\u011funu hat\u0131rlatal\u0131m.<br \/>\n\u0130pucu vermesi a\u00e7\u0131s\u0131ndan baz\u0131 temel ihtiya\u00e7lar\u0131n ortalama fiyatlar\u0131n\u0131 a\u015fa\u011f\u0131da g\u00f6rebilirsiniz.<\/p>\n<ul>\n<li>Kitap ve k\u0131rtasiye \u00fccretleri (y\u0131ll\u0131k): $ 100<\/li>\n<li>Cep Telefonu Faturas\u0131 (ayl\u0131k): $ 5-15<br \/>\n<u><\/u><\/li>\n<\/ul>\n<p>&nbsp;<\/p>\n<h3><strong>Ula\u015f\u0131m &amp; E\u011flence<\/strong><\/h3>\n<ul>\n<li>Otob\u00fcs \/ metro bileti (tek y\u00f6n): 25 Cents<\/li>\n<li>Taksi (5 km): $ 3-4<\/li>\n<li>Sinema bileti: $ 3<\/li>\n<li>Tiyatro bileti (Devlet Tiyatrolar\u0131): $ 2<\/li>\n<li>Opera \/ Bale bileti (Devlet Opera ve Balesi): $ 3<\/li>\n<li>Yerel m\u00fczik grubu konseri: $ 5<\/li>\n<li>Pop\u00fcler bir m\u00fczik grubu konseri: $ 10 &#8211; 20<\/li>\n<li>Futbol ma\u00e7\u0131 bileti: $ 5 &#8211; 40<\/li>\n<\/ul>\n<h3><strong>G\u0131da<\/strong><\/h3>\n<ul>\n<li>Ekmek: 25 Cents<\/li>\n<li>Su (0,5 lt): 50 Kuru\u015f (15 Cents)<\/li>\n<li>S\u00fct (1 lt): 60 Cents<\/li>\n<li>Meyve Suyu (1 lt): 60 Cents<\/li>\n<li>Yumurta (10 adet): $1,5<\/li>\n<li>Beyaz Peynir (1 kg): $\u00a04<\/li>\n<li>Makarna (1 paket): 35 Cents<\/li>\n<li>K\u0131rm\u0131z\u0131 et (1 kg): $ 8 &#8211; 10<\/li>\n<li>Tavuk (1 kg): $ 3 &#8211; 5<\/li>\n<li>Elma (1 kg): 50 Cents<\/li>\n<\/ul>\n<h3><strong>D\u0131\u015far\u0131da Yemek &amp; \u0130\u00e7mek\u00a0<\/strong><\/h3>\n<ul>\n<li>Yemekhanede bir \u00f6\u011f\u00fcn (Devlet \u00fcniversitesi): 20 &#8211; 50 Cents<\/li>\n<li>\u00dcniversite kantininde kahvalt\u0131 (Devlet \u00fcniversitesi): 50 Cents<\/li>\n<li>\u00dcniversite kantininde \u00e7ay(Devlet \u00fcniversitesi): 20 Cents<\/li>\n<li>\u00dcniversite kantininde kahve (Devlet \u00fcniversitesi): 50 Cents<\/li>\n<li>\u00dcniversite kantininde tost (Devlet \u00fcniversitesi): $ 1<\/li>\n<li>Omlet Men\u00fc: $ 2<\/li>\n<li>Sandvi\u00e7 (Vejetaryen): $ 2<\/li>\n<li>Sandvi\u00e7 (Etli): $ 3<\/li>\n<li>\u00c7orba: $ 1<\/li>\n<li>Hamburger Men\u00fc: $ 3<\/li>\n<li>Kebap Men\u00fc: $ 5<\/li>\n<\/ul>","protected":false},"excerpt":{"rendered":"<p>Ya\u015fam tarz\u0131n\u0131z ve tercihlerinize g\u00f6re de\u011fi\u015fmekle beraber, T\u00fcrkiye\u2019de \u00f6\u011frenciler i\u00e7in ya\u015fam olduk\u00e7a hesapl\u0131d\u0131r. Bu sayfada, bir uluslararas\u0131 \u00f6\u011frencinin temel harcama kalemleriyle ilgili kafan\u0131zda olu\u015facak olas\u0131 sorular\u0131n cevaplar\u0131n\u0131 bulabilirsiniz. E\u011fitim \u00dccreti\/Katk\u0131 Pay\u0131 T\u00fcrkiye, y\u00fcksek kaliteli \u00f6\u011fretim se\u00e7eneklerini y\u00fcksek \u00f6\u011fretimde \u00f6nde gelen bir\u00e7ok \u00fclkeye g\u00f6re olduk\u00e7a d\u00fc\u015f\u00fck e\u011fitim \u00fccretleri ile sunmas\u0131 bak\u0131m\u0131ndan e\u015fsiz bir \u00fclkedir. Uluslararas\u0131 \u00f6\u011frencilerden [&hellip;]<\/p>","protected":false},"author":4,"featured_media":0,"parent":0,"menu_order":0,"comment_status":"closed","ping_status":"closed","template":"","meta":{"footnotes":""},"yoast_head":"<!-- This site is optimized with the Yoast SEO plugin v20.13 - https:\/\/yoast.com\/wordpress\/plugins\/seo\/ -->\n<title>Ya\u015fam Giderleri - Ecs E\u011fitim Dan\u0131\u015fmanl\u0131k \u015eanl\u0131urfa<\/title>\n<meta name=\"robots\" content=\"index, follow, max-snippet:-1, max-image-preview:large, max-video-preview:-1\" \/>\n<link rel=\"canonical\" href=\"https:\/\/www.ecsdanismanlik.com.tr\/en\/yasam-giderleri\/\" \/>\n<meta property=\"og:locale\" content=\"en_US\" \/>\n<meta property=\"og:type\" content=\"article\" \/>\n<meta property=\"og:title\" content=\"Ya\u015fam Giderleri - Ecs E\u011fitim Dan\u0131\u015fmanl\u0131k \u015eanl\u0131urfa\" \/>\n<meta property=\"og:description\" content=\"Ya\u015fam tarz\u0131n\u0131z ve tercihlerinize g\u00f6re de\u011fi\u015fmekle beraber, T\u00fcrkiye\u2019de \u00f6\u011frenciler i\u00e7in ya\u015fam olduk\u00e7a hesapl\u0131d\u0131r. Bu sayfada, bir uluslararas\u0131 \u00f6\u011frencinin temel harcama kalemleriyle ilgili kafan\u0131zda olu\u015facak olas\u0131 sorular\u0131n cevaplar\u0131n\u0131 bulabilirsiniz. E\u011fitim \u00dccreti\/Katk\u0131 Pay\u0131 T\u00fcrkiye, y\u00fcksek kaliteli \u00f6\u011fretim se\u00e7eneklerini y\u00fcksek \u00f6\u011fretimde \u00f6nde gelen bir\u00e7ok \u00fclkeye g\u00f6re olduk\u00e7a d\u00fc\u015f\u00fck e\u011fitim \u00fccretleri ile sunmas\u0131 bak\u0131m\u0131ndan e\u015fsiz bir \u00fclkedir. Uluslararas\u0131 \u00f6\u011frencilerden [&hellip;]\" \/>\n<meta property=\"og:url\" content=\"https:\/\/www.ecsdanismanlik.com.tr\/en\/yasam-giderleri\/\" \/>\n<meta property=\"og:site_name\" content=\"Ecs E\u011fitim Dan\u0131\u015fmanl\u0131k \u015eanl\u0131urfa\" \/>\n<meta name=\"twitter:card\" content=\"summary_large_image\" \/>\n<meta name=\"twitter:label1\" content=\"Est. reading time\" \/>\n\t<meta name=\"twitter:data1\" content=\"4 minutes\" \/>\n<script type=\"application\/ld+json\" class=\"yoast-schema-graph\">{\"@context\":\"https:\/\/schema.org\",\"@graph\":[{\"@type\":\"WebPage\",\"@id\":\"https:\/\/www.ecsdanismanlik.com.tr\/yasam-giderleri\/\",\"url\":\"https:\/\/www.ecsdanismanlik.com.tr\/yasam-giderleri\/\",\"name\":\"Ya\u015fam Giderleri - Ecs E\u011fitim Dan\u0131\u015fmanl\u0131k \u015eanl\u0131urfa\",\"isPartOf\":{\"@id\":\"https:\/\/www.ecsdanismanlik.com.tr\/#website\"},\"datePublished\":\"2022-05-09T06:53:28+00:00\",\"dateModified\":\"2022-05-09T06:53:28+00:00\",\"breadcrumb\":{\"@id\":\"https:\/\/www.ecsdanismanlik.com.tr\/yasam-giderleri\/#breadcrumb\"},\"inLanguage\":\"en-US\",\"potentialAction\":[{\"@type\":\"ReadAction\",\"target\":[\"https:\/\/www.ecsdanismanlik.com.tr\/yasam-giderleri\/\"]}]},{\"@type\":\"BreadcrumbList\",\"@id\":\"https:\/\/www.ecsdanismanlik.com.tr\/yasam-giderleri\/#breadcrumb\",\"itemListElement\":[{\"@type\":\"ListItem\",\"position\":1,\"name\":\"Anasayfa\",\"item\":\"https:\/\/www.ecsdanismanlik.com.tr\/tr_tr\/\"},{\"@type\":\"ListItem\",\"position\":2,\"name\":\"Ya\u015fam Giderleri\"}]},{\"@type\":\"WebSite\",\"@id\":\"https:\/\/www.ecsdanismanlik.com.tr\/#website\",\"url\":\"https:\/\/www.ecsdanismanlik.com.tr\/\",\"name\":\"Ecs E\u011fitim Dan\u0131\u015fmanl\u0131k \u015eanl\u0131urfa\",\"description\":\"\",\"potentialAction\":[{\"@type\":\"SearchAction\",\"target\":{\"@type\":\"EntryPoint\",\"urlTemplate\":\"https:\/\/www.ecsdanismanlik.com.tr\/?s={search_term_string}\"},\"query-input\":\"required name=search_term_string\"}],\"inLanguage\":\"en-US\"}]}<\/script>\n<!-- \/ Yoast SEO plugin. -->","yoast_head_json":{"title":"Ya\u015fam Giderleri - Ecs E\u011fitim Dan\u0131\u015fmanl\u0131k \u015eanl\u0131urfa","robots":{"index":"index","follow":"follow","max-snippet":"max-snippet:-1","max-image-preview":"max-image-preview:large","max-video-preview":"max-video-preview:-1"},"canonical":"https:\/\/www.ecsdanismanlik.com.tr\/en\/yasam-giderleri\/","og_locale":"en_US","og_type":"article","og_title":"Ya\u015fam Giderleri - Ecs E\u011fitim Dan\u0131\u015fmanl\u0131k \u015eanl\u0131urfa","og_description":"Ya\u015fam tarz\u0131n\u0131z ve tercihlerinize g\u00f6re de\u011fi\u015fmekle beraber, T\u00fcrkiye\u2019de \u00f6\u011frenciler i\u00e7in ya\u015fam olduk\u00e7a hesapl\u0131d\u0131r. Bu sayfada, bir uluslararas\u0131 \u00f6\u011frencinin temel harcama kalemleriyle ilgili kafan\u0131zda olu\u015facak olas\u0131 sorular\u0131n cevaplar\u0131n\u0131 bulabilirsiniz. E\u011fitim \u00dccreti\/Katk\u0131 Pay\u0131 T\u00fcrkiye, y\u00fcksek kaliteli \u00f6\u011fretim se\u00e7eneklerini y\u00fcksek \u00f6\u011fretimde \u00f6nde gelen bir\u00e7ok \u00fclkeye g\u00f6re olduk\u00e7a d\u00fc\u015f\u00fck e\u011fitim \u00fccretleri ile sunmas\u0131 bak\u0131m\u0131ndan e\u015fsiz bir \u00fclkedir. Uluslararas\u0131 \u00f6\u011frencilerden [&hellip;]","og_url":"https:\/\/www.ecsdanismanlik.com.tr\/en\/yasam-giderleri\/","og_site_name":"Ecs E\u011fitim Dan\u0131\u015fmanl\u0131k \u015eanl\u0131urfa","twitter_card":"summary_large_image","twitter_misc":{"Est. reading time":"4 minutes"},"schema":{"@context":"https:\/\/schema.org","@graph":[{"@type":"WebPage","@id":"https:\/\/www.ecsdanismanlik.com.tr\/yasam-giderleri\/","url":"https:\/\/www.ecsdanismanlik.com.tr\/yasam-giderleri\/","name":"Ya\u015fam Giderleri - Ecs E\u011fitim Dan\u0131\u015fmanl\u0131k \u015eanl\u0131urfa","isPartOf":{"@id":"https:\/\/www.ecsdanismanlik.com.tr\/#website"},"datePublished":"2022-05-09T06:53:28+00:00","dateModified":"2022-05-09T06:53:28+00:00","breadcrumb":{"@id":"https:\/\/www.ecsdanismanlik.com.tr\/yasam-giderleri\/#breadcrumb"},"inLanguage":"en-US","potentialAction":[{"@type":"ReadAction","target":["https:\/\/www.ecsdanismanlik.com.tr\/yasam-giderleri\/"]}]},{"@type":"BreadcrumbList","@id":"https:\/\/www.ecsdanismanlik.com.tr\/yasam-giderleri\/#breadcrumb","itemListElement":[{"@type":"ListItem","position":1,"name":"Anasayfa","item":"https:\/\/www.ecsdanismanlik.com.tr\/tr_tr\/"},{"@type":"ListItem","position":2,"name":"Ya\u015fam Giderleri"}]},{"@type":"WebSite","@id":"https:\/\/www.ecsdanismanlik.com.tr\/#website","url":"https:\/\/www.ecsdanismanlik.com.tr\/","name":"Ecs E\u011fitim Dan\u0131\u015fmanl\u0131k \u015eanl\u0131urfa","description":"","potentialAction":[{"@type":"SearchAction","target":{"@type":"EntryPoint","urlTemplate":"https:\/\/www.ecsdanismanlik.com.tr\/?s={search_term_string}"},"query-input":"required name=search_term_string"}],"inLanguage":"en-US"}]}},"_links":{"self":[{"href":"https:\/\/www.ecsdanismanlik.com.tr\/en\/wp-json\/wp\/v2\/pages\/1929"}],"collection":[{"href":"https:\/\/www.ecsdanismanlik.com.tr\/en\/wp-json\/wp\/v2\/pages"}],"about":[{"href":"https:\/\/www.ecsdanismanlik.com.tr\/en\/wp-json\/wp\/v2\/types\/page"}],"author":[{"embeddable":true,"href":"https:\/\/www.ecsdanismanlik.com.tr\/en\/wp-json\/wp\/v2\/users\/4"}],"replies":[{"embeddable":true,"href":"https:\/\/www.ecsdanismanlik.com.tr\/en\/wp-json\/wp\/v2\/comments?post=1929"}],"version-history":[{"count":0,"href":"https:\/\/www.ecsdanismanlik.com.tr\/en\/wp-json\/wp\/v2\/pages\/1929\/revisions"}],"wp:attachment":[{"href":"https:\/\/www.ecsdanismanlik.com.tr\/en\/wp-json\/wp\/v2\/media?parent=1929"}],"curies":[{"name":"wp","href":"https:\/\/api.w.org\/{rel}","templated":true}]}}