{"id":1915,"date":"2022-05-07T11:48:14","date_gmt":"2022-05-07T08:48:14","guid":{"rendered":"https:\/\/www.ecsdanismanlik.com.tr\/?page_id=1915"},"modified":"2022-05-07T11:48:14","modified_gmt":"2022-05-07T08:48:14","slug":"barinma","status":"publish","type":"page","link":"https:\/\/www.ecsdanismanlik.com.tr\/en\/barinma\/","title":{"rendered":"Shelter"},"content":{"rendered":"<p>Uluslararas\u0131 \u00f6\u011frencilerin, T\u00fcrkiye&#8217;deki e\u011fitim hayatlar\u0131 boyunca bar\u0131nma ihtiya\u00e7lar\u0131n\u0131 kar\u015f\u0131lamak i\u00e7in \u00e7e\u015fitli se\u00e7enekleri bulunmaktad\u0131r. \u00d6\u011frenciler, yerle\u015fkelerin i\u00e7inde yer alan \u00fcniversite yurtlar\u0131nda, \u015fehrin \u00e7e\u015fitli noktalar\u0131nda bulunan ve KYK (Y\u00fcksek \u00d6\u011frenim Kredi ve Yurtlar Kurumu) taraf\u0131ndan y\u00f6netilen devlet yurtlar\u0131nda, \u00f6zel yurtlarda ya da \u015fehirde kiralad\u0131klar\u0131 apartman dairelerinde kalabilirler.<\/p>\n<p><strong>Devlet Yurtlar\u0131 ve \u00dcniversite Yurtlar\u0131<\/strong><\/p>\n<p>T\u00fcrkiye&#8217;deki devlet yurtlar\u0131n\u0131n tamam\u0131 ve \u00fcniversite yurtlar\u0131n\u0131n neredeyse t\u00fcm\u00fc kad\u0131n ve erkek \u00f6\u011frenciler i\u00e7in ayr\u0131 ayr\u0131d\u0131r. Odalarda kalan \u00f6\u011frenci say\u0131s\u0131 de\u011fi\u015fken olmakla beraber, \u00fccret tarifeleri genellikle odada kalan ki\u015fi say\u0131s\u0131na ba\u011fl\u0131 olarak artabilir ya da azalabilir.<\/p>\n<p>Oda ve ortak kullan\u0131m alanlar\u0131nda bir \u00f6\u011frencinin ihtiyac\u0131 olabilecek her mobilya \u00f6\u011frencilere haz\u0131r olarak sunulur. Yurtlarda t\u00fcm \u00f6\u011frencilerin eri\u015fimine a\u00e7\u0131k kablolu\/kablosuz internet hizmeti bulunur. Baz\u0131 yurtlar\u0131n kendi kafeteryas\u0131 vard\u0131r ve buralarda genellikle kahvalt\u0131 ve ak\u015fam yemek verilir. Televizyon odas\u0131, \u00e7al\u0131\u015fma odas\u0131, mutfak gibi ortak alanlar da \u00f6\u011frencilerin kullan\u0131m\u0131na a\u00e7\u0131kt\u0131r.<\/p>\n<p>KYK taraf\u0131ndan i\u015fletilen yurtlar\u0131n ayl\u0131k \u00fccretleri 2019 y\u0131l\u0131 i\u00e7in 168 TL ile 285 TL ($ 30 &#8211; 40) aras\u0131nda de\u011fi\u015fmektedir. \u00dcniversite yurtlar\u0131n\u0131n \u00fccretleri ise her \u00fcniversitede ve konaklanan odan\u0131n fiziki \u00f6zelliklerine g\u00f6re de\u011fi\u015fiklik g\u00f6sterir.<\/p>\n<p><strong>\u00d6zel Yurtlar<\/strong><\/p>\n<p>\u00c7o\u011fu \u00fcniversite yerle\u015fkesinin civar\u0131nda \u00f6zel yurtlar bulmak m\u00fcmk\u00fcnd\u00fcr. \u00d6zel yurtlar\u0131n sundu\u011fu olanaklar \u00e7o\u011funlukla devlet yurtlar\u0131ndan daha fazlad\u0131r (\u00f6rne\u011fin daha yeni ve \u00e7e\u015fitli mobilyalar) ancak buna kar\u015f\u0131l\u0131k olarak \u00fccretleri de daha y\u00fcksektir.<\/p>\n<p>\u00d6zel\u00a0Yurtlar\u0131\u00a0i\u00e7eren sayfam\u0131z\u0131 inceleyebilirsiniz.<\/p>\n<p><strong>Ev Kiralamak<\/strong><\/p>\n<p>Uluslararas\u0131 \u00f6\u011frenciler i\u00e7in bir di\u011fer bar\u0131nma olana\u011f\u0131 da ev kiralamakt\u0131r. \u00d6zellikle \u00fcniversitelere yak\u0131n semtlerde bir\u00e7ok \u00f6\u011frenci birka\u00e7 arkada\u015f\u0131yla beraber ev kiralar. Konut kalitesi ve say\u0131s\u0131 anlam\u0131nda h\u0131zla geli\u015fmekte olan T\u00fcrkiye\u2019de \u00e7ok fazla kiral\u0131k ev se\u00e7ene\u011finiz olacakt\u0131r. Elbette fiyatlar \u015fehirden \u015fehire ve evin konumuna ve \u00f6zelliklerine g\u00f6re de\u011fi\u015fir. Ancak gitti\u011finiz \u015fehirde b\u00fct\u00e7eniz ne olursa olsun size uygun bir ev bulabilece\u011finize emin olabilirsiniz.<\/p>\n<p>T\u00fcrkiye\u2019deki evler genellikle apartman dairesi \u015feklindedir. Bu dairelerde ya\u015fam alan\u0131 olarak b\u00fcy\u00fck bir salon ve salona ek olarak 2-4 aras\u0131nda oda bulunur. Evlerin b\u00fcy\u00fck \u00e7o\u011funlu\u011funda balkon vard\u0131r. Mutfak evin ayr\u0131 bir b\u00f6l\u00fcm\u00fc olarak yer al\u0131r. Evlerin \u0131s\u0131nmas\u0131 merkezi sistem ya da daireye \u00f6zel kombi ile sa\u011flan\u0131r. 2019 y\u0131l\u0131nda baz\u0131 illerin metrekare ba\u015f\u0131na d\u00fc\u015fen ortalama kira bedelleri temel al\u0131narak, 90 metrekare bir evin ortalama kira bedelleri a\u015fa\u011f\u0131da g\u00f6r\u00fclebilir:<\/p>\n<table width=\"662\">\n<tbody>\n<tr>\n<td>Istanbul<\/td>\n<td width=\"122\">1350 TL<\/td>\n<td width=\"35\"><\/td>\n<td width=\"78\">Gaziantep<\/td>\n<td width=\"264\">990 TL<\/td>\n<\/tr>\n<tr>\n<td>Izmir<\/td>\n<td width=\"122\">1170 TL<\/td>\n<td width=\"35\"><\/td>\n<td width=\"78\">Eski\u015fehir<\/td>\n<td width=\"264\">900 TL<\/td>\n<\/tr>\n<tr>\n<td>Mugla<\/td>\n<td width=\"122\">1350 TL<\/td>\n<td width=\"35\"><\/td>\n<td width=\"78\">Ankara<\/td>\n<td width=\"264\">900 TL<\/td>\n<\/tr>\n<tr>\n<td>Zonguldak<\/td>\n<td width=\"122\">810 TL<\/td>\n<td width=\"35\"><\/td>\n<td width=\"78\">Isparta<\/td>\n<td width=\"264\">990 TL<\/td>\n<\/tr>\n<tr>\n<td>\u00c7anakkale<\/td>\n<td width=\"122\">900 TL<\/td>\n<td width=\"35\"><\/td>\n<td width=\"78\">Adana<\/td>\n<td width=\"264\">720 TL<\/td>\n<\/tr>\n<tr>\n<td>Bursa<\/td>\n<td width=\"122\">900 TL<\/td>\n<td width=\"35\"><\/td>\n<td width=\"78\">Karabuk<\/td>\n<td width=\"264\">720 TL<\/td>\n<\/tr>\n<tr>\n<td>Antalya<\/td>\n<td width=\"122\">1080 TL<\/td>\n<td width=\"35\"><\/td>\n<td width=\"78\">Konya<\/td>\n<td width=\"264\">1000 TL<\/td>\n<\/tr>\n<tr>\n<td>Myrtle<\/td>\n<td width=\"122\">720 TL<\/td>\n<td width=\"35\"><\/td>\n<td width=\"78\">Kocaeli<\/td>\n<td width=\"264\">720 TL<\/td>\n<\/tr>\n<tr>\n<td>Kirsehir<\/td>\n<td width=\"122\">720 TL<\/td>\n<td width=\"35\"><\/td>\n<td width=\"78\">Giresun<\/td>\n<td width=\"264\">870 TL<\/td>\n<\/tr>\n<tr>\n<td>Kayseri<\/td>\n<td width=\"122\">850 TL<\/td>\n<td width=\"35\"><\/td>\n<td width=\"78\">Malatya<\/td>\n<td width=\"264\">990 TL<\/td>\n<\/tr>\n<\/tbody>\n<\/table>\n<p>&nbsp;<\/p>\n<p>Unutmay\u0131n! Ev sahibinizle kira s\u00f6zle\u015fmesi imzalad\u0131ktan sonra ev e\u015fyas\u0131 almak, abonelikler gibi \u00e7e\u015fitli i\u015fler sizleri bekliyor.<\/p>\n<p>Ecs E\u011fitim Dan\u0131\u015fmanl\u0131k olarak, Uluslararas\u0131 \u00f6\u011frenciler i\u00e7in ilk y\u0131llarda T\u00fcrk\u00e7e\u2019nin daha iyi \u00f6\u011frenilmesi ve \u00e7evrenin daha iyi tan\u0131nmas\u0131 amac\u0131yla kendilerine uygun bir yurtta kalmalar\u0131n\u0131 tavsiye ediyoruz.<\/p>\n<p>&nbsp;<\/p>\n<p><strong>Bunun ba\u015fl\u0131ca sebepleri ise\u00a0\u015f\u00f6yledir:<\/strong><\/p>\n<p>&#8211; Yurtta T\u00fcrk \u00f6\u011frencilerle T\u00fcrk\u00e7e diline daha h\u0131zl\u0131 adaptasyon sa\u011flanmas\u0131.<\/p>\n<p>&#8211; Hen\u00fcz arkada\u015fl\u0131k \u00e7evresinin iyi tan\u0131nmam\u0131\u015f olmas\u0131.<\/p>\n<p>&#8211; Okul ve \u00e7evreye adaptasyon sa\u011flamada ve derslerinin yo\u011funlu\u011funu bilmeden ev i\u015fleriyle u\u011fra\u015facak olunmas\u0131.<\/p>\n<p>&#8211; Su, elektrik,\u00a0do\u011falgaz,\u00a0internet, so\u011futma, yeme-i\u00e7me gibi giderlerinin sabit olmamas\u0131.<\/p>","protected":false},"excerpt":{"rendered":"<p>Uluslararas\u0131 \u00f6\u011frencilerin, T\u00fcrkiye&#8217;deki e\u011fitim hayatlar\u0131 boyunca bar\u0131nma ihtiya\u00e7lar\u0131n\u0131 kar\u015f\u0131lamak i\u00e7in \u00e7e\u015fitli se\u00e7enekleri bulunmaktad\u0131r. \u00d6\u011frenciler, yerle\u015fkelerin i\u00e7inde yer alan \u00fcniversite yurtlar\u0131nda, \u015fehrin \u00e7e\u015fitli noktalar\u0131nda bulunan ve KYK (Y\u00fcksek \u00d6\u011frenim Kredi ve Yurtlar Kurumu) taraf\u0131ndan y\u00f6netilen devlet yurtlar\u0131nda, \u00f6zel yurtlarda ya da \u015fehirde kiralad\u0131klar\u0131 apartman dairelerinde kalabilirler. Devlet Yurtlar\u0131 ve \u00dcniversite Yurtlar\u0131 T\u00fcrkiye&#8217;deki devlet yurtlar\u0131n\u0131n tamam\u0131 ve [&hellip;]<\/p>","protected":false},"author":4,"featured_media":0,"parent":0,"menu_order":0,"comment_status":"closed","ping_status":"closed","template":"","meta":{"footnotes":""},"yoast_head":"<!-- This site is optimized with the Yoast SEO plugin v20.13 - https:\/\/yoast.com\/wordpress\/plugins\/seo\/ -->\n<title>Bar\u0131nma - Ecs E\u011fitim Dan\u0131\u015fmanl\u0131k \u015eanl\u0131urfa<\/title>\n<meta name=\"robots\" content=\"index, follow, max-snippet:-1, max-image-preview:large, max-video-preview:-1\" \/>\n<link rel=\"canonical\" href=\"https:\/\/www.ecsdanismanlik.com.tr\/en\/barinma\/\" \/>\n<meta property=\"og:locale\" content=\"en_US\" \/>\n<meta property=\"og:type\" content=\"article\" \/>\n<meta property=\"og:title\" content=\"Bar\u0131nma - Ecs E\u011fitim Dan\u0131\u015fmanl\u0131k \u015eanl\u0131urfa\" \/>\n<meta property=\"og:description\" content=\"Uluslararas\u0131 \u00f6\u011frencilerin, T\u00fcrkiye&#8217;deki e\u011fitim hayatlar\u0131 boyunca bar\u0131nma ihtiya\u00e7lar\u0131n\u0131 kar\u015f\u0131lamak i\u00e7in \u00e7e\u015fitli se\u00e7enekleri bulunmaktad\u0131r. \u00d6\u011frenciler, yerle\u015fkelerin i\u00e7inde yer alan \u00fcniversite yurtlar\u0131nda, \u015fehrin \u00e7e\u015fitli noktalar\u0131nda bulunan ve KYK (Y\u00fcksek \u00d6\u011frenim Kredi ve Yurtlar Kurumu) taraf\u0131ndan y\u00f6netilen devlet yurtlar\u0131nda, \u00f6zel yurtlarda ya da \u015fehirde kiralad\u0131klar\u0131 apartman dairelerinde kalabilirler. Devlet Yurtlar\u0131 ve \u00dcniversite Yurtlar\u0131 T\u00fcrkiye&#8217;deki devlet yurtlar\u0131n\u0131n tamam\u0131 ve [&hellip;]\" \/>\n<meta property=\"og:url\" content=\"https:\/\/www.ecsdanismanlik.com.tr\/en\/barinma\/\" \/>\n<meta property=\"og:site_name\" content=\"Ecs E\u011fitim Dan\u0131\u015fmanl\u0131k \u015eanl\u0131urfa\" \/>\n<meta name=\"twitter:card\" content=\"summary_large_image\" \/>\n<meta name=\"twitter:label1\" content=\"Est. reading time\" \/>\n\t<meta name=\"twitter:data1\" content=\"3 minutes\" \/>\n<script type=\"application\/ld+json\" class=\"yoast-schema-graph\">{\"@context\":\"https:\/\/schema.org\",\"@graph\":[{\"@type\":\"WebPage\",\"@id\":\"https:\/\/www.ecsdanismanlik.com.tr\/barinma\/\",\"url\":\"https:\/\/www.ecsdanismanlik.com.tr\/barinma\/\",\"name\":\"Bar\u0131nma - Ecs E\u011fitim Dan\u0131\u015fmanl\u0131k \u015eanl\u0131urfa\",\"isPartOf\":{\"@id\":\"https:\/\/www.ecsdanismanlik.com.tr\/#website\"},\"datePublished\":\"2022-05-07T08:48:14+00:00\",\"dateModified\":\"2022-05-07T08:48:14+00:00\",\"breadcrumb\":{\"@id\":\"https:\/\/www.ecsdanismanlik.com.tr\/barinma\/#breadcrumb\"},\"inLanguage\":\"en-US\",\"potentialAction\":[{\"@type\":\"ReadAction\",\"target\":[\"https:\/\/www.ecsdanismanlik.com.tr\/barinma\/\"]}]},{\"@type\":\"BreadcrumbList\",\"@id\":\"https:\/\/www.ecsdanismanlik.com.tr\/barinma\/#breadcrumb\",\"itemListElement\":[{\"@type\":\"ListItem\",\"position\":1,\"name\":\"Anasayfa\",\"item\":\"https:\/\/www.ecsdanismanlik.com.tr\/tr_tr\/\"},{\"@type\":\"ListItem\",\"position\":2,\"name\":\"Bar\u0131nma\"}]},{\"@type\":\"WebSite\",\"@id\":\"https:\/\/www.ecsdanismanlik.com.tr\/#website\",\"url\":\"https:\/\/www.ecsdanismanlik.com.tr\/\",\"name\":\"Ecs E\u011fitim Dan\u0131\u015fmanl\u0131k \u015eanl\u0131urfa\",\"description\":\"\",\"potentialAction\":[{\"@type\":\"SearchAction\",\"target\":{\"@type\":\"EntryPoint\",\"urlTemplate\":\"https:\/\/www.ecsdanismanlik.com.tr\/?s={search_term_string}\"},\"query-input\":\"required name=search_term_string\"}],\"inLanguage\":\"en-US\"}]}<\/script>\n<!-- \/ Yoast SEO plugin. -->","yoast_head_json":{"title":"Bar\u0131nma - Ecs E\u011fitim Dan\u0131\u015fmanl\u0131k \u015eanl\u0131urfa","robots":{"index":"index","follow":"follow","max-snippet":"max-snippet:-1","max-image-preview":"max-image-preview:large","max-video-preview":"max-video-preview:-1"},"canonical":"https:\/\/www.ecsdanismanlik.com.tr\/en\/barinma\/","og_locale":"en_US","og_type":"article","og_title":"Bar\u0131nma - Ecs E\u011fitim Dan\u0131\u015fmanl\u0131k \u015eanl\u0131urfa","og_description":"Uluslararas\u0131 \u00f6\u011frencilerin, T\u00fcrkiye&#8217;deki e\u011fitim hayatlar\u0131 boyunca bar\u0131nma ihtiya\u00e7lar\u0131n\u0131 kar\u015f\u0131lamak i\u00e7in \u00e7e\u015fitli se\u00e7enekleri bulunmaktad\u0131r. \u00d6\u011frenciler, yerle\u015fkelerin i\u00e7inde yer alan \u00fcniversite yurtlar\u0131nda, \u015fehrin \u00e7e\u015fitli noktalar\u0131nda bulunan ve KYK (Y\u00fcksek \u00d6\u011frenim Kredi ve Yurtlar Kurumu) taraf\u0131ndan y\u00f6netilen devlet yurtlar\u0131nda, \u00f6zel yurtlarda ya da \u015fehirde kiralad\u0131klar\u0131 apartman dairelerinde kalabilirler. Devlet Yurtlar\u0131 ve \u00dcniversite Yurtlar\u0131 T\u00fcrkiye&#8217;deki devlet yurtlar\u0131n\u0131n tamam\u0131 ve [&hellip;]","og_url":"https:\/\/www.ecsdanismanlik.com.tr\/en\/barinma\/","og_site_name":"Ecs E\u011fitim Dan\u0131\u015fmanl\u0131k \u015eanl\u0131urfa","twitter_card":"summary_large_image","twitter_misc":{"Est. reading time":"3 minutes"},"schema":{"@context":"https:\/\/schema.org","@graph":[{"@type":"WebPage","@id":"https:\/\/www.ecsdanismanlik.com.tr\/barinma\/","url":"https:\/\/www.ecsdanismanlik.com.tr\/barinma\/","name":"Bar\u0131nma - Ecs E\u011fitim Dan\u0131\u015fmanl\u0131k \u015eanl\u0131urfa","isPartOf":{"@id":"https:\/\/www.ecsdanismanlik.com.tr\/#website"},"datePublished":"2022-05-07T08:48:14+00:00","dateModified":"2022-05-07T08:48:14+00:00","breadcrumb":{"@id":"https:\/\/www.ecsdanismanlik.com.tr\/barinma\/#breadcrumb"},"inLanguage":"en-US","potentialAction":[{"@type":"ReadAction","target":["https:\/\/www.ecsdanismanlik.com.tr\/barinma\/"]}]},{"@type":"BreadcrumbList","@id":"https:\/\/www.ecsdanismanlik.com.tr\/barinma\/#breadcrumb","itemListElement":[{"@type":"ListItem","position":1,"name":"Anasayfa","item":"https:\/\/www.ecsdanismanlik.com.tr\/tr_tr\/"},{"@type":"ListItem","position":2,"name":"Bar\u0131nma"}]},{"@type":"WebSite","@id":"https:\/\/www.ecsdanismanlik.com.tr\/#website","url":"https:\/\/www.ecsdanismanlik.com.tr\/","name":"Ecs E\u011fitim Dan\u0131\u015fmanl\u0131k \u015eanl\u0131urfa","description":"","potentialAction":[{"@type":"SearchAction","target":{"@type":"EntryPoint","urlTemplate":"https:\/\/www.ecsdanismanlik.com.tr\/?s={search_term_string}"},"query-input":"required name=search_term_string"}],"inLanguage":"en-US"}]}},"_links":{"self":[{"href":"https:\/\/www.ecsdanismanlik.com.tr\/en\/wp-json\/wp\/v2\/pages\/1915"}],"collection":[{"href":"https:\/\/www.ecsdanismanlik.com.tr\/en\/wp-json\/wp\/v2\/pages"}],"about":[{"href":"https:\/\/www.ecsdanismanlik.com.tr\/en\/wp-json\/wp\/v2\/types\/page"}],"author":[{"embeddable":true,"href":"https:\/\/www.ecsdanismanlik.com.tr\/en\/wp-json\/wp\/v2\/users\/4"}],"replies":[{"embeddable":true,"href":"https:\/\/www.ecsdanismanlik.com.tr\/en\/wp-json\/wp\/v2\/comments?post=1915"}],"version-history":[{"count":0,"href":"https:\/\/www.ecsdanismanlik.com.tr\/en\/wp-json\/wp\/v2\/pages\/1915\/revisions"}],"wp:attachment":[{"href":"https:\/\/www.ecsdanismanlik.com.tr\/en\/wp-json\/wp\/v2\/media?parent=1915"}],"curies":[{"name":"wp","href":"https:\/\/api.w.org\/{rel}","templated":true}]}}