{"id":1911,"date":"2022-05-07T11:42:52","date_gmt":"2022-05-07T08:42:52","guid":{"rendered":"https:\/\/www.ecsdanismanlik.com.tr\/?page_id=1911"},"modified":"2022-05-07T11:42:52","modified_gmt":"2022-05-07T08:42:52","slug":"turkiye-hakkinda","status":"publish","type":"page","link":"https:\/\/www.ecsdanismanlik.com.tr\/en\/turkiye-hakkinda\/","title":{"rendered":"About Turkey"},"content":{"rendered":"<p>Avrupa ve Asya&#8217;n\u0131n kesi\u015fti\u011fi noktada harika bir konuma sahip olan T\u00fcrkiye, k\u00fclt\u00fcrel dokular\u0131 ile e\u015fsiz bir do\u011fal g\u00fczelli\u011fe ve tarihe sahiptir. Anadolu, insanl\u0131k tarihinin ba\u015flang\u0131c\u0131ndan bug\u00fcne kadar bir\u00e7ok b\u00fcy\u00fck medeniyete ve ulusa ev sahipli\u011fi yapm\u0131\u015ft\u0131r. Bu eski, derin ve zengin k\u00fclt\u00fcr, T\u00fcrk k\u00fclt\u00fcr\u00fcn\u00fc g\u00fcn\u00fcm\u00fcz modern medeniyetinin cazibesi yapan \u015feydir. Avrupa ve Asya k\u0131talar\u0131n\u0131 birle\u015ftiren co\u011frafi konumu nedeniyle, T\u00fcrk k\u00fclt\u00fcr\u00fc bu medeniyetlerin etkisiyle geli\u015fmeye devam ediyor. Bu k\u00fclt\u00fcrlerin etkileri T\u00fcrk mutfa\u011f\u0131na ve sosyal ya\u015fama yans\u0131yor. Geleneksel ve modern ya\u015fam\u0131n bir kombinasyonunu ayn\u0131 anda deneyimlemek, bug\u00fcn T\u00fcrkiye&#8217;nin mucizelerinin en g\u00fczel \u00f6rneklerinden biridir. Uluslararas\u0131 \u00f6\u011frenciler gelecek y\u0131llarda onlarla kalacak bir k\u00fclt\u00fcre yeni bir bak\u0131\u015f a\u00e7\u0131s\u0131 kazand\u0131racaklar; bu onlar\u0131n e\u011fitim d\u00f6nemleri ile sosyal ya\u015famlar\u0131 ve i\u015fyerleri boyunca yans\u0131t\u0131lacakt\u0131r. T\u00fcrkiye 80 milyonu a\u015fan bir n\u00fcfusa sahiptir ve bir\u00e7ok farkl\u0131 etnik grup d\u00fc\u015f\u00fcncelerini ve inan\u00e7lar\u0131n\u0131 \u00f6zg\u00fcrce ifade edebilmektedir.<\/p>\n<p>Son y\u0131llarda, T\u00fcrkiye \u00f6nemli siyasi ve sosyal ilerleme ve ekonomik b\u00fcy\u00fcme sa\u011flam\u0131\u015ft\u0131r; b\u00f6ylece d\u00fcnyan\u0131n en h\u0131zl\u0131 b\u00fcy\u00fcyen ekonomisi ve Avrupa&#8217;n\u0131n 6. en b\u00fcy\u00fck ekonomisi haline gelmi\u015ftir. \u015eimdi d\u00fcnyan\u0131n 16. b\u00fcy\u00fck ekonomisi.<\/p>\n<p>&nbsp;<\/p>\n<p><strong>K\u0131sa Bilgiler<\/strong><br \/>\n<strong>Resmi Ad\u0131 :<\/strong> T\u00fcrkiye Cumhuriyeti<\/p>\n<p><strong>Ba\u015fkent :<\/strong> Ankara<\/p>\n<p><strong>Cumhurba\u015fkan\u0131 :<\/strong> Recep Tayyip Erdo\u011fan<\/p>\n<p><strong>En B\u00fcy\u00fck \u015eehirler :<\/strong> \u0130stanbul, Ankara, \u0130zmir, Adana, Antalya, Konya, Bursa, Kayseri, Samsun, Trabzon, Erzurum, Eski\u015fehir, Kocaeli, Sakarya, Mersin, Gaziantep<\/p>\n<p><strong>Y\u00fcz\u00f6l\u00e7\u00fcm\u00fc :<\/strong> 814.578 Km2<\/p>\n<p><strong>Sahil Uzunlu\u011fu :<\/strong> 8333 Km<\/p>\n<p><strong>K\u0131y\u0131 S\u0131n\u0131rlar\u0131 :<\/strong> G\u00fcneyde Akdeniz, Bat\u0131&#8217;da Ege Denizi ve Kuzeyde Karadeniz<\/p>\n<p><strong>Dil :<\/strong> Turkish<\/p>\n<p><strong>Kom\u015fu \u00dclkeler :<\/strong> Azerbaycan, Bulgaristan, Yunanistan, G\u00fcrcistan, Irak, Ermenistan, \u0130ran, Suriye<\/p>\n<p><strong>Para Birimi :<\/strong> T\u00fcrk Liras\u0131 1\u20ac=15.20\u20ba || 1$=13.40\u20ba (Ocak 2022)<\/p>\n<p><strong>N\u00fcfus :<\/strong> 84.680.273 (2022)<\/p>\n<p><strong>\u015eehir Say\u0131s\u0131 :<\/strong> 81<\/p>\n<p><strong>Ortalama Ya\u015fam Beklentisi :<\/strong> 78 Y\u0131l (Erkek: 75.6 y\u0131l &#8211; Kad\u0131n: 81 y\u0131l)<\/p>\n<p><strong>Saat Dilimi :<\/strong> UTC +3<\/p>\n<p><strong>\u00c7al\u0131\u015fma Saatleri :<\/strong> T\u00fcrkiye&#8217;de hafta i\u00e7i g\u00fcnleri Pazartesi ve Cuma g\u00fcnleri aras\u0131ndad\u0131r. Bankalar\u0131n \u00e7o\u011fu devlet daireleri ve \u00f6zel \u015firketler 08.00 &#8211; 17.00 saatleri aras\u0131nda a\u00e7\u0131kt\u0131r.<\/p>\n<p><strong>Resmi Tatiller :<\/strong> T\u00fcrkiye&#8217;deki resmi tatiller, 1 Ocak, 23 Nisan, 1 May\u0131s, 19 May\u0131s, 15 Temmuz, 30 A\u011fustos, her y\u0131l 29 Ekim ve di\u011fer iki dini bayramd\u0131r.<\/p>\n<p><strong>Sa\u011fl\u0131k Hizmetleri :<\/strong> \u015eehirlerde ve \u00f6nemli turistik merkezlerde devlet hastaneleri, y\u00fcksek kaliteli devlet hastaneleri ve \u00e7e\u015fitli uluslararas\u0131 \u00f6zel hastaneler bulunmaktad\u0131r.<\/p>\n<p><strong>\u0130leti\u015fim Hizmetleri :<\/strong> T\u00fcrkiye&#8217;deki her 4.5G hizmeti ve telekom\u00fcnikasyon sekt\u00f6r\u00fcn\u00fcn yakla\u015f\u0131k %95&#8217;ini kapsayan \u00fc\u00e7 GSM operat\u00f6r\u00fc bulunmaktad\u0131r (Turkcell, Vodafone ve T\u00fcrk Telekom). \u0130nternet eri\u015fimi \u00fclke genelinde mevcuttur.<\/p>\n<p><strong>Uluslararas\u0131 Alan Kodu :<\/strong> +90<\/p>\n<p><strong>Uluslararas\u0131 \u00d6\u011frenci Say\u0131s\u0131 :<\/strong> 224.048 (2021)<\/p>","protected":false},"excerpt":{"rendered":"<p>Avrupa ve Asya&#8217;n\u0131n kesi\u015fti\u011fi noktada harika bir konuma sahip olan T\u00fcrkiye, k\u00fclt\u00fcrel dokular\u0131 ile e\u015fsiz bir do\u011fal g\u00fczelli\u011fe ve tarihe sahiptir. Anadolu, insanl\u0131k tarihinin ba\u015flang\u0131c\u0131ndan bug\u00fcne kadar bir\u00e7ok b\u00fcy\u00fck medeniyete ve ulusa ev sahipli\u011fi yapm\u0131\u015ft\u0131r. Bu eski, derin ve zengin k\u00fclt\u00fcr, T\u00fcrk k\u00fclt\u00fcr\u00fcn\u00fc g\u00fcn\u00fcm\u00fcz modern medeniyetinin cazibesi yapan \u015feydir. Avrupa ve Asya k\u0131talar\u0131n\u0131 birle\u015ftiren co\u011frafi [&hellip;]<\/p>","protected":false},"author":4,"featured_media":0,"parent":0,"menu_order":0,"comment_status":"closed","ping_status":"closed","template":"","meta":{"footnotes":""},"yoast_head":"<!-- This site is optimized with the Yoast SEO plugin v20.13 - https:\/\/yoast.com\/wordpress\/plugins\/seo\/ -->\n<title>T\u00fcrkiye Hakk\u0131nda - Ecs E\u011fitim Dan\u0131\u015fmanl\u0131k \u015eanl\u0131urfa<\/title>\n<meta name=\"robots\" content=\"index, follow, max-snippet:-1, max-image-preview:large, max-video-preview:-1\" \/>\n<link rel=\"canonical\" href=\"https:\/\/www.ecsdanismanlik.com.tr\/en\/turkiye-hakkinda\/\" \/>\n<meta property=\"og:locale\" content=\"en_US\" \/>\n<meta property=\"og:type\" content=\"article\" \/>\n<meta property=\"og:title\" content=\"T\u00fcrkiye Hakk\u0131nda - Ecs E\u011fitim Dan\u0131\u015fmanl\u0131k \u015eanl\u0131urfa\" \/>\n<meta property=\"og:description\" content=\"Avrupa ve Asya&#8217;n\u0131n kesi\u015fti\u011fi noktada harika bir konuma sahip olan T\u00fcrkiye, k\u00fclt\u00fcrel dokular\u0131 ile e\u015fsiz bir do\u011fal g\u00fczelli\u011fe ve tarihe sahiptir. Anadolu, insanl\u0131k tarihinin ba\u015flang\u0131c\u0131ndan bug\u00fcne kadar bir\u00e7ok b\u00fcy\u00fck medeniyete ve ulusa ev sahipli\u011fi yapm\u0131\u015ft\u0131r. Bu eski, derin ve zengin k\u00fclt\u00fcr, T\u00fcrk k\u00fclt\u00fcr\u00fcn\u00fc g\u00fcn\u00fcm\u00fcz modern medeniyetinin cazibesi yapan \u015feydir. Avrupa ve Asya k\u0131talar\u0131n\u0131 birle\u015ftiren co\u011frafi [&hellip;]\" \/>\n<meta property=\"og:url\" content=\"https:\/\/www.ecsdanismanlik.com.tr\/en\/turkiye-hakkinda\/\" \/>\n<meta property=\"og:site_name\" content=\"Ecs E\u011fitim Dan\u0131\u015fmanl\u0131k \u015eanl\u0131urfa\" \/>\n<meta name=\"twitter:card\" content=\"summary_large_image\" \/>\n<meta name=\"twitter:label1\" content=\"Est. reading time\" \/>\n\t<meta name=\"twitter:data1\" content=\"3 minutes\" \/>\n<script type=\"application\/ld+json\" class=\"yoast-schema-graph\">{\"@context\":\"https:\/\/schema.org\",\"@graph\":[{\"@type\":\"WebPage\",\"@id\":\"https:\/\/www.ecsdanismanlik.com.tr\/turkiye-hakkinda\/\",\"url\":\"https:\/\/www.ecsdanismanlik.com.tr\/turkiye-hakkinda\/\",\"name\":\"T\u00fcrkiye Hakk\u0131nda - Ecs E\u011fitim Dan\u0131\u015fmanl\u0131k \u015eanl\u0131urfa\",\"isPartOf\":{\"@id\":\"https:\/\/www.ecsdanismanlik.com.tr\/#website\"},\"datePublished\":\"2022-05-07T08:42:52+00:00\",\"dateModified\":\"2022-05-07T08:42:52+00:00\",\"breadcrumb\":{\"@id\":\"https:\/\/www.ecsdanismanlik.com.tr\/turkiye-hakkinda\/#breadcrumb\"},\"inLanguage\":\"en-US\",\"potentialAction\":[{\"@type\":\"ReadAction\",\"target\":[\"https:\/\/www.ecsdanismanlik.com.tr\/turkiye-hakkinda\/\"]}]},{\"@type\":\"BreadcrumbList\",\"@id\":\"https:\/\/www.ecsdanismanlik.com.tr\/turkiye-hakkinda\/#breadcrumb\",\"itemListElement\":[{\"@type\":\"ListItem\",\"position\":1,\"name\":\"Anasayfa\",\"item\":\"https:\/\/www.ecsdanismanlik.com.tr\/tr_tr\/\"},{\"@type\":\"ListItem\",\"position\":2,\"name\":\"T\u00fcrkiye Hakk\u0131nda\"}]},{\"@type\":\"WebSite\",\"@id\":\"https:\/\/www.ecsdanismanlik.com.tr\/#website\",\"url\":\"https:\/\/www.ecsdanismanlik.com.tr\/\",\"name\":\"Ecs E\u011fitim Dan\u0131\u015fmanl\u0131k \u015eanl\u0131urfa\",\"description\":\"\",\"potentialAction\":[{\"@type\":\"SearchAction\",\"target\":{\"@type\":\"EntryPoint\",\"urlTemplate\":\"https:\/\/www.ecsdanismanlik.com.tr\/?s={search_term_string}\"},\"query-input\":\"required name=search_term_string\"}],\"inLanguage\":\"en-US\"}]}<\/script>\n<!-- \/ Yoast SEO plugin. -->","yoast_head_json":{"title":"T\u00fcrkiye Hakk\u0131nda - Ecs E\u011fitim Dan\u0131\u015fmanl\u0131k \u015eanl\u0131urfa","robots":{"index":"index","follow":"follow","max-snippet":"max-snippet:-1","max-image-preview":"max-image-preview:large","max-video-preview":"max-video-preview:-1"},"canonical":"https:\/\/www.ecsdanismanlik.com.tr\/en\/turkiye-hakkinda\/","og_locale":"en_US","og_type":"article","og_title":"T\u00fcrkiye Hakk\u0131nda - Ecs E\u011fitim Dan\u0131\u015fmanl\u0131k \u015eanl\u0131urfa","og_description":"Avrupa ve Asya&#8217;n\u0131n kesi\u015fti\u011fi noktada harika bir konuma sahip olan T\u00fcrkiye, k\u00fclt\u00fcrel dokular\u0131 ile e\u015fsiz bir do\u011fal g\u00fczelli\u011fe ve tarihe sahiptir. Anadolu, insanl\u0131k tarihinin ba\u015flang\u0131c\u0131ndan bug\u00fcne kadar bir\u00e7ok b\u00fcy\u00fck medeniyete ve ulusa ev sahipli\u011fi yapm\u0131\u015ft\u0131r. Bu eski, derin ve zengin k\u00fclt\u00fcr, T\u00fcrk k\u00fclt\u00fcr\u00fcn\u00fc g\u00fcn\u00fcm\u00fcz modern medeniyetinin cazibesi yapan \u015feydir. Avrupa ve Asya k\u0131talar\u0131n\u0131 birle\u015ftiren co\u011frafi [&hellip;]","og_url":"https:\/\/www.ecsdanismanlik.com.tr\/en\/turkiye-hakkinda\/","og_site_name":"Ecs E\u011fitim Dan\u0131\u015fmanl\u0131k \u015eanl\u0131urfa","twitter_card":"summary_large_image","twitter_misc":{"Est. reading time":"3 minutes"},"schema":{"@context":"https:\/\/schema.org","@graph":[{"@type":"WebPage","@id":"https:\/\/www.ecsdanismanlik.com.tr\/turkiye-hakkinda\/","url":"https:\/\/www.ecsdanismanlik.com.tr\/turkiye-hakkinda\/","name":"T\u00fcrkiye Hakk\u0131nda - Ecs E\u011fitim Dan\u0131\u015fmanl\u0131k \u015eanl\u0131urfa","isPartOf":{"@id":"https:\/\/www.ecsdanismanlik.com.tr\/#website"},"datePublished":"2022-05-07T08:42:52+00:00","dateModified":"2022-05-07T08:42:52+00:00","breadcrumb":{"@id":"https:\/\/www.ecsdanismanlik.com.tr\/turkiye-hakkinda\/#breadcrumb"},"inLanguage":"en-US","potentialAction":[{"@type":"ReadAction","target":["https:\/\/www.ecsdanismanlik.com.tr\/turkiye-hakkinda\/"]}]},{"@type":"BreadcrumbList","@id":"https:\/\/www.ecsdanismanlik.com.tr\/turkiye-hakkinda\/#breadcrumb","itemListElement":[{"@type":"ListItem","position":1,"name":"Anasayfa","item":"https:\/\/www.ecsdanismanlik.com.tr\/tr_tr\/"},{"@type":"ListItem","position":2,"name":"T\u00fcrkiye Hakk\u0131nda"}]},{"@type":"WebSite","@id":"https:\/\/www.ecsdanismanlik.com.tr\/#website","url":"https:\/\/www.ecsdanismanlik.com.tr\/","name":"Ecs E\u011fitim Dan\u0131\u015fmanl\u0131k \u015eanl\u0131urfa","description":"","potentialAction":[{"@type":"SearchAction","target":{"@type":"EntryPoint","urlTemplate":"https:\/\/www.ecsdanismanlik.com.tr\/?s={search_term_string}"},"query-input":"required name=search_term_string"}],"inLanguage":"en-US"}]}},"_links":{"self":[{"href":"https:\/\/www.ecsdanismanlik.com.tr\/en\/wp-json\/wp\/v2\/pages\/1911"}],"collection":[{"href":"https:\/\/www.ecsdanismanlik.com.tr\/en\/wp-json\/wp\/v2\/pages"}],"about":[{"href":"https:\/\/www.ecsdanismanlik.com.tr\/en\/wp-json\/wp\/v2\/types\/page"}],"author":[{"embeddable":true,"href":"https:\/\/www.ecsdanismanlik.com.tr\/en\/wp-json\/wp\/v2\/users\/4"}],"replies":[{"embeddable":true,"href":"https:\/\/www.ecsdanismanlik.com.tr\/en\/wp-json\/wp\/v2\/comments?post=1911"}],"version-history":[{"count":0,"href":"https:\/\/www.ecsdanismanlik.com.tr\/en\/wp-json\/wp\/v2\/pages\/1911\/revisions"}],"wp:attachment":[{"href":"https:\/\/www.ecsdanismanlik.com.tr\/en\/wp-json\/wp\/v2\/media?parent=1911"}],"curies":[{"name":"wp","href":"https:\/\/api.w.org\/{rel}","templated":true}]}}