{"id":43,"date":"2022-05-05T16:20:52","date_gmt":"2022-05-05T13:20:52","guid":{"rendered":"https:\/\/www.ecsdanismanlik.com.tr\/?page_id=43"},"modified":"2022-05-06T14:39:32","modified_gmt":"2022-05-06T11:39:32","slug":"hakkimizda","status":"publish","type":"page","link":"https:\/\/www.ecsdanismanlik.com.tr\/ar\/hakkimizda\/","title":{"rendered":"\u0645\u0639\u0644\u0648\u0645\u0627\u062a \u0639\u0646\u0627"},"content":{"rendered":"<h3>\u0645\u0646 \u0646\u062d\u0646\u061f<\/h3>\n<p>Ecs Education Consultancy Services \u0647\u064a \u0634\u0631\u0643\u0629 \u0627\u0633\u062a\u0634\u0627\u0631\u0627\u062a \u062a\u0639\u0644\u064a\u0645\u064a\u0629 \u0644\u062f\u064a\u0647\u0627 \u0623\u0643\u062b\u0631 \u0645\u0646 5 \u0633\u0646\u0648\u0627\u062a \u0645\u0646 \u0627\u0644\u0645\u0639\u0631\u0641\u0629 \u0648\u0627\u0644\u062e\u0628\u0631\u0629 \u060c \u0648\u0642\u062f \u062a\u0645 \u0625\u0646\u0634\u0627\u0624\u0647\u0627 \u0644\u062a\u0642\u062f\u064a\u0645 \u062e\u062f\u0645\u0627\u062a \u0627\u0644\u0627\u0633\u062a\u0634\u0627\u0631\u0627\u062a \u0648\u0627\u0644\u062a\u0648\u062c\u064a\u0647 \u0644\u0644\u0637\u0644\u0627\u0628 \u0627\u0644\u062f\u0648\u0644\u064a\u064a\u0646 \u0627\u0644\u0630\u064a\u0646 \u064a\u0631\u063a\u0628\u0648\u0646 \u0641\u064a \u0627\u0644\u062f\u0631\u0627\u0633\u0629 \u0641\u064a \u062a\u0631\u0643\u064a\u0627.<\/p>\n<p>Ecs Education Consultancy Services \u060c \u0627\u0644\u0630\u064a \u064a\u0639\u0631\u0641 \u0623\u0646 \u0627\u0644\u062a\u0639\u0644\u064a\u0645 \u0647\u0648 \u0627\u0644\u0637\u0631\u064a\u0642\u0629 \u0627\u0644\u0648\u062d\u064a\u062f\u0629 \u0644\u0644\u0628\u0644\u062f\u0627\u0646 \u0644\u0644\u0648\u0635\u0648\u0644 \u0625\u0644\u0649 \u0645\u0633\u062a\u0648\u0649 \u0627\u0644\u062d\u0636\u0627\u0631\u0629 \u0627\u0644\u062d\u062f\u064a\u062b\u0629 \u0648\u0623\u0647\u0645\u064a\u0629 \u062e\u062f\u0645\u0627\u062a \u0627\u0644\u062a\u0639\u0644\u064a\u0645 \u061b \u0647\u064a \u0634\u0631\u0643\u0629 \u0627\u0633\u062a\u0634\u0627\u0631\u0627\u062a \u062a\u0639\u0644\u064a\u0645\u064a\u0629 \u0630\u0627\u062a \u062e\u0628\u0631\u0629 \u0645\u0639 \u0633\u064a\u0627\u0633\u0629 \u062e\u062f\u0645\u0629 \u0645\u0624\u0647\u0644\u0629 \u0648\u0635\u0627\u062f\u0642\u0629.<\/p>\n<p>\u0628\u0627\u0644\u0625\u0636\u0627\u0641\u0629 \u0625\u0644\u0649 \u062e\u062f\u0645\u0627\u062a\u0647\u0627 \u0627\u0644\u062a\u0648\u062c\u064a\u0647\u064a\u0629 \u060c \u062a\u0646\u0641\u0630 Ecs Education Consultancy Services \u0627\u0644\u0639\u062f\u064a\u062f \u0645\u0646 \u0627\u0644\u0645\u0634\u0627\u0631\u064a\u0639 \u0645\u062b\u0644 \u062a\u0639\u0644\u0645 \u0627\u0644\u0644\u063a\u0629 \u0627\u0644\u062a\u0631\u0643\u064a\u0629 (T\u00d6MER) \u0648\u062f\u0648\u0631\u0627\u062a \u0627\u0644\u062a\u062d\u0636\u064a\u0631 \u0644\u0644\u062c\u0627\u0645\u0639\u0629 \u0644\u0644\u0637\u0644\u0627\u0628 \u0627\u0644\u0623\u062c\u0627\u0646\u0628 \u060c \u0648\u0628\u0631\u0627\u0645\u062c \u0627\u0644\u0634\u0647\u0627\u062f\u0627\u062a \u0642\u0635\u064a\u0631\u0629 \u0627\u0644\u0623\u062c\u0644 \u060c \u0648\u0645\u0624\u0633\u0633\u0627\u062a \u0627\u0644\u062a\u0631\u0642\u064a\u0629 \u0648\u0627\u0644\u0627\u0645\u062a\u062d\u0627\u0646\u0627\u062a \u0627\u0644\u062c\u0627\u0645\u0639\u064a\u0629 \u0641\u064a \u0627\u0644\u062e\u0627\u0631\u062c \u060c \u0648\u062a\u062e\u062f\u0645 \u0645\u0626\u0627\u062a \u0627\u0644\u0637\u0644\u0627\u0628 \u060c \u062e\u0627\u0635\u0629 \u0641\u064a \u0627\u0644\u0634\u0631\u0642 \u0627\u0644\u0623\u0648\u0633\u0637 \u0648\u0623\u0641\u0631\u064a\u0642\u064a\u0627 \u060c \u0643\u0644 \u0639\u0627\u0645 .. \u064a\u0639\u0637\u064a.<\/p>\n<p>\u062e\u062f\u0645\u0627\u062a \u0627\u0644\u0627\u0633\u062a\u0634\u0627\u0631\u0627\u062a \u0627\u0644\u062a\u0639\u0644\u064a\u0645\u064a\u0629 Ecs \u060c ISO 9001: 2005 \u0646\u0638\u0627\u0645 \u0625\u062f\u0627\u0631\u0629 \u0627\u0644\u062c\u0648\u062f\u0629 \u0627\u0644\u062f\u0648\u0644\u064a \u060c \u0646\u0638\u0627\u0645 \u0625\u0631\u0636\u0627\u0621 \u0627\u0644\u0639\u0645\u0644\u0627\u0621 ISO 10002 \u0648\u0646\u0638\u0627\u0645 \u0625\u062f\u0627\u0631\u0629 \u0623\u0645\u0646 \u0627\u0644\u0645\u0639\u0644\u0648\u0645\u0627\u062a ISO 27001 \u060c \u0648\u0627\u0644\u062a\u064a \u062a\u0646\u0634\u0631\u0647\u0627 \u0645\u0646\u0638\u0645\u0629 \u0627\u0644\u0645\u0639\u0627\u064a\u064a\u0631 \u0627\u0644\u062f\u0648\u0644\u064a\u0629 (ISO) \u0648\u0647\u064a \u0646\u0645\u0648\u0630\u062c \u0627\u0644\u0634\u0647\u0627\u062f\u0629 \u0641\u064a \u0627\u0644\u0639\u062f\u064a\u062f \u0645\u0646 \u0627\u0644\u0628\u0644\u062f\u0627\u0646 \u060c \u0648\u062e\u0627\u0635\u0629 \u0627\u0644\u0623\u0648\u0631\u0648\u0628\u064a\u0629 \u0623\u0639\u0636\u0627\u0621 \u0627\u0644\u0627\u062a\u062d\u0627\u062f \u062a\u0631\u0643\u064a\u0627 \u0648\u0627\u0644\u0648\u0644\u0627\u064a\u0627\u062a \u0627\u0644\u0645\u062a\u062d\u062f\u0629 \u0627\u0644\u0623\u0645\u0631\u064a\u0643\u064a\u0629 \u062d\u0627\u0635\u0644\u0629 \u0639\u0644\u0649 \u0634\u0647\u0627\u062f\u0627\u062a.<\/p>\n<p>Ecs Education Consultancy Services \u0647\u064a \u0634\u0631\u0643\u0629 \u0627\u0633\u062a\u0634\u0627\u0631\u064a\u0629 \u0644\u062f\u064a\u0647\u0627 \u062a\u0637\u0628\u064a\u0642 \u0627\u0644\u0647\u0627\u062a\u0641 \u0627\u0644\u0645\u062d\u0645\u0648\u0644 \u0627\u0644\u0623\u0648\u0644 \u0648\u0627\u0644\u0648\u062d\u064a\u062f \u0641\u064a \u062a\u0631\u0643\u064a\u0627 \u060c \u0648\u0627\u0644\u0630\u064a \u062a\u0645 \u0625\u0639\u062f\u0627\u062f\u0647 \u0644\u0644\u0637\u0644\u0627\u0628 \u0627\u0644\u0623\u062c\u0627\u0646\u0628 \u0641\u064a \u0642\u0637\u0627\u0639 \u0627\u0644\u062a\u0639\u0644\u064a\u0645 \u0648\u064a\u063a\u0637\u064a \u062c\u0645\u064a\u0639 \u0627\u0644\u062c\u0627\u0645\u0639\u0627\u062a \u0648\u0627\u0644\u0628\u0631\u0627\u0645\u062c \u0641\u064a \u062a\u0631\u0643\u064a\u0627.<\/p>\n<p>&nbsp;<\/p>\n<h3>\u0645\u0647\u0645\u062a\u0646\u0627<\/h3>\n<p>\u062e\u062f\u0645\u0627\u062a \u0627\u0644\u0627\u0633\u062a\u0634\u0627\u0631\u0627\u062a \u0627\u0644\u062a\u0639\u0644\u064a\u0645\u064a\u0629 Ecs \u060c \u0628\u062f\u0621\u064b\u0627 \u0645\u0646 \u0645\u0631\u062d\u0644\u0629 \u0627\u062a\u062e\u0627\u0630 \u0627\u0644\u0642\u0631\u0627\u0631 \u060c \u0644\u0644\u0637\u0644\u0627\u0628 \u0645\u0646 \u062c\u0645\u064a\u0639 \u0623\u0646\u062d\u0627\u0621 \u0627\u0644\u0639\u0627\u0644\u0645 \u0627\u0644\u0630\u064a\u0646 \u064a\u062e\u0637\u0637\u0648\u0646 \u0644\u0644\u062f\u0631\u0627\u0633\u0629 \u0641\u064a \u0628\u0631\u0627\u0645\u062c \u0627\u0644\u0628\u0643\u0627\u0644\u0648\u0631\u064a\u0648\u0633 \u0648\u0627\u0644\u0645\u0627\u062c\u0633\u062a\u064a\u0631 \u0648\u0627\u0644\u062f\u0643\u062a\u0648\u0631\u0627\u0647 \u0641\u064a \u062a\u0631\u0643\u064a\u0627 \u060c \u0648\u0627\u062e\u062a\u064a\u0627\u0631 \u0627\u0644\u062c\u0627\u0645\u0639\u0629 \u0648\u0627\u0644\u0642\u0633\u0645 \u0627\u0644\u0645\u0646\u0627\u0633\u0628\u064a\u0646 \u060c \u0648\u0627\u0644\u062a\u0642\u062f\u064a\u0645 \u060c \u0648\u0625\u062c\u0631\u0627\u0621\u0627\u062a \u0627\u0644\u0642\u0628\u0648\u0644 \u0648\u0627\u0644\u062a\u0633\u062c\u064a\u0644 \u060c \u0648\u0627\u0644\u0625\u0642\u0627\u0645\u0629 \u060c \u0627\u0633\u062a\u0634\u0627\u0631\u0627\u062a \u0627\u0644\u062a\u0623\u0634\u064a\u0631\u0627\u062a \u0648\u0647\u064a \u0634\u0631\u0643\u0629 \u0627\u0633\u062a\u0634\u0627\u0631\u0627\u062a \u062a\u0639\u0644\u064a\u0645\u064a\u0629 \u0645\u0647\u0645\u062a\u0647\u0627 \u0627\u0644\u0645\u0631\u0627\u0642\u0628\u0629 \u0627\u0644\u062f\u0642\u064a\u0642\u0629 \u0648\u0627\u0644\u0625\u062f\u0627\u0631\u0629 \u0627\u0644\u0645\u0647\u0646\u064a\u0629 \u0644\u062c\u0645\u064a\u0639 \u0627\u0644\u0639\u0645\u0644\u064a\u0627\u062a \u0645\u062b\u0644 \u062a\u0635\u0627\u0631\u064a\u062d \u0627\u0644\u0625\u0642\u0627\u0645\u0629.<\/p>\n<p>&nbsp;<\/p>\n<h3>\u0631\u0624\u064a\u062a\u0646\u0627<\/h3>\n<p>Ecs Education Consultancy Services \u060c \u0645\u0646 \u062e\u0644\u0627\u0644 \u0627\u0644\u0648\u0635\u0648\u0644 \u0625\u0644\u0649 \u0622\u0644\u0627\u0641 \u0627\u0644\u0637\u0644\u0627\u0628 \u0645\u0646 \u062c\u0645\u064a\u0639 \u0623\u0646\u062d\u0627\u0621 \u0627\u0644\u0639\u0627\u0644\u0645 \u060c \u0644\u062a\u0639\u0631\u064a\u0641\u0647\u0645 \u0628\u0641\u0631\u0635\u0629 \u0627\u0644\u062f\u0631\u0627\u0633\u0629 \u0641\u064a \u062a\u0631\u0643\u064a\u0627 \u0648\u0627\u0644\u0627\u0633\u062a\u0641\u0627\u062f\u0629 \u0645\u0646 \u062a\u0646\u0648\u0639 \u062a\u0631\u0643\u064a\u0627 \u0648\u0645\u0639\u0627\u064a\u064a\u0631 \u0627\u0644\u062c\u0648\u062f\u0629 \u0641\u064a \u0627\u0644\u062a\u0639\u0644\u064a\u0645 \u0627\u0644\u0639\u0627\u0644\u064a \u060c \u0648\u0641\u062a\u062d \u0623\u0628\u0648\u0627\u0628 \u0646\u0638\u0627\u0645 \u0627\u0644\u062a\u0639\u0644\u064a\u0645 \u0627\u0644\u0639\u0627\u0644\u064a \u0644\u062f\u064a\u0646\u0627 \u0644\u0644\u0634\u0628\u0627\u0628 \u0645\u0646 \u0627\u0644\u0639\u0627\u0644\u0645\u061b \u062a\u0628\u0646\u062a \u0631\u0624\u064a\u0629 \u0623\u0646 \u062a\u0643\u0648\u0646 \u0645\u0628\u0627\u062f\u0631\u0629 \u062a\u062f\u0639\u0645 \u0641\u0643\u0631\u0629 \u062a\u062f\u0648\u064a\u0644 \u0628\u0644\u062f\u0646\u0627 \u0648\u0646\u0638\u0627\u0645 \u0627\u0644\u062a\u0639\u0644\u064a\u0645 \u0627\u0644\u0639\u0627\u0644\u064a \u0644\u062f\u064a\u0646\u0627.<\/p>","protected":false},"excerpt":{"rendered":"<p>Biz Kimiz? Ecs E\u011fitim Dan\u0131\u015fmanl\u0131k Hizmetleri, T\u00fcrkiye&#8217;de e\u011fitim almak isteyen Uluslararas\u0131 \u00f6\u011frencilere dan\u0131\u015fmanl\u0131k ve Rehberlik hizmeti vermek amac\u0131yla kurulmu\u015f, 5 y\u0131l\u0131 a\u015fk\u0131n bilgi ve birikime sahip bir e\u011fitim dan\u0131\u015fmanl\u0131\u011f\u0131 \u015firketidir. Ecs E\u011fitim Dan\u0131\u015fmanl\u0131k Hizmetleri, \u00fclkelerin \u00e7a\u011fda\u015f uygarl\u0131k d\u00fczeyine ula\u015fmalar\u0131n\u0131n yeg\u00e2ne y\u00f6nteminin e\u011fitim oldu\u011funu ve e\u011fitim hizmetlerinin \u00f6nemini bilen; nitelikli ve d\u00fcr\u00fcst hizmet politikas\u0131na sahip deneyimli [&hellip;]<\/p>","protected":false},"author":1,"featured_media":0,"parent":0,"menu_order":0,"comment_status":"closed","ping_status":"closed","template":"","meta":{"footnotes":""},"yoast_head":"<!-- This site is optimized with the Yoast SEO plugin v20.13 - https:\/\/yoast.com\/wordpress\/plugins\/seo\/ -->\n<title>Hakk\u0131m\u0131zda - Ecs E\u011fitim Dan\u0131\u015fmanl\u0131k \u015eanl\u0131urfa<\/title>\n<meta name=\"robots\" content=\"index, follow, max-snippet:-1, max-image-preview:large, max-video-preview:-1\" \/>\n<link rel=\"canonical\" href=\"https:\/\/www.ecsdanismanlik.com.tr\/ar\/hakkimizda\/\" \/>\n<meta property=\"og:locale\" content=\"ar_AR\" \/>\n<meta property=\"og:type\" content=\"article\" \/>\n<meta property=\"og:title\" content=\"Hakk\u0131m\u0131zda - Ecs E\u011fitim Dan\u0131\u015fmanl\u0131k \u015eanl\u0131urfa\" \/>\n<meta property=\"og:description\" content=\"Biz Kimiz? Ecs E\u011fitim Dan\u0131\u015fmanl\u0131k Hizmetleri, T\u00fcrkiye&#8217;de e\u011fitim almak isteyen Uluslararas\u0131 \u00f6\u011frencilere dan\u0131\u015fmanl\u0131k ve Rehberlik hizmeti vermek amac\u0131yla kurulmu\u015f, 5 y\u0131l\u0131 a\u015fk\u0131n bilgi ve birikime sahip bir e\u011fitim dan\u0131\u015fmanl\u0131\u011f\u0131 \u015firketidir. Ecs E\u011fitim Dan\u0131\u015fmanl\u0131k Hizmetleri, \u00fclkelerin \u00e7a\u011fda\u015f uygarl\u0131k d\u00fczeyine ula\u015fmalar\u0131n\u0131n yeg\u00e2ne y\u00f6nteminin e\u011fitim oldu\u011funu ve e\u011fitim hizmetlerinin \u00f6nemini bilen; nitelikli ve d\u00fcr\u00fcst hizmet politikas\u0131na sahip deneyimli [&hellip;]\" \/>\n<meta property=\"og:url\" content=\"https:\/\/www.ecsdanismanlik.com.tr\/ar\/hakkimizda\/\" \/>\n<meta property=\"og:site_name\" content=\"Ecs E\u011fitim Dan\u0131\u015fmanl\u0131k \u015eanl\u0131urfa\" \/>\n<meta property=\"article:modified_time\" content=\"2022-05-06T11:39:32+00:00\" \/>\n<meta name=\"twitter:card\" content=\"summary_large_image\" \/>\n<meta name=\"twitter:label1\" content=\"\u0648\u0642\u062a \u0627\u0644\u0642\u0631\u0627\u0621\u0629 \u0627\u0644\u0645\u064f\u0642\u062f\u0651\u0631\" \/>\n\t<meta name=\"twitter:data1\" content=\"\u062f\u0642\u064a\u0642\u062a\u0627\u0646\" \/>\n<script type=\"application\/ld+json\" class=\"yoast-schema-graph\">{\"@context\":\"https:\/\/schema.org\",\"@graph\":[{\"@type\":\"WebPage\",\"@id\":\"https:\/\/www.ecsdanismanlik.com.tr\/hakkimizda\/\",\"url\":\"https:\/\/www.ecsdanismanlik.com.tr\/hakkimizda\/\",\"name\":\"Hakk\u0131m\u0131zda - Ecs E\u011fitim Dan\u0131\u015fmanl\u0131k \u015eanl\u0131urfa\",\"isPartOf\":{\"@id\":\"https:\/\/www.ecsdanismanlik.com.tr\/#website\"},\"datePublished\":\"2022-05-05T13:20:52+00:00\",\"dateModified\":\"2022-05-06T11:39:32+00:00\",\"breadcrumb\":{\"@id\":\"https:\/\/www.ecsdanismanlik.com.tr\/hakkimizda\/#breadcrumb\"},\"inLanguage\":\"ar\",\"potentialAction\":[{\"@type\":\"ReadAction\",\"target\":[\"https:\/\/www.ecsdanismanlik.com.tr\/hakkimizda\/\"]}]},{\"@type\":\"BreadcrumbList\",\"@id\":\"https:\/\/www.ecsdanismanlik.com.tr\/hakkimizda\/#breadcrumb\",\"itemListElement\":[{\"@type\":\"ListItem\",\"position\":1,\"name\":\"Anasayfa\",\"item\":\"https:\/\/www.ecsdanismanlik.com.tr\/tr_tr\/\"},{\"@type\":\"ListItem\",\"position\":2,\"name\":\"Hakk\u0131m\u0131zda\"}]},{\"@type\":\"WebSite\",\"@id\":\"https:\/\/www.ecsdanismanlik.com.tr\/#website\",\"url\":\"https:\/\/www.ecsdanismanlik.com.tr\/\",\"name\":\"Ecs E\u011fitim Dan\u0131\u015fmanl\u0131k \u015eanl\u0131urfa\",\"description\":\"\",\"potentialAction\":[{\"@type\":\"SearchAction\",\"target\":{\"@type\":\"EntryPoint\",\"urlTemplate\":\"https:\/\/www.ecsdanismanlik.com.tr\/?s={search_term_string}\"},\"query-input\":\"required name=search_term_string\"}],\"inLanguage\":\"ar\"}]}<\/script>\n<!-- \/ Yoast SEO plugin. -->","yoast_head_json":{"title":"Hakk\u0131m\u0131zda - Ecs E\u011fitim Dan\u0131\u015fmanl\u0131k \u015eanl\u0131urfa","robots":{"index":"index","follow":"follow","max-snippet":"max-snippet:-1","max-image-preview":"max-image-preview:large","max-video-preview":"max-video-preview:-1"},"canonical":"https:\/\/www.ecsdanismanlik.com.tr\/ar\/hakkimizda\/","og_locale":"ar_AR","og_type":"article","og_title":"Hakk\u0131m\u0131zda - Ecs E\u011fitim Dan\u0131\u015fmanl\u0131k \u015eanl\u0131urfa","og_description":"Biz Kimiz? Ecs E\u011fitim Dan\u0131\u015fmanl\u0131k Hizmetleri, T\u00fcrkiye&#8217;de e\u011fitim almak isteyen Uluslararas\u0131 \u00f6\u011frencilere dan\u0131\u015fmanl\u0131k ve Rehberlik hizmeti vermek amac\u0131yla kurulmu\u015f, 5 y\u0131l\u0131 a\u015fk\u0131n bilgi ve birikime sahip bir e\u011fitim dan\u0131\u015fmanl\u0131\u011f\u0131 \u015firketidir. Ecs E\u011fitim Dan\u0131\u015fmanl\u0131k Hizmetleri, \u00fclkelerin \u00e7a\u011fda\u015f uygarl\u0131k d\u00fczeyine ula\u015fmalar\u0131n\u0131n yeg\u00e2ne y\u00f6nteminin e\u011fitim oldu\u011funu ve e\u011fitim hizmetlerinin \u00f6nemini bilen; nitelikli ve d\u00fcr\u00fcst hizmet politikas\u0131na sahip deneyimli [&hellip;]","og_url":"https:\/\/www.ecsdanismanlik.com.tr\/ar\/hakkimizda\/","og_site_name":"Ecs E\u011fitim Dan\u0131\u015fmanl\u0131k \u015eanl\u0131urfa","article_modified_time":"2022-05-06T11:39:32+00:00","twitter_card":"summary_large_image","twitter_misc":{"\u0648\u0642\u062a \u0627\u0644\u0642\u0631\u0627\u0621\u0629 \u0627\u0644\u0645\u064f\u0642\u062f\u0651\u0631":"\u062f\u0642\u064a\u0642\u062a\u0627\u0646"},"schema":{"@context":"https:\/\/schema.org","@graph":[{"@type":"WebPage","@id":"https:\/\/www.ecsdanismanlik.com.tr\/hakkimizda\/","url":"https:\/\/www.ecsdanismanlik.com.tr\/hakkimizda\/","name":"Hakk\u0131m\u0131zda - Ecs E\u011fitim Dan\u0131\u015fmanl\u0131k \u015eanl\u0131urfa","isPartOf":{"@id":"https:\/\/www.ecsdanismanlik.com.tr\/#website"},"datePublished":"2022-05-05T13:20:52+00:00","dateModified":"2022-05-06T11:39:32+00:00","breadcrumb":{"@id":"https:\/\/www.ecsdanismanlik.com.tr\/hakkimizda\/#breadcrumb"},"inLanguage":"ar","potentialAction":[{"@type":"ReadAction","target":["https:\/\/www.ecsdanismanlik.com.tr\/hakkimizda\/"]}]},{"@type":"BreadcrumbList","@id":"https:\/\/www.ecsdanismanlik.com.tr\/hakkimizda\/#breadcrumb","itemListElement":[{"@type":"ListItem","position":1,"name":"Anasayfa","item":"https:\/\/www.ecsdanismanlik.com.tr\/tr_tr\/"},{"@type":"ListItem","position":2,"name":"Hakk\u0131m\u0131zda"}]},{"@type":"WebSite","@id":"https:\/\/www.ecsdanismanlik.com.tr\/#website","url":"https:\/\/www.ecsdanismanlik.com.tr\/","name":"Ecs E\u011fitim Dan\u0131\u015fmanl\u0131k \u015eanl\u0131urfa","description":"","potentialAction":[{"@type":"SearchAction","target":{"@type":"EntryPoint","urlTemplate":"https:\/\/www.ecsdanismanlik.com.tr\/?s={search_term_string}"},"query-input":"required name=search_term_string"}],"inLanguage":"ar"}]}},"_links":{"self":[{"href":"https:\/\/www.ecsdanismanlik.com.tr\/ar\/wp-json\/wp\/v2\/pages\/43"}],"collection":[{"href":"https:\/\/www.ecsdanismanlik.com.tr\/ar\/wp-json\/wp\/v2\/pages"}],"about":[{"href":"https:\/\/www.ecsdanismanlik.com.tr\/ar\/wp-json\/wp\/v2\/types\/page"}],"author":[{"embeddable":true,"href":"https:\/\/www.ecsdanismanlik.com.tr\/ar\/wp-json\/wp\/v2\/users\/1"}],"replies":[{"embeddable":true,"href":"https:\/\/www.ecsdanismanlik.com.tr\/ar\/wp-json\/wp\/v2\/comments?post=43"}],"version-history":[{"count":0,"href":"https:\/\/www.ecsdanismanlik.com.tr\/ar\/wp-json\/wp\/v2\/pages\/43\/revisions"}],"wp:attachment":[{"href":"https:\/\/www.ecsdanismanlik.com.tr\/ar\/wp-json\/wp\/v2\/media?parent=43"}],"curies":[{"name":"wp","href":"https:\/\/api.w.org\/{rel}","templated":true}]}}