{"id":3677,"date":"2022-06-11T12:00:28","date_gmt":"2022-06-11T09:00:28","guid":{"rendered":"https:\/\/www.ecsdanismanlik.com.tr\/?page_id=3677"},"modified":"2022-06-11T12:00:28","modified_gmt":"2022-06-11T09:00:28","slug":"turizm-hizmet","status":"publish","type":"page","link":"https:\/\/www.ecsdanismanlik.com.tr\/ar\/turizm-hizmet\/","title":{"rendered":"Turizm &#038; Hizmet"},"content":{"rendered":"<div class=\"card rounded-0\">\n<div class=\"card mb-0 no-border no-shadow w-p100\">\n<div class=\"card-body justify-content-around\">\n<div class=\"row\">\n<h4 class=\"card-title mt-10\">\u0637\u0628\u062e<\/h4>\n<p><span class=\"col-md-3 ms-auto my-auto text-end fs-12\">\u0634\u0647\u0627\u062f\u0629 \u062c\u0627\u0645\u0639\u064a\u0629<\/span><\/div>\n<\/div>\n<\/div>\n<\/div>\n<div class=\"card rounded-0\">\n<div class=\"card mb-0 no-border no-shadow w-p100\">\n<div class=\"card-body justify-content-around\">\n<div class=\"row\">\n<h4 class=\"card-title mt-10\">Ekoturizm<\/h4>\n<p><span class=\"col-md-3 ms-auto my-auto text-end fs-12\">\u0631\u0633\u0627\u0644\u0629 \u0627\u0644\u0645\u0627\u062c\u0633\u062a\u064a\u0631)<\/span><\/div>\n<\/div>\n<\/div>\n<\/div>\n<div class=\"card rounded-0\">\n<div class=\"card mb-0 no-border no-shadow w-p100\">\n<div class=\"card-body justify-content-around\">\n<div class=\"row\">\n<h4 class=\"card-title mt-10\">Ekoturizm Rehberli\u011fi<\/h4>\n<p><span class=\"col-md-3 ms-auto my-auto text-end fs-12\">\u0631\u0633\u0627\u0644\u0629 \u0627\u0644\u0645\u0627\u062c\u0633\u062a\u064a\u0631)<\/span><\/div>\n<\/div>\n<\/div>\n<\/div>\n<div class=\"card rounded-0\">\n<div class=\"card mb-0 no-border no-shadow w-p100\">\n<div class=\"card-body justify-content-around\">\n<div class=\"row\">\n<h4 class=\"card-title mt-10\">Gastronomi<\/h4>\n<p><span class=\"col-md-3 ms-auto my-auto text-end fs-12\">\u0631\u0633\u0627\u0644\u0629 \u0627\u0644\u0645\u0627\u062c\u0633\u062a\u064a\u0631)<\/span><\/div>\n<\/div>\n<\/div>\n<\/div>\n<div class=\"card rounded-0\">\n<div class=\"card mb-0 no-border no-shadow w-p100\">\n<div class=\"card-body justify-content-around\">\n<div class=\"row\">\n<h4 class=\"card-title mt-10\">Gastronomi<\/h4>\n<p><span class=\"col-md-3 ms-auto my-auto text-end fs-12\">\u0645\u0627\u062c\u0633\u062a\u064a\u0631 (\u0628\u062f\u0648\u0646 \u0623\u0637\u0631\u0648\u062d\u0629)<\/span><\/div>\n<\/div>\n<\/div>\n<\/div>\n<div class=\"card rounded-0\">\n<div class=\"card mb-0 no-border no-shadow w-p100\">\n<div class=\"card-body justify-content-around\">\n<div class=\"row\">\n<h4 class=\"card-title mt-10\">Gastronomi<\/h4>\n<p><span class=\"col-md-3 ms-auto my-auto text-end fs-12\">\u062f\u0643\u062a\u0648\u0631\u0627\u0647<\/span><\/div>\n<\/div>\n<\/div>\n<\/div>\n<div class=\"card rounded-0\">\n<div class=\"card mb-0 no-border no-shadow w-p100\">\n<div class=\"card-body justify-content-around\">\n<div class=\"row\">\n<h4 class=\"card-title mt-10\">Gastronomi ve Mutfak Sanatlar\u0131<\/h4>\n<p><span class=\"col-md-3 ms-auto my-auto text-end fs-12\">\u0631\u0633\u0627\u0644\u0629 \u0627\u0644\u0645\u0627\u062c\u0633\u062a\u064a\u0631)<\/span><\/div>\n<\/div>\n<\/div>\n<\/div>\n<div class=\"card rounded-0\">\n<div class=\"card mb-0 no-border no-shadow w-p100\">\n<div class=\"card-body justify-content-around\">\n<div class=\"row\">\n<h4 class=\"card-title mt-10\">Gastronomi ve Mutfak Sanatlar\u0131<\/h4>\n<p><span class=\"col-md-3 ms-auto my-auto text-end fs-12\">\u0631\u062e\u0635\u0629<\/span><\/div>\n<\/div>\n<\/div>\n<\/div>\n<div class=\"card rounded-0\">\n<div class=\"card mb-0 no-border no-shadow w-p100\">\n<div class=\"card-body justify-content-around\">\n<div class=\"row\">\n<h4 class=\"card-title mt-10\">Gastronomi ve Mutfak Sanatlar\u0131<\/h4>\n<p><span class=\"col-md-3 ms-auto my-auto text-end fs-12\">\u0645\u0627\u062c\u0633\u062a\u064a\u0631 (\u0628\u062f\u0648\u0646 \u0623\u0637\u0631\u0648\u062d\u0629)<\/span><\/div>\n<\/div>\n<\/div>\n<\/div>\n<div class=\"card rounded-0\">\n<div class=\"card mb-0 no-border no-shadow w-p100\">\n<div class=\"card-body justify-content-around\">\n<div class=\"row\">\n<h4 class=\"card-title mt-10\">Gayrimenkul Geli\u015ftirme<\/h4>\n<p><span class=\"col-md-3 ms-auto my-auto text-end fs-12\">\u0645\u0627\u062c\u0633\u062a\u064a\u0631 (\u0628\u062f\u0648\u0646 \u0623\u0637\u0631\u0648\u062d\u0629)<\/span><\/div>\n<\/div>\n<\/div>\n<\/div>\n<div class=\"card rounded-0\">\n<div class=\"card mb-0 no-border no-shadow w-p100\">\n<div class=\"card-body justify-content-around\">\n<div class=\"row\">\n<h4 class=\"card-title mt-10\">\u0130kram Hizmetleri<\/h4>\n<p><span class=\"col-md-3 ms-auto my-auto text-end fs-12\">\u0634\u0647\u0627\u062f\u0629 \u062c\u0627\u0645\u0639\u064a\u0629<\/span><\/div>\n<\/div>\n<\/div>\n<\/div>\n<div class=\"card rounded-0\">\n<div class=\"card mb-0 no-border no-shadow w-p100\">\n<div class=\"card-body justify-content-around\">\n<div class=\"row\">\n<h4 class=\"card-title mt-10\">K\u00fclt\u00fcrel Miras ve Turizm<\/h4>\n<p><span class=\"col-md-3 ms-auto my-auto text-end fs-12\">\u0634\u0647\u0627\u062f\u0629 \u062c\u0627\u0645\u0639\u064a\u0629<\/span><\/div>\n<\/div>\n<\/div>\n<\/div>\n<div class=\"card rounded-0\">\n<div class=\"card mb-0 no-border no-shadow w-p100\">\n<div class=\"card-body justify-content-around\">\n<div class=\"row\">\n<h4 class=\"card-title mt-10\">Marina ve Yat \u0130\u015fletmecili\u011fi<\/h4>\n<p><span class=\"col-md-3 ms-auto my-auto text-end fs-12\">\u0634\u0647\u0627\u062f\u0629 \u062c\u0627\u0645\u0639\u064a\u0629<\/span><\/div>\n<\/div>\n<\/div>\n<\/div>\n<div class=\"card rounded-0\">\n<div class=\"card mb-0 no-border no-shadow w-p100\">\n<div class=\"card-body justify-content-around\">\n<div class=\"row\">\n<h4 class=\"card-title mt-10\">Otob\u00fcs Kaptanl\u0131\u011f\u0131<\/h4>\n<p><span class=\"col-md-3 ms-auto my-auto text-end fs-12\">\u0634\u0647\u0627\u062f\u0629 \u062c\u0627\u0645\u0639\u064a\u0629<\/span><\/div>\n<\/div>\n<\/div>\n<\/div>\n<div class=\"card rounded-0\">\n<div class=\"card mb-0 no-border no-shadow w-p100\">\n<div class=\"card-body justify-content-around\">\n<div class=\"row\">\n<h4 class=\"card-title mt-10\">\u00d6zel G\u00fcvenlik ve Koruma<\/h4>\n<p><span class=\"col-md-3 ms-auto my-auto text-end fs-12\">\u0634\u0647\u0627\u062f\u0629 \u062c\u0627\u0645\u0639\u064a\u0629<\/span><\/div>\n<\/div>\n<\/div>\n<\/div>\n<div class=\"card rounded-0\">\n<div class=\"card mb-0 no-border no-shadow w-p100\">\n<div class=\"card-body justify-content-around\">\n<div class=\"row\">\n<h4 class=\"card-title mt-10\">Pastac\u0131l\u0131k ve Ekmek\u00e7ilik<\/h4>\n<p><span class=\"col-md-3 ms-auto my-auto text-end fs-12\">\u0634\u0647\u0627\u062f\u0629 \u062c\u0627\u0645\u0639\u064a\u0629<\/span><\/div>\n<\/div>\n<\/div>\n<\/div>\n<div class=\"card rounded-0\">\n<div class=\"card mb-0 no-border no-shadow w-p100\">\n<div class=\"card-body justify-content-around\">\n<div class=\"row\">\n<h4 class=\"card-title mt-10\">Posta Hizmetleri<\/h4>\n<p><span class=\"col-md-3 ms-auto my-auto text-end fs-12\">\u0634\u0647\u0627\u062f\u0629 \u062c\u0627\u0645\u0639\u064a\u0629<\/span><\/div>\n<\/div>\n<\/div>\n<\/div>\n<div class=\"card rounded-0\">\n<div class=\"card mb-0 no-border no-shadow w-p100\">\n<div class=\"card-body justify-content-around\">\n<div class=\"row\">\n<h4 class=\"card-title mt-10\">Rekreasyon ve Turist Rehberli\u011fi<\/h4>\n<p><span class=\"col-md-3 ms-auto my-auto text-end fs-12\">\u0631\u0633\u0627\u0644\u0629 \u0627\u0644\u0645\u0627\u062c\u0633\u062a\u064a\u0631)<\/span><\/div>\n<\/div>\n<\/div>\n<\/div>\n<div class=\"card rounded-0\">\n<div class=\"card mb-0 no-border no-shadow w-p100\">\n<div class=\"card-body justify-content-around\">\n<div class=\"row\">\n<h4 class=\"card-title mt-10\">Seyahat \u0130\u015fletmecili\u011fi<\/h4>\n<p><span class=\"col-md-3 ms-auto my-auto text-end fs-12\">\u0631\u062e\u0635\u0629<\/span><\/div>\n<\/div>\n<\/div>\n<\/div>\n<div class=\"card rounded-0\">\n<div class=\"card mb-0 no-border no-shadow w-p100\">\n<div class=\"card-body justify-content-around\">\n<div class=\"row\">\n<h4 class=\"card-title mt-10\">Seyahat \u0130\u015fletmecili\u011fi ve Turist Rehberli\u011fi<\/h4>\n<p><span class=\"col-md-3 ms-auto my-auto text-end fs-12\">\u0631\u0633\u0627\u0644\u0629 \u0627\u0644\u0645\u0627\u062c\u0633\u062a\u064a\u0631)<\/span><\/div>\n<\/div>\n<\/div>\n<\/div>\n<div class=\"card rounded-0\">\n<div class=\"card mb-0 no-border no-shadow w-p100\">\n<div class=\"card-body justify-content-around\">\n<div class=\"row\">\n<h4 class=\"card-title mt-10\">Seyahat \u0130\u015fletmecili\u011fi ve Turizm Rehberli\u011fi<\/h4>\n<p><span class=\"col-md-3 ms-auto my-auto text-end fs-12\">\u0631\u062e\u0635\u0629<\/span><\/div>\n<\/div>\n<\/div>\n<\/div>\n<div class=\"card rounded-0\">\n<div class=\"card mb-0 no-border no-shadow w-p100\">\n<div class=\"card-body justify-content-around\">\n<div class=\"row\">\n<h4 class=\"card-title mt-10\">Sivil Savunma ve \u0130tfaiyecilik<\/h4>\n<p><span class=\"col-md-3 ms-auto my-auto text-end fs-12\">\u0634\u0647\u0627\u062f\u0629 \u062c\u0627\u0645\u0639\u064a\u0629<\/span><\/div>\n<\/div>\n<\/div>\n<\/div>\n<div class=\"card rounded-0\">\n<div class=\"card mb-0 no-border no-shadow w-p100\">\n<div class=\"card-body justify-content-around\">\n<div class=\"row\">\n<h4 class=\"card-title mt-10\">Turist Rehberli\u011fi<\/h4>\n<p><span class=\"col-md-3 ms-auto my-auto text-end fs-12\">\u0634\u0647\u0627\u062f\u0629 \u062c\u0627\u0645\u0639\u064a\u0629<\/span><\/div>\n<\/div>\n<\/div>\n<\/div>\n<div class=\"card rounded-0\">\n<div class=\"card mb-0 no-border no-shadow w-p100\">\n<div class=\"card-body justify-content-around\">\n<div class=\"row\">\n<h4 class=\"card-title mt-10\">Turist Rehberli\u011fi<\/h4>\n<p><span class=\"col-md-3 ms-auto my-auto text-end fs-12\">\u0645\u0627\u062c\u0633\u062a\u064a\u0631 (\u0628\u062f\u0648\u0646 \u0623\u0637\u0631\u0648\u062d\u0629)<\/span><\/div>\n<\/div>\n<\/div>\n<\/div>\n<div class=\"card rounded-0\">\n<div class=\"card mb-0 no-border no-shadow w-p100\">\n<div class=\"card-body justify-content-around\">\n<div class=\"row\">\n<h4 class=\"card-title mt-10\">Turizm Animasyonu<\/h4>\n<p><span class=\"col-md-3 ms-auto my-auto text-end fs-12\">\u0634\u0647\u0627\u062f\u0629 \u062c\u0627\u0645\u0639\u064a\u0629<\/span><\/div>\n<\/div>\n<\/div>\n<\/div>\n<div class=\"card rounded-0\">\n<div class=\"card mb-0 no-border no-shadow w-p100\">\n<div class=\"card-body justify-content-around\">\n<div class=\"row\">\n<h4 class=\"card-title mt-10\">\u0625\u062f\u0627\u0631\u0629 \u0627\u0644\u0633\u064a\u0627\u062d\u0629<\/h4>\n<p><span class=\"col-md-3 ms-auto my-auto text-end fs-12\">\u062f\u0643\u062a\u0648\u0631\u0627\u0647<\/span><\/div>\n<\/div>\n<\/div>\n<\/div>\n<div class=\"card rounded-0\">\n<div class=\"card mb-0 no-border no-shadow w-p100\">\n<div class=\"card-body justify-content-around\">\n<div class=\"row\">\n<h4 class=\"card-title mt-10\">\u0625\u062f\u0627\u0631\u0629 \u0627\u0644\u0633\u064a\u0627\u062d\u0629<\/h4>\n<p><span class=\"col-md-3 ms-auto my-auto text-end fs-12\">\u0631\u0633\u0627\u0644\u0629 \u0627\u0644\u0645\u0627\u062c\u0633\u062a\u064a\u0631)<\/span><\/div>\n<\/div>\n<\/div>\n<\/div>\n<div class=\"card rounded-0\">\n<div class=\"card mb-0 no-border no-shadow w-p100\">\n<div class=\"card-body justify-content-around\">\n<div class=\"row\">\n<h4 class=\"card-title mt-10\">\u0625\u062f\u0627\u0631\u0629 \u0627\u0644\u0633\u064a\u0627\u062d\u0629<\/h4>\n<p><span class=\"col-md-3 ms-auto my-auto text-end fs-12\">\u0645\u0627\u062c\u0633\u062a\u064a\u0631 (\u0628\u062f\u0648\u0646 \u0623\u0637\u0631\u0648\u062d\u0629)<\/span><\/div>\n<\/div>\n<\/div>\n<\/div>\n<div class=\"card rounded-0\">\n<div class=\"card mb-0 no-border no-shadow w-p100\">\n<div class=\"card-body justify-content-around\">\n<div class=\"row\">\n<h4 class=\"card-title mt-10\">\u0625\u062f\u0627\u0631\u0629 \u0627\u0644\u0633\u064a\u0627\u062d\u0629<\/h4>\n<p><span class=\"col-md-3 ms-auto my-auto text-end fs-12\">\u0631\u062e\u0635\u0629<\/span><\/div>\n<\/div>\n<\/div>\n<\/div>\n<div class=\"card rounded-0\">\n<div class=\"card mb-0 no-border no-shadow w-p100\">\n<div class=\"card-body justify-content-around\">\n<div class=\"row\">\n<h4 class=\"card-title mt-10\">Turizm \u0130\u015fletmelerinde Y\u00f6netim ve Liderlik<\/h4>\n<p><span class=\"col-md-3 ms-auto my-auto text-end fs-12\">\u0645\u0627\u062c\u0633\u062a\u064a\u0631 (\u0628\u062f\u0648\u0646 \u0623\u0637\u0631\u0648\u062d\u0629)<\/span><\/div>\n<\/div>\n<\/div>\n<\/div>\n<div class=\"card rounded-0\">\n<div class=\"card mb-0 no-border no-shadow w-p100\">\n<div class=\"card-body justify-content-around\">\n<div class=\"row\">\n<h4 class=\"card-title mt-10\">\u0627\u0644\u0627\u0631\u0634\u0627\u062f \u0627\u0644\u0633\u064a\u0627\u062d\u064a<\/h4>\n<p><span class=\"col-md-3 ms-auto my-auto text-end fs-12\">\u0631\u062e\u0635\u0629<\/span><\/div>\n<\/div>\n<\/div>\n<\/div>\n<div class=\"card rounded-0\">\n<div class=\"card mb-0 no-border no-shadow w-p100\">\n<div class=\"card-body justify-content-around\">\n<div class=\"row\">\n<h4 class=\"card-title mt-10\">Turizm ve Otel \u0130\u015fletmecili\u011fi<\/h4>\n<p><span class=\"col-md-3 ms-auto my-auto text-end fs-12\">\u0631\u062e\u0635\u0629<\/span><\/div>\n<\/div>\n<\/div>\n<\/div>\n<div class=\"card rounded-0\">\n<div class=\"card mb-0 no-border no-shadow w-p100\">\n<div class=\"card-body justify-content-around\">\n<div class=\"row\">\n<h4 class=\"card-title mt-10\">Turizm ve Otel \u0130\u015fletmecili\u011fi<\/h4>\n<p><span class=\"col-md-3 ms-auto my-auto text-end fs-12\">\u0631\u0633\u0627\u0644\u0629 \u0627\u0644\u0645\u0627\u062c\u0633\u062a\u064a\u0631)<\/span><\/div>\n<\/div>\n<\/div>\n<\/div>\n<div class=\"card rounded-0\">\n<div class=\"card mb-0 no-border no-shadow w-p100\">\n<div class=\"card-body justify-content-around\">\n<div class=\"row\">\n<h4 class=\"card-title mt-10\">Turizm ve Otel \u0130\u015fletmecili\u011fi<\/h4>\n<p><span class=\"col-md-3 ms-auto my-auto text-end fs-12\">\u0634\u0647\u0627\u062f\u0629 \u062c\u0627\u0645\u0639\u064a\u0629<\/span><\/div>\n<\/div>\n<\/div>\n<\/div>\n<div class=\"card rounded-0\">\n<div class=\"card mb-0 no-border no-shadow w-p100\">\n<div class=\"card-body justify-content-around\">\n<div class=\"row\">\n<h4 class=\"card-title mt-10\">Turizm ve Seyahat Hizmetleri<\/h4>\n<p><span class=\"col-md-3 ms-auto my-auto text-end fs-12\">\u0634\u0647\u0627\u062f\u0629 \u062c\u0627\u0645\u0639\u064a\u0629<\/span><\/div>\n<\/div>\n<\/div>\n<\/div>\n<div class=\"card rounded-0\">\n<div class=\"card mb-0 no-border no-shadow w-p100\">\n<div class=\"card-body justify-content-around\">\n<div class=\"row\">\n<h4 class=\"card-title mt-10\">Yat Kaptanl\u0131\u011f\u0131<\/h4>\n<p><span class=\"col-md-3 ms-auto my-auto text-end fs-12\">\u0634\u0647\u0627\u062f\u0629 \u062c\u0627\u0645\u0639\u064a\u0629<\/span><\/div>\n<\/div>\n<\/div>\n<\/div>","protected":false},"excerpt":{"rendered":"<p>A\u015f\u00e7\u0131l\u0131k \u00d6n Lisans Ekoturizm Y\u00fcksek Lisans (Tezli) Ekoturizm Rehberli\u011fi Y\u00fcksek Lisans (Tezli) Gastronomi Y\u00fcksek Lisans (Tezli) Gastronomi Y\u00fcksek Lisans (Tezsiz) Gastronomi Doktora Gastronomi ve Mutfak Sanatlar\u0131 Y\u00fcksek Lisans (Tezli) Gastronomi ve Mutfak Sanatlar\u0131 Lisans Gastronomi ve Mutfak Sanatlar\u0131 Y\u00fcksek Lisans (Tezsiz) Gayrimenkul Geli\u015ftirme Y\u00fcksek Lisans (Tezsiz) \u0130kram Hizmetleri \u00d6n Lisans K\u00fclt\u00fcrel Miras ve Turizm \u00d6n [&hellip;]<\/p>","protected":false},"author":1,"featured_media":0,"parent":0,"menu_order":0,"comment_status":"closed","ping_status":"closed","template":"","meta":{"footnotes":""},"yoast_head":"<!-- This site is optimized with the Yoast SEO plugin v20.13 - https:\/\/yoast.com\/wordpress\/plugins\/seo\/ -->\n<title>Turizm &amp; Hizmet - Ecs E\u011fitim Dan\u0131\u015fmanl\u0131k \u015eanl\u0131urfa<\/title>\n<meta name=\"robots\" content=\"index, follow, max-snippet:-1, max-image-preview:large, max-video-preview:-1\" \/>\n<link rel=\"canonical\" href=\"https:\/\/www.ecsdanismanlik.com.tr\/ar\/turizm-hizmet\/\" \/>\n<meta property=\"og:locale\" content=\"ar_AR\" \/>\n<meta property=\"og:type\" content=\"article\" \/>\n<meta property=\"og:title\" content=\"Turizm &amp; Hizmet - Ecs E\u011fitim Dan\u0131\u015fmanl\u0131k \u015eanl\u0131urfa\" \/>\n<meta property=\"og:description\" content=\"A\u015f\u00e7\u0131l\u0131k \u00d6n Lisans Ekoturizm Y\u00fcksek Lisans (Tezli) Ekoturizm Rehberli\u011fi Y\u00fcksek Lisans (Tezli) Gastronomi Y\u00fcksek Lisans (Tezli) Gastronomi Y\u00fcksek Lisans (Tezsiz) Gastronomi Doktora Gastronomi ve Mutfak Sanatlar\u0131 Y\u00fcksek Lisans (Tezli) Gastronomi ve Mutfak Sanatlar\u0131 Lisans Gastronomi ve Mutfak Sanatlar\u0131 Y\u00fcksek Lisans (Tezsiz) Gayrimenkul Geli\u015ftirme Y\u00fcksek Lisans (Tezsiz) \u0130kram Hizmetleri \u00d6n Lisans K\u00fclt\u00fcrel Miras ve Turizm \u00d6n [&hellip;]\" \/>\n<meta property=\"og:url\" content=\"https:\/\/www.ecsdanismanlik.com.tr\/ar\/turizm-hizmet\/\" \/>\n<meta property=\"og:site_name\" content=\"Ecs E\u011fitim Dan\u0131\u015fmanl\u0131k \u015eanl\u0131urfa\" \/>\n<meta name=\"twitter:card\" content=\"summary_large_image\" \/>\n<meta name=\"twitter:label1\" content=\"\u0648\u0642\u062a \u0627\u0644\u0642\u0631\u0627\u0621\u0629 \u0627\u0644\u0645\u064f\u0642\u062f\u0651\u0631\" \/>\n\t<meta name=\"twitter:data1\" content=\"\u062f\u0642\u064a\u0642\u0629 \u0648\u0627\u062d\u062f\u0629\" \/>\n<script type=\"application\/ld+json\" class=\"yoast-schema-graph\">{\"@context\":\"https:\/\/schema.org\",\"@graph\":[{\"@type\":\"WebPage\",\"@id\":\"https:\/\/www.ecsdanismanlik.com.tr\/turizm-hizmet\/\",\"url\":\"https:\/\/www.ecsdanismanlik.com.tr\/turizm-hizmet\/\",\"name\":\"Turizm & Hizmet - Ecs E\u011fitim Dan\u0131\u015fmanl\u0131k \u015eanl\u0131urfa\",\"isPartOf\":{\"@id\":\"https:\/\/www.ecsdanismanlik.com.tr\/#website\"},\"datePublished\":\"2022-06-11T09:00:28+00:00\",\"dateModified\":\"2022-06-11T09:00:28+00:00\",\"breadcrumb\":{\"@id\":\"https:\/\/www.ecsdanismanlik.com.tr\/turizm-hizmet\/#breadcrumb\"},\"inLanguage\":\"ar\",\"potentialAction\":[{\"@type\":\"ReadAction\",\"target\":[\"https:\/\/www.ecsdanismanlik.com.tr\/turizm-hizmet\/\"]}]},{\"@type\":\"BreadcrumbList\",\"@id\":\"https:\/\/www.ecsdanismanlik.com.tr\/turizm-hizmet\/#breadcrumb\",\"itemListElement\":[{\"@type\":\"ListItem\",\"position\":1,\"name\":\"Anasayfa\",\"item\":\"https:\/\/www.ecsdanismanlik.com.tr\/tr_tr\/\"},{\"@type\":\"ListItem\",\"position\":2,\"name\":\"Turizm &#038; Hizmet\"}]},{\"@type\":\"WebSite\",\"@id\":\"https:\/\/www.ecsdanismanlik.com.tr\/#website\",\"url\":\"https:\/\/www.ecsdanismanlik.com.tr\/\",\"name\":\"Ecs E\u011fitim Dan\u0131\u015fmanl\u0131k \u015eanl\u0131urfa\",\"description\":\"\",\"potentialAction\":[{\"@type\":\"SearchAction\",\"target\":{\"@type\":\"EntryPoint\",\"urlTemplate\":\"https:\/\/www.ecsdanismanlik.com.tr\/?s={search_term_string}\"},\"query-input\":\"required name=search_term_string\"}],\"inLanguage\":\"ar\"}]}<\/script>\n<!-- \/ Yoast SEO plugin. -->","yoast_head_json":{"title":"Turizm & Hizmet - Ecs E\u011fitim Dan\u0131\u015fmanl\u0131k \u015eanl\u0131urfa","robots":{"index":"index","follow":"follow","max-snippet":"max-snippet:-1","max-image-preview":"max-image-preview:large","max-video-preview":"max-video-preview:-1"},"canonical":"https:\/\/www.ecsdanismanlik.com.tr\/ar\/turizm-hizmet\/","og_locale":"ar_AR","og_type":"article","og_title":"Turizm & Hizmet - Ecs E\u011fitim Dan\u0131\u015fmanl\u0131k \u015eanl\u0131urfa","og_description":"A\u015f\u00e7\u0131l\u0131k \u00d6n Lisans Ekoturizm Y\u00fcksek Lisans (Tezli) Ekoturizm Rehberli\u011fi Y\u00fcksek Lisans (Tezli) Gastronomi Y\u00fcksek Lisans (Tezli) Gastronomi Y\u00fcksek Lisans (Tezsiz) Gastronomi Doktora Gastronomi ve Mutfak Sanatlar\u0131 Y\u00fcksek Lisans (Tezli) Gastronomi ve Mutfak Sanatlar\u0131 Lisans Gastronomi ve Mutfak Sanatlar\u0131 Y\u00fcksek Lisans (Tezsiz) Gayrimenkul Geli\u015ftirme Y\u00fcksek Lisans (Tezsiz) \u0130kram Hizmetleri \u00d6n Lisans K\u00fclt\u00fcrel Miras ve Turizm \u00d6n [&hellip;]","og_url":"https:\/\/www.ecsdanismanlik.com.tr\/ar\/turizm-hizmet\/","og_site_name":"Ecs E\u011fitim Dan\u0131\u015fmanl\u0131k \u015eanl\u0131urfa","twitter_card":"summary_large_image","twitter_misc":{"\u0648\u0642\u062a \u0627\u0644\u0642\u0631\u0627\u0621\u0629 \u0627\u0644\u0645\u064f\u0642\u062f\u0651\u0631":"\u062f\u0642\u064a\u0642\u0629 \u0648\u0627\u062d\u062f\u0629"},"schema":{"@context":"https:\/\/schema.org","@graph":[{"@type":"WebPage","@id":"https:\/\/www.ecsdanismanlik.com.tr\/turizm-hizmet\/","url":"https:\/\/www.ecsdanismanlik.com.tr\/turizm-hizmet\/","name":"Turizm & Hizmet - Ecs E\u011fitim Dan\u0131\u015fmanl\u0131k \u015eanl\u0131urfa","isPartOf":{"@id":"https:\/\/www.ecsdanismanlik.com.tr\/#website"},"datePublished":"2022-06-11T09:00:28+00:00","dateModified":"2022-06-11T09:00:28+00:00","breadcrumb":{"@id":"https:\/\/www.ecsdanismanlik.com.tr\/turizm-hizmet\/#breadcrumb"},"inLanguage":"ar","potentialAction":[{"@type":"ReadAction","target":["https:\/\/www.ecsdanismanlik.com.tr\/turizm-hizmet\/"]}]},{"@type":"BreadcrumbList","@id":"https:\/\/www.ecsdanismanlik.com.tr\/turizm-hizmet\/#breadcrumb","itemListElement":[{"@type":"ListItem","position":1,"name":"Anasayfa","item":"https:\/\/www.ecsdanismanlik.com.tr\/tr_tr\/"},{"@type":"ListItem","position":2,"name":"Turizm &#038; Hizmet"}]},{"@type":"WebSite","@id":"https:\/\/www.ecsdanismanlik.com.tr\/#website","url":"https:\/\/www.ecsdanismanlik.com.tr\/","name":"Ecs E\u011fitim Dan\u0131\u015fmanl\u0131k \u015eanl\u0131urfa","description":"","potentialAction":[{"@type":"SearchAction","target":{"@type":"EntryPoint","urlTemplate":"https:\/\/www.ecsdanismanlik.com.tr\/?s={search_term_string}"},"query-input":"required name=search_term_string"}],"inLanguage":"ar"}]}},"_links":{"self":[{"href":"https:\/\/www.ecsdanismanlik.com.tr\/ar\/wp-json\/wp\/v2\/pages\/3677"}],"collection":[{"href":"https:\/\/www.ecsdanismanlik.com.tr\/ar\/wp-json\/wp\/v2\/pages"}],"about":[{"href":"https:\/\/www.ecsdanismanlik.com.tr\/ar\/wp-json\/wp\/v2\/types\/page"}],"author":[{"embeddable":true,"href":"https:\/\/www.ecsdanismanlik.com.tr\/ar\/wp-json\/wp\/v2\/users\/1"}],"replies":[{"embeddable":true,"href":"https:\/\/www.ecsdanismanlik.com.tr\/ar\/wp-json\/wp\/v2\/comments?post=3677"}],"version-history":[{"count":0,"href":"https:\/\/www.ecsdanismanlik.com.tr\/ar\/wp-json\/wp\/v2\/pages\/3677\/revisions"}],"wp:attachment":[{"href":"https:\/\/www.ecsdanismanlik.com.tr\/ar\/wp-json\/wp\/v2\/media?parent=3677"}],"curies":[{"name":"wp","href":"https:\/\/api.w.org\/{rel}","templated":true}]}}