{"id":3616,"date":"2022-06-11T11:29:37","date_gmt":"2022-06-11T08:29:37","guid":{"rendered":"https:\/\/www.ecsdanismanlik.com.tr\/?page_id=3616"},"modified":"2022-06-11T11:29:37","modified_gmt":"2022-06-11T08:29:37","slug":"mimarlik","status":"publish","type":"page","link":"https:\/\/www.ecsdanismanlik.com.tr\/ar\/mimarlik\/","title":{"rendered":"\u0647\u0646\u062f\u0633\u0629 \u0645\u0639\u0645\u0627\u0631\u064a\u0629"},"content":{"rendered":"<div class=\"card rounded-0\">\n<div class=\"card mb-0 no-border no-shadow w-p100\">\n<div class=\"card-body justify-content-around\">\n<div class=\"row\">\n<h4 class=\"card-title mt-10\">\u0130\u00e7 Mimarl\u0131k<\/h4>\n<p><span class=\"col-md-3 ms-auto my-auto text-end fs-12\">\u0645\u0627\u062c\u0633\u062a\u064a\u0631 (\u0628\u062f\u0648\u0646 \u0623\u0637\u0631\u0648\u062d\u0629)<\/span><\/div>\n<\/div>\n<\/div>\n<\/div>\n<div class=\"card rounded-0\">\n<div class=\"card mb-0 no-border no-shadow w-p100\">\n<div class=\"card-body justify-content-around\">\n<div class=\"row\">\n<h4 class=\"card-title mt-10\">\u0130\u00e7 Mimarl\u0131k<\/h4>\n<p><span class=\"col-md-3 ms-auto my-auto text-end fs-12\">\u0631\u0633\u0627\u0644\u0629 \u0627\u0644\u0645\u0627\u062c\u0633\u062a\u064a\u0631)<\/span><\/div>\n<\/div>\n<\/div>\n<\/div>\n<div class=\"card rounded-0\">\n<div class=\"card mb-0 no-border no-shadow w-p100\">\n<div class=\"card-body justify-content-around\">\n<div class=\"row\">\n<h4 class=\"card-title mt-10\">\u0130\u00e7 Mimarl\u0131k<\/h4>\n<p><span class=\"col-md-3 ms-auto my-auto text-end fs-12\">\u0631\u062e\u0635\u0629<\/span><\/div>\n<\/div>\n<\/div>\n<\/div>\n<div class=\"card rounded-0\">\n<div class=\"card mb-0 no-border no-shadow w-p100\">\n<div class=\"card-body justify-content-around\">\n<div class=\"row\">\n<h4 class=\"card-title mt-10\">\u0627\u0644\u0639\u0645\u0627\u0631\u0629 \u0627\u0644\u062f\u0627\u062e\u0644\u064a\u0629 \u0648\u0627\u0644\u062a\u0635\u0645\u064a\u0645 \u0627\u0644\u0628\u064a\u0626\u064a<\/h4>\n<p><span class=\"col-md-3 ms-auto my-auto text-end fs-12\">\u0631\u0633\u0627\u0644\u0629 \u0627\u0644\u0645\u0627\u062c\u0633\u062a\u064a\u0631)<\/span><\/div>\n<\/div>\n<\/div>\n<\/div>\n<div class=\"card rounded-0\">\n<div class=\"card mb-0 no-border no-shadow w-p100\">\n<div class=\"card-body justify-content-around\">\n<div class=\"row\">\n<h4 class=\"card-title mt-10\">\u0627\u0644\u0639\u0645\u0627\u0631\u0629 \u0627\u0644\u062f\u0627\u062e\u0644\u064a\u0629 \u0648\u0627\u0644\u062a\u0635\u0645\u064a\u0645 \u0627\u0644\u0628\u064a\u0626\u064a<\/h4>\n<p><span class=\"col-md-3 ms-auto my-auto text-end fs-12\">\u0631\u062e\u0635\u0629<\/span><\/div>\n<\/div>\n<\/div>\n<\/div>\n<div class=\"card rounded-0\">\n<div class=\"card mb-0 no-border no-shadow w-p100\">\n<div class=\"card-body justify-content-around\">\n<div class=\"row\">\n<h4 class=\"card-title mt-10\">Kentsel D\u00f6n\u00fc\u015f\u00fcm<\/h4>\n<p><span class=\"col-md-3 ms-auto my-auto text-end fs-12\">\u062f\u0643\u062a\u0648\u0631\u0627\u0647<\/span><\/div>\n<\/div>\n<\/div>\n<\/div>\n<div class=\"card rounded-0\">\n<div class=\"card mb-0 no-border no-shadow w-p100\">\n<div class=\"card-body justify-content-around\">\n<div class=\"row\">\n<h4 class=\"card-title mt-10\">Kentsel D\u00f6n\u00fc\u015f\u00fcm<\/h4>\n<p><span class=\"col-md-3 ms-auto my-auto text-end fs-12\">\u0631\u0633\u0627\u0644\u0629 \u0627\u0644\u0645\u0627\u062c\u0633\u062a\u064a\u0631)<\/span><\/div>\n<\/div>\n<\/div>\n<\/div>\n<div class=\"card rounded-0\">\n<div class=\"card mb-0 no-border no-shadow w-p100\">\n<div class=\"card-body justify-content-around\">\n<div class=\"row\">\n<h4 class=\"card-title mt-10\">Kentsel Planlama ve Y\u00f6netim<\/h4>\n<p><span class=\"col-md-3 ms-auto my-auto text-end fs-12\">\u0631\u0633\u0627\u0644\u0629 \u0627\u0644\u0645\u0627\u062c\u0633\u062a\u064a\u0631)<\/span><\/div>\n<\/div>\n<\/div>\n<\/div>\n<div class=\"card rounded-0\">\n<div class=\"card mb-0 no-border no-shadow w-p100\">\n<div class=\"card-body justify-content-around\">\n<div class=\"row\">\n<h4 class=\"card-title mt-10\">Kentsel Politika Planlamas\u0131 ve Yerel Y\u00f6netimler<\/h4>\n<p><span class=\"col-md-3 ms-auto my-auto text-end fs-12\">\u0645\u0627\u062c\u0633\u062a\u064a\u0631 (\u0628\u062f\u0648\u0646 \u0623\u0637\u0631\u0648\u062d\u0629)<\/span><\/div>\n<\/div>\n<\/div>\n<\/div>\n<div class=\"card rounded-0\">\n<div class=\"card mb-0 no-border no-shadow w-p100\">\n<div class=\"card-body justify-content-around\">\n<div class=\"row\">\n<h4 class=\"card-title mt-10\">Kentsel Politika Planlamas\u0131 ve Yerel Y\u00f6netimler<\/h4>\n<p><span class=\"col-md-3 ms-auto my-auto text-end fs-12\">\u0631\u0633\u0627\u0644\u0629 \u0627\u0644\u0645\u0627\u062c\u0633\u062a\u064a\u0631)<\/span><\/div>\n<\/div>\n<\/div>\n<\/div>\n<div class=\"card rounded-0\">\n<div class=\"card mb-0 no-border no-shadow w-p100\">\n<div class=\"card-body justify-content-around\">\n<div class=\"row\">\n<h4 class=\"card-title mt-10\">Kentsel Tasar\u0131m<\/h4>\n<p><span class=\"col-md-3 ms-auto my-auto text-end fs-12\">\u0645\u0627\u062c\u0633\u062a\u064a\u0631 (\u0628\u062f\u0648\u0646 \u0623\u0637\u0631\u0648\u062d\u0629)<\/span><\/div>\n<\/div>\n<\/div>\n<\/div>\n<div class=\"card rounded-0\">\n<div class=\"card mb-0 no-border no-shadow w-p100\">\n<div class=\"card-body justify-content-around\">\n<div class=\"row\">\n<h4 class=\"card-title mt-10\">Kentsel Tasar\u0131m<\/h4>\n<p><span class=\"col-md-3 ms-auto my-auto text-end fs-12\">\u0631\u0633\u0627\u0644\u0629 \u0627\u0644\u0645\u0627\u062c\u0633\u062a\u064a\u0631)<\/span><\/div>\n<\/div>\n<\/div>\n<\/div>\n<div class=\"card rounded-0\">\n<div class=\"card mb-0 no-border no-shadow w-p100\">\n<div class=\"card-body justify-content-around\">\n<div class=\"row\">\n<h4 class=\"card-title mt-10\">Kentsel Tasar\u0131m ve Peyzaj Mimarl\u0131\u011f\u0131<\/h4>\n<p><span class=\"col-md-3 ms-auto my-auto text-end fs-12\">\u0631\u062e\u0635\u0629<\/span><\/div>\n<\/div>\n<\/div>\n<\/div>\n<div class=\"card rounded-0\">\n<div class=\"card mb-0 no-border no-shadow w-p100\">\n<div class=\"card-body justify-content-around\">\n<div class=\"row\">\n<h4 class=\"card-title mt-10\">Kentsel Vizyon ve Mimari Tasar\u0131m<\/h4>\n<p><span class=\"col-md-3 ms-auto my-auto text-end fs-12\">\u0631\u0633\u0627\u0644\u0629 \u0627\u0644\u0645\u0627\u062c\u0633\u062a\u064a\u0631)<\/span><\/div>\n<\/div>\n<\/div>\n<\/div>\n<div class=\"card rounded-0\">\n<div class=\"card mb-0 no-border no-shadow w-p100\">\n<div class=\"card-body justify-content-around\">\n<div class=\"row\">\n<h4 class=\"card-title mt-10\">Kentsel Yenileme<\/h4>\n<p><span class=\"col-md-3 ms-auto my-auto text-end fs-12\">\u0631\u0633\u0627\u0644\u0629 \u0627\u0644\u0645\u0627\u062c\u0633\u062a\u064a\u0631)<\/span><\/div>\n<\/div>\n<\/div>\n<\/div>\n<div class=\"card rounded-0\">\n<div class=\"card mb-0 no-border no-shadow w-p100\">\n<div class=\"card-body justify-content-around\">\n<div class=\"row\">\n<h4 class=\"card-title mt-10\">Mimari Dekoratif Sanatlar<\/h4>\n<p><span class=\"col-md-3 ms-auto my-auto text-end fs-12\">\u0634\u0647\u0627\u062f\u0629 \u062c\u0627\u0645\u0639\u064a\u0629<\/span><\/div>\n<\/div>\n<\/div>\n<\/div>\n<div class=\"card rounded-0\">\n<div class=\"card mb-0 no-border no-shadow w-p100\">\n<div class=\"card-body justify-content-around\">\n<div class=\"row\">\n<h4 class=\"card-title mt-10\">Mimari M\u00fchendislik<\/h4>\n<p><span class=\"col-md-3 ms-auto my-auto text-end fs-12\">\u0645\u0627\u062c\u0633\u062a\u064a\u0631 (\u0628\u062f\u0648\u0646 \u0623\u0637\u0631\u0648\u062d\u0629)<\/span><\/div>\n<\/div>\n<\/div>\n<\/div>\n<div class=\"card rounded-0\">\n<div class=\"card mb-0 no-border no-shadow w-p100\">\n<div class=\"card-body justify-content-around\">\n<div class=\"row\">\n<h4 class=\"card-title mt-10\">Mimari Restorasyon<\/h4>\n<p><span class=\"col-md-3 ms-auto my-auto text-end fs-12\">\u0634\u0647\u0627\u062f\u0629 \u062c\u0627\u0645\u0639\u064a\u0629<\/span><\/div>\n<\/div>\n<\/div>\n<\/div>\n<div class=\"card rounded-0\">\n<div class=\"card mb-0 no-border no-shadow w-p100\">\n<div class=\"card-body justify-content-around\">\n<div class=\"row\">\n<h4 class=\"card-title mt-10\">Mimari Tasar\u0131m<\/h4>\n<p><span class=\"col-md-3 ms-auto my-auto text-end fs-12\">\u0645\u0627\u062c\u0633\u062a\u064a\u0631 (\u0628\u062f\u0648\u0646 \u0623\u0637\u0631\u0648\u062d\u0629)<\/span><\/div>\n<\/div>\n<\/div>\n<\/div>\n<div class=\"card rounded-0\">\n<div class=\"card mb-0 no-border no-shadow w-p100\">\n<div class=\"card-body justify-content-around\">\n<div class=\"row\">\n<h4 class=\"card-title mt-10\">Mimari Tasar\u0131m<\/h4>\n<p><span class=\"col-md-3 ms-auto my-auto text-end fs-12\">\u0631\u0633\u0627\u0644\u0629 \u0627\u0644\u0645\u0627\u062c\u0633\u062a\u064a\u0631)<\/span><\/div>\n<\/div>\n<\/div>\n<\/div>\n<div class=\"card rounded-0\">\n<div class=\"card mb-0 no-border no-shadow w-p100\">\n<div class=\"card-body justify-content-around\">\n<div class=\"row\">\n<h4 class=\"card-title mt-10\">\u0647\u0646\u062f\u0633\u0629 \u0645\u0639\u0645\u0627\u0631\u064a\u0629<\/h4>\n<p><span class=\"col-md-3 ms-auto my-auto text-end fs-12\">\u0631\u062e\u0635\u0629<\/span><\/div>\n<\/div>\n<\/div>\n<\/div>\n<div class=\"card rounded-0\">\n<div class=\"card mb-0 no-border no-shadow w-p100\">\n<div class=\"card-body justify-content-around\">\n<div class=\"row\">\n<h4 class=\"card-title mt-10\">\u0647\u0646\u062f\u0633\u0629 \u0645\u0639\u0645\u0627\u0631\u064a\u0629<\/h4>\n<p><span class=\"col-md-3 ms-auto my-auto text-end fs-12\">\u0645\u0627\u062c\u0633\u062a\u064a\u0631 (\u0628\u062f\u0648\u0646 \u0623\u0637\u0631\u0648\u062d\u0629)<\/span><\/div>\n<\/div>\n<\/div>\n<\/div>\n<div class=\"card rounded-0\">\n<div class=\"card mb-0 no-border no-shadow w-p100\">\n<div class=\"card-body justify-content-around\">\n<div class=\"row\">\n<h4 class=\"card-title mt-10\">\u0647\u0646\u062f\u0633\u0629 \u0645\u0639\u0645\u0627\u0631\u064a\u0629<\/h4>\n<p><span class=\"col-md-3 ms-auto my-auto text-end fs-12\">\u062f\u0643\u062a\u0648\u0631\u0627\u0647<\/span><\/div>\n<\/div>\n<\/div>\n<\/div>\n<div class=\"card rounded-0\">\n<div class=\"card mb-0 no-border no-shadow w-p100\">\n<div class=\"card-body justify-content-around\">\n<div class=\"row\">\n<h4 class=\"card-title mt-10\">\u0647\u0646\u062f\u0633\u0629 \u0645\u0639\u0645\u0627\u0631\u064a\u0629<\/h4>\n<p><span class=\"col-md-3 ms-auto my-auto text-end fs-12\">\u0631\u0633\u0627\u0644\u0629 \u0627\u0644\u0645\u0627\u062c\u0633\u062a\u064a\u0631)<\/span><\/div>\n<\/div>\n<\/div>\n<\/div>\n<div class=\"card rounded-0\">\n<div class=\"card mb-0 no-border no-shadow w-p100\">\n<div class=\"card-body justify-content-around\">\n<div class=\"row\">\n<h4 class=\"card-title mt-10\">Mimarl\u0131k Tarihi<\/h4>\n<p><span class=\"col-md-3 ms-auto my-auto text-end fs-12\">\u0631\u0633\u0627\u0644\u0629 \u0627\u0644\u0645\u0627\u062c\u0633\u062a\u064a\u0631)<\/span><\/div>\n<\/div>\n<\/div>\n<\/div>\n<div class=\"card rounded-0\">\n<div class=\"card mb-0 no-border no-shadow w-p100\">\n<div class=\"card-body justify-content-around\">\n<div class=\"row\">\n<h4 class=\"card-title mt-10\">Mimarl\u0131k Tarihi ve Restorasyon<\/h4>\n<p><span class=\"col-md-3 ms-auto my-auto text-end fs-12\">\u0631\u0633\u0627\u0644\u0629 \u0627\u0644\u0645\u0627\u062c\u0633\u062a\u064a\u0631)<\/span><\/div>\n<\/div>\n<\/div>\n<\/div>\n<div class=\"card rounded-0\">\n<div class=\"card mb-0 no-border no-shadow w-p100\">\n<div class=\"card-body justify-content-around\">\n<div class=\"row\">\n<h4 class=\"card-title mt-10\">Mimarl\u0131k ve Kent \u00c7al\u0131\u015fmalar\u0131<\/h4>\n<p><span class=\"col-md-3 ms-auto my-auto text-end fs-12\">\u0631\u0633\u0627\u0644\u0629 \u0627\u0644\u0645\u0627\u062c\u0633\u062a\u064a\u0631)<\/span><\/div>\n<\/div>\n<\/div>\n<\/div>\n<div class=\"card rounded-0\">\n<div class=\"card mb-0 no-border no-shadow w-p100\">\n<div class=\"card-body justify-content-around\">\n<div class=\"row\">\n<h4 class=\"card-title mt-10\">Mimarl\u0131k ve Tasar\u0131m<\/h4>\n<p><span class=\"col-md-3 ms-auto my-auto text-end fs-12\">\u062f\u0643\u062a\u0648\u0631\u0627\u0647<\/span><\/div>\n<\/div>\n<\/div>\n<\/div>\n<div class=\"card rounded-0\">\n<div class=\"card mb-0 no-border no-shadow w-p100\">\n<div class=\"card-body justify-content-around\">\n<div class=\"row\">\n<h4 class=\"card-title mt-10\">Mimarl\u0131k ve Yap\u0131l\u0131 \u00c7evrenin Yenilenmesi<\/h4>\n<p><span class=\"col-md-3 ms-auto my-auto text-end fs-12\">\u0631\u0633\u0627\u0644\u0629 \u0627\u0644\u0645\u0627\u062c\u0633\u062a\u064a\u0631)<\/span><\/div>\n<\/div>\n<\/div>\n<\/div>\n<div class=\"card rounded-0\">\n<div class=\"card mb-0 no-border no-shadow w-p100\">\n<div class=\"card-body justify-content-around\">\n<div class=\"row\">\n<h4 class=\"card-title mt-10\">Peyzaj Mimarl\u0131\u011f\u0131<\/h4>\n<p><span class=\"col-md-3 ms-auto my-auto text-end fs-12\">\u062f\u0643\u062a\u0648\u0631\u0627\u0647<\/span><\/div>\n<\/div>\n<\/div>\n<\/div>\n<div class=\"card rounded-0\">\n<div class=\"card mb-0 no-border no-shadow w-p100\">\n<div class=\"card-body justify-content-around\">\n<div class=\"row\">\n<h4 class=\"card-title mt-10\">Peyzaj Mimarl\u0131\u011f\u0131<\/h4>\n<p><span class=\"col-md-3 ms-auto my-auto text-end fs-12\">\u0631\u0633\u0627\u0644\u0629 \u0627\u0644\u0645\u0627\u062c\u0633\u062a\u064a\u0631)<\/span><\/div>\n<\/div>\n<\/div>\n<\/div>\n<div class=\"card rounded-0\">\n<div class=\"card mb-0 no-border no-shadow w-p100\">\n<div class=\"card-body justify-content-around\">\n<div class=\"row\">\n<h4 class=\"card-title mt-10\">Peyzaj Mimarl\u0131\u011f\u0131<\/h4>\n<p><span class=\"col-md-3 ms-auto my-auto text-end fs-12\">\u0631\u062e\u0635\u0629<\/span><\/div>\n<\/div>\n<\/div>\n<\/div>\n<div class=\"card rounded-0\">\n<div class=\"card mb-0 no-border no-shadow w-p100\">\n<div class=\"card-body justify-content-around\">\n<div class=\"row\">\n<h4 class=\"card-title mt-10\">Peyzaj Mimarl\u0131\u011f\u0131<\/h4>\n<p><span class=\"col-md-3 ms-auto my-auto text-end fs-12\">\u0645\u0627\u062c\u0633\u062a\u064a\u0631 (\u0628\u062f\u0648\u0646 \u0623\u0637\u0631\u0648\u062d\u0629)<\/span><\/div>\n<\/div>\n<\/div>\n<\/div>\n<div class=\"card rounded-0\">\n<div class=\"card mb-0 no-border no-shadow w-p100\">\n<div class=\"card-body justify-content-around\">\n<div class=\"row\">\n<h4 class=\"card-title mt-10\">\u015eehir ve B\u00f6lge Planlama<\/h4>\n<p><span class=\"col-md-3 ms-auto my-auto text-end fs-12\">\u0631\u062e\u0635\u0629<\/span><\/div>\n<\/div>\n<\/div>\n<\/div>\n<div class=\"card rounded-0\">\n<div class=\"card mb-0 no-border no-shadow w-p100\">\n<div class=\"card-body justify-content-around\">\n<div class=\"row\">\n<h4 class=\"card-title mt-10\">\u015eehir ve B\u00f6lge Planlama<\/h4>\n<p><span class=\"col-md-3 ms-auto my-auto text-end fs-12\">\u062f\u0643\u062a\u0648\u0631\u0627\u0647<\/span><\/div>\n<\/div>\n<\/div>\n<\/div>\n<div class=\"card rounded-0\">\n<div class=\"card mb-0 no-border no-shadow w-p100\">\n<div class=\"card-body justify-content-around\">\n<div class=\"row\">\n<h4 class=\"card-title mt-10\">\u015eehir ve B\u00f6lge Planlama<\/h4>\n<p><span class=\"col-md-3 ms-auto my-auto text-end fs-12\">\u0631\u0633\u0627\u0644\u0629 \u0627\u0644\u0645\u0627\u062c\u0633\u062a\u064a\u0631)<\/span><\/div>\n<\/div>\n<\/div>\n<\/div>\n<div class=\"card rounded-0\">\n<div class=\"card mb-0 no-border no-shadow w-p100\">\n<div class=\"card-body justify-content-around\">\n<div class=\"row\">\n<h4 class=\"card-title mt-10\">Yap\u0131 Mekani\u011fi<\/h4>\n<p><span class=\"col-md-3 ms-auto my-auto text-end fs-12\">\u0645\u0627\u062c\u0633\u062a\u064a\u0631 (\u0628\u062f\u0648\u0646 \u0623\u0637\u0631\u0648\u062d\u0629)<\/span><\/div>\n<\/div>\n<\/div>\n<\/div>\n<div class=\"card rounded-0\">\n<div class=\"card mb-0 no-border no-shadow w-p100\">\n<div class=\"card-body justify-content-around\">\n<div class=\"row\">\n<h4 class=\"card-title mt-10\">Yap\u0131 Mekani\u011fi<\/h4>\n<p><span class=\"col-md-3 ms-auto my-auto text-end fs-12\">\u062f\u0643\u062a\u0648\u0631\u0627\u0647<\/span><\/div>\n<\/div>\n<\/div>\n<\/div>\n<div class=\"card rounded-0\">\n<div class=\"card mb-0 no-border no-shadow w-p100\">\n<div class=\"card-body justify-content-around\">\n<div class=\"row\">\n<h4 class=\"card-title mt-10\">Yap\u0131 Mekani\u011fi<\/h4>\n<p><span class=\"col-md-3 ms-auto my-auto text-end fs-12\">\u0631\u0633\u0627\u0644\u0629 \u0627\u0644\u0645\u0627\u062c\u0633\u062a\u064a\u0631)<\/span><\/div>\n<\/div>\n<\/div>\n<\/div>","protected":false},"excerpt":{"rendered":"<p>\u0130\u00e7 Mimarl\u0131k Y\u00fcksek Lisans (Tezsiz) \u0130\u00e7 Mimarl\u0131k Y\u00fcksek Lisans (Tezli) \u0130\u00e7 Mimarl\u0131k Lisans \u0130\u00e7 Mimarl\u0131k ve \u00c7evre Tasar\u0131m\u0131 Y\u00fcksek Lisans (Tezli) \u0130\u00e7 Mimarl\u0131k ve \u00c7evre Tasar\u0131m\u0131 Lisans Kentsel D\u00f6n\u00fc\u015f\u00fcm Doktora Kentsel D\u00f6n\u00fc\u015f\u00fcm Y\u00fcksek Lisans (Tezli) Kentsel Planlama ve Y\u00f6netim Y\u00fcksek Lisans (Tezli) Kentsel Politika Planlamas\u0131 ve Yerel Y\u00f6netimler Y\u00fcksek Lisans (Tezsiz) Kentsel Politika Planlamas\u0131 ve [&hellip;]<\/p>","protected":false},"author":1,"featured_media":0,"parent":0,"menu_order":0,"comment_status":"closed","ping_status":"closed","template":"","meta":{"footnotes":""},"yoast_head":"<!-- This site is optimized with the Yoast SEO plugin v20.13 - https:\/\/yoast.com\/wordpress\/plugins\/seo\/ -->\n<title>Mimarl\u0131k - Ecs E\u011fitim Dan\u0131\u015fmanl\u0131k \u015eanl\u0131urfa<\/title>\n<meta name=\"robots\" content=\"index, follow, max-snippet:-1, max-image-preview:large, max-video-preview:-1\" \/>\n<link rel=\"canonical\" href=\"https:\/\/www.ecsdanismanlik.com.tr\/ar\/mimarlik\/\" \/>\n<meta property=\"og:locale\" content=\"ar_AR\" \/>\n<meta property=\"og:type\" content=\"article\" \/>\n<meta property=\"og:title\" content=\"Mimarl\u0131k - Ecs E\u011fitim Dan\u0131\u015fmanl\u0131k \u015eanl\u0131urfa\" \/>\n<meta property=\"og:description\" content=\"\u0130\u00e7 Mimarl\u0131k Y\u00fcksek Lisans (Tezsiz) \u0130\u00e7 Mimarl\u0131k Y\u00fcksek Lisans (Tezli) \u0130\u00e7 Mimarl\u0131k Lisans \u0130\u00e7 Mimarl\u0131k ve \u00c7evre Tasar\u0131m\u0131 Y\u00fcksek Lisans (Tezli) \u0130\u00e7 Mimarl\u0131k ve \u00c7evre Tasar\u0131m\u0131 Lisans Kentsel D\u00f6n\u00fc\u015f\u00fcm Doktora Kentsel D\u00f6n\u00fc\u015f\u00fcm Y\u00fcksek Lisans (Tezli) Kentsel Planlama ve Y\u00f6netim Y\u00fcksek Lisans (Tezli) Kentsel Politika Planlamas\u0131 ve Yerel Y\u00f6netimler Y\u00fcksek Lisans (Tezsiz) Kentsel Politika Planlamas\u0131 ve [&hellip;]\" \/>\n<meta property=\"og:url\" content=\"https:\/\/www.ecsdanismanlik.com.tr\/ar\/mimarlik\/\" \/>\n<meta property=\"og:site_name\" content=\"Ecs E\u011fitim Dan\u0131\u015fmanl\u0131k \u015eanl\u0131urfa\" \/>\n<meta name=\"twitter:card\" content=\"summary_large_image\" \/>\n<meta name=\"twitter:label1\" content=\"\u0648\u0642\u062a \u0627\u0644\u0642\u0631\u0627\u0621\u0629 \u0627\u0644\u0645\u064f\u0642\u062f\u0651\u0631\" \/>\n\t<meta name=\"twitter:data1\" content=\"\u062f\u0642\u064a\u0642\u062a\u0627\u0646\" \/>\n<script type=\"application\/ld+json\" class=\"yoast-schema-graph\">{\"@context\":\"https:\/\/schema.org\",\"@graph\":[{\"@type\":\"WebPage\",\"@id\":\"https:\/\/www.ecsdanismanlik.com.tr\/mimarlik\/\",\"url\":\"https:\/\/www.ecsdanismanlik.com.tr\/mimarlik\/\",\"name\":\"Mimarl\u0131k - Ecs E\u011fitim Dan\u0131\u015fmanl\u0131k \u015eanl\u0131urfa\",\"isPartOf\":{\"@id\":\"https:\/\/www.ecsdanismanlik.com.tr\/#website\"},\"datePublished\":\"2022-06-11T08:29:37+00:00\",\"dateModified\":\"2022-06-11T08:29:37+00:00\",\"breadcrumb\":{\"@id\":\"https:\/\/www.ecsdanismanlik.com.tr\/mimarlik\/#breadcrumb\"},\"inLanguage\":\"ar\",\"potentialAction\":[{\"@type\":\"ReadAction\",\"target\":[\"https:\/\/www.ecsdanismanlik.com.tr\/mimarlik\/\"]}]},{\"@type\":\"BreadcrumbList\",\"@id\":\"https:\/\/www.ecsdanismanlik.com.tr\/mimarlik\/#breadcrumb\",\"itemListElement\":[{\"@type\":\"ListItem\",\"position\":1,\"name\":\"Anasayfa\",\"item\":\"https:\/\/www.ecsdanismanlik.com.tr\/tr_tr\/\"},{\"@type\":\"ListItem\",\"position\":2,\"name\":\"Mimarl\u0131k\"}]},{\"@type\":\"WebSite\",\"@id\":\"https:\/\/www.ecsdanismanlik.com.tr\/#website\",\"url\":\"https:\/\/www.ecsdanismanlik.com.tr\/\",\"name\":\"Ecs E\u011fitim Dan\u0131\u015fmanl\u0131k \u015eanl\u0131urfa\",\"description\":\"\",\"potentialAction\":[{\"@type\":\"SearchAction\",\"target\":{\"@type\":\"EntryPoint\",\"urlTemplate\":\"https:\/\/www.ecsdanismanlik.com.tr\/?s={search_term_string}\"},\"query-input\":\"required name=search_term_string\"}],\"inLanguage\":\"ar\"}]}<\/script>\n<!-- \/ Yoast SEO plugin. -->","yoast_head_json":{"title":"Mimarl\u0131k - Ecs E\u011fitim Dan\u0131\u015fmanl\u0131k \u015eanl\u0131urfa","robots":{"index":"index","follow":"follow","max-snippet":"max-snippet:-1","max-image-preview":"max-image-preview:large","max-video-preview":"max-video-preview:-1"},"canonical":"https:\/\/www.ecsdanismanlik.com.tr\/ar\/mimarlik\/","og_locale":"ar_AR","og_type":"article","og_title":"Mimarl\u0131k - Ecs E\u011fitim Dan\u0131\u015fmanl\u0131k \u015eanl\u0131urfa","og_description":"\u0130\u00e7 Mimarl\u0131k Y\u00fcksek Lisans (Tezsiz) \u0130\u00e7 Mimarl\u0131k Y\u00fcksek Lisans (Tezli) \u0130\u00e7 Mimarl\u0131k Lisans \u0130\u00e7 Mimarl\u0131k ve \u00c7evre Tasar\u0131m\u0131 Y\u00fcksek Lisans (Tezli) \u0130\u00e7 Mimarl\u0131k ve \u00c7evre Tasar\u0131m\u0131 Lisans Kentsel D\u00f6n\u00fc\u015f\u00fcm Doktora Kentsel D\u00f6n\u00fc\u015f\u00fcm Y\u00fcksek Lisans (Tezli) Kentsel Planlama ve Y\u00f6netim Y\u00fcksek Lisans (Tezli) Kentsel Politika Planlamas\u0131 ve Yerel Y\u00f6netimler Y\u00fcksek Lisans (Tezsiz) Kentsel Politika Planlamas\u0131 ve [&hellip;]","og_url":"https:\/\/www.ecsdanismanlik.com.tr\/ar\/mimarlik\/","og_site_name":"Ecs E\u011fitim Dan\u0131\u015fmanl\u0131k \u015eanl\u0131urfa","twitter_card":"summary_large_image","twitter_misc":{"\u0648\u0642\u062a \u0627\u0644\u0642\u0631\u0627\u0621\u0629 \u0627\u0644\u0645\u064f\u0642\u062f\u0651\u0631":"\u062f\u0642\u064a\u0642\u062a\u0627\u0646"},"schema":{"@context":"https:\/\/schema.org","@graph":[{"@type":"WebPage","@id":"https:\/\/www.ecsdanismanlik.com.tr\/mimarlik\/","url":"https:\/\/www.ecsdanismanlik.com.tr\/mimarlik\/","name":"Mimarl\u0131k - Ecs E\u011fitim Dan\u0131\u015fmanl\u0131k \u015eanl\u0131urfa","isPartOf":{"@id":"https:\/\/www.ecsdanismanlik.com.tr\/#website"},"datePublished":"2022-06-11T08:29:37+00:00","dateModified":"2022-06-11T08:29:37+00:00","breadcrumb":{"@id":"https:\/\/www.ecsdanismanlik.com.tr\/mimarlik\/#breadcrumb"},"inLanguage":"ar","potentialAction":[{"@type":"ReadAction","target":["https:\/\/www.ecsdanismanlik.com.tr\/mimarlik\/"]}]},{"@type":"BreadcrumbList","@id":"https:\/\/www.ecsdanismanlik.com.tr\/mimarlik\/#breadcrumb","itemListElement":[{"@type":"ListItem","position":1,"name":"Anasayfa","item":"https:\/\/www.ecsdanismanlik.com.tr\/tr_tr\/"},{"@type":"ListItem","position":2,"name":"Mimarl\u0131k"}]},{"@type":"WebSite","@id":"https:\/\/www.ecsdanismanlik.com.tr\/#website","url":"https:\/\/www.ecsdanismanlik.com.tr\/","name":"Ecs E\u011fitim Dan\u0131\u015fmanl\u0131k \u015eanl\u0131urfa","description":"","potentialAction":[{"@type":"SearchAction","target":{"@type":"EntryPoint","urlTemplate":"https:\/\/www.ecsdanismanlik.com.tr\/?s={search_term_string}"},"query-input":"required name=search_term_string"}],"inLanguage":"ar"}]}},"_links":{"self":[{"href":"https:\/\/www.ecsdanismanlik.com.tr\/ar\/wp-json\/wp\/v2\/pages\/3616"}],"collection":[{"href":"https:\/\/www.ecsdanismanlik.com.tr\/ar\/wp-json\/wp\/v2\/pages"}],"about":[{"href":"https:\/\/www.ecsdanismanlik.com.tr\/ar\/wp-json\/wp\/v2\/types\/page"}],"author":[{"embeddable":true,"href":"https:\/\/www.ecsdanismanlik.com.tr\/ar\/wp-json\/wp\/v2\/users\/1"}],"replies":[{"embeddable":true,"href":"https:\/\/www.ecsdanismanlik.com.tr\/ar\/wp-json\/wp\/v2\/comments?post=3616"}],"version-history":[{"count":0,"href":"https:\/\/www.ecsdanismanlik.com.tr\/ar\/wp-json\/wp\/v2\/pages\/3616\/revisions"}],"wp:attachment":[{"href":"https:\/\/www.ecsdanismanlik.com.tr\/ar\/wp-json\/wp\/v2\/media?parent=3616"}],"curies":[{"name":"wp","href":"https:\/\/api.w.org\/{rel}","templated":true}]}}