{"id":1947,"date":"2022-05-09T10:03:13","date_gmt":"2022-05-09T07:03:13","guid":{"rendered":"https:\/\/www.ecsdanismanlik.com.tr\/?page_id=1947"},"modified":"2022-05-09T10:03:13","modified_gmt":"2022-05-09T07:03:13","slug":"turkce-ogrenimi","status":"publish","type":"page","link":"https:\/\/www.ecsdanismanlik.com.tr\/ar\/turkce-ogrenimi\/","title":{"rendered":"\u062a\u0639\u0644\u0645 \u0627\u0644\u062a\u0631\u0643\u064a\u0629"},"content":{"rendered":"<p>Farkl\u0131 leh\u00e7eleriyle T\u00fcrk\u00e7e d\u00fcnyada san\u0131landan \u00e7ok daha yayg\u0131n bir co\u011frafyada konu\u015fulmaktad\u0131r. \u00d6rne\u011fin, Avrupa\u2019da Almanya, Fransa, Hollanda, Makedonya, Yunanistan gibi \u00fclkelerde ve Orta Asya\u2019da geni\u015f bir co\u011frafyada milyonlarca insan\u0131n anadil ya da ikinci dil olarak T\u00fcrkiye T\u00fcrk\u00e7esi konu\u015ftu\u011fu bilinmekte. Ayr\u0131ca, 2018 verilerine g\u00f6re T\u00fcrkiye\u2019nin en \u00e7ok ihracat yapt\u0131\u011f\u0131 \u00fclkelerin ba\u015f\u0131nda Almanya, Birle\u015fik Krall\u0131k, \u0130talya, ABD, Irak, \u0130spanya, Fransa, Hollanda, Bel\u00e7ika, \u0130srail, Romanya, Rusya, Polonya ve \u00c7in (BAE, Suudi Arabistan, Bulgaristan, \u0130ran, Yunanistan, M\u0131s\u0131r, Cezayir) yer al\u0131yor.<\/p>\n<p>Bu bilgiler \u0131\u015f\u0131\u011f\u0131nda, T\u00fcrk\u00e7e \u00f6\u011frenmek sadece T\u00fcrkiye\u2019deki \u00f6\u011frenim hayat\u0131n\u0131z i\u00e7in kar\u015f\u0131laman\u0131z gereken bir ko\u015ful de\u011fil, ayn\u0131 zamanda mezuniyet sonras\u0131nda bir avantaj da olacakt\u0131r. Ayr\u0131ca T\u00fcrkiye\u2019de akademik e\u011fitiminizi hangi dilde al\u0131yorsan\u0131z al\u0131n, asgari seviyede de olsa T\u00fcrk\u00e7e konu\u015fabilmek g\u00fcnl\u00fck hayatta i\u015flerinizi b\u00fcy\u00fck \u00f6l\u00e7\u00fcde kolayla\u015ft\u0131racakt\u0131r.<\/p>\n<p><strong>T\u00fcrk\u00e7e Yeterli\u011fi<\/strong><\/p>\n<p>T\u00fcrkiye\u2019deki \u00fcniversitelerin baz\u0131lar\u0131nda e\u011fitim dili \u0130ngilizce iken, \u00e7o\u011fu \u00fcniversitede e\u011fitim dili T\u00fcrk\u00e7edir. Pek \u00e7ok akademik programa kabul ko\u015fullar\u0131 aras\u0131nda T\u00fcrk\u00e7e dil yeterli\u011fi olsa da, \u00fcniversitelere T\u00fcrk\u00e7e bilmeden de kabul edilebilirsiniz. Bir\u00e7ok \u00fcniversitede lisans ya da lisans\u00fcst\u00fc programlara kabul edildikten sonra uluslararas\u0131 \u00f6\u011frencilere T\u00fcrk\u00e7e haz\u0131rl\u0131k kurslar\u0131na devam etme olana\u011f\u0131 sunulur. Makul bir \u00fccret kar\u015f\u0131l\u0131\u011f\u0131nda ya da baz\u0131 durumlarda \u00fccretsiz olarak ve farkl\u0131 seviyelerde alabilece\u011finiz bu kurslarda genellikle g\u00fcnde 4-6 saat dil dersi al\u0131rs\u0131n\u0131z. Haz\u0131rl\u0131k okulunun sonunda t\u00fcm \u00f6\u011frenciler s\u0131nava girerler ve belli bir seviyede dil yeterli\u011fini sa\u011flad\u0131klar\u0131 durumda kabul edildikleri \u00fcniversitedeki programa ba\u015flarlar.<\/p>","protected":false},"excerpt":{"rendered":"<p>Farkl\u0131 leh\u00e7eleriyle T\u00fcrk\u00e7e d\u00fcnyada san\u0131landan \u00e7ok daha yayg\u0131n bir co\u011frafyada konu\u015fulmaktad\u0131r. \u00d6rne\u011fin, Avrupa\u2019da Almanya, Fransa, Hollanda, Makedonya, Yunanistan gibi \u00fclkelerde ve Orta Asya\u2019da geni\u015f bir co\u011frafyada milyonlarca insan\u0131n anadil ya da ikinci dil olarak T\u00fcrkiye T\u00fcrk\u00e7esi konu\u015ftu\u011fu bilinmekte. Ayr\u0131ca, 2018 verilerine g\u00f6re T\u00fcrkiye\u2019nin en \u00e7ok ihracat yapt\u0131\u011f\u0131 \u00fclkelerin ba\u015f\u0131nda Almanya, Birle\u015fik Krall\u0131k, \u0130talya, ABD, Irak, [&hellip;]<\/p>","protected":false},"author":4,"featured_media":0,"parent":0,"menu_order":0,"comment_status":"closed","ping_status":"closed","template":"","meta":{"footnotes":""},"yoast_head":"<!-- This site is optimized with the Yoast SEO plugin v20.13 - https:\/\/yoast.com\/wordpress\/plugins\/seo\/ -->\n<title>T\u00fcrk\u00e7e \u00d6\u011frenimi - Ecs E\u011fitim Dan\u0131\u015fmanl\u0131k \u015eanl\u0131urfa<\/title>\n<meta name=\"robots\" content=\"index, follow, max-snippet:-1, max-image-preview:large, max-video-preview:-1\" \/>\n<link rel=\"canonical\" href=\"https:\/\/www.ecsdanismanlik.com.tr\/ar\/turkce-ogrenimi\/\" \/>\n<meta property=\"og:locale\" content=\"ar_AR\" \/>\n<meta property=\"og:type\" content=\"article\" \/>\n<meta property=\"og:title\" content=\"T\u00fcrk\u00e7e \u00d6\u011frenimi - Ecs E\u011fitim Dan\u0131\u015fmanl\u0131k \u015eanl\u0131urfa\" \/>\n<meta property=\"og:description\" content=\"Farkl\u0131 leh\u00e7eleriyle T\u00fcrk\u00e7e d\u00fcnyada san\u0131landan \u00e7ok daha yayg\u0131n bir co\u011frafyada konu\u015fulmaktad\u0131r. \u00d6rne\u011fin, Avrupa\u2019da Almanya, Fransa, Hollanda, Makedonya, Yunanistan gibi \u00fclkelerde ve Orta Asya\u2019da geni\u015f bir co\u011frafyada milyonlarca insan\u0131n anadil ya da ikinci dil olarak T\u00fcrkiye T\u00fcrk\u00e7esi konu\u015ftu\u011fu bilinmekte. Ayr\u0131ca, 2018 verilerine g\u00f6re T\u00fcrkiye\u2019nin en \u00e7ok ihracat yapt\u0131\u011f\u0131 \u00fclkelerin ba\u015f\u0131nda Almanya, Birle\u015fik Krall\u0131k, \u0130talya, ABD, Irak, [&hellip;]\" \/>\n<meta property=\"og:url\" content=\"https:\/\/www.ecsdanismanlik.com.tr\/ar\/turkce-ogrenimi\/\" \/>\n<meta property=\"og:site_name\" content=\"Ecs E\u011fitim Dan\u0131\u015fmanl\u0131k \u015eanl\u0131urfa\" \/>\n<meta name=\"twitter:card\" content=\"summary_large_image\" \/>\n<meta name=\"twitter:label1\" content=\"\u0648\u0642\u062a \u0627\u0644\u0642\u0631\u0627\u0621\u0629 \u0627\u0644\u0645\u064f\u0642\u062f\u0651\u0631\" \/>\n\t<meta name=\"twitter:data1\" content=\"\u062f\u0642\u064a\u0642\u062a\u0627\u0646\" \/>\n<script type=\"application\/ld+json\" class=\"yoast-schema-graph\">{\"@context\":\"https:\/\/schema.org\",\"@graph\":[{\"@type\":\"WebPage\",\"@id\":\"https:\/\/www.ecsdanismanlik.com.tr\/turkce-ogrenimi\/\",\"url\":\"https:\/\/www.ecsdanismanlik.com.tr\/turkce-ogrenimi\/\",\"name\":\"T\u00fcrk\u00e7e \u00d6\u011frenimi - Ecs E\u011fitim Dan\u0131\u015fmanl\u0131k \u015eanl\u0131urfa\",\"isPartOf\":{\"@id\":\"https:\/\/www.ecsdanismanlik.com.tr\/#website\"},\"datePublished\":\"2022-05-09T07:03:13+00:00\",\"dateModified\":\"2022-05-09T07:03:13+00:00\",\"breadcrumb\":{\"@id\":\"https:\/\/www.ecsdanismanlik.com.tr\/turkce-ogrenimi\/#breadcrumb\"},\"inLanguage\":\"ar\",\"potentialAction\":[{\"@type\":\"ReadAction\",\"target\":[\"https:\/\/www.ecsdanismanlik.com.tr\/turkce-ogrenimi\/\"]}]},{\"@type\":\"BreadcrumbList\",\"@id\":\"https:\/\/www.ecsdanismanlik.com.tr\/turkce-ogrenimi\/#breadcrumb\",\"itemListElement\":[{\"@type\":\"ListItem\",\"position\":1,\"name\":\"Anasayfa\",\"item\":\"https:\/\/www.ecsdanismanlik.com.tr\/tr_tr\/\"},{\"@type\":\"ListItem\",\"position\":2,\"name\":\"T\u00fcrk\u00e7e \u00d6\u011frenimi\"}]},{\"@type\":\"WebSite\",\"@id\":\"https:\/\/www.ecsdanismanlik.com.tr\/#website\",\"url\":\"https:\/\/www.ecsdanismanlik.com.tr\/\",\"name\":\"Ecs E\u011fitim Dan\u0131\u015fmanl\u0131k \u015eanl\u0131urfa\",\"description\":\"\",\"potentialAction\":[{\"@type\":\"SearchAction\",\"target\":{\"@type\":\"EntryPoint\",\"urlTemplate\":\"https:\/\/www.ecsdanismanlik.com.tr\/?s={search_term_string}\"},\"query-input\":\"required name=search_term_string\"}],\"inLanguage\":\"ar\"}]}<\/script>\n<!-- \/ Yoast SEO plugin. -->","yoast_head_json":{"title":"T\u00fcrk\u00e7e \u00d6\u011frenimi - Ecs E\u011fitim Dan\u0131\u015fmanl\u0131k \u015eanl\u0131urfa","robots":{"index":"index","follow":"follow","max-snippet":"max-snippet:-1","max-image-preview":"max-image-preview:large","max-video-preview":"max-video-preview:-1"},"canonical":"https:\/\/www.ecsdanismanlik.com.tr\/ar\/turkce-ogrenimi\/","og_locale":"ar_AR","og_type":"article","og_title":"T\u00fcrk\u00e7e \u00d6\u011frenimi - Ecs E\u011fitim Dan\u0131\u015fmanl\u0131k \u015eanl\u0131urfa","og_description":"Farkl\u0131 leh\u00e7eleriyle T\u00fcrk\u00e7e d\u00fcnyada san\u0131landan \u00e7ok daha yayg\u0131n bir co\u011frafyada konu\u015fulmaktad\u0131r. \u00d6rne\u011fin, Avrupa\u2019da Almanya, Fransa, Hollanda, Makedonya, Yunanistan gibi \u00fclkelerde ve Orta Asya\u2019da geni\u015f bir co\u011frafyada milyonlarca insan\u0131n anadil ya da ikinci dil olarak T\u00fcrkiye T\u00fcrk\u00e7esi konu\u015ftu\u011fu bilinmekte. Ayr\u0131ca, 2018 verilerine g\u00f6re T\u00fcrkiye\u2019nin en \u00e7ok ihracat yapt\u0131\u011f\u0131 \u00fclkelerin ba\u015f\u0131nda Almanya, Birle\u015fik Krall\u0131k, \u0130talya, ABD, Irak, [&hellip;]","og_url":"https:\/\/www.ecsdanismanlik.com.tr\/ar\/turkce-ogrenimi\/","og_site_name":"Ecs E\u011fitim Dan\u0131\u015fmanl\u0131k \u015eanl\u0131urfa","twitter_card":"summary_large_image","twitter_misc":{"\u0648\u0642\u062a \u0627\u0644\u0642\u0631\u0627\u0621\u0629 \u0627\u0644\u0645\u064f\u0642\u062f\u0651\u0631":"\u062f\u0642\u064a\u0642\u062a\u0627\u0646"},"schema":{"@context":"https:\/\/schema.org","@graph":[{"@type":"WebPage","@id":"https:\/\/www.ecsdanismanlik.com.tr\/turkce-ogrenimi\/","url":"https:\/\/www.ecsdanismanlik.com.tr\/turkce-ogrenimi\/","name":"T\u00fcrk\u00e7e \u00d6\u011frenimi - Ecs E\u011fitim Dan\u0131\u015fmanl\u0131k \u015eanl\u0131urfa","isPartOf":{"@id":"https:\/\/www.ecsdanismanlik.com.tr\/#website"},"datePublished":"2022-05-09T07:03:13+00:00","dateModified":"2022-05-09T07:03:13+00:00","breadcrumb":{"@id":"https:\/\/www.ecsdanismanlik.com.tr\/turkce-ogrenimi\/#breadcrumb"},"inLanguage":"ar","potentialAction":[{"@type":"ReadAction","target":["https:\/\/www.ecsdanismanlik.com.tr\/turkce-ogrenimi\/"]}]},{"@type":"BreadcrumbList","@id":"https:\/\/www.ecsdanismanlik.com.tr\/turkce-ogrenimi\/#breadcrumb","itemListElement":[{"@type":"ListItem","position":1,"name":"Anasayfa","item":"https:\/\/www.ecsdanismanlik.com.tr\/tr_tr\/"},{"@type":"ListItem","position":2,"name":"T\u00fcrk\u00e7e \u00d6\u011frenimi"}]},{"@type":"WebSite","@id":"https:\/\/www.ecsdanismanlik.com.tr\/#website","url":"https:\/\/www.ecsdanismanlik.com.tr\/","name":"Ecs E\u011fitim Dan\u0131\u015fmanl\u0131k \u015eanl\u0131urfa","description":"","potentialAction":[{"@type":"SearchAction","target":{"@type":"EntryPoint","urlTemplate":"https:\/\/www.ecsdanismanlik.com.tr\/?s={search_term_string}"},"query-input":"required name=search_term_string"}],"inLanguage":"ar"}]}},"_links":{"self":[{"href":"https:\/\/www.ecsdanismanlik.com.tr\/ar\/wp-json\/wp\/v2\/pages\/1947"}],"collection":[{"href":"https:\/\/www.ecsdanismanlik.com.tr\/ar\/wp-json\/wp\/v2\/pages"}],"about":[{"href":"https:\/\/www.ecsdanismanlik.com.tr\/ar\/wp-json\/wp\/v2\/types\/page"}],"author":[{"embeddable":true,"href":"https:\/\/www.ecsdanismanlik.com.tr\/ar\/wp-json\/wp\/v2\/users\/4"}],"replies":[{"embeddable":true,"href":"https:\/\/www.ecsdanismanlik.com.tr\/ar\/wp-json\/wp\/v2\/comments?post=1947"}],"version-history":[{"count":0,"href":"https:\/\/www.ecsdanismanlik.com.tr\/ar\/wp-json\/wp\/v2\/pages\/1947\/revisions"}],"wp:attachment":[{"href":"https:\/\/www.ecsdanismanlik.com.tr\/ar\/wp-json\/wp\/v2\/media?parent=1947"}],"curies":[{"name":"wp","href":"https:\/\/api.w.org\/{rel}","templated":true}]}}