{"id":1932,"date":"2022-05-09T09:55:30","date_gmt":"2022-05-09T06:55:30","guid":{"rendered":"https:\/\/www.ecsdanismanlik.com.tr\/?page_id=1932"},"modified":"2022-05-09T09:55:30","modified_gmt":"2022-05-09T06:55:30","slug":"ulasim","status":"publish","type":"page","link":"https:\/\/www.ecsdanismanlik.com.tr\/ar\/ulasim\/","title":{"rendered":"\u0627\u0644\u0645\u0648\u0627\u0635\u0644\u0627\u062a"},"content":{"rendered":"<p>T\u00fcrkiye\u2019den Avrupa\u2019n\u0131n ve Orta\/Yak\u0131n Asya\u2019n\u0131n pek \u00e7ok kentine kara ve hava yoluyla rahatl\u0131kla seyahat edebilir, her b\u00fct\u00e7eye uygun ula\u015f\u0131m se\u00e7eneklerinden yararlanabilirsiniz. \u00d6zellikle \u0130stanbul, Ankara, \u0130zmir ve Antalya\u2019daki havaalanlar\u0131 bug\u00fcn d\u00fcnyadaki pek \u00e7ok ba\u015fkente ve b\u00fcy\u00fck \u015fehre ba\u011flant\u0131 u\u00e7u\u015flar\u0131 sa\u011flayan birer \u00fcs konumundad\u0131r.<\/p>\n<p>T\u00fcrkiye&#8217;nin kara s\u0131n\u0131r\u0131na sahip oldu\u011fu kom\u015fular\u0131 Yunanistan, Bulgaristan, G\u00fcrcistan, \u0130ran, Irak ve Suriye ile yolcu ba\u011flant\u0131s\u0131 say\u0131lar\u0131 her ge\u00e7en g\u00fcn artan otob\u00fcs seferleri ile de sa\u011flanmaktad\u0131r.<\/p>\n<p>Yurti\u00e7i ula\u015f\u0131m da geli\u015fmi\u015f kara ve havayolu a\u011flar\u0131yla rahat ve g\u00fcvenli bir \u015fekilde sa\u011flan\u0131r. Devlet taraf\u0131ndan sa\u011flanan ula\u015f\u0131m yollar\u0131nda ve bazen \u00f6zel ula\u015f\u0131m firmalar\u0131 taraf\u0131ndan da \u00f6\u011frencilere indirimli tarife sunulur.<\/p>\n<p>\u015eehirleraras\u0131 en yayg\u0131n ula\u015f\u0131m arac\u0131, yiyecek-i\u00e7ecek, internet, TV gibi hizmetlerin sa\u011fland\u0131\u011f\u0131 l\u00fcks\/konforlu otob\u00fcslerdir. Otob\u00fcs seferleri genellikle belli b\u00f6lgeler i\u00e7inde \u00e7al\u0131\u015fan onlarca \u00f6zel firma taraf\u0131ndan sunulur.<\/p>\n<p>Devlet taraf\u0131ndan desteklenen demiryolu ula\u015f\u0131m\u0131 da yayg\u0131n, konforlu ve hesapl\u0131d\u0131r. Ankara-Konya-Ankara, Konya-Eski\u015fehir-\u0130stanbul(Pendik)-Konya ve Ankara-Eski\u015fehir-\u0130stanbul(Pendik)-Ankara hatlar\u0131nda y\u00fcksek h\u0131zl\u0131 trenler, di\u011fer hatlarda ise konvansiyonel trenler hizmet vermektedir. Yeni h\u0131zl\u0131 tren hatlar\u0131 i\u00e7in de \u00e7al\u0131\u015fmalar devam etmektedir.<\/p>\n<p>Yurti\u00e7i ula\u015f\u0131m sa\u011flayan pek \u00e7ok ulusal havayolu firmas\u0131 vard\u0131r. Yurti\u00e7i u\u00e7u\u015flar\u0131n \u00e7o\u011fu \u0130stanbul ve Ankara havaalanlar\u0131 \u00fczerinden ger\u00e7ekle\u015fir. T\u00fcrkiye\u2019de 40\u2019tan fazla \u015fehirde, i\u00e7 hat u\u00e7u\u015flar\u0131n\u0131n ger\u00e7ekle\u015fti\u011fi havaalanlar\u0131 vard\u0131r. Yolculuk s\u00fcrelerine a\u015fa\u011f\u0131daki \u00f6rnekler verilebilir:<\/p>\n<table>\n<tbody>\n<tr>\n<td width=\"208\"><strong>\u0130stanbul \u2013 Adana<\/strong><\/td>\n<td width=\"19\"><strong>:<\/strong><\/td>\n<td width=\"399\">1 saat 30 dakika<\/td>\n<\/tr>\n<tr>\n<td width=\"208\"><strong>\u0130stanbul \u2013 Ankara<\/strong><\/td>\n<td width=\"19\">:<\/td>\n<td width=\"399\">1 saat 5 dakika<\/td>\n<\/tr>\n<tr>\n<td width=\"208\"><strong>\u0130stanbul \u2013 Antalya<\/strong><\/td>\n<td width=\"19\">:<\/td>\n<td width=\"399\">1 saat<\/td>\n<\/tr>\n<tr>\n<td width=\"208\"><strong>\u0130stanbul \u2013 Gaziantep<\/strong><\/td>\n<td width=\"19\">:<\/td>\n<td width=\"399\">1 saat 40 dakika<\/td>\n<\/tr>\n<tr>\n<td width=\"208\"><strong>\u0130stanbul \u2013 \u0130zmir<\/strong><\/td>\n<td width=\"19\">:<\/td>\n<td width=\"399\">1 saat 05 dakika<\/td>\n<\/tr>\n<tr>\n<td width=\"208\"><strong>Ankara \u2013 \u0130zmir<\/strong><\/td>\n<td width=\"19\">:<\/td>\n<td width=\"399\">1 saat 20 dakika<\/td>\n<\/tr>\n<tr>\n<td width=\"208\"><strong>Ankara \u2013 Van<\/strong><\/td>\n<td width=\"19\">:<\/td>\n<td width=\"399\">1 saat 35 dakika<\/td>\n<\/tr>\n<tr>\n<td width=\"208\"><strong>Ankara \u2013 Antalya<\/strong><\/td>\n<td width=\"19\">:<\/td>\n<td width=\"399\">1 saat 05 dakika<\/td>\n<\/tr>\n<tr>\n<td width=\"208\"><strong>\u0130zmir \u2013 \u0130stanbul<\/strong><\/td>\n<td width=\"19\">:<\/td>\n<td width=\"399\">1 saat 05 dakika<\/td>\n<\/tr>\n<tr>\n<td width=\"208\"><strong>\u0130zmir \u2013 Ankara<\/strong><\/td>\n<td width=\"19\">:<\/td>\n<td width=\"399\">1 saat 20 dakika<\/td>\n<\/tr>\n<\/tbody>\n<\/table>\n<p>\u015eehir i\u00e7i ula\u015f\u0131m imk\u00e2nlar\u0131 \u015fehirden \u015fehre de\u011fi\u015fiklik g\u00f6sterir. B\u00fcy\u00fck\u015fehirlerde, t\u00fcm d\u00fcnya metropollerinde oldu\u011fu gibi yo\u011fun saatlerde trafik s\u0131k\u0131\u015f\u0131kl\u0131\u011f\u0131 g\u00f6r\u00fclebilmektedir. Ancak g\u00fcnden g\u00fcne geli\u015fen toplu ta\u015f\u0131ma sistemleri sayesinde, \u015fehir i\u00e7i ula\u015f\u0131mdaki imk\u00e2nlar \u00e7e\u015fitlenerek konfor artmaktad\u0131r. \u00d6rne\u011fin \u0130stanbul\u2019da Asya ve Avrupa yakalar\u0131 aras\u0131nda denizyolu, karayolu ve demiryolu ile ge\u00e7i\u015f yapmak m\u00fcmk\u00fcnd\u00fcr. B\u00fcy\u00fck \u015fehirlerdeki rayl\u0131 sistem a\u011f\u0131 ile \u015fehrin farkl\u0131 u\u00e7lar\u0131 aras\u0131nda kolayl\u0131kla ula\u015f\u0131m m\u00fcmk\u00fcn olmaktad\u0131r.<\/p>\n<p>Baz\u0131 \u015fehirlerde, yerel belediyelerin i\u015fletti\u011fi toplu ta\u015f\u0131ma imk\u00e2nlar\u0131na ek olarak, \u015fah\u0131slar taraf\u0131ndan i\u015fletilen dolmu\u015f ve otob\u00fcs gibi alternatif ara\u00e7larla da \u015fehir i\u00e7i ula\u015f\u0131m sa\u011flan\u0131r.<\/p>\n<p>T\u00fcm \u015fehirlerde sunulan indirimli ula\u015f\u0131m tarifeleri sayesinde \u00f6\u011frenciler olduk\u00e7a uygun fiyatlarla okullar\u0131na ve kat\u0131lmak istedikleri di\u011fer etkinliklere ula\u015fabilirler. Ayr\u0131ca, baz\u0131 \u00fcniversiteler, yerle\u015fkeye ula\u015f\u0131m ya da yerle\u015fke i\u00e7i ula\u015f\u0131m i\u00e7in \u00fccretli\/\u00fccretsiz servis imk\u00e2nlar\u0131 sunar.<\/p>\n<p>Okulunuzun ve ev\/yurdunuzun bulundu\u011fu b\u00f6lgeye ve mesafeye g\u00f6re, y\u00fcr\u00fcmek ya da bisiklet kullanmak da alternatif ula\u015f\u0131m yollar\u0131 aras\u0131ndad\u0131r.<\/p>","protected":false},"excerpt":{"rendered":"<p>T\u00fcrkiye\u2019den Avrupa\u2019n\u0131n ve Orta\/Yak\u0131n Asya\u2019n\u0131n pek \u00e7ok kentine kara ve hava yoluyla rahatl\u0131kla seyahat edebilir, her b\u00fct\u00e7eye uygun ula\u015f\u0131m se\u00e7eneklerinden yararlanabilirsiniz. \u00d6zellikle \u0130stanbul, Ankara, \u0130zmir ve Antalya\u2019daki havaalanlar\u0131 bug\u00fcn d\u00fcnyadaki pek \u00e7ok ba\u015fkente ve b\u00fcy\u00fck \u015fehre ba\u011flant\u0131 u\u00e7u\u015flar\u0131 sa\u011flayan birer \u00fcs konumundad\u0131r. T\u00fcrkiye&#8217;nin kara s\u0131n\u0131r\u0131na sahip oldu\u011fu kom\u015fular\u0131 Yunanistan, Bulgaristan, G\u00fcrcistan, \u0130ran, Irak ve Suriye [&hellip;]<\/p>","protected":false},"author":4,"featured_media":0,"parent":0,"menu_order":0,"comment_status":"closed","ping_status":"closed","template":"","meta":{"footnotes":""},"yoast_head":"<!-- This site is optimized with the Yoast SEO plugin v20.13 - https:\/\/yoast.com\/wordpress\/plugins\/seo\/ -->\n<title>Ula\u015f\u0131m - Ecs E\u011fitim Dan\u0131\u015fmanl\u0131k \u015eanl\u0131urfa<\/title>\n<meta name=\"robots\" content=\"index, follow, max-snippet:-1, max-image-preview:large, max-video-preview:-1\" \/>\n<link rel=\"canonical\" href=\"https:\/\/www.ecsdanismanlik.com.tr\/ar\/ulasim\/\" \/>\n<meta property=\"og:locale\" content=\"ar_AR\" \/>\n<meta property=\"og:type\" content=\"article\" \/>\n<meta property=\"og:title\" content=\"Ula\u015f\u0131m - Ecs E\u011fitim Dan\u0131\u015fmanl\u0131k \u015eanl\u0131urfa\" \/>\n<meta property=\"og:description\" content=\"T\u00fcrkiye\u2019den Avrupa\u2019n\u0131n ve Orta\/Yak\u0131n Asya\u2019n\u0131n pek \u00e7ok kentine kara ve hava yoluyla rahatl\u0131kla seyahat edebilir, her b\u00fct\u00e7eye uygun ula\u015f\u0131m se\u00e7eneklerinden yararlanabilirsiniz. \u00d6zellikle \u0130stanbul, Ankara, \u0130zmir ve Antalya\u2019daki havaalanlar\u0131 bug\u00fcn d\u00fcnyadaki pek \u00e7ok ba\u015fkente ve b\u00fcy\u00fck \u015fehre ba\u011flant\u0131 u\u00e7u\u015flar\u0131 sa\u011flayan birer \u00fcs konumundad\u0131r. T\u00fcrkiye&#8217;nin kara s\u0131n\u0131r\u0131na sahip oldu\u011fu kom\u015fular\u0131 Yunanistan, Bulgaristan, G\u00fcrcistan, \u0130ran, Irak ve Suriye [&hellip;]\" \/>\n<meta property=\"og:url\" content=\"https:\/\/www.ecsdanismanlik.com.tr\/ar\/ulasim\/\" \/>\n<meta property=\"og:site_name\" content=\"Ecs E\u011fitim Dan\u0131\u015fmanl\u0131k \u015eanl\u0131urfa\" \/>\n<meta name=\"twitter:card\" content=\"summary_large_image\" \/>\n<meta name=\"twitter:label1\" content=\"\u0648\u0642\u062a \u0627\u0644\u0642\u0631\u0627\u0621\u0629 \u0627\u0644\u0645\u064f\u0642\u062f\u0651\u0631\" \/>\n\t<meta name=\"twitter:data1\" content=\"3 \u062f\u0642\u0627\u0626\u0642\" \/>\n<script type=\"application\/ld+json\" class=\"yoast-schema-graph\">{\"@context\":\"https:\/\/schema.org\",\"@graph\":[{\"@type\":\"WebPage\",\"@id\":\"https:\/\/www.ecsdanismanlik.com.tr\/ulasim\/\",\"url\":\"https:\/\/www.ecsdanismanlik.com.tr\/ulasim\/\",\"name\":\"Ula\u015f\u0131m - Ecs E\u011fitim Dan\u0131\u015fmanl\u0131k \u015eanl\u0131urfa\",\"isPartOf\":{\"@id\":\"https:\/\/www.ecsdanismanlik.com.tr\/#website\"},\"datePublished\":\"2022-05-09T06:55:30+00:00\",\"dateModified\":\"2022-05-09T06:55:30+00:00\",\"breadcrumb\":{\"@id\":\"https:\/\/www.ecsdanismanlik.com.tr\/ulasim\/#breadcrumb\"},\"inLanguage\":\"ar\",\"potentialAction\":[{\"@type\":\"ReadAction\",\"target\":[\"https:\/\/www.ecsdanismanlik.com.tr\/ulasim\/\"]}]},{\"@type\":\"BreadcrumbList\",\"@id\":\"https:\/\/www.ecsdanismanlik.com.tr\/ulasim\/#breadcrumb\",\"itemListElement\":[{\"@type\":\"ListItem\",\"position\":1,\"name\":\"Anasayfa\",\"item\":\"https:\/\/www.ecsdanismanlik.com.tr\/tr_tr\/\"},{\"@type\":\"ListItem\",\"position\":2,\"name\":\"Ula\u015f\u0131m\"}]},{\"@type\":\"WebSite\",\"@id\":\"https:\/\/www.ecsdanismanlik.com.tr\/#website\",\"url\":\"https:\/\/www.ecsdanismanlik.com.tr\/\",\"name\":\"Ecs E\u011fitim Dan\u0131\u015fmanl\u0131k \u015eanl\u0131urfa\",\"description\":\"\",\"potentialAction\":[{\"@type\":\"SearchAction\",\"target\":{\"@type\":\"EntryPoint\",\"urlTemplate\":\"https:\/\/www.ecsdanismanlik.com.tr\/?s={search_term_string}\"},\"query-input\":\"required name=search_term_string\"}],\"inLanguage\":\"ar\"}]}<\/script>\n<!-- \/ Yoast SEO plugin. -->","yoast_head_json":{"title":"Ula\u015f\u0131m - Ecs E\u011fitim Dan\u0131\u015fmanl\u0131k \u015eanl\u0131urfa","robots":{"index":"index","follow":"follow","max-snippet":"max-snippet:-1","max-image-preview":"max-image-preview:large","max-video-preview":"max-video-preview:-1"},"canonical":"https:\/\/www.ecsdanismanlik.com.tr\/ar\/ulasim\/","og_locale":"ar_AR","og_type":"article","og_title":"Ula\u015f\u0131m - Ecs E\u011fitim Dan\u0131\u015fmanl\u0131k \u015eanl\u0131urfa","og_description":"T\u00fcrkiye\u2019den Avrupa\u2019n\u0131n ve Orta\/Yak\u0131n Asya\u2019n\u0131n pek \u00e7ok kentine kara ve hava yoluyla rahatl\u0131kla seyahat edebilir, her b\u00fct\u00e7eye uygun ula\u015f\u0131m se\u00e7eneklerinden yararlanabilirsiniz. \u00d6zellikle \u0130stanbul, Ankara, \u0130zmir ve Antalya\u2019daki havaalanlar\u0131 bug\u00fcn d\u00fcnyadaki pek \u00e7ok ba\u015fkente ve b\u00fcy\u00fck \u015fehre ba\u011flant\u0131 u\u00e7u\u015flar\u0131 sa\u011flayan birer \u00fcs konumundad\u0131r. T\u00fcrkiye&#8217;nin kara s\u0131n\u0131r\u0131na sahip oldu\u011fu kom\u015fular\u0131 Yunanistan, Bulgaristan, G\u00fcrcistan, \u0130ran, Irak ve Suriye [&hellip;]","og_url":"https:\/\/www.ecsdanismanlik.com.tr\/ar\/ulasim\/","og_site_name":"Ecs E\u011fitim Dan\u0131\u015fmanl\u0131k \u015eanl\u0131urfa","twitter_card":"summary_large_image","twitter_misc":{"\u0648\u0642\u062a \u0627\u0644\u0642\u0631\u0627\u0621\u0629 \u0627\u0644\u0645\u064f\u0642\u062f\u0651\u0631":"3 \u062f\u0642\u0627\u0626\u0642"},"schema":{"@context":"https:\/\/schema.org","@graph":[{"@type":"WebPage","@id":"https:\/\/www.ecsdanismanlik.com.tr\/ulasim\/","url":"https:\/\/www.ecsdanismanlik.com.tr\/ulasim\/","name":"Ula\u015f\u0131m - Ecs E\u011fitim Dan\u0131\u015fmanl\u0131k \u015eanl\u0131urfa","isPartOf":{"@id":"https:\/\/www.ecsdanismanlik.com.tr\/#website"},"datePublished":"2022-05-09T06:55:30+00:00","dateModified":"2022-05-09T06:55:30+00:00","breadcrumb":{"@id":"https:\/\/www.ecsdanismanlik.com.tr\/ulasim\/#breadcrumb"},"inLanguage":"ar","potentialAction":[{"@type":"ReadAction","target":["https:\/\/www.ecsdanismanlik.com.tr\/ulasim\/"]}]},{"@type":"BreadcrumbList","@id":"https:\/\/www.ecsdanismanlik.com.tr\/ulasim\/#breadcrumb","itemListElement":[{"@type":"ListItem","position":1,"name":"Anasayfa","item":"https:\/\/www.ecsdanismanlik.com.tr\/tr_tr\/"},{"@type":"ListItem","position":2,"name":"Ula\u015f\u0131m"}]},{"@type":"WebSite","@id":"https:\/\/www.ecsdanismanlik.com.tr\/#website","url":"https:\/\/www.ecsdanismanlik.com.tr\/","name":"Ecs E\u011fitim Dan\u0131\u015fmanl\u0131k \u015eanl\u0131urfa","description":"","potentialAction":[{"@type":"SearchAction","target":{"@type":"EntryPoint","urlTemplate":"https:\/\/www.ecsdanismanlik.com.tr\/?s={search_term_string}"},"query-input":"required name=search_term_string"}],"inLanguage":"ar"}]}},"_links":{"self":[{"href":"https:\/\/www.ecsdanismanlik.com.tr\/ar\/wp-json\/wp\/v2\/pages\/1932"}],"collection":[{"href":"https:\/\/www.ecsdanismanlik.com.tr\/ar\/wp-json\/wp\/v2\/pages"}],"about":[{"href":"https:\/\/www.ecsdanismanlik.com.tr\/ar\/wp-json\/wp\/v2\/types\/page"}],"author":[{"embeddable":true,"href":"https:\/\/www.ecsdanismanlik.com.tr\/ar\/wp-json\/wp\/v2\/users\/4"}],"replies":[{"embeddable":true,"href":"https:\/\/www.ecsdanismanlik.com.tr\/ar\/wp-json\/wp\/v2\/comments?post=1932"}],"version-history":[{"count":0,"href":"https:\/\/www.ecsdanismanlik.com.tr\/ar\/wp-json\/wp\/v2\/pages\/1932\/revisions"}],"wp:attachment":[{"href":"https:\/\/www.ecsdanismanlik.com.tr\/ar\/wp-json\/wp\/v2\/media?parent=1932"}],"curies":[{"name":"wp","href":"https:\/\/api.w.org\/{rel}","templated":true}]}}