{"id":1941,"date":"2022-05-09T09:59:01","date_gmt":"2022-05-09T06:59:01","guid":{"rendered":"https:\/\/www.ecsdanismanlik.com.tr\/?page_id=1941"},"modified":"2022-05-09T09:59:01","modified_gmt":"2022-05-09T06:59:01","slug":"denklik-ve-taninirlik","status":"publish","type":"page","link":"http:\/\/www.ecsdanismanlik.com.tr\/en\/denklik-ve-taninirlik\/","title":{"rendered":"Equivalence and Recognition"},"content":{"rendered":"<p><strong>\u0130lk\u00f6\u011fretim ve Orta \u00d6\u011fretim (Lise) Denkli\u011fi<\/strong><\/p>\n<p>Yurt d\u0131\u015f\u0131ndaki ilk\u00f6\u011fretim ve orta \u00f6\u011fretim kurumlar\u0131ndan al\u0131nm\u0131\u015f olan karne,\u00a0transkript, \u00f6\u011frenim belgesi, sertifika ve diploma gibi belgelerin incelenerek g\u00f6r\u00fclen \u00f6\u011frenimin, T\u00fcrkiye\u2019deki ilk\u00f6\u011fretim ve orta \u00f6\u011fretim kurumlar\u0131n\u0131n hangi s\u0131n\u0131f\/alan\/b\u00f6l\u00fcm\/dal\u0131na e\u015f de\u011fer oldu\u011funun tespit edilmesi i\u015flemini ifade eder.<\/p>\n<p>T\u00fcrkiye\u2019de ilk\u00f6\u011fretim, Orta \u00f6\u011fretim ve Lisans e\u011fitimi almak isteyen uluslararas\u0131 \u00f6\u011frencilerin mezun olduklar\u0131 okulun T\u00fcrkiye Cumhuriyeti Milli E\u011fitim Bakanl\u0131\u011f\u0131 taraf\u0131ndan tan\u0131nmas\u0131 ve denklik belgesinin T\u00fcrkiye\u2019deki okul veya \u00fcniversiteye kay\u0131t s\u0131ras\u0131nda ibraz edilmesi zorunludur.<\/p>\n<p>Bu Denklik i\u015flemi; yurt i\u00e7inde il Mill\u00ee E\u011fitim M\u00fcd\u00fcrl\u00fcklerince, yurt d\u0131\u015f\u0131nda ise e\u011fitim m\u00fc\u015favirlikleri ve e\u011fitim ata\u015feliklerince d\u00fczenlenir.<\/p>\n<p>&nbsp;<\/p>\n<p>Tan\u0131ma ve Denklik hizmetleri, yurt d\u0131\u015f\u0131 y\u00fcksek\u00f6\u011fretim kurumlar\u0131ndan al\u0131nan\u00a0<strong>\u00f6n lisans, lisans ve y\u00fcksek lisans<\/strong>\u00a0derecelerindeki diplomalar\u0131n, \u00fclkemiz y\u00fcksek\u00f6\u011fretim sistemi i\u00e7indeki kar\u015f\u0131l\u0131\u011f\u0131n\u0131 tespit etmek amac\u0131yla, 1983 y\u0131l\u0131ndan itibaren Y\u00fcksek\u00f6\u011fretim Kurulu b\u00fcnyesinde y\u00fcr\u00fct\u00fclmektedir.<\/p>\n<p>Denklik i\u015flemleri,<strong>\u00a0Avrupa B\u00f6lgesinde Y\u00fcksek\u00f6\u011fretimle \u0130lgili Belgelerin Tan\u0131nmas\u0131na \u0130li\u015fkin S\u00f6zle\u015fme<\/strong>\u00a0(Lizbon S\u00f6zle\u015fmesi), 2547 say\u0131l\u0131\u00a0<strong>Y\u00fcksek\u00f6\u011fretim Kanunu<\/strong>\u00a0ve\u00a0<strong>Yurtd\u0131\u015f\u0131 Y\u00fcksek\u00f6\u011fretim Diplomalar\u0131 Tan\u0131ma ve Denklik Y\u00f6netmeli\u011fi<\/strong>\u00a0h\u00fck\u00fcmleri \u00e7er\u00e7evesinde yap\u0131l\u0131r.<\/p>\n<p><strong>TANIMA:\u00a0<\/strong>Yurt d\u0131\u015f\u0131 y\u00fcksek\u00f6\u011fretim kurumunun ve bu kurumun ilgili program\u0131n\u0131n akademik derece vermeye yetkili oldu\u011funun Y\u00fcksek\u00f6\u011fretim Kurulu taraf\u0131ndan kabul edilmesidir. Diplomay\u0131 veren y\u00fcksek\u00f6\u011fretim kurumunun faaliyet g\u00f6sterdi\u011fi \u00fclke yetkili makamlar\u0131nca akademik diploma ve derece vermeye resmi olarak yetkilendirmi\u015f olmas\u0131n\u0131n yan\u0131nda; \u015feffaf, ula\u015f\u0131labilir ve s\u00fcreklilik arz eden akreditasyon ve kalite g\u00fcvencesi s\u00fcre\u00e7lerinin bulunmas\u0131 gerekir.<\/p>\n<p><strong>DENKL\u0130K:<\/strong>\u00a0Y\u00fcksek\u00f6\u011fretim Kurulu taraf\u0131ndan tan\u0131nan bir yurt d\u0131\u015f\u0131 y\u00fcksek\u00f6\u011fretim kurumu ve program\u0131ndan al\u0131nan \u00f6n lisans, lisans veya y\u00fcksek lisans diplomalar\u0131n\u0131n, ilgili e\u011fitim d\u00fczeyindeki kazan\u0131mlar bak\u0131m\u0131ndan T\u00fcrkiye&#8217;deki y\u00fcksek\u00f6\u011fretim kurumlar\u0131nca verilen \u00f6n lisans, lisans ve y\u00fcksek lisans diplomalar\u0131na e\u015fde\u011ferli\u011finin tespit edilmesidir. Mezun olunan y\u00fcksek\u00f6\u011fretim program\u0131n\u0131n akademik d\u00fczeyi, derecesi ve niteli\u011fi, mezuniyet i\u00e7in gereken ulusal kredi ve\/veya AKTS toplam\u0131, kazan\u0131lmas\u0131 gereken bilgi, beceri ve yetkinlikler a\u00e7\u0131s\u0131ndan inceleme yap\u0131l\u0131r.<\/p>\n<p>&nbsp;<\/p>\n<p><strong>Diploma Denklik Belgesi:<\/strong>\u00a0Mezun olunan yurtd\u0131\u015f\u0131 y\u00fcksek\u00f6\u011fretim program\u0131na dair meslek icra etmek isteyenler ile T\u00fcrkiye\u2019de sa\u011fl\u0131k alanlar\u0131nda y\u00fcksek lisans veya doktora yapmak isteyenler kullanabilir.<\/p>\n<p><strong>Mezuniyet Tan\u0131ma Belgesi:<\/strong>\u00a0Y\u00fcksek\u00f6\u011fretim program\u0131n\u0131n mesleki kazan\u0131mlar\u0131na y\u00f6nelik de\u011ferlendirme yap\u0131lmaks\u0131z\u0131n, sadece akademik derece de\u011ferlendirmesi yap\u0131lmas\u0131 sonucu, \u201cy\u00fcksek\u00f6\u011fretim mezunu&#8221; oldu\u011funu belgelemek isteyenler kullanabilir.<\/p>","protected":false},"excerpt":{"rendered":"<p>\u0130lk\u00f6\u011fretim ve Orta \u00d6\u011fretim (Lise) Denkli\u011fi Yurt d\u0131\u015f\u0131ndaki ilk\u00f6\u011fretim ve orta \u00f6\u011fretim kurumlar\u0131ndan al\u0131nm\u0131\u015f olan karne,\u00a0transkript, \u00f6\u011frenim belgesi, sertifika ve diploma gibi belgelerin incelenerek g\u00f6r\u00fclen \u00f6\u011frenimin, T\u00fcrkiye\u2019deki ilk\u00f6\u011fretim ve orta \u00f6\u011fretim kurumlar\u0131n\u0131n hangi s\u0131n\u0131f\/alan\/b\u00f6l\u00fcm\/dal\u0131na e\u015f de\u011fer oldu\u011funun tespit edilmesi i\u015flemini ifade eder. T\u00fcrkiye\u2019de ilk\u00f6\u011fretim, Orta \u00f6\u011fretim ve Lisans e\u011fitimi almak isteyen uluslararas\u0131 \u00f6\u011frencilerin mezun olduklar\u0131 [&hellip;]<\/p>","protected":false},"author":4,"featured_media":0,"parent":0,"menu_order":0,"comment_status":"closed","ping_status":"closed","template":"","meta":{"footnotes":""},"yoast_head":"<!-- This site is optimized with the Yoast SEO plugin v20.13 - https:\/\/yoast.com\/wordpress\/plugins\/seo\/ -->\n<title>Denklik ve Tan\u0131n\u0131rl\u0131k - Ecs E\u011fitim Dan\u0131\u015fmanl\u0131k \u015eanl\u0131urfa<\/title>\n<meta name=\"robots\" content=\"index, follow, max-snippet:-1, max-image-preview:large, max-video-preview:-1\" \/>\n<link rel=\"canonical\" href=\"http:\/\/www.ecsdanismanlik.com.tr\/en\/denklik-ve-taninirlik\/\" \/>\n<meta property=\"og:locale\" content=\"en_US\" \/>\n<meta property=\"og:type\" content=\"article\" \/>\n<meta property=\"og:title\" content=\"Denklik ve Tan\u0131n\u0131rl\u0131k - Ecs E\u011fitim Dan\u0131\u015fmanl\u0131k \u015eanl\u0131urfa\" \/>\n<meta property=\"og:description\" content=\"\u0130lk\u00f6\u011fretim ve Orta \u00d6\u011fretim (Lise) Denkli\u011fi Yurt d\u0131\u015f\u0131ndaki ilk\u00f6\u011fretim ve orta \u00f6\u011fretim kurumlar\u0131ndan al\u0131nm\u0131\u015f olan karne,\u00a0transkript, \u00f6\u011frenim belgesi, sertifika ve diploma gibi belgelerin incelenerek g\u00f6r\u00fclen \u00f6\u011frenimin, T\u00fcrkiye\u2019deki ilk\u00f6\u011fretim ve orta \u00f6\u011fretim kurumlar\u0131n\u0131n hangi s\u0131n\u0131f\/alan\/b\u00f6l\u00fcm\/dal\u0131na e\u015f de\u011fer oldu\u011funun tespit edilmesi i\u015flemini ifade eder. T\u00fcrkiye\u2019de ilk\u00f6\u011fretim, Orta \u00f6\u011fretim ve Lisans e\u011fitimi almak isteyen uluslararas\u0131 \u00f6\u011frencilerin mezun olduklar\u0131 [&hellip;]\" \/>\n<meta property=\"og:url\" content=\"http:\/\/www.ecsdanismanlik.com.tr\/en\/denklik-ve-taninirlik\/\" \/>\n<meta property=\"og:site_name\" content=\"Ecs E\u011fitim Dan\u0131\u015fmanl\u0131k \u015eanl\u0131urfa\" \/>\n<meta name=\"twitter:card\" content=\"summary_large_image\" \/>\n<meta name=\"twitter:label1\" content=\"Est. reading time\" \/>\n\t<meta name=\"twitter:data1\" content=\"2 minutes\" \/>\n<script type=\"application\/ld+json\" class=\"yoast-schema-graph\">{\"@context\":\"https:\/\/schema.org\",\"@graph\":[{\"@type\":\"WebPage\",\"@id\":\"https:\/\/www.ecsdanismanlik.com.tr\/denklik-ve-taninirlik\/\",\"url\":\"https:\/\/www.ecsdanismanlik.com.tr\/denklik-ve-taninirlik\/\",\"name\":\"Denklik ve Tan\u0131n\u0131rl\u0131k - Ecs E\u011fitim Dan\u0131\u015fmanl\u0131k \u015eanl\u0131urfa\",\"isPartOf\":{\"@id\":\"https:\/\/www.ecsdanismanlik.com.tr\/#website\"},\"datePublished\":\"2022-05-09T06:59:01+00:00\",\"dateModified\":\"2022-05-09T06:59:01+00:00\",\"breadcrumb\":{\"@id\":\"https:\/\/www.ecsdanismanlik.com.tr\/denklik-ve-taninirlik\/#breadcrumb\"},\"inLanguage\":\"en-US\",\"potentialAction\":[{\"@type\":\"ReadAction\",\"target\":[\"https:\/\/www.ecsdanismanlik.com.tr\/denklik-ve-taninirlik\/\"]}]},{\"@type\":\"BreadcrumbList\",\"@id\":\"https:\/\/www.ecsdanismanlik.com.tr\/denklik-ve-taninirlik\/#breadcrumb\",\"itemListElement\":[{\"@type\":\"ListItem\",\"position\":1,\"name\":\"Anasayfa\",\"item\":\"https:\/\/www.ecsdanismanlik.com.tr\/tr_tr\/\"},{\"@type\":\"ListItem\",\"position\":2,\"name\":\"Denklik ve Tan\u0131n\u0131rl\u0131k\"}]},{\"@type\":\"WebSite\",\"@id\":\"https:\/\/www.ecsdanismanlik.com.tr\/#website\",\"url\":\"https:\/\/www.ecsdanismanlik.com.tr\/\",\"name\":\"Ecs E\u011fitim Dan\u0131\u015fmanl\u0131k \u015eanl\u0131urfa\",\"description\":\"\",\"potentialAction\":[{\"@type\":\"SearchAction\",\"target\":{\"@type\":\"EntryPoint\",\"urlTemplate\":\"https:\/\/www.ecsdanismanlik.com.tr\/?s={search_term_string}\"},\"query-input\":\"required name=search_term_string\"}],\"inLanguage\":\"en-US\"}]}<\/script>\n<!-- \/ Yoast SEO plugin. -->","yoast_head_json":{"title":"Denklik ve Tan\u0131n\u0131rl\u0131k - Ecs E\u011fitim Dan\u0131\u015fmanl\u0131k \u015eanl\u0131urfa","robots":{"index":"index","follow":"follow","max-snippet":"max-snippet:-1","max-image-preview":"max-image-preview:large","max-video-preview":"max-video-preview:-1"},"canonical":"http:\/\/www.ecsdanismanlik.com.tr\/en\/denklik-ve-taninirlik\/","og_locale":"en_US","og_type":"article","og_title":"Denklik ve Tan\u0131n\u0131rl\u0131k - Ecs E\u011fitim Dan\u0131\u015fmanl\u0131k \u015eanl\u0131urfa","og_description":"\u0130lk\u00f6\u011fretim ve Orta \u00d6\u011fretim (Lise) Denkli\u011fi Yurt d\u0131\u015f\u0131ndaki ilk\u00f6\u011fretim ve orta \u00f6\u011fretim kurumlar\u0131ndan al\u0131nm\u0131\u015f olan karne,\u00a0transkript, \u00f6\u011frenim belgesi, sertifika ve diploma gibi belgelerin incelenerek g\u00f6r\u00fclen \u00f6\u011frenimin, T\u00fcrkiye\u2019deki ilk\u00f6\u011fretim ve orta \u00f6\u011fretim kurumlar\u0131n\u0131n hangi s\u0131n\u0131f\/alan\/b\u00f6l\u00fcm\/dal\u0131na e\u015f de\u011fer oldu\u011funun tespit edilmesi i\u015flemini ifade eder. T\u00fcrkiye\u2019de ilk\u00f6\u011fretim, Orta \u00f6\u011fretim ve Lisans e\u011fitimi almak isteyen uluslararas\u0131 \u00f6\u011frencilerin mezun olduklar\u0131 [&hellip;]","og_url":"http:\/\/www.ecsdanismanlik.com.tr\/en\/denklik-ve-taninirlik\/","og_site_name":"Ecs E\u011fitim Dan\u0131\u015fmanl\u0131k \u015eanl\u0131urfa","twitter_card":"summary_large_image","twitter_misc":{"Est. reading time":"2 minutes"},"schema":{"@context":"https:\/\/schema.org","@graph":[{"@type":"WebPage","@id":"https:\/\/www.ecsdanismanlik.com.tr\/denklik-ve-taninirlik\/","url":"https:\/\/www.ecsdanismanlik.com.tr\/denklik-ve-taninirlik\/","name":"Denklik ve Tan\u0131n\u0131rl\u0131k - Ecs E\u011fitim Dan\u0131\u015fmanl\u0131k \u015eanl\u0131urfa","isPartOf":{"@id":"https:\/\/www.ecsdanismanlik.com.tr\/#website"},"datePublished":"2022-05-09T06:59:01+00:00","dateModified":"2022-05-09T06:59:01+00:00","breadcrumb":{"@id":"https:\/\/www.ecsdanismanlik.com.tr\/denklik-ve-taninirlik\/#breadcrumb"},"inLanguage":"en-US","potentialAction":[{"@type":"ReadAction","target":["https:\/\/www.ecsdanismanlik.com.tr\/denklik-ve-taninirlik\/"]}]},{"@type":"BreadcrumbList","@id":"https:\/\/www.ecsdanismanlik.com.tr\/denklik-ve-taninirlik\/#breadcrumb","itemListElement":[{"@type":"ListItem","position":1,"name":"Anasayfa","item":"https:\/\/www.ecsdanismanlik.com.tr\/tr_tr\/"},{"@type":"ListItem","position":2,"name":"Denklik ve Tan\u0131n\u0131rl\u0131k"}]},{"@type":"WebSite","@id":"https:\/\/www.ecsdanismanlik.com.tr\/#website","url":"https:\/\/www.ecsdanismanlik.com.tr\/","name":"Ecs E\u011fitim Dan\u0131\u015fmanl\u0131k \u015eanl\u0131urfa","description":"","potentialAction":[{"@type":"SearchAction","target":{"@type":"EntryPoint","urlTemplate":"https:\/\/www.ecsdanismanlik.com.tr\/?s={search_term_string}"},"query-input":"required name=search_term_string"}],"inLanguage":"en-US"}]}},"_links":{"self":[{"href":"http:\/\/www.ecsdanismanlik.com.tr\/en\/wp-json\/wp\/v2\/pages\/1941"}],"collection":[{"href":"http:\/\/www.ecsdanismanlik.com.tr\/en\/wp-json\/wp\/v2\/pages"}],"about":[{"href":"http:\/\/www.ecsdanismanlik.com.tr\/en\/wp-json\/wp\/v2\/types\/page"}],"author":[{"embeddable":true,"href":"http:\/\/www.ecsdanismanlik.com.tr\/en\/wp-json\/wp\/v2\/users\/4"}],"replies":[{"embeddable":true,"href":"http:\/\/www.ecsdanismanlik.com.tr\/en\/wp-json\/wp\/v2\/comments?post=1941"}],"version-history":[{"count":0,"href":"http:\/\/www.ecsdanismanlik.com.tr\/en\/wp-json\/wp\/v2\/pages\/1941\/revisions"}],"wp:attachment":[{"href":"http:\/\/www.ecsdanismanlik.com.tr\/en\/wp-json\/wp\/v2\/media?parent=1941"}],"curies":[{"name":"wp","href":"https:\/\/api.w.org\/{rel}","templated":true}]}}